{"id":34616,"date":"2023-03-07T13:25:47","date_gmt":"2023-03-07T12:25:47","guid":{"rendered":"https:\/\/www.anika-net.de\/apprendre-lallemand\/apprendre-lallemand-en-ligne\/"},"modified":"2026-01-26T12:55:53","modified_gmt":"2026-01-26T11:55:53","slug":"apprendre-lallemand-en-ligne","status":"publish","type":"page","link":"https:\/\/www.anika-net.de\/fr\/apprendre-lallemand\/apprendre-lallemand-en-ligne\/","title":{"rendered":"Apprendre l\u2019al\u00adle\u00admand en&nbsp;ligne"},"content":{"rendered":"\n<p>L\u2019ap\u00adpren\u00adtis\u00adsage de l\u2019al\u00adle\u00admand est une \u00e9tape impor\u00adtante pour s\u2019in\u00adt\u00e9\u00adgrer dans la vie quo\u00adti\u00addienne en Alle\u00admagne. Que vous sou\u00adhai\u00adtiez am\u00e9\u00adlio\u00adrer vos com\u00adp\u00e9\u00adtences lin\u00adguis\u00adtiques de mani\u00e8re ind\u00e9\u00adpen\u00addante, vous pr\u00e9\u00adpa\u00adrer \u00e0 des situa\u00adtions de la vie quo\u00adti\u00addienne ou com\u00adpl\u00e9\u00adter un cours de langue, il existe de nom\u00adbreuses <strong>res\u00adsources en ligne pour apprendre l\u2019al\u00adle\u00admand<\/strong>, dont cer\u00adtaines sont <strong>gra\u00adtuites<\/strong>. <\/p>\n\n<p>Vous trou\u00adve\u00adrez ici une s\u00e9lec\u00adtion de <strong>sites web, d\u2019ap\u00adpli\u00adca\u00adtions et de pla\u00adte\u00adformes d\u2019ap\u00adpren\u00adtis\u00adsage fiables<\/strong> qui vous aide\u00adront \u00e0 apprendre l\u2019al\u00adle\u00admand \u00e0 dif\u00adf\u00e9\u00adrents niveaux, des d\u00e9bu\u00adtants aux appre\u00adnants avan\u00adc\u00e9s. Beau\u00adcoup de ces outils sont flexibles, faciles \u00e0 uti\u00adli\u00adser et adap\u00adt\u00e9s \u00e0 l\u2019ap\u00adpren\u00adtis\u00adsage \u00e0 votre propre rythme.&nbsp;<\/p>\n\n<h3 class=\"wp-block-heading\"><strong>Pla\u00adte\u00adformes et appli\u00adca\u00adtions en ligne pour apprendre l\u2019allemand<\/strong><\/h3>\n\n<div class=\"wp-block-stackable-columns stk-block-columns stk-block stk-0e01465\" data-block-id=\"0e01465\"><div class=\"stk-row stk-inner-blocks stk-block-content stk-content-align stk-0e01465-column\">\n<div class=\"wp-block-stackable-column stk-block-column stk-column stk-block stk-de81e12\" data-v=\"4\" data-block-id=\"de81e12\"><style>@media screen and (min-width:901px){.stk-de81e12 {flex:var(--stk-flex-grow, 1) 1 66.7% !important;}}<\/style><div class=\"stk-column-wrapper stk-block-column__content stk-container stk-de81e12-container stk--no-background stk--no-padding\"><div class=\"stk-block-content stk-inner-blocks stk-de81e12-inner-blocks\">\n<ul class=\"wp-block-list\">\n<li><a href=\"https:\/\/www.bbc.co.uk\/languages\/german\/\" rel=\"noopener\"><strong>BBC Lan\u00adguages \u2013 Allemand<\/strong><\/a><\/li>\n\n\n\n<li><strong><a href=\"https:\/\/www.berlitz.com\/de-de\/sprachen\/deutsch\/online\" rel=\"noopener\">Ber\u00adlitz<\/a><\/strong> <em>(offre payante)<\/em><\/li>\n\n\n\n<li><strong><a href=\"https:\/\/learngerman.dw.com\/de\/deutsch-lernen\/s-9095\" rel=\"noopener\">Deutsche Welle<\/a><\/strong> (DW) \u2013 cours d\u2019al\u00adle\u00admand gra\u00adtuits et vid\u00e9os<\/li>\n\n\n\n<li><strong><a href=\"https:\/\/www.duolingo.com\/course\/de\/en\/Lerne-Deutsch\" rel=\"noopener\"><\/a><strong><a href=\"https:\/\/www.duolingo.com\/course\/de\/en\/Lerne-Deutsch\" rel=\"noopener\">Dou\u00adlin\u00adgo<\/a><\/strong><\/strong> \u2013 appli\u00adca\u00adtion d\u2019ap\u00adpren\u00adtis\u00adsage des langues<\/li>\n\n\n\n<li><a href=\"https:\/\/www.goethe.de\/de\/spr\/ueb.html\" rel=\"noopener\"><strong>Goethe-Ver\u00adlag<\/strong><\/a> \u2013 voca\u00adbu\u00adlaire et pra\u00adtique de la langue<\/li>\n\n\n\n<li><strong><a href=\"https:\/\/www.goethe.de\/de\/spr\/ueb\/kuj\/dt1.html\" rel=\"noopener\">Goethe \u2013 For\u00adma\u00adteur d\u2019al\u00adle\u00admand A1&nbsp;app<\/a><\/strong><\/li>\n\n\n\n<li><a href=\"https:\/\/www.memrise.com\/en\/learn-german\" rel=\"noopener\"><strong>Mem\u00adrise<\/strong><\/a> \u2013 for\u00adma\u00adtion au vocabulaire<\/li>\n\n\n\n<li><a href=\"https:\/\/www.vhs-lernportal.de\/wws\/9.php#\/wws\/home.php\" rel=\"noopener\"><strong>por\u00adtail d\u2019ap\u00adpren\u00adtis\u00adsage vhs<\/strong><\/a> \u2013 pla\u00adte\u00adforme d\u2019ap\u00adpren\u00adtis\u00adsage gra\u00adtuite pour les centres d\u2019\u00e9\u00addu\u00adca\u00adtion des adultes<\/li>\n\n\n\n<li><a href=\"https:\/\/www.jicki.de\/deutsch-ukrainisch\/\" rel=\"noopener\"><strong>Alle\u00admand-Ukrai\u00adnien et Ukrai\u00adnien-Alle\u00admand<\/strong><\/a> \u2013 res\u00adsources p\u00e9dagogiques<\/li>\n<\/ul>\n<\/div><\/div><\/div>\n\n\n\n<div class=\"wp-block-stackable-column stk-block-column stk-column stk-block stk-b3f6f19\" data-v=\"4\" data-block-id=\"b3f6f19\"><style>@media screen and (min-width:901px){.stk-b3f6f19 {flex:var(--stk-flex-grow, 1) 1 33.3% !important;}}<\/style><div class=\"stk-column-wrapper stk-block-column__content stk-container stk-b3f6f19-container stk--no-background stk--no-padding\"><div class=\"stk-block-content stk-inner-blocks stk-b3f6f19-inner-blocks\">\n<figure class=\"wp-block-image size-full\"><img decoding=\"async\" width=\"843\" height=\"663\" src=\"https:\/\/www.anika-net.de\/wp-content\/uploads\/2024\/12\/Deutsch-lernen.jpg\" alt class=\"wp-image-56101\" srcset=\"https:\/\/www.anika-net.de\/wp-content\/uploads\/2024\/12\/Deutsch-lernen.jpg 843w, https:\/\/www.anika-net.de\/wp-content\/uploads\/2024\/12\/Deutsch-lernen-300x236.jpg 300w, https:\/\/www.anika-net.de\/wp-content\/uploads\/2024\/12\/Deutsch-lernen-768x604.jpg 768w, https:\/\/www.anika-net.de\/wp-content\/uploads\/2024\/12\/Deutsch-lernen-480x378.jpg 480w\" sizes=\"(max-width: 843px) 100vw, 843px\"><figcaption class=\"wp-element-caption\">Con\u00e7u par <a href=\"https:\/\/www.freepik.com\/free-photo\/learn-german-language-online-education-concept_16449386.htm#fromView=image_search_similar&amp;page=1&amp;position=0&amp;uuid=8c918af6-d111-457f-998e-75c0637637c9\" rel=\"noopener\">Free\u00adpik<\/a><\/figcaption><\/figure>\n<\/div><\/div><\/div>\n<\/div><\/div>\n\n<div class=\"wp-block-stackable-divider stk-block-divider stk-block stk-35a93cf\" data-block-id=\"35a93cf\"><hr class=\"stk-block-divider__hr\"><\/div>\n\n<h3 class=\"wp-block-heading\">Outils en ligne pour sou\u00adte\u00adnir l\u2019ap\u00adpren\u00adtis\u00adsage de l\u2019al\u00adle\u00admand <span style=\"color: #06949c;\" class=\"stk-highlight\">par les \u00e9l\u00e8ves de l\u2019\u00e9\u00adcole pri\u00admaire<\/span> <\/h3>\n\n<ul class=\"wp-block-list\">\n<li><strong><a href=\"https:\/\/amira-lesen.de\/#page=home\" rel=\"noopener\">AMIRA<\/a><\/strong> \u2013 Pro\u00adgramme de lec\u00adture pour les enfants de l\u2019\u00e9\u00adcole pri\u00admaire en <strong>9 langues<\/strong><\/li>\n\n\n\n<li><strong><a href=\"https:\/\/anton.app\/de\/\" rel=\"noopener\">ANTON<\/a><\/strong> \u2013 appli\u00adca\u00adtion d\u2019ap\u00adpren\u00adtis\u00adsage pour les \u00e9l\u00e8ves de la <strong>pre\u00admi\u00e8re \u00e0 la dixi\u00e8me ann\u00e9e<\/strong><\/li>\n\n\n\n<li><strong><a href=\"https:\/\/www.bilingual-picturebooks.org\/\" rel=\"noopener\">livres-d\u2019i\u00admages-bilingues<\/a><\/strong> \u2013 Appre\u00adnez les langues avec des <strong>livres d\u2019i\u00admages bilingues<\/strong> gratuits<\/li>\n\n\n\n<li><a href=\"https:\/\/www.goethe.de\/de\/spr\/ueb\/led.html\" rel=\"noopener\"><strong>Apprendre l\u2019al\u00adle\u00admand \u00ab&nbsp;La ville des mots<\/strong>&nbsp;\u00bb<\/a> \u2013 Jeu en ligne du Goethe-Ins\u00adti\u00adtut pour l\u2019<strong>alle\u00admand langue \u00e9tran\u00adg\u00e8re (niveau A1)<\/strong><\/li>\n<\/ul>\n\n<p><\/p>\n","protected":false},"excerpt":{"rendered":"<p>L\u2019ap\u00adpren\u00adtis\u00adsage de l\u2019al\u00adle\u00admand est une \u00e9tape impor\u00adtante pour s\u2019in\u00adt\u00e9\u00adgrer dans la vie quo\u00adti\u00addienne en Alle\u00admagne. Que vous sou\u00adhai\u00adtiez am\u00e9\u00adlio\u00adrer vos com\u00adp\u00e9\u00adtences lin\u00adguis\u00adtiques de mani\u00e8re ind\u00e9\u00adpen\u00addante, vous pr\u00e9\u00adpa\u00adrer \u00e0 des situa\u00adtions&nbsp;<a class=\"moretag\" href=\"https:\/\/www.anika-net.de\/fr\/apprendre-lallemand\/apprendre-lallemand-en-ligne\/\">lire plus<\/a><\/p>\n","protected":false},"author":12,"featured_media":34395,"parent":34529,"menu_order":50,"comment_status":"closed","ping_status":"closed","template":"","meta":{"_acf_changed":false,"inline_featured_image":false,"_uag_custom_page_level_css":"","wp_typography_post_enhancements_disabled":false,"footnotes":""},"class_list":["post-34616","page","type-page","status-publish","has-post-thumbnail","hentry"],"acf":[],"featured_image_urls_v2":{"full":["https:\/\/www.anika-net.de\/wp-content\/uploads\/2023\/03\/Online-Deutsch-lernen_Kacheln-6.png",2000,1111,false],"thumbnail":["https:\/\/www.anika-net.de\/wp-content\/uploads\/2023\/03\/Online-Deutsch-lernen_Kacheln-6-150x150.png",150,150,true],"medium":["https:\/\/www.anika-net.de\/wp-content\/uploads\/2023\/03\/Online-Deutsch-lernen_Kacheln-6-300x167.png",300,167,true],"medium_large":["https:\/\/www.anika-net.de\/wp-content\/uploads\/2023\/03\/Online-Deutsch-lernen_Kacheln-6-768x427.png",640,356,true],"large":["https:\/\/www.anika-net.de\/wp-content\/uploads\/2023\/03\/Online-Deutsch-lernen_Kacheln-6-1024x569.png",640,356,true],"1536x1536":["https:\/\/www.anika-net.de\/wp-content\/uploads\/2023\/03\/Online-Deutsch-lernen_Kacheln-6-1536x853.png",1536,853,true],"2048x2048":["https:\/\/www.anika-net.de\/wp-content\/uploads\/2023\/03\/Online-Deutsch-lernen_Kacheln-6.png",2000,1111,false],"event-overview":["https:\/\/www.anika-net.de\/wp-content\/uploads\/2023\/03\/Online-Deutsch-lernen_Kacheln-6-960x640.png",960,640,true],"event-archive-thumb":["https:\/\/www.anika-net.de\/wp-content\/uploads\/2023\/03\/Online-Deutsch-lernen_Kacheln-6-480x267.png",480,267,true],"grid-item-thumbnail":["https:\/\/www.anika-net.de\/wp-content\/uploads\/2023\/03\/Online-Deutsch-lernen_Kacheln-6-360x200.png",360,200,true],"network-partner-icon":["https:\/\/www.anika-net.de\/wp-content\/uploads\/2023\/03\/Online-Deutsch-lernen_Kacheln-6-100x100.png",100,100,true],"organiser-icon":["https:\/\/www.anika-net.de\/wp-content\/uploads\/2023\/03\/Online-Deutsch-lernen_Kacheln-6-200x200.png",200,200,true],"gform-image-choice-sm":["https:\/\/www.anika-net.de\/wp-content\/uploads\/2023\/03\/Online-Deutsch-lernen_Kacheln-6.png",300,167,false],"gform-image-choice-md":["https:\/\/www.anika-net.de\/wp-content\/uploads\/2023\/03\/Online-Deutsch-lernen_Kacheln-6.png",400,222,false],"gform-image-choice-lg":["https:\/\/www.anika-net.de\/wp-content\/uploads\/2023\/03\/Online-Deutsch-lernen_Kacheln-6.png",600,333,false]},"post_excerpt_stackable_v2":"<p>L\u2019ap\u00adpren\u00adtis\u00adsage de l\u2019al\u00adle\u00admand est une \u00e9tape impor\u00adtante pour s\u2019in\u00adt\u00e9\u00adgrer dans la vie quo\u00adti\u00addienne en Alle\u00admagne. Que vous sou\u00adhai\u00adtiez am\u00e9\u00adlio\u00adrer vos com\u00adp\u00e9\u00adtences lin\u00adguis\u00adtiques de mani\u00e8re ind\u00e9\u00adpen\u00addante, vous pr\u00e9\u00adpa\u00adrer \u00e0 des situa\u00adtions de la vie quo\u00adti\u00addienne ou com\u00adpl\u00e9\u00adter un cours de langue, il existe de nom\u00adbreuses res\u00adsources en ligne pour apprendre l\u2019al\u00adle\u00admand, dont cer\u00adtaines sont gra\u00adtuites. Vous trou\u00adve\u00adrez ici une s\u00e9lec\u00adtion de sites web, d\u2019ap\u00adpli\u00adca\u00adtions et de pla\u00adte\u00adformes d\u2019ap\u00adpren\u00adtis\u00adsage fiables qui vous aide\u00adront \u00e0 apprendre l\u2019al\u00adle\u00admand \u00e0 dif\u00adf\u00e9\u00adrents niveaux, des d\u00e9bu\u00adtants aux appre\u00adnants avan\u00adc\u00e9s. Beau\u00adcoup de ces outils sont flexibles, faciles \u00e0 uti\u00adli\u00adser et adap\u00adt\u00e9s \u00e0 l\u2019ap\u00adpren\u00adtis\u00adsage \u00e0 votre propre rythme.&nbsp; Plateformes\u2026<\/p>\n","category_list_v2":"","author_info_v2":{"name":"Andrea Ramirez","url":"https:\/\/www.anika-net.de\/fr\/author\/andrea-ramirez\/"},"comments_num_v2":"0 commentaire","uagb_featured_image_src":{"full":["https:\/\/www.anika-net.de\/wp-content\/uploads\/2023\/03\/Online-Deutsch-lernen_Kacheln-6.png",2000,1111,false],"thumbnail":["https:\/\/www.anika-net.de\/wp-content\/uploads\/2023\/03\/Online-Deutsch-lernen_Kacheln-6-150x150.png",150,150,true],"medium":["https:\/\/www.anika-net.de\/wp-content\/uploads\/2023\/03\/Online-Deutsch-lernen_Kacheln-6-300x167.png",300,167,true],"medium_large":["https:\/\/www.anika-net.de\/wp-content\/uploads\/2023\/03\/Online-Deutsch-lernen_Kacheln-6-768x427.png",640,356,true],"large":["https:\/\/www.anika-net.de\/wp-content\/uploads\/2023\/03\/Online-Deutsch-lernen_Kacheln-6-1024x569.png",640,356,true],"1536x1536":["https:\/\/www.anika-net.de\/wp-content\/uploads\/2023\/03\/Online-Deutsch-lernen_Kacheln-6-1536x853.png",1536,853,true],"2048x2048":["https:\/\/www.anika-net.de\/wp-content\/uploads\/2023\/03\/Online-Deutsch-lernen_Kacheln-6.png",2000,1111,false],"event-overview":["https:\/\/www.anika-net.de\/wp-content\/uploads\/2023\/03\/Online-Deutsch-lernen_Kacheln-6-960x640.png",960,640,true],"event-archive-thumb":["https:\/\/www.anika-net.de\/wp-content\/uploads\/2023\/03\/Online-Deutsch-lernen_Kacheln-6-480x267.png",480,267,true],"grid-item-thumbnail":["https:\/\/www.anika-net.de\/wp-content\/uploads\/2023\/03\/Online-Deutsch-lernen_Kacheln-6-360x200.png",360,200,true],"network-partner-icon":["https:\/\/www.anika-net.de\/wp-content\/uploads\/2023\/03\/Online-Deutsch-lernen_Kacheln-6-100x100.png",100,100,true],"organiser-icon":["https:\/\/www.anika-net.de\/wp-content\/uploads\/2023\/03\/Online-Deutsch-lernen_Kacheln-6-200x200.png",200,200,true],"gform-image-choice-sm":["https:\/\/www.anika-net.de\/wp-content\/uploads\/2023\/03\/Online-Deutsch-lernen_Kacheln-6.png",300,167,false],"gform-image-choice-md":["https:\/\/www.anika-net.de\/wp-content\/uploads\/2023\/03\/Online-Deutsch-lernen_Kacheln-6.png",400,222,false],"gform-image-choice-lg":["https:\/\/www.anika-net.de\/wp-content\/uploads\/2023\/03\/Online-Deutsch-lernen_Kacheln-6.png",600,333,false]},"uagb_author_info":{"display_name":"Andrea Ramirez","author_link":"https:\/\/www.anika-net.de\/fr\/author\/andrea-ramirez\/"},"uagb_comment_info":0,"uagb_excerpt":"L\u2019ap\u00adpren\u00adtis\u00adsage de l\u2019al\u00adle\u00admand est une \u00e9tape impor\u00adtante pour s\u2019in\u00adt\u00e9\u00adgrer dans la vie quo\u00adti\u00addienne en Alle\u00admagne. Que vous sou\u00adhai\u00adtiez am\u00e9\u00adlio\u00adrer vos com\u00adp\u00e9\u00adtences lin\u00adguis\u00adtiques de mani\u00e8re ind\u00e9\u00adpen\u00addante, vous pr\u00e9\u00adpa\u00adrer \u00e0 des situa\u00adtions&nbsp;lire plus","_links":{"self":[{"href":"https:\/\/www.anika-net.de\/fr\/wp-json\/wp\/v2\/pages\/34616","targetHints":{"allow":["GET"]}}],"collection":[{"href":"https:\/\/www.anika-net.de\/fr\/wp-json\/wp\/v2\/pages"}],"about":[{"href":"https:\/\/www.anika-net.de\/fr\/wp-json\/wp\/v2\/types\/page"}],"author":[{"embeddable":true,"href":"https:\/\/www.anika-net.de\/fr\/wp-json\/wp\/v2\/users\/12"}],"replies":[{"embeddable":true,"href":"https:\/\/www.anika-net.de\/fr\/wp-json\/wp\/v2\/comments?post=34616"}],"version-history":[{"count":3,"href":"https:\/\/www.anika-net.de\/fr\/wp-json\/wp\/v2\/pages\/34616\/revisions"}],"predecessor-version":[{"id":118135,"href":"https:\/\/www.anika-net.de\/fr\/wp-json\/wp\/v2\/pages\/34616\/revisions\/118135"}],"up":[{"embeddable":true,"href":"https:\/\/www.anika-net.de\/fr\/wp-json\/wp\/v2\/pages\/34529"}],"wp:featuredmedia":[{"embeddable":true,"href":"https:\/\/www.anika-net.de\/fr\/wp-json\/wp\/v2\/media\/34395"}],"wp:attachment":[{"href":"https:\/\/www.anika-net.de\/fr\/wp-json\/wp\/v2\/media?parent=34616"}],"curies":[{"name":"wp","href":"https:\/\/api.w.org\/{rel}","templated":true}]}}