{"id":34510,"date":"2023-03-07T12:41:19","date_gmt":"2023-03-07T11:41:19","guid":{"rendered":"https:\/\/www.anika-net.de\/arriver\/habiter\/separation-des-dechets\/"},"modified":"2025-06-05T10:24:38","modified_gmt":"2025-06-05T08:24:38","slug":"separation-des-dechets","status":"publish","type":"page","link":"https:\/\/www.anika-net.de\/fr\/arriver\/habiter\/separation-des-dechets\/","title":{"rendered":"S\u00e9pa\u00adra\u00adtion des d\u00e9chets&nbsp;\ud83d\udeae"},"content":{"rendered":"\n<p>\u00c0 Karls\u00adruhe, les ordures et les d\u00e9chets orga\u00adniques peuvent \u00eatre d\u00e9po\u00ads\u00e9s dans quatre bacs diff\u00e9rents&nbsp;:<\/p>\n\n<p>\ud83e\uded6 <strong>D\u00e9chets r\u00e9si\u00adduels (Res\u00adtm\u00fcll)<\/strong>: par exemple, cendres froides, caou\u00adtchouc, articles d\u2019hy\u00adgi\u00e8ne tels que mou\u00adchoirs, c\u00e9ra\u00admiques, couches.<\/p>\n\n<p>\u267b <strong>Mat\u00e9\u00adriaux recy\u00adclables (Werts\u00adtoff) :<\/strong> par exemple, le plas\u00adtique ou le m\u00e9tal (embal\u00adlages), le bois non trai\u00adt\u00e9, le papier d\u2019a\u00adlu\u00admi\u00adnium, les briques \u00e0 bois\u00adson ou \u00e0 lait, le polystyr\u00e8ne.<\/p>\n\n<p>\ud83c\udf4e <strong>D\u00e9chets orga\u00adniques (Bio\u00adab\u00adfall) :<\/strong> fleurs et plantes en pot, coquilles d\u2019\u0153uf, d\u00e9chets de fruits et l\u00e9gumes, marc de caf\u00e9, \u00e9corces de fruits (\u00e9corces d\u2019o\u00adrange, par exemple), restes d\u2019a\u00adli\u00adments crus et cuits, sachets de&nbsp;th\u00e9.<\/p>\n\n<p>\ud83d\uddde <strong>Papier\/carton (Papier\/Pappe) : <\/strong>par exemple, papier, carte et car\u00adton, livres, cata\u00adlogues, sacs en papier, papier \u00e0 lettres, journaux.<\/p>\n\n<p><strong>Autres d\u00e9chets&nbsp;:<\/strong><\/p>\n\n<ul class=\"wp-block-list\">\n<li>Les piles, le verre, les tex\u00adtiles et les d\u00e9chets verts sont col\u00adlec\u00adt\u00e9s dans les <strong>conte\u00adneurs situ\u00e9s dans toute la ville<\/strong>.<\/li>\n<\/ul>\n\n<ul class=\"wp-block-list\">\n<li>Les mati\u00e8res dan\u00adge\u00adreuses doivent \u00eatre \u00e9li\u00admi\u00adn\u00e9es aux <strong>points de col\u00adlecte d\u00e9si\u00adgn\u00e9s ou par des col\u00adlectes mobiles de mati\u00e8res dangereuses.<\/strong><\/li>\n<\/ul>\n\n<p>Vous trou\u00adve\u00adrez de plus amples infor\u00adma\u00adtions sur les <strong>ins\u00adtal\u00adla\u00adtions d\u2019\u00e9\u00adli\u00admi\u00adna\u00adtion des d\u00e9chets \u00e0 l\u2019a\u00addresse sui\u00advante&nbsp;:<\/strong> w <strong>ww.karl<\/strong> sruhe.de\/abfall<\/p>\n\n<p class=\"has-text-align-left\"><em><strong>Le tri des d\u00e9chets nous aide \u00e0 pro\u00adt\u00e9\u00adger notre envi\u00adron\u00adne\u00adment car il faci\u00adlite le recy\u00adclage de mat\u00e9\u00adriaux tels que les emballages.<\/strong><\/em><\/p>\n\n<div class=\"wp-block-stackable-columns stk-block-columns stk-block stk-845409e\" data-block-id=\"845409e\"><div class=\"stk-row stk-inner-blocks stk-block-content stk-content-align stk-845409e-column\">\n<div class=\"wp-block-stackable-column stk-block-column stk-column stk-block stk-579f546\" data-v=\"4\" data-block-id=\"579f546\"><style>@media screen and (min-width:901px){.stk-579f546 {flex:var(--stk-flex-grow, 1) 1 25% !important;}}<\/style><div class=\"stk-column-wrapper stk-block-column__content stk-container stk-579f546-container stk--no-background stk--no-padding\"><div class=\"stk-block-content stk-inner-blocks stk-579f546-inner-blocks\">\n<figure class=\"wp-block-image size-full is-resized\"><img decoding=\"async\" width=\"992\" height=\"728\" src=\"https:\/\/www.anika-net.de\/wp-content\/uploads\/2023\/11\/AfA_Tonne_klein_schwarz.jpg\" alt class=\"wp-image-44052\" style=\"width:130px\" srcset=\"https:\/\/www.anika-net.de\/wp-content\/uploads\/2023\/11\/AfA_Tonne_klein_schwarz.jpg 992w, https:\/\/www.anika-net.de\/wp-content\/uploads\/2023\/11\/AfA_Tonne_klein_schwarz-300x220.jpg 300w, https:\/\/www.anika-net.de\/wp-content\/uploads\/2023\/11\/AfA_Tonne_klein_schwarz-768x564.jpg 768w, https:\/\/www.anika-net.de\/wp-content\/uploads\/2023\/11\/AfA_Tonne_klein_schwarz-480x352.jpg 480w\" sizes=\"(max-width: 992px) 100vw, 992px\"><figcaption class=\"wp-element-caption\"> <strong>Res\u00adtm\u00fcll\u00adtonne<\/strong><\/figcaption><\/figure>\n<\/div><\/div><\/div>\n\n\n\n<div class=\"wp-block-stackable-column stk-block-column stk-column stk-block stk-8d3111b\" data-v=\"4\" data-block-id=\"8d3111b\"><style>@media screen and (min-width:901px){.stk-8d3111b {flex:var(--stk-flex-grow, 1) 1 25% !important;}}<\/style><div class=\"stk-column-wrapper stk-block-column__content stk-container stk-8d3111b-container stk--no-background stk--no-padding\"><div class=\"stk-block-content stk-inner-blocks stk-8d3111b-inner-blocks\">\n<figure class=\"wp-block-image size-thumbnail is-resized\"><img decoding=\"async\" width=\"150\" height=\"150\" src=\"https:\/\/www.anika-net.de\/wp-content\/uploads\/2023\/11\/AfA_Tonne_klein_rot_-150x150.jpg\" alt class=\"wp-image-44067\" style=\"width:100px\" srcset=\"https:\/\/www.anika-net.de\/wp-content\/uploads\/2023\/11\/AfA_Tonne_klein_rot_-150x150.jpg 150w, https:\/\/www.anika-net.de\/wp-content\/uploads\/2023\/11\/AfA_Tonne_klein_rot_-600x600.jpg 600w, https:\/\/www.anika-net.de\/wp-content\/uploads\/2023\/11\/AfA_Tonne_klein_rot_-100x100.jpg 100w, https:\/\/www.anika-net.de\/wp-content\/uploads\/2023\/11\/AfA_Tonne_klein_rot_-200x200.jpg 200w\" sizes=\"(max-width: 150px) 100vw, 150px\"><figcaption class=\"wp-element-caption\"> <strong>Werts\u00adtoff\u00adtonne<\/strong><\/figcaption><\/figure>\n<\/div><\/div><\/div>\n\n\n\n<div class=\"wp-block-stackable-column stk-block-column stk-column stk-block stk-00a08eb\" data-v=\"4\" data-block-id=\"00a08eb\"><style>@media screen and (min-width:901px){.stk-00a08eb {flex:var(--stk-flex-grow, 1) 1 25% !important;}}<\/style><div class=\"stk-column-wrapper stk-block-column__content stk-container stk-00a08eb-container stk--no-background stk--no-padding\"><div class=\"stk-block-content stk-inner-blocks stk-00a08eb-inner-blocks\">\n<figure class=\"wp-block-image size-large is-resized\"><img decoding=\"async\" width=\"1024\" height=\"728\" src=\"https:\/\/www.anika-net.de\/wp-content\/uploads\/2023\/11\/AfA_Tonne_klein_gruen2-1024x728.jpg\" alt class=\"wp-image-44121\" style=\"width:130px\" srcset=\"https:\/\/www.anika-net.de\/wp-content\/uploads\/2023\/11\/AfA_Tonne_klein_gruen2-1024x728.jpg 1024w, https:\/\/www.anika-net.de\/wp-content\/uploads\/2023\/11\/AfA_Tonne_klein_gruen2-300x213.jpg 300w, https:\/\/www.anika-net.de\/wp-content\/uploads\/2023\/11\/AfA_Tonne_klein_gruen2-768x546.jpg 768w, https:\/\/www.anika-net.de\/wp-content\/uploads\/2023\/11\/AfA_Tonne_klein_gruen2-1536x1091.jpg 1536w, https:\/\/www.anika-net.de\/wp-content\/uploads\/2023\/11\/AfA_Tonne_klein_gruen2-2048x1455.jpg 2048w, https:\/\/www.anika-net.de\/wp-content\/uploads\/2023\/11\/AfA_Tonne_klein_gruen2-480x341.jpg 480w\" sizes=\"(max-width: 1024px) 100vw, 1024px\"><figcaption class=\"wp-element-caption\">      <strong>Bio\u00adab\u00adfall<\/strong><\/figcaption><\/figure>\n<\/div><\/div><\/div>\n\n\n\n<div class=\"wp-block-stackable-column stk-block-column stk-column stk-block stk-c5fa175\" data-v=\"4\" data-block-id=\"c5fa175\"><style>@media screen and (min-width:901px){.stk-c5fa175 {flex:var(--stk-flex-grow, 1) 1 25% !important;}}<\/style><div class=\"stk-column-wrapper stk-block-column__content stk-container stk-c5fa175-container stk--no-background stk--no-padding\"><div class=\"stk-block-content stk-inner-blocks stk-c5fa175-inner-blocks\">\n<figure class=\"wp-block-image size-full is-resized\"><img decoding=\"async\" width=\"992\" height=\"729\" src=\"https:\/\/www.anika-net.de\/wp-content\/uploads\/2023\/11\/AfA_Tonne_klein_blau_.jpg\" alt class=\"wp-image-44097\" style=\"width:140px\" srcset=\"https:\/\/www.anika-net.de\/wp-content\/uploads\/2023\/11\/AfA_Tonne_klein_blau_.jpg 992w, https:\/\/www.anika-net.de\/wp-content\/uploads\/2023\/11\/AfA_Tonne_klein_blau_-300x220.jpg 300w, https:\/\/www.anika-net.de\/wp-content\/uploads\/2023\/11\/AfA_Tonne_klein_blau_-768x564.jpg 768w, https:\/\/www.anika-net.de\/wp-content\/uploads\/2023\/11\/AfA_Tonne_klein_blau_-480x353.jpg 480w\" sizes=\"(max-width: 992px) 100vw, 992px\"><figcaption class=\"wp-element-caption\">    <strong>Papier\u00adtonne<\/strong><\/figcaption><\/figure>\n<\/div><\/div><\/div>\n<\/div><\/div>\n\n<h2 class=\"wp-block-heading\">\u00c9li\u00admi\u00adna\u00adtion des d\u00e9chets \u00e0 Karlsruhe<\/h2>\n\n<p>Il y a quatre pou\u00adbelles \u00e0 Karls\u00adruhe. Les d\u00e9chets sont tri\u00e9s en trois cat\u00e9\u00adgo\u00adries&nbsp;: les d\u00e9chets orga\u00adniques, le papier, les d\u00e9chets r\u00e9si\u00adduels et les pro\u00adduits recy\u00adclables. Par ailleurs, les d\u00e9chets \u00e9lec\u00adtriques n\u2019ont pas leur place dans la pou\u00adbelle. Ils doivent \u00eatre \u00e9li\u00admi\u00adn\u00e9s s\u00e9pa\u00adr\u00e9\u00adment. En outre, chaque m\u00e9nage de Karls\u00adruhe a la pos\u00adsi\u00adbi\u00adli\u00adt\u00e9 de se d\u00e9bar\u00adras\u00adser <strong>gra\u00adtui\u00adte\u00adment<\/strong> et com\u00admo\u00add\u00e9\u00adment de ses d\u00e9chets encom\u00adbrants <strong>deux fois par an<\/strong>.    <\/p>\n\n<ul class=\"wp-block-list\">\n<li>\ud83d\ude9b Calen\u00addrier de col\u00adlecte \u2013 <strong><a href=\"https:\/\/web6.karlsruhe.de\/service\/abfall\/akal\/akal.php\" rel=\"noopener\">dates d\u2019\u00e9\u00adli\u00admi\u00adna\u00adtion<\/a><\/strong><\/li>\n\n\n\n<li>\ud83d\ude9b Pou\u00adbelles \u00e0 d\u00e9chets \u2013 <strong><a href=\"https:\/\/tsk.karlsruhe.de\/unsere-leistungen\/formulare\/bestellung\/abbestellung-abfallbehaelter\" rel=\"noopener\">com\u00admande \/ modi\u00adfi\u00adca\u00adtion \/ annulation<\/a><\/strong><\/li>\n\n\n\n<li>\ud83d\ude9b Conte\u00adneur \u00e0 d\u00e9chets en papier \u2013 <strong><a href=\"https:\/\/tsk.karlsruhe.de\/unsere-leistungen\/formulare\/befreiung-papiertonne\" rel=\"noopener\">Demande de d\u00e9rogation<\/a><\/strong><\/li>\n\n\n\n<li>\ud83d\ude9b D\u00e9chets encom\u00adbrants \u2013 <strong><a href=\"https:\/\/web6.karlsruhe.de\/service\/abfall\/sperrmuell_abruf\/index.php\" rel=\"noopener\">fixer une date de collecte<\/a><\/strong><\/li>\n\n\n\n<li>\ud83d\ude9b Pro\u00adduits blancs \u2013 <strong><a href=\"https:\/\/web6.karlsruhe.de\/service\/abfall\/sperrmuell_abruf\/index_ww.php\" rel=\"noopener\">fixer une date d\u2019enl\u00e8vement<\/a><\/strong><\/li>\n<\/ul>\n","protected":false},"excerpt":{"rendered":"<p>\u00c0 Karls\u00adruhe, les ordures et les d\u00e9chets orga\u00adniques peuvent \u00eatre d\u00e9po\u00ads\u00e9s dans quatre bacs dif\u00adf\u00e9\u00adrents&nbsp;: \ud83e\uded6 D\u00e9chets r\u00e9si\u00adduels (Res\u00adtm\u00fcll): par exemple, cendres froides, caou\u00adtchouc, articles d\u2019hy\u00adgi\u00e8ne tels que mou\u00adchoirs, c\u00e9ra\u00admiques,&nbsp;<a class=\"moretag\" href=\"https:\/\/www.anika-net.de\/fr\/arriver\/habiter\/separation-des-dechets\/\">lire plus<\/a><\/p>\n","protected":false},"author":12,"featured_media":0,"parent":2321,"menu_order":50,"comment_status":"closed","ping_status":"closed","template":"","meta":{"_acf_changed":false,"inline_featured_image":false,"_uag_custom_page_level_css":"","wp_typography_post_enhancements_disabled":false,"footnotes":""},"class_list":["post-34510","page","type-page","status-publish","hentry"],"acf":[],"featured_image_urls_v2":{"full":"","thumbnail":"","medium":"","medium_large":"","large":"","1536x1536":"","2048x2048":"","event-overview":"","event-archive-thumb":"","grid-item-thumbnail":"","network-partner-icon":"","organiser-icon":"","gform-image-choice-sm":"","gform-image-choice-md":"","gform-image-choice-lg":""},"post_excerpt_stackable_v2":"<p>\u00c0 Karls\u00adruhe, les ordures et les d\u00e9chets orga\u00adniques peuvent \u00eatre d\u00e9po\u00ads\u00e9s dans quatre bacs dif\u00adf\u00e9\u00adrents&nbsp;: \ud83e\uded6 D\u00e9chets r\u00e9si\u00adduels (Res\u00adtm\u00fcll): par exemple, cendres froides, caou\u00adtchouc, articles d\u2019hy\u00adgi\u00e8ne tels que mou\u00adchoirs, c\u00e9ra\u00admiques, couches. \u267b Mat\u00e9\u00adriaux recy\u00adclables (Werts\u00adtoff) : par exemple, le plas\u00adtique ou le m\u00e9tal (embal\u00adlages), le bois non trai\u00adt\u00e9, le papier d\u2019a\u00adlu\u00admi\u00adnium, les briques \u00e0 bois\u00adson ou \u00e0 lait, le poly\u00adsty\u00adr\u00e8ne. \ud83c\udf4e D\u00e9chets orga\u00adniques (Bio\u00adab\u00adfall) : fleurs et plantes en pot, coquilles d\u2019\u0153uf, d\u00e9chets de fruits et l\u00e9gumes, marc de caf\u00e9, \u00e9corces de fruits (\u00e9corces d\u2019o\u00adrange, par exemple), restes d\u2019a\u00adli\u00adments crus et cuits, sachets de&nbsp;th\u00e9. \ud83d\uddde Papier\/carton (Papier\/Pappe) : par exemple,\u2026<\/p>\n","category_list_v2":"","author_info_v2":{"name":"Andrea Ramirez","url":"https:\/\/www.anika-net.de\/fr\/author\/andrea-ramirez\/"},"comments_num_v2":"0 commentaire","uagb_featured_image_src":{"full":false,"thumbnail":false,"medium":false,"medium_large":false,"large":false,"1536x1536":false,"2048x2048":false,"event-overview":false,"event-archive-thumb":false,"grid-item-thumbnail":false,"network-partner-icon":false,"organiser-icon":false,"gform-image-choice-sm":false,"gform-image-choice-md":false,"gform-image-choice-lg":false},"uagb_author_info":{"display_name":"Andrea Ramirez","author_link":"https:\/\/www.anika-net.de\/fr\/author\/andrea-ramirez\/"},"uagb_comment_info":0,"uagb_excerpt":"\u00c0 Karls\u00adruhe, les ordures et les d\u00e9chets orga\u00adniques peuvent \u00eatre d\u00e9po\u00ads\u00e9s dans quatre bacs diff\u00e9rents&nbsp;: \ud83e\uded6 D\u00e9chets r\u00e9si\u00adduels (Res\u00adtm\u00fcll): par exemple, cendres froides, caou\u00adtchouc, articles d\u2019hy\u00adgi\u00e8ne tels que mou\u00adchoirs, c\u00e9ra\u00admiques,&nbsp;lire plus","_links":{"self":[{"href":"https:\/\/www.anika-net.de\/fr\/wp-json\/wp\/v2\/pages\/34510","targetHints":{"allow":["GET"]}}],"collection":[{"href":"https:\/\/www.anika-net.de\/fr\/wp-json\/wp\/v2\/pages"}],"about":[{"href":"https:\/\/www.anika-net.de\/fr\/wp-json\/wp\/v2\/types\/page"}],"author":[{"embeddable":true,"href":"https:\/\/www.anika-net.de\/fr\/wp-json\/wp\/v2\/users\/12"}],"replies":[{"embeddable":true,"href":"https:\/\/www.anika-net.de\/fr\/wp-json\/wp\/v2\/comments?post=34510"}],"version-history":[{"count":2,"href":"https:\/\/www.anika-net.de\/fr\/wp-json\/wp\/v2\/pages\/34510\/revisions"}],"predecessor-version":[{"id":62046,"href":"https:\/\/www.anika-net.de\/fr\/wp-json\/wp\/v2\/pages\/34510\/revisions\/62046"}],"up":[{"embeddable":true,"href":"https:\/\/www.anika-net.de\/fr\/wp-json\/wp\/v2\/pages\/2321"}],"wp:attachment":[{"href":"https:\/\/www.anika-net.de\/fr\/wp-json\/wp\/v2\/media?parent=34510"}],"curies":[{"name":"wp","href":"https:\/\/api.w.org\/{rel}","templated":true}]}}