{"id":1741,"date":"2021-05-21T14:28:16","date_gmt":"2021-05-21T12:28:16","guid":{"rendered":"https:\/\/www.anika-net.de\/migration-advisory-centres-for-adult-immigrants-mbes-and-youth-migration-services-jmd\/"},"modified":"2026-01-26T10:58:23","modified_gmt":"2026-01-26T09:58:23","slug":"conseils-et-services","status":"publish","type":"page","link":"https:\/\/www.anika-net.de\/fr\/arriver\/conseils-et-services\/conseils-et-services\/","title":{"rendered":"Centres de conseil pour les migrants"},"content":{"rendered":"\n<p>Il existe plu\u00adsieurs centres de conseil pour les migrants \u00e0 Karls\u00adruhe, des\u00adti\u00adn\u00e9s aux nou\u00adveaux arri\u00advants et \u00e0 tous les migrants. Il existe des centres de conseil en mati\u00e8re d\u2019im\u00admi\u00adgra\u00adtion pour les adultes et les jeunes, ain\u00adsi que des centres de conseil sur des sujets sp\u00e9\u00adci\u00adfiques tels que le tra\u00advail, la recon\u00adnais\u00adsance des cer\u00adti\u00adfi\u00adcats. Le per\u00adson\u00adnel du <em>Migra\u00adtions\u00adbe\u00adra\u00adtung<\/em> (ser\u00advice de conseil en mati\u00e8re d\u2019im\u00admi\u00adgra\u00adtion) vous aide\u00adra \u00e0 r\u00e9soudre vos pro\u00adbl\u00e8mes dans des domaines tels&nbsp;que&nbsp;:&nbsp;<\/p>\n\n<ul class=\"wp-block-list\">\n<li><strong>Apprendre l\u2019al\u00adle\u00admand<\/strong> (par exemple en orga\u00adni\u00adsant des cours de langue et d\u2019int\u00e9gration),<\/li>\n\n\n\n<li><strong>Ques\u00adtions sur les per\u00admis de s\u00e9jour<\/strong>,<\/li>\n\n\n\n<li><strong>Car\u00adri\u00e8re pro\u00adfes\u00adsion\u00adnelle et recon\u00adnais\u00adsance des qua\u00adli\u00adfi\u00adca\u00adtions <\/strong>(par exemple, recon\u00adnais\u00adsance des cer\u00adti\u00adfi\u00adcats de fin d\u2019\u00e9\u00adtudes, des appren\u00adtis\u00adsages, des dipl\u00f4mes, recherche d\u2019emploi),<\/li>\n\n\n\n<li><strong>Loge\u00adment<\/strong> (par exemple, sou\u00adtien et infor\u00adma\u00adtions de base sur la recherche d\u2019un logement),<\/li>\n\n\n\n<li><strong>San\u00adt\u00e9<\/strong> (par exemple, soins m\u00e9di\u00adcaux, assu\u00adrance maladie),<\/li>\n\n\n\n<li><strong>Famille et enfants<\/strong> (par exemple, ques\u00adtions sur la garde d\u2019en\u00adfants, l\u2019\u00e9cole),<\/li>\n\n\n\n<li><strong>Mariage et par\u00adte\u00adna\u00adriats<\/strong> (par exemple, sou\u00adtien pen\u00addant la gros\u00adsesse, conseils matrimoniaux).<\/li>\n<\/ul>\n\n<h3 class=\"wp-block-heading\"><span style=\"color: #0baa9d;\" class=\"stk-highlight\">Centres de conseil pour les migrants<\/span> <span style=\"color: #0baa9d;\" class=\"stk-highlight\">\u00e0 Karls\u00adruhe<\/span><\/h3>\n\n<p>\u00c0 Karls\u00adruhe, il existe <strong>cinq centres de conseil en mati\u00e8re de migra\u00adtion pour les immi\u00adgr\u00e9s adultes<\/strong> (MBE) :<\/p>\n\n<ul class=\"wp-block-list\">\n<li>\u00e0 par\u00adtir de 27 ans qui n\u2019ont pas v\u00e9cu en Alle\u00admagne pen\u00addant plus de trois ans et\/ou qui suivent un cours d\u2019int\u00e9gration.<\/li>\n\n\n\n<li>\u00e0 par\u00adtir de 27 ans qui vivent en Alle\u00admagne depuis plus long\u00adtemps et qui ont besoin de rat\u00adtra\u00adper leur retard en mati\u00e8re d\u2019int\u00e9gration.<\/li>\n<\/ul>\n\n<p>Et <strong>un ser\u00advice de migra\u00adtion des jeunes (JMD) pour les jeunes<\/strong> <strong>de<\/strong> <strong>12 \u00e0 27 ans<\/strong>. <br><strong>Les consul\u00adta\u00adtions sont gratuites.<\/strong><\/p>\n\n<p>Vous trou\u00adve\u00adrez une liste des <strong>autres centres de conseil pour les migrants<\/strong> et des <strong>centres de conseil de la ville<\/strong> de <strong>Karls\u00adruhe<\/strong> <a href=\"https:\/\/www.anika-net.de\/events\/?type=recurring&amp;my_categories%5B0%5D=counselling-assistance-services\"><strong>ici<\/strong><\/a><\/p>\n\n<div class=\"wp-block-ugb-spacer ugb-spacer ugb-46a2835 ugb-spacer--v2 ugb-main-block\"><div class=\"ugb-inner-block\"><div class=\"ugb-block-content\"><div class=\"ugb-spacer--inner\"><\/div><\/div><\/div><\/div>\n\n<h2 class=\"wp-block-heading\"><span style=\"color: #cf2e2e;\" class=\"stk-highlight\">Centres de conseil pour les immi\u00adgr\u00e9s adultes (MBE)<\/span><\/h2>\n\n<div class=\"wp-block-ugb-accordion ugb-accordion ugb-d931b4d ugb-accordion--v2 ugb-accordion--design-basic ugb-main-block\" aria-expanded=\"false\"><div class=\"ugb-inner-block\"><div class=\"ugb-block-content\"><div class=\"ugb-accordion__item\"><div class=\"ugb-accordion__heading\" role=\"button\" tabindex=\"0\"><h4 class=\"ugb-accordion__title\"><strong>Conseil en mati\u00e8re de migra\u00adtion de&nbsp;l\u2019AWO<\/strong><\/h4><svg viewBox=\"0 0 20 20\" class=\"ugb-accordion__arrow\" width=\"20\" height=\"20\"><path d=\"M16.7 3.3L10 10 3.3 3.4 0 6.7l10 10v-.1l10-9.9z\" \/><\/svg><\/div><div class=\"ugb-accordion__content\" role=\"region\"><div class=\"ugb-accordion__content-inner\">\n<p>\ud83c\udf10<strong><a href=\"https:\/\/www.awo-karlsruhe.de\/leistungen\/besondere-lebenslagen\/migrationsberatung\/?gclid=EAIaIQobChMIwr_f2aGs9QIVCs93Ch2wwQ_fEAAYASAAEgJtNPD_BwE&amp;nowprocket=1\" rel=\"noopener\">AWO Karls\u00adruhe<\/a><\/strong><br>\ud83d\udccd Ste\u00adpha\u00adniens\u00adtra\u00dfe 52, 76133 Karls\u00adruhe  0721\/ 16089\u2013413 <br>\ud83d\udcde<br>\ud83d\udce7 <a href=\"mailto:mbe@awo-karlsruhe.de\">mbe@awo-karlsruhe.de<\/a><br><br><strong><span style=\"color: #cf2e2e;\" class=\"stk-highlight\">Heures de consul\u00adta\u00adtion ouvertes pour des conseils brefs<br>Jeu\u00addi de 14 \u00e0 16 heures et sur rendez-vous<\/span><\/strong><\/p>\n\n\n\n<p><strong>Langues&nbsp;:<\/strong> Alle\u00admand, Bos\u00adniaque, Bul\u00adgare, Croate, Anglais, Fran\u00ad\u00e7ais, Rou\u00admain, Russe, Serbe, Espa\u00adgnol,&nbsp;Turc<\/p>\n<\/div><\/div><\/div><\/div><\/div><\/div>\n\n<div class=\"wp-block-ugb-accordion ugb-accordion ugb-7ec77a9 ugb-accordion--v2 ugb-accordion--design-basic ugb-main-block\" aria-expanded=\"false\"><div class=\"ugb-inner-block\"><div class=\"ugb-block-content\"><div class=\"ugb-accordion__item\"><div class=\"ugb-accordion__heading\" role=\"button\" tabindex=\"0\"><h4 class=\"ugb-accordion__title\"><strong>Cercle d\u2019en\u00adtraide de l\u2019A\u00adsyl de Karls\u00adruhe<\/strong> <strong>e.V.<\/strong><\/h4><svg viewBox=\"0 0 20 20\" class=\"ugb-accordion__arrow\" width=\"20\" height=\"20\"><path d=\"M16.7 3.3L10 10 3.3 3.4 0 6.7l10 10v-.1l10-9.9z\" \/><\/svg><\/div><div class=\"ugb-accordion__content\" role=\"region\"><div class=\"ugb-accordion__content-inner\">\n<p>\ud83c\udf10 <a href=\"https:\/\/fka-ka.de\/migrationsberatung-fuer-erwachsene-zuwanderer-mbe\/\" rel=\"noopener\"><strong>Cercle d\u2019en\u00adtraide de l\u2019A\u00adsyl de Karls\u00adruhe<\/strong> <strong>e.V.<\/strong><\/a><br><strong><span style=\"color: #747474;\" class=\"stk-highlight\">(Der Parit\u00e4\u00adtische Migra\u00adtions\u00adbe\u00adra\u00adtung)<\/span><\/strong><br>\ud83d\udccd Alter Schlach\u00adthof 59, 76137 Karls\u00adruhe<br>\ud83d\udcde 0721 78193 352 \u2013 \ud83d\udcde 0179 4038 861<br>\ud83d\udce7 <a href=\"mailto:mbe.karlsruhe@fka-ka.de\">mbe.karlsruhe@fka-ka.de<\/a><br><br><strong><span style=\"color: #cf2e2e;\" class=\"stk-highlight\">Conseils sur ren\u00addez-vous<\/span><\/strong><br><strong>Langues&nbsp;:<\/strong> Alle\u00admand et&nbsp;russe<\/p>\n\n\n\n<p><\/p>\n\n\n\n<p>\ud83d\udccd Kai\u00adsers\u00adtra\u00dfe 41, 76131 Karls\u00adruhe<br>Sta\u00adtion Kro\u00adnen\u00adplatz<br>\ud83d\udcde 0157 34597 235<br>\ud83d\udce7 sabine.meglio@fka-ka.de<br><br><strong><span style=\"color: #cf2e2e;\" class=\"stk-highlight\"><strong><span style=\"color: #cf2e2e;\" class=\"stk-highlight\">Consul\u00adta\u00adtion sur rendez-vous<\/span><\/strong><\/span><\/strong><\/p>\n<\/div><\/div><\/div><\/div><\/div><\/div>\n\n<div class=\"wp-block-ugb-accordion ugb-accordion ugb-60a412f ugb-accordion--v2 ugb-accordion--design-basic ugb-main-block\" aria-expanded=\"false\"><div class=\"ugb-inner-block\"><div class=\"ugb-block-content\"><div class=\"ugb-accordion__item\"><div class=\"ugb-accordion__heading\" role=\"button\" tabindex=\"0\"><h4 class=\"ugb-accordion__title\"><strong>Land\u00adsmann\u00adschaft der Deut\u00adschen aus Russ\u00adland e.&nbsp;V.&nbsp;<\/strong><\/h4><svg viewBox=\"0 0 20 20\" class=\"ugb-accordion__arrow\" width=\"20\" height=\"20\"><path d=\"M16.7 3.3L10 10 3.3 3.4 0 6.7l10 10v-.1l10-9.9z\" \/><\/svg><\/div><div class=\"ugb-accordion__content\" role=\"region\"><div class=\"ugb-accordion__content-inner\">\n<p>\ud83c\udf10  <strong><a href=\"https:\/\/lmdr.de\/mbe-stellen\/\" rel=\"noopener\">Land\u00adsmann\u00adschaft der Deut\u00adschen aus Russ\u00adland e. V. <\/a><\/strong><br>\ud83d\udccd Schef\u00adfel\u00adstra\u00dfe 54, 76135 Karls\u00adruhe<br>Sta\u00adtion Sophiens\u00adtra\u00dfe ou M\u00fchl\u00adbur\u00adger Tor<br>\ud83d\udcde 0721\/ 8933 8385<br>\ud83d\udcde 0721\/ 83145 70<br>\ud83d\udce7 a.kastalion@lmdr.de \/ \ud83d\udce7 a.scheifel@lmdr.de<br><br><strong><span style=\"color: #cf2e2e;\" class=\"stk-highlight\">Conseils sur ren\u00addez-vous<\/span><\/strong><br><strong>Langues&nbsp;:<\/strong> Alle\u00admand, anglais, russe<\/p>\n<\/div><\/div><\/div><\/div><\/div><\/div>\n\n<div class=\"wp-block-ugb-accordion ugb-accordion ugb-2e7268a ugb-accordion--v2 ugb-accordion--design-basic ugb-main-block\" aria-expanded=\"false\"><div class=\"ugb-inner-block\"><div class=\"ugb-block-content\"><div class=\"ugb-accordion__item\"><div class=\"ugb-accordion__heading\" role=\"button\" tabindex=\"0\"><h4 class=\"ugb-accordion__title\"><strong>Cari\u00adtas\u00adver\u00adband Karlsruhe<\/strong><\/h4><svg viewBox=\"0 0 20 20\" class=\"ugb-accordion__arrow\" width=\"20\" height=\"20\"><path d=\"M16.7 3.3L10 10 3.3 3.4 0 6.7l10 10v-.1l10-9.9z\" \/><\/svg><\/div><div class=\"ugb-accordion__content\" role=\"region\"><div class=\"ugb-accordion__content-inner\">\n<p>\ud83c\udf10 <strong><a href=\"https:\/\/www.caritas-karlsruhe.de\/hilfen-und-beratung\/menschen-mit-migrationsgeschichte\/der-oekumenische-migrationsdienst\/der-oekumenische-migrationsdienst\" rel=\"noopener\">Cari\u00adtas\u00adver\u00adband Karls\u00adruhe<\/a><\/strong><br><span style=\"color: #767676;\" class=\"stk-highlight\">(<strong>\u00d6ku\u00adme\u00adni\u00adscher Migra\u00adtions\u00addienst \u00d6MD)<\/strong><\/span><br>\ud83d\udccd Sophiens\u00adtra\u00dfe 33, 76133 Karls\u00adruhe<br>Sta\u00adtion Karl\u00adstor  <br><br>\ud83d\udcde 0721\/ 91243\u201316 <br>\ud83d\udce7 sekretariat-oemd@caritas-karlsruhe.de<br><strong><span style=\"color: #cf2e2e;\" class=\"stk-highlight\"><strong><span style=\"color: #cf2e2e;\" class=\"stk-highlight\">Conseils<\/span><\/strong> sur ren\u00addez-vous<\/span><\/strong><br><br><strong>Dis\u00adpo\u00adni\u00adbi\u00adli\u00adt\u00e9 par t\u00e9l\u00e9\u00adphone<\/strong> <br>Lun\u00addi \u2013 ven\u00addre\u00addi&nbsp;: 8h30 \u2013 12h30<br>Lun\u00addi \u2013 jeu\u00addi&nbsp;: 13h30 \u2013&nbsp;16h<\/p>\n<\/div><\/div><\/div><\/div><\/div><\/div>\n\n<div class=\"wp-block-ugb-accordion ugb-accordion ugb-c647ddb ugb-accordion--v2 ugb-accordion--design-basic ugb-main-block\" aria-expanded=\"false\"><div class=\"ugb-inner-block\"><div class=\"ugb-block-content\"><div class=\"ugb-accordion__item\"><div class=\"ugb-accordion__heading\" role=\"button\" tabindex=\"0\"><h4 class=\"ugb-accordion__title\"><strong><strong>J\u00fcdische Kul\u00adtus\u00adge\u00admeinde Karlsruhe<\/strong><\/strong><\/h4><svg viewBox=\"0 0 20 20\" class=\"ugb-accordion__arrow\" width=\"20\" height=\"20\"><path d=\"M16.7 3.3L10 10 3.3 3.4 0 6.7l10 10v-.1l10-9.9z\" \/><\/svg><\/div><div class=\"ugb-accordion__content\" role=\"region\"><div class=\"ugb-accordion__content-inner\">\n<p>\ud83c\udf10 <strong><a href=\"https:\/\/www.jg-karlsruhe.de\/index.php\/de\/soziales\/sozialberatung\" rel=\"noopener\">J\u00fcdische Kul\u00adtus\u00adge\u00admeinde Karls\u00adruhe<\/a><\/strong><br><strong>Zen\u00adtral\u00adwohl\u00adfahrtss\u00adtelle der Juden in Deut\u00adschland e. V. <\/strong><br>\ud83d\udccd Knie\u00adlin\u00adger Allee 11, 76133 Karls\u00adruhe<br>Sta\u00adtion Karls\u00adruhe Syna\u00adgoge<br><br>\ud83d\udcde 0721\/ 7565 39<br>\ud83d\udce7 <a href=\"mailto:info@jg-karlsruhe.de\">mbe@jg-karlsruhe.de<\/a><br><strong><span style=\"color: #cf2e2e;\" class=\"stk-highlight\"><strong><span style=\"color: #cf2e2e;\" class=\"stk-highlight\"><strong><span style=\"color: #cf2e2e;\" class=\"stk-highlight\">Conseils<\/span><\/strong> sur ren\u00addez-vous<\/span><\/strong><\/span><\/strong><br><br><strong>Heures d\u2019ou\u00adver\u00adture<\/strong>&nbsp;:<br>Lun\u00addi \u2013 ven\u00addre\u00addi&nbsp;: 9h00 \u2013 12h00<br>Mar\u00addi et jeu\u00addi&nbsp;: 14h30 \u2013&nbsp;16h30<\/p>\n<\/div><\/div><\/div><\/div><\/div><\/div>\n\n<div class=\"wp-block-ugb-spacer ugb-spacer ugb-2a72161 ugb-spacer--v2 ugb-main-block\"><div class=\"ugb-inner-block\"><div class=\"ugb-block-content\"><div class=\"ugb-spacer--inner\"><\/div><\/div><\/div><\/div>\n\n<h2 class=\"wp-block-heading\"><span style=\"color: #0693e3;\" class=\"stk-highlight\">Ser\u00advice de migra\u00adtion des jeunes (JMD)<\/span><\/h2>\n\n<div class=\"wp-block-ugb-accordion ugb-accordion ugb-dd92ed6 ugb-accordion--v2 ugb-accordion--design-basic ugb-main-block\" aria-expanded=\"false\"><div class=\"ugb-inner-block\"><div class=\"ugb-block-content\"><div class=\"ugb-accordion__item\"><div class=\"ugb-accordion__heading\" role=\"button\" tabindex=\"0\"><h4 class=\"ugb-accordion__title\">Jugend\u00admi\u00adgra\u00adtions\u00addienst (JMD) de&nbsp;l\u2019IB<\/h4><svg viewBox=\"0 0 20 20\" class=\"ugb-accordion__arrow\" width=\"20\" height=\"20\"><path d=\"M16.7 3.3L10 10 3.3 3.4 0 6.7l10 10v-.1l10-9.9z\" \/><\/svg><\/div><div class=\"ugb-accordion__content\" role=\"region\"><div class=\"ugb-accordion__content-inner\">\n<p><a href=\"https:\/\/www.jugendmigrationsdienste.de\/jmd\/karlsruhe\" rel=\"noopener\"><strong>Jugend\u00admi\u00adgra\u00adtions\u00addienst (JMD)<\/strong> <strong>Karls\u00adruhe<\/strong><\/a><br>\ud83d\udccd Sie\u00admen\u00adsal\u00adlee 84, EG, Room 2004<br>76187 Karls\u00adruhe<br>Arr\u00eat de tram\u00adway&nbsp;: Knie\u00adlin\u00adgen Sie\u00admen\u00adsal\u00adlee<br>\ud83d\udcde 0721 85019\u2013816 \/ 0151 742 410 30<br><a href=\"mailto:jmd-karlsruhe@ib.de\">\ud83d\udce7 jmd-karlsruhe@ib.de<\/a><br><strong><span style=\"color: #0693e3;\" class=\"stk-highlight\">Ren\u00addez-vous sur demande<\/span><\/strong><br><br><em>Pour les jeunes issus de l\u2019im\u00admi\u00adgra\u00adtion \u00e2g\u00e9s de 12 \u00e0 27 ans.<\/em><br>Consul\u00adta\u00adtion en <strong>alle\u00admand, anglais, ita\u00adlien, rou\u00admain, russe et <strong>espa\u00adgnol.<\/strong><\/strong><\/p>\n<\/div><\/div><\/div><\/div><\/div><\/div>\n\n<div class=\"wp-block-ugb-spacer ugb-spacer ugb-6bb873a ugb-spacer--v2 ugb-main-block\"><div class=\"ugb-inner-block\"><div class=\"ugb-block-content\"><div class=\"ugb-spacer--inner\"><\/div><\/div><\/div><\/div>\n\n<h4 class=\"wp-block-heading\">Ville de Karls\u00adruhe&nbsp;: <em>Ser\u00advice d\u2019o\u00adrien\u00adta\u00adtion de l\u2019Of\u00adfice pour l\u2019in\u00adt\u00e9\u00adgra\u00adtion <\/em> <\/h4>\n\n<div class=\"wp-block-ugb-accordion ugb-accordion ugb-5ca6e08 ugb-accordion--v2 ugb-accordion--design-basic ugb-main-block\" aria-expanded=\"false\"><div class=\"ugb-inner-block\"><div class=\"ugb-block-content\"><div class=\"ugb-accordion__item\"><div class=\"ugb-accordion__heading\" role=\"button\" tabindex=\"0\"><h4 class=\"ugb-accordion__title\">Ser\u00advice d\u2019o\u00adrien\u00adta\u00adtion du Bureau de l\u2019int\u00e9gration<\/h4><svg viewBox=\"0 0 20 20\" class=\"ugb-accordion__arrow\" width=\"20\" height=\"20\"><path d=\"M16.7 3.3L10 10 3.3 3.4 0 6.7l10 10v-.1l10-9.9z\" \/><\/svg><\/div><div class=\"ugb-accordion__content\" role=\"region\"><div class=\"ugb-accordion__content-inner\">\n<p>\ud83c\udf10 <strong><a href=\"https:\/\/www.karlsruhe.de\/bildung-soziales\/integration-chancengerechtigkeit\/integration-in-karlsruhe\" rel=\"noopener\">Bureau de l\u2019in\u00adt\u00e9\u00adgra\u00adtion<\/a><\/strong><br>\ud83d\udccd Kai\u00adsers\u00adtra\u00dfe 235, 76133 Karls\u00adruhe<br>\ud83d\udcde 0721\/ 133\u20115727<br>\ud83d\udce7 <a href=\"mailto:buero.fuer.integration@sjb.karlsruhe.de\">buero.fuer.integration@sjb.karlsruhe.de<\/a><\/p>\n<\/div><\/div><\/div><\/div><\/div><\/div>\n\n<p><strong>\ud83d\udcce<\/strong> <strong><a href=\"https:\/\/www.anika-net.de\/wp-content\/uploads\/2025\/02\/Migrationsberatungsstellen_2025.pdf\">Flyer sur les centres de conseil en mati\u00e8re de migra\u00adtion \u00e0 Karlsruhe<\/a><\/strong><\/p>\n","protected":false},"excerpt":{"rendered":"<p>Il existe plu\u00adsieurs centres de conseil pour les migrants \u00e0 Karls\u00adruhe, des\u00adti\u00adn\u00e9s aux nou\u00adveaux arri\u00advants et \u00e0 tous les migrants. Il existe des centres de conseil en mati\u00e8re d\u2019im\u00admi\u00adgra\u00adtion pour&nbsp;<a class=\"moretag\" href=\"https:\/\/www.anika-net.de\/fr\/arriver\/conseils-et-services\/conseils-et-services\/\">lire plus<\/a><\/p>\n","protected":false},"author":12,"featured_media":59369,"parent":2348,"menu_order":0,"comment_status":"closed","ping_status":"closed","template":"","meta":{"_acf_changed":false,"inline_featured_image":false,"_uag_custom_page_level_css":"","wp_typography_post_enhancements_disabled":false,"footnotes":""},"class_list":["post-1741","page","type-page","status-publish","has-post-thumbnail","hentry"],"acf":[],"featured_image_urls_v2":{"full":["https:\/\/www.anika-net.de\/wp-content\/uploads\/2025\/03\/beratung-fuer-gefluechtete.png",2000,1111,false],"thumbnail":["https:\/\/www.anika-net.de\/wp-content\/uploads\/2025\/03\/beratung-fuer-gefluechtete-150x150.png",150,150,true],"medium":["https:\/\/www.anika-net.de\/wp-content\/uploads\/2025\/03\/beratung-fuer-gefluechtete-300x167.png",300,167,true],"medium_large":["https:\/\/www.anika-net.de\/wp-content\/uploads\/2025\/03\/beratung-fuer-gefluechtete-768x427.png",640,356,true],"large":["https:\/\/www.anika-net.de\/wp-content\/uploads\/2025\/03\/beratung-fuer-gefluechtete-1024x569.png",640,356,true],"1536x1536":["https:\/\/www.anika-net.de\/wp-content\/uploads\/2025\/03\/beratung-fuer-gefluechtete-1536x853.png",1536,853,true],"2048x2048":["https:\/\/www.anika-net.de\/wp-content\/uploads\/2025\/03\/beratung-fuer-gefluechtete.png",2000,1111,false],"event-overview":["https:\/\/www.anika-net.de\/wp-content\/uploads\/2025\/03\/beratung-fuer-gefluechtete-960x640.png",960,640,true],"event-archive-thumb":["https:\/\/www.anika-net.de\/wp-content\/uploads\/2025\/03\/beratung-fuer-gefluechtete-480x267.png",480,267,true],"grid-item-thumbnail":["https:\/\/www.anika-net.de\/wp-content\/uploads\/2025\/03\/beratung-fuer-gefluechtete-360x200.png",360,200,true],"network-partner-icon":["https:\/\/www.anika-net.de\/wp-content\/uploads\/2025\/03\/beratung-fuer-gefluechtete-100x100.png",100,100,true],"organiser-icon":["https:\/\/www.anika-net.de\/wp-content\/uploads\/2025\/03\/beratung-fuer-gefluechtete-200x200.png",200,200,true],"gform-image-choice-sm":["https:\/\/www.anika-net.de\/wp-content\/uploads\/2025\/03\/beratung-fuer-gefluechtete.png",300,167,false],"gform-image-choice-md":["https:\/\/www.anika-net.de\/wp-content\/uploads\/2025\/03\/beratung-fuer-gefluechtete.png",400,222,false],"gform-image-choice-lg":["https:\/\/www.anika-net.de\/wp-content\/uploads\/2025\/03\/beratung-fuer-gefluechtete.png",600,333,false]},"post_excerpt_stackable_v2":"<p>Il existe plu\u00adsieurs centres de conseil pour les migrants \u00e0 Karls\u00adruhe, des\u00adti\u00adn\u00e9s aux nou\u00adveaux arri\u00advants et \u00e0 tous les migrants. Il existe des centres de conseil en mati\u00e8re d\u2019im\u00admi\u00adgra\u00adtion pour les adultes et les jeunes, ain\u00adsi que des centres de conseil sur des sujets sp\u00e9\u00adci\u00adfiques tels que le tra\u00advail, la recon\u00adnais\u00adsance des cer\u00adti\u00adfi\u00adcats. Le per\u00adson\u00adnel du Migra\u00adtions\u00adbe\u00adra\u00adtung (ser\u00advice de conseil en mati\u00e8re d\u2019im\u00admi\u00adgra\u00adtion) vous aide\u00adra \u00e0 r\u00e9soudre vos pro\u00adbl\u00e8mes dans des domaines tels&nbsp;que&nbsp;:&nbsp; Apprendre l\u2019al\u00adle\u00admand (par exemple en orga\u00adni\u00adsant des cours de langue et d\u2019int\u00e9gration), Ques\u00adtions sur les per\u00admis de s\u00e9jour, Car\u00adri\u00e8re pro\u00adfes\u00adsion\u00adnelle et recon\u00adnais\u00adsance des qua\u00adli\u00adfi\u00adca\u00adtions (par exemple, reconnaissance\u2026<\/p>\n","category_list_v2":"","author_info_v2":{"name":"Andrea Ramirez","url":"https:\/\/www.anika-net.de\/fr\/author\/andrea-ramirez\/"},"comments_num_v2":"0 commentaire","uagb_featured_image_src":{"full":["https:\/\/www.anika-net.de\/wp-content\/uploads\/2025\/03\/beratung-fuer-gefluechtete.png",2000,1111,false],"thumbnail":["https:\/\/www.anika-net.de\/wp-content\/uploads\/2025\/03\/beratung-fuer-gefluechtete-150x150.png",150,150,true],"medium":["https:\/\/www.anika-net.de\/wp-content\/uploads\/2025\/03\/beratung-fuer-gefluechtete-300x167.png",300,167,true],"medium_large":["https:\/\/www.anika-net.de\/wp-content\/uploads\/2025\/03\/beratung-fuer-gefluechtete-768x427.png",640,356,true],"large":["https:\/\/www.anika-net.de\/wp-content\/uploads\/2025\/03\/beratung-fuer-gefluechtete-1024x569.png",640,356,true],"1536x1536":["https:\/\/www.anika-net.de\/wp-content\/uploads\/2025\/03\/beratung-fuer-gefluechtete-1536x853.png",1536,853,true],"2048x2048":["https:\/\/www.anika-net.de\/wp-content\/uploads\/2025\/03\/beratung-fuer-gefluechtete.png",2000,1111,false],"event-overview":["https:\/\/www.anika-net.de\/wp-content\/uploads\/2025\/03\/beratung-fuer-gefluechtete-960x640.png",960,640,true],"event-archive-thumb":["https:\/\/www.anika-net.de\/wp-content\/uploads\/2025\/03\/beratung-fuer-gefluechtete-480x267.png",480,267,true],"grid-item-thumbnail":["https:\/\/www.anika-net.de\/wp-content\/uploads\/2025\/03\/beratung-fuer-gefluechtete-360x200.png",360,200,true],"network-partner-icon":["https:\/\/www.anika-net.de\/wp-content\/uploads\/2025\/03\/beratung-fuer-gefluechtete-100x100.png",100,100,true],"organiser-icon":["https:\/\/www.anika-net.de\/wp-content\/uploads\/2025\/03\/beratung-fuer-gefluechtete-200x200.png",200,200,true],"gform-image-choice-sm":["https:\/\/www.anika-net.de\/wp-content\/uploads\/2025\/03\/beratung-fuer-gefluechtete.png",300,167,false],"gform-image-choice-md":["https:\/\/www.anika-net.de\/wp-content\/uploads\/2025\/03\/beratung-fuer-gefluechtete.png",400,222,false],"gform-image-choice-lg":["https:\/\/www.anika-net.de\/wp-content\/uploads\/2025\/03\/beratung-fuer-gefluechtete.png",600,333,false]},"uagb_author_info":{"display_name":"Andrea Ramirez","author_link":"https:\/\/www.anika-net.de\/fr\/author\/andrea-ramirez\/"},"uagb_comment_info":0,"uagb_excerpt":"Il existe plu\u00adsieurs centres de conseil pour les migrants \u00e0 Karls\u00adruhe, des\u00adti\u00adn\u00e9s aux nou\u00adveaux arri\u00advants et \u00e0 tous les migrants. Il existe des centres de conseil en mati\u00e8re d\u2019im\u00admi\u00adgra\u00adtion pour&nbsp;lire plus","_links":{"self":[{"href":"https:\/\/www.anika-net.de\/fr\/wp-json\/wp\/v2\/pages\/1741","targetHints":{"allow":["GET"]}}],"collection":[{"href":"https:\/\/www.anika-net.de\/fr\/wp-json\/wp\/v2\/pages"}],"about":[{"href":"https:\/\/www.anika-net.de\/fr\/wp-json\/wp\/v2\/types\/page"}],"author":[{"embeddable":true,"href":"https:\/\/www.anika-net.de\/fr\/wp-json\/wp\/v2\/users\/12"}],"replies":[{"embeddable":true,"href":"https:\/\/www.anika-net.de\/fr\/wp-json\/wp\/v2\/comments?post=1741"}],"version-history":[{"count":3,"href":"https:\/\/www.anika-net.de\/fr\/wp-json\/wp\/v2\/pages\/1741\/revisions"}],"predecessor-version":[{"id":118081,"href":"https:\/\/www.anika-net.de\/fr\/wp-json\/wp\/v2\/pages\/1741\/revisions\/118081"}],"up":[{"embeddable":true,"href":"https:\/\/www.anika-net.de\/fr\/wp-json\/wp\/v2\/pages\/2348"}],"wp:featuredmedia":[{"embeddable":true,"href":"https:\/\/www.anika-net.de\/fr\/wp-json\/wp\/v2\/media\/59369"}],"wp:attachment":[{"href":"https:\/\/www.anika-net.de\/fr\/wp-json\/wp\/v2\/media?parent=1741"}],"curies":[{"name":"wp","href":"https:\/\/api.w.org\/{rel}","templated":true}]}}