{"id":1737,"date":"2021-05-21T14:26:56","date_gmt":"2021-05-21T12:26:56","guid":{"rendered":"https:\/\/www.anika-net.de\/open-a-bank-account\/"},"modified":"2021-08-09T14:01:16","modified_gmt":"2021-08-09T12:01:16","slug":"compte-courant","status":"publish","type":"page","link":"https:\/\/www.anika-net.de\/fr\/arriver\/compte-en-banque\/compte-courant\/","title":{"rendered":"Compte cou\u00adrant"},"content":{"rendered":"\n<p>En Alle\u00admagne, vous avez besoin d\u2019un compte ban\u00adcaire, un compte cou\u00adrant de pr\u00e9\u00adf\u00e9\u00adrence. Avec ce compte, vous pou\u00advez payer votre loyer ou tou\u00adcher votre salaire ou d\u2019autres pres\u00adta\u00adtions. Vous avez la pos\u00adsi\u00adbi\u00adli\u00adt\u00e9 d\u2019en ouvrir un dans la banque ou la caisse d\u2019\u00e9pargne de votre choix. Faites-vous conseiller&nbsp;: cer\u00adtaines banques fac\u00adturent des frais de compte chaque mois. Deman\u00addez le mon\u00adtant des <strong>frais de tenue de compte (<em>Kon\u00adtof\u00fch\u00adrung\u00adsgeb\u00fchr<\/em>)<\/strong>.<\/p>\n\n\n\n<p><strong>Pi\u00e8ces \u00e0 fournir&nbsp;:<\/strong><\/p>\n\n\n\n<p>Pour ouvrir un compte ban\u00adcaire, vous avez besoin d\u2019une carte d\u2019identit\u00e9, d\u2019un pas\u00adse\u00adport et\/ou de votre titre de s\u00e9jour.<\/p>\n\n\n\n<ul class=\"wp-block-list\"><li>Conseil&nbsp;: Veuillez noter qu\u2019il peut y avoir des frais si vous reti\u00adrez de l\u2019argent dans une autre banque. Il est conseill\u00e9 de deman\u00adder aupr\u00e8s de quelles autres banques vous pou\u00advez reti\u00adrer de l\u2019argent sans&nbsp;frais.<\/li><\/ul>\n\n\n\n<ul class=\"wp-block-list\"><li>Veuillez infor\u00admer la banque de votre nou\u00advelle adresse si vous d\u00e9m\u00e9nagez.<\/li><\/ul>\n","protected":false},"excerpt":{"rendered":"<p>En Alle\u00admagne, vous avez besoin d\u2019un compte ban\u00adcaire, un compte cou\u00adrant de pr\u00e9\u00adf\u00e9\u00adrence. Avec ce compte, vous pou\u00advez payer votre loyer ou tou\u00adcher votre salaire ou d\u2019autres pres\u00adta\u00adtions. Vous avez&nbsp;<a class=\"moretag\" href=\"https:\/\/www.anika-net.de\/fr\/arriver\/compte-en-banque\/compte-courant\/\">lire plus<\/a><\/p>\n","protected":false},"author":1,"featured_media":0,"parent":2346,"menu_order":0,"comment_status":"closed","ping_status":"closed","template":"","meta":{"_acf_changed":false,"inline_featured_image":false,"_uag_custom_page_level_css":"","wp_typography_post_enhancements_disabled":false,"footnotes":""},"class_list":["post-1737","page","type-page","status-publish","hentry"],"acf":[],"featured_image_urls_v2":{"full":"","thumbnail":"","medium":"","medium_large":"","large":"","1536x1536":"","2048x2048":"","event-overview":"","event-archive-thumb":"","grid-item-thumbnail":"","network-partner-icon":"","organiser-icon":"","gform-image-choice-sm":"","gform-image-choice-md":"","gform-image-choice-lg":""},"post_excerpt_stackable_v2":"<p>En Alle\u00admagne, vous avez besoin d\u2019un compte ban\u00adcaire, un compte cou\u00adrant de pr\u00e9\u00adf\u00e9\u00adrence. Avec ce compte, vous pou\u00advez payer votre loyer ou tou\u00adcher votre salaire ou d\u2019autres pres\u00adta\u00adtions. Vous avez la pos\u00adsi\u00adbi\u00adli\u00adt\u00e9 d\u2019en ouvrir un dans la banque ou la caisse d\u2019\u00e9pargne de votre choix. Faites-vous conseiller&nbsp;: cer\u00adtaines banques fac\u00adturent des frais de compte chaque mois. Deman\u00addez le mon\u00adtant des frais de tenue de compte (Kon\u00adtof\u00fch\u00adrung\u00adsgeb\u00fchr). Pi\u00e8ces \u00e0 four\u00adnir&nbsp;: Pour ouvrir un compte ban\u00adcaire, vous avez besoin d\u2019une carte d\u2019identit\u00e9, d\u2019un pas\u00adse\u00adport et\/ou de votre titre de s\u00e9jour. Conseil&nbsp;: Veuillez noter qu\u2019il peut y avoir des frais si vous retirez\u2026<\/p>\n","category_list_v2":"","author_info_v2":{"name":"saasweb-admin","url":"https:\/\/www.anika-net.de\/fr\/author\/saasweb-admin\/"},"comments_num_v2":"0 commentaire","uagb_featured_image_src":{"full":false,"thumbnail":false,"medium":false,"medium_large":false,"large":false,"1536x1536":false,"2048x2048":false,"event-overview":false,"event-archive-thumb":false,"grid-item-thumbnail":false,"network-partner-icon":false,"organiser-icon":false,"gform-image-choice-sm":false,"gform-image-choice-md":false,"gform-image-choice-lg":false},"uagb_author_info":{"display_name":"saasweb-admin","author_link":"https:\/\/www.anika-net.de\/fr\/author\/saasweb-admin\/"},"uagb_comment_info":0,"uagb_excerpt":"En Alle\u00admagne, vous avez besoin d\u2019un compte ban\u00adcaire, un compte cou\u00adrant de pr\u00e9\u00adf\u00e9\u00adrence. Avec ce compte, vous pou\u00advez payer votre loyer ou tou\u00adcher votre salaire ou d\u2019autres pres\u00adta\u00adtions. Vous avez&nbsp;lire plus","_links":{"self":[{"href":"https:\/\/www.anika-net.de\/fr\/wp-json\/wp\/v2\/pages\/1737","targetHints":{"allow":["GET"]}}],"collection":[{"href":"https:\/\/www.anika-net.de\/fr\/wp-json\/wp\/v2\/pages"}],"about":[{"href":"https:\/\/www.anika-net.de\/fr\/wp-json\/wp\/v2\/types\/page"}],"author":[{"embeddable":true,"href":"https:\/\/www.anika-net.de\/fr\/wp-json\/wp\/v2\/users\/1"}],"replies":[{"embeddable":true,"href":"https:\/\/www.anika-net.de\/fr\/wp-json\/wp\/v2\/comments?post=1737"}],"version-history":[{"count":0,"href":"https:\/\/www.anika-net.de\/fr\/wp-json\/wp\/v2\/pages\/1737\/revisions"}],"up":[{"embeddable":true,"href":"https:\/\/www.anika-net.de\/fr\/wp-json\/wp\/v2\/pages\/2346"}],"wp:attachment":[{"href":"https:\/\/www.anika-net.de\/fr\/wp-json\/wp\/v2\/media?parent=1737"}],"curies":[{"name":"wp","href":"https:\/\/api.w.org\/{rel}","templated":true}]}}