{"id":1611,"date":"2021-06-08T15:18:25","date_gmt":"2021-06-08T13:18:25","guid":{"rendered":"https:\/\/www.anika-net.de\/leitbild-anika\/"},"modified":"2022-02-08T16:27:46","modified_gmt":"2022-02-08T15:27:46","slug":"charte-anika","status":"publish","type":"page","link":"https:\/\/www.anika-net.de\/fr\/a-propos-de-nous\/charte-anika\/","title":{"rendered":"Charte Ani\u00adKA"},"content":{"rendered":"\n<figure class=\"wp-block-image size-full is-resized is-style-default\"><img decoding=\"async\" src=\"https:\/\/www.anika-net.de\/wp-content\/uploads\/2022\/02\/NEU_Anika_Logo_klein-schmal.jpg\" alt class=\"wp-image-14483\" width=\"398\" height=\"155\" srcset=\"https:\/\/www.anika-net.de\/wp-content\/uploads\/2022\/02\/NEU_Anika_Logo_klein-schmal.jpg 599w, https:\/\/www.anika-net.de\/wp-content\/uploads\/2022\/02\/NEU_Anika_Logo_klein-schmal-300x117.jpg 300w, https:\/\/www.anika-net.de\/wp-content\/uploads\/2022\/02\/NEU_Anika_Logo_klein-schmal-480x188.jpg 480w\" sizes=\"(max-width: 398px) 100vw, 398px\"><\/figure>\n\n\n\n<p><\/p>\n\n\n\n<h2 class=\"wp-block-heading\" id=\"ce-que-nous-defendons-presentation\">Ce que nous d\u00e9fen\u00addons (Pr\u00e9\u00adsen\u00adta\u00adtion)<\/h2>\n\n\n\n<p>Ani\u00adKA \u2013 Arri\u00adv\u00e9e \u00e0 Karls\u00adruhe est une alliance de plu\u00adsieurs acteurs tra\u00advaillant sur la poli\u00adtique d\u2019int\u00e9gration de la ville. Le but de ce r\u00e9seau est de d\u00e9ve\u00adlop\u00adper les struc\u00adtures d\u2019accueil de Karls\u00adruhe et de cr\u00e9er un \u00ab&nbsp;che\u00admin d\u2019int\u00e9gration&nbsp;\u00bb afin que la ville soit per\u00ad\u00e7ue comme un p\u00f4le d\u2019attraction par les (futurs) nou\u00adveaux arri\u00advants. Ani\u00adKA se pro\u00adpose de deve\u00adnir le pre\u00admier bureau de coor\u00addi\u00adna\u00adtion dans tous les aspects de la vie quo\u00adti\u00addienne en vue d\u2019informer et d\u2019orienter les nou\u00adveaux arri\u00advants.<br>Ce r\u00e9seau sou\u00adhaite int\u00e9\u00adgrer tous les acteurs de la ville en contact avec les nou\u00adveaux arri\u00advants. Cette alliance per\u00admet\u00adtra d\u2019enrichir les par\u00adte\u00adnaires dans leur tra\u00advail et de cr\u00e9er un v\u00e9ri\u00adtable \u00e9change. En tant qu\u2019alliance cen\u00adtr\u00e9e sur la vie quo\u00adti\u00addienne et la p\u00e9da\u00adgo\u00adgie, le r\u00e9seau Ani\u00adKA orga\u00adnise des points r\u00e9gu\u00adliers et des sui\u00advis de d\u00e9ve\u00adlop\u00adpe\u00adment. Les acteurs du r\u00e9seau par\u00adti\u00adcipent acti\u00adve\u00adment \u00e0 la visi\u00adbi\u00adli\u00adt\u00e9 et \u00e0 la noto\u00adri\u00e9\u00adt\u00e9 d\u2019AniKA. L\u2019interculturalit\u00e9, la diver\u00adsi\u00adt\u00e9 ain\u00adsi qu\u2019un atta\u00adche\u00adment \u00e0 des valeurs lib\u00e9\u00adrales et d\u00e9mo\u00adcra\u00adtiques sont les lignes direc\u00adtrices de notre tra\u00advail. Ani\u00adKA doit \u00eatre enten\u00addue et se pose comme porte-parole des nou\u00adveaux arri\u00advants et des par\u00adte\u00adnaires du r\u00e9seau au sein de la vie d\u00e9mo\u00adcra\u00adtique de la&nbsp;ville.<\/p>\n\n\n\n<h2 class=\"wp-block-heading\" id=\"ce-que-nous-voulons-realiser-objectif\">Ce que nous vou\u00adlons r\u00e9a\u00adli\u00adser (Objec\u00adtif)<\/h2>\n\n\n\n<p>L\u2019objectif de notre tra\u00advail est de pro\u00adpo\u00adser un sou\u00adtien acces\u00adsible et clair aux nou\u00adveaux arri\u00advants afin de faci\u00adli\u00adter leur orien\u00adta\u00adtion au sein de leur nou\u00advelle patrie. Ani\u00adKA aug\u00admente la visi\u00adbi\u00adli\u00adt\u00e9 et la trans\u00adpa\u00adrence des offres par\u00adte\u00adnaires dans une langue simple et claire. La struc\u00adture des admi\u00adnis\u00adtra\u00adtions et de la vie publique doit \u00eatre com\u00adpr\u00e9\u00adhen\u00adsible. Pour cela, de nou\u00advelles offres seront conti\u00adnuel\u00adle\u00adment pro\u00adpo\u00ads\u00e9es et un \u00e9change per\u00adma\u00adnent sera \u00e9ta\u00adbli avec les admi\u00adnis\u00adtra\u00adtions et les \u00e9lus locaux. Ani\u00adKA ambi\u00adtionne une fonc\u00adtion de m\u00e9dia\u00adteur entre les acteurs de poli\u00adtiques d\u2019int\u00e9gration et le groupe cible. Ani\u00adKA cr\u00e9e une pos\u00adsi\u00adbi\u00adli\u00adt\u00e9 de ren\u00adcontre entre les nou\u00adveaux arri\u00advants et les acteurs du r\u00e9seau engen\u00addrant un cercle ver\u00adtueux b\u00e9n\u00e9\u00adfique aux deux parties.<\/p>\n\n\n\n<h2 class=\"wp-block-heading\" id=\"comment-nous-voulons-le-realiser-principes-fondamentaux\">Com\u00adment nous vou\u00adlons le r\u00e9a\u00adli\u00adser (Prin\u00adcipes fondamentaux)<\/h2>\n\n\n\n<p>Ani\u00adKA dote le r\u00e9seau de struc\u00adtures claires et de cir\u00adcuits d\u00e9ci\u00adsion\u00adnels trans\u00adpa\u00adrents et se pro\u00adpose de cr\u00e9er des pas\u00adse\u00adrelles entre les struc\u00adtures dans le but de favo\u00adri\u00adser les \u00e9changes d\u2019exp\u00e9riences. Des ren\u00addez-vous r\u00e9gu\u00adliers entre les membres du r\u00e9seau per\u00admet\u00adtront le d\u00e9ve\u00adlop\u00adpe\u00adment de pro\u00adc\u00e9\u00addures et de th\u00e8mes com\u00admuns ain\u00adsi que la r\u00e9par\u00adti\u00adtion des t\u00e2ches essen\u00adtielles. Des groupes de tra\u00advail pour\u00adront par exemple \u00eatre for\u00adm\u00e9s afin de se consa\u00adcrer \u00e0 des th\u00e8mes sp\u00e9\u00adci\u00adfiques, comme le monde du tra\u00advail, l\u2019int\u00e9gration, la com\u00adpr\u00e9\u00adhen\u00adsion des struc\u00adtures admi\u00adnis\u00adtra\u00adtives et leurs com\u00adp\u00e9\u00adtences, ou encore les for\u00adma\u00adtions cultu\u00adrelles.<br>La direc\u00adtion d\u2019AniKA pr\u00e9\u00adpare les r\u00e9unions du r\u00e9seau en \u00e9troite col\u00adla\u00adbo\u00adra\u00adtion avec le comi\u00adt\u00e9 de pilo\u00adtage d\u2019AniKA et com\u00admu\u00adnique le r\u00e9sul\u00adtat \u00e0 chaque par\u00adte\u00adnaire. L\u2019objectif d\u2019AniKA est que tous les par\u00adte\u00adnaires contri\u00adbuent et tra\u00advaillent \u00e0 l\u2019\u00e9laboration de stra\u00adt\u00e9\u00adgies et \u00e0 la dif\u00adfu\u00adsion du r\u00e9seau.<\/p>\n\n\n\n<h2 class=\"wp-block-heading\" id=\"comment-devenir-membre-criteres-d-adhesion\">Com\u00adment deve\u00adnir membre&nbsp;? (Cri\u00adt\u00e8res d\u2019adh\u00e9sion)<\/h2>\n\n\n\n<p>Toute struc\u00adture d\u00e9j\u00e0 active \u00e0 Karls\u00adruhe dans des sec\u00adteurs tels que l\u2019immigration ou l\u2019int\u00e9gration peut adh\u00e9\u00adrer au r\u00e9seau. Pour cela, elle devra par\u00adta\u00adger les objec\u00adtifs et les valeurs d\u2019AniKA et accep\u00adter de tra\u00advailler avec les autres membres. La charte d\u2019AniKA est le fon\u00adde\u00adment de l\u2019alliance et devra \u00eatre pro\u00admue et sui\u00advie par tous.<br>Les par\u00adte\u00adnaires peuvent \u00eatre des ins\u00adti\u00adtu\u00adtions, des admi\u00adnis\u00adtra\u00adtions, des pro\u00admo\u00adteurs, des asso\u00adcia\u00adtions, des syn\u00addi\u00adcats ou toute autre struc\u00adture \u00e0 but non lucra\u00adtif. Chaque nou\u00advelle can\u00addi\u00adda\u00adture sera sou\u00admise \u00e0 l\u2019avis du comi\u00adt\u00e9 de pilo\u00adtage. Une fois la can\u00addi\u00adda\u00adture vali\u00add\u00e9e, le nou\u00adveau membre devra four\u00adnir une pr\u00e9\u00adsen\u00adta\u00adtion \u00e9crite de sa struc\u00adture. Celle-ci sera visible sur le site Inter\u00adnet d\u2019AniKA.<\/p>\n\n\n\n<h2 class=\"wp-block-heading\" id=\"cooperation\">Coop\u00e9\u00adra\u00adtion<\/h2>\n\n\n\n<p>Le r\u00e9seau Ani\u00adKA coop\u00e8re \u00e9ga\u00adle\u00adment avec des entre\u00adprises, des soci\u00e9\u00adt\u00e9s, et des fon\u00adda\u00adtions qui le sou\u00adtiennent. Vos offres pour\u00adront \u00eatre affi\u00adch\u00e9es sur le site Inter\u00adnet d\u2019AniKA, vous ne serez cepen\u00addant pas membre du r\u00e9seau.<\/p>\n","protected":false},"excerpt":{"rendered":"<p>Ce que nous d\u00e9fen\u00addons (Pr\u00e9\u00adsen\u00adta\u00adtion) Ani\u00adKA \u2013 Arri\u00adv\u00e9e \u00e0 Karls\u00adruhe est une alliance de plu\u00adsieurs acteurs tra\u00advaillant sur la poli\u00adtique d\u2019int\u00e9gration de la ville. Le but de ce r\u00e9seau est&nbsp;<a class=\"moretag\" href=\"https:\/\/www.anika-net.de\/fr\/a-propos-de-nous\/charte-anika\/\">lire plus<\/a><\/p>\n","protected":false},"author":1,"featured_media":31841,"parent":7027,"menu_order":21,"comment_status":"closed","ping_status":"closed","template":"","meta":{"_acf_changed":false,"inline_featured_image":false,"_uag_custom_page_level_css":"","wp_typography_post_enhancements_disabled":false,"footnotes":""},"class_list":["post-1611","page","type-page","status-publish","has-post-thumbnail","hentry"],"acf":[],"featured_image_urls_v2":{"full":["https:\/\/www.anika-net.de\/wp-content\/uploads\/2023\/02\/Leitbild-02.png",2000,1111,false],"thumbnail":["https:\/\/www.anika-net.de\/wp-content\/uploads\/2023\/02\/Leitbild-02-150x150.png",150,150,true],"medium":["https:\/\/www.anika-net.de\/wp-content\/uploads\/2023\/02\/Leitbild-02-300x167.png",300,167,true],"medium_large":["https:\/\/www.anika-net.de\/wp-content\/uploads\/2023\/02\/Leitbild-02-768x427.png",640,356,true],"large":["https:\/\/www.anika-net.de\/wp-content\/uploads\/2023\/02\/Leitbild-02-1024x569.png",640,356,true],"1536x1536":["https:\/\/www.anika-net.de\/wp-content\/uploads\/2023\/02\/Leitbild-02-1536x853.png",1536,853,true],"2048x2048":["https:\/\/www.anika-net.de\/wp-content\/uploads\/2023\/02\/Leitbild-02.png",2000,1111,false],"event-overview":["https:\/\/www.anika-net.de\/wp-content\/uploads\/2023\/02\/Leitbild-02-960x640.png",960,640,true],"event-archive-thumb":["https:\/\/www.anika-net.de\/wp-content\/uploads\/2023\/02\/Leitbild-02-480x267.png",480,267,true],"grid-item-thumbnail":["https:\/\/www.anika-net.de\/wp-content\/uploads\/2023\/02\/Leitbild-02-360x200.png",360,200,true],"network-partner-icon":["https:\/\/www.anika-net.de\/wp-content\/uploads\/2023\/02\/Leitbild-02-100x100.png",100,100,true],"organiser-icon":["https:\/\/www.anika-net.de\/wp-content\/uploads\/2023\/02\/Leitbild-02-200x200.png",200,200,true],"gform-image-choice-sm":["https:\/\/www.anika-net.de\/wp-content\/uploads\/2023\/02\/Leitbild-02.png",300,167,false],"gform-image-choice-md":["https:\/\/www.anika-net.de\/wp-content\/uploads\/2023\/02\/Leitbild-02.png",400,222,false],"gform-image-choice-lg":["https:\/\/www.anika-net.de\/wp-content\/uploads\/2023\/02\/Leitbild-02.png",600,333,false]},"post_excerpt_stackable_v2":"<p>Ce que nous d\u00e9fen\u00addons (Pr\u00e9\u00adsen\u00adta\u00adtion) Ani\u00adKA \u2013 Arri\u00adv\u00e9e \u00e0 Karls\u00adruhe est une alliance de plu\u00adsieurs acteurs tra\u00advaillant sur la poli\u00adtique d\u2019int\u00e9gration de la ville. Le but de ce r\u00e9seau est de d\u00e9ve\u00adlop\u00adper les struc\u00adtures d\u2019accueil de Karls\u00adruhe et de cr\u00e9er un \u00ab&nbsp;che\u00admin d\u2019int\u00e9gration&nbsp;\u00bb afin que la ville soit per\u00ad\u00e7ue comme un p\u00f4le d\u2019attraction par les (futurs) nou\u00adveaux arri\u00advants. Ani\u00adKA se pro\u00adpose de deve\u00adnir le pre\u00admier bureau de coor\u00addi\u00adna\u00adtion dans tous les aspects de la vie quo\u00adti\u00addienne en vue d\u2019informer et d\u2019orienter les nou\u00adveaux arri\u00advants.Ce r\u00e9seau sou\u00adhaite int\u00e9\u00adgrer tous les acteurs de la ville en contact avec les nou\u00adveaux arri\u00advants. Cette\u2026<\/p>\n","category_list_v2":"","author_info_v2":{"name":"saasweb-admin","url":"https:\/\/www.anika-net.de\/fr\/author\/saasweb-admin\/"},"comments_num_v2":"0 commentaire","uagb_featured_image_src":{"full":["https:\/\/www.anika-net.de\/wp-content\/uploads\/2023\/02\/Leitbild-02.png",2000,1111,false],"thumbnail":["https:\/\/www.anika-net.de\/wp-content\/uploads\/2023\/02\/Leitbild-02-150x150.png",150,150,true],"medium":["https:\/\/www.anika-net.de\/wp-content\/uploads\/2023\/02\/Leitbild-02-300x167.png",300,167,true],"medium_large":["https:\/\/www.anika-net.de\/wp-content\/uploads\/2023\/02\/Leitbild-02-768x427.png",640,356,true],"large":["https:\/\/www.anika-net.de\/wp-content\/uploads\/2023\/02\/Leitbild-02-1024x569.png",640,356,true],"1536x1536":["https:\/\/www.anika-net.de\/wp-content\/uploads\/2023\/02\/Leitbild-02-1536x853.png",1536,853,true],"2048x2048":["https:\/\/www.anika-net.de\/wp-content\/uploads\/2023\/02\/Leitbild-02.png",2000,1111,false],"event-overview":["https:\/\/www.anika-net.de\/wp-content\/uploads\/2023\/02\/Leitbild-02-960x640.png",960,640,true],"event-archive-thumb":["https:\/\/www.anika-net.de\/wp-content\/uploads\/2023\/02\/Leitbild-02-480x267.png",480,267,true],"grid-item-thumbnail":["https:\/\/www.anika-net.de\/wp-content\/uploads\/2023\/02\/Leitbild-02-360x200.png",360,200,true],"network-partner-icon":["https:\/\/www.anika-net.de\/wp-content\/uploads\/2023\/02\/Leitbild-02-100x100.png",100,100,true],"organiser-icon":["https:\/\/www.anika-net.de\/wp-content\/uploads\/2023\/02\/Leitbild-02-200x200.png",200,200,true],"gform-image-choice-sm":["https:\/\/www.anika-net.de\/wp-content\/uploads\/2023\/02\/Leitbild-02.png",300,167,false],"gform-image-choice-md":["https:\/\/www.anika-net.de\/wp-content\/uploads\/2023\/02\/Leitbild-02.png",400,222,false],"gform-image-choice-lg":["https:\/\/www.anika-net.de\/wp-content\/uploads\/2023\/02\/Leitbild-02.png",600,333,false]},"uagb_author_info":{"display_name":"saasweb-admin","author_link":"https:\/\/www.anika-net.de\/fr\/author\/saasweb-admin\/"},"uagb_comment_info":0,"uagb_excerpt":"Ce que nous d\u00e9fen\u00addons (Pr\u00e9\u00adsen\u00adta\u00adtion) Ani\u00adKA \u2013 Arri\u00adv\u00e9e \u00e0 Karls\u00adruhe est une alliance de plu\u00adsieurs acteurs tra\u00advaillant sur la poli\u00adtique d\u2019int\u00e9gration de la ville. Le but de ce r\u00e9seau est&nbsp;lire plus","_links":{"self":[{"href":"https:\/\/www.anika-net.de\/fr\/wp-json\/wp\/v2\/pages\/1611","targetHints":{"allow":["GET"]}}],"collection":[{"href":"https:\/\/www.anika-net.de\/fr\/wp-json\/wp\/v2\/pages"}],"about":[{"href":"https:\/\/www.anika-net.de\/fr\/wp-json\/wp\/v2\/types\/page"}],"author":[{"embeddable":true,"href":"https:\/\/www.anika-net.de\/fr\/wp-json\/wp\/v2\/users\/1"}],"replies":[{"embeddable":true,"href":"https:\/\/www.anika-net.de\/fr\/wp-json\/wp\/v2\/comments?post=1611"}],"version-history":[{"count":0,"href":"https:\/\/www.anika-net.de\/fr\/wp-json\/wp\/v2\/pages\/1611\/revisions"}],"up":[{"embeddable":true,"href":"https:\/\/www.anika-net.de\/fr\/wp-json\/wp\/v2\/pages\/7027"}],"wp:featuredmedia":[{"embeddable":true,"href":"https:\/\/www.anika-net.de\/fr\/wp-json\/wp\/v2\/media\/31841"}],"wp:attachment":[{"href":"https:\/\/www.anika-net.de\/fr\/wp-json\/wp\/v2\/media?parent=1611"}],"curies":[{"name":"wp","href":"https:\/\/api.w.org\/{rel}","templated":true}]}}