{"id":1587,"date":"2021-06-08T15:17:47","date_gmt":"2021-06-08T13:17:47","guid":{"rendered":"https:\/\/www.anika-net.de\/was-ist-anika\/"},"modified":"2023-04-20T17:10:08","modified_gmt":"2023-04-20T15:10:08","slug":"quest-ce-quanika-2","status":"publish","type":"page","link":"https:\/\/www.anika-net.de\/fr\/a-propos-de-nous\/quest-ce-quanika-2\/","title":{"rendered":"Qu\u2019est-ce qu\u2019A\u00adni\u00adKA"},"content":{"rendered":"\n<div class=\"wp-block-columns are-vertically-aligned-center is-layout-flex wp-container-core-columns-is-layout-9d6595d7 wp-block-columns-is-layout-flex\">\n<div class=\"wp-block-column is-vertically-aligned-center is-layout-flow wp-block-column-is-layout-flow\" style=\"flex-basis:100%\">\n<div class=\"wp-block-group\"><div class=\"wp-block-group__inner-container is-layout-flow wp-block-group-is-layout-flow\">\n<figure class=\"wp-block-image size-full is-resized\"><img decoding=\"async\" src=\"https:\/\/www.anika-net.de\/wp-content\/uploads\/2022\/02\/NEU_Anika_Logo_klein-schmal.jpg\" alt class=\"wp-image-14480\" width=\"346\" height=\"135\" srcset=\"https:\/\/www.anika-net.de\/wp-content\/uploads\/2022\/02\/NEU_Anika_Logo_klein-schmal.jpg 599w, https:\/\/www.anika-net.de\/wp-content\/uploads\/2022\/02\/NEU_Anika_Logo_klein-schmal-300x117.jpg 300w, https:\/\/www.anika-net.de\/wp-content\/uploads\/2022\/02\/NEU_Anika_Logo_klein-schmal-480x188.jpg 480w\" sizes=\"(max-width: 346px) 100vw, 346px\"><\/figure>\n<\/div><\/div>\n<\/div>\n<\/div>\n\n<h2 class=\"wp-block-heading\" id=\"anika-arriving-in-karlsruhe\">Ani\u00adKA \u2013 Arri\u00adv\u00e9e \u00e0 Karlsruhe<\/h2>\n\n<p class=\"has-text-align-left\"><br>Le r\u00e9seau Ani\u00adKA \u2013 Arri\u00adver \u00e0 Karls\u00adruhe est une <strong>alliance d\u2019ac\u00adteurs tra\u00advaillant sur la poli\u00adtique d\u2019in\u00adt\u00e9\u00adgra\u00adtion dans la ville de Karls\u00adruhe<\/strong>.  <\/p>\n\n<p class=\"has-text-align-left\">L\u2019ob\u00adjec\u00adtif du r\u00e9seau Ani\u00adKA est de d\u00e9ve\u00adlop\u00adper davan\u00adtage la <strong>struc\u00adture d\u2019ac\u00adcueil de<\/strong> Karls\u00adruhe et d\u2019\u00e9\u00adta\u00adblir le \u00ab&nbsp;par\u00adcours d\u2019in\u00adt\u00e9\u00adgra\u00adtion de Karls\u00adruhe&nbsp;\u00bb. Le r\u00e9seau veut impli\u00adquer tous les acteurs de la ville de Karls\u00adruhe qui sont en contact avec les immi\u00adgrants.<br>Les r\u00e9unions du r\u00e9seau ont lieu deux fois par an. Elles ont pour but d\u2019\u00e9\u00adta\u00adblir un \u00e9change, de don\u00adner un aper\u00ad\u00e7u des besoins et des offres pour toutes les per\u00adsonnes nou\u00advel\u00adle\u00adment arri\u00adv\u00e9es \u00e0 Karls\u00adruhe.<br><br>La pr\u00e9\u00adsi\u00addence est assu\u00adr\u00e9e par le <strong>Bureau de l\u2019in\u00adt\u00e9\u00adgra\u00adtion de Karls\u00adruhe<\/strong>, le bureau d\u2019A\u00adni\u00adKA est situ\u00e9 \u00e0 l\u2019<strong>ibz (Inter\u00adna\u00adtio\u00adnales Bege\u00adgnung\u00adszen\u00adtrum Karls\u00adruhe<\/strong>). Un chef de pro\u00adjet assure la main\u00adte\u00adnance du r\u00e9seau et du site web Ani\u00adKA, o\u00f9 les nou\u00adveaux arri\u00advants peuvent obte\u00adnir un aper\u00ad\u00e7u des offres \u00e0 Karls\u00adruhe. Avec Ani\u00adKA, nous sou\u00adhai\u00adtons infor\u00admer et orien\u00adter tous les nou\u00adveaux arri\u00advants \u00e0 Karls\u00adruhe sur des sujets tels que le loge\u00adment, l\u2019ap\u00adpren\u00adtis\u00adsage de la langue, la garde d\u2019en\u00adfants, l\u2019\u00e9\u00addu\u00adca\u00adtion sco\u00adlaire, la san\u00adt\u00e9, le temps libre et la culture. Notre objec\u00adtif est de faci\u00adli\u00adter la par\u00adti\u00adci\u00adpa\u00adtion des nou\u00adveaux arri\u00advants \u00e0 la soci\u00e9\u00adt\u00e9 et au tra\u00advail. Nous vou\u00adlons qu\u2019ils se sentent les bien\u00adve\u00adnus \u00e0 Karls\u00adruhe d\u00e8s le d\u00e9but.<br><br>Il existe un <strong>comi\u00adt\u00e9 de pilo\u00adtage<\/strong> pour faire avan\u00adcer le pro\u00adjet. Il se r\u00e9unit envi\u00adron quatre fois par an. Les membres per\u00adma\u00adnents du comi\u00adt\u00e9 direc\u00adteur sont&nbsp;: le Bureau de l\u2019in\u00adt\u00e9\u00adgra\u00adtion (B\u00fcro f\u00fcr Inte\u00adgra\u00adtion), le Centre inter\u00adna\u00adtio\u00adnal de ren\u00adcontre (Inter\u00adna\u00adtio\u00adnales Bege\u00adgnung\u00adszen\u00adtrum) et le Bureau de l\u2019ordre public (Ord\u00adnung\u00adsamt). Deux nou\u00adveaux par\u00adte\u00adnaires du r\u00e9seau sont nom\u00adm\u00e9s au comi\u00adt\u00e9 direc\u00adteur tous les deux ans. Le Ser\u00advice \u0153cu\u00adm\u00e9\u00adnique des migra\u00adtions (\u00d6MD) et la Chambre de com\u00admerce et d\u2019in\u00addus\u00adtrie de Karls\u00adruhe (IHK Karls\u00adruhe) ont \u00e9t\u00e9 \u00e9lus lors de la der\u00adni\u00e8re r\u00e9union de l\u2019al\u00adliance en&nbsp;2022.<\/p>\n","protected":false},"excerpt":{"rendered":"<p>Ani\u00adKA \u2013 Arri\u00adv\u00e9e \u00e0 Karls\u00adruhe Le r\u00e9seau Ani\u00adKA \u2013 Arri\u00adver \u00e0 Karls\u00adruhe est une alliance d\u2019ac\u00adteurs tra\u00advaillant sur la poli\u00adtique d\u2019in\u00adt\u00e9\u00adgra\u00adtion dans la ville de Karls\u00adruhe. L\u2019ob\u00adjec\u00adtif du r\u00e9seau Ani\u00adKA&nbsp;<a class=\"moretag\" href=\"https:\/\/www.anika-net.de\/fr\/a-propos-de-nous\/quest-ce-quanika-2\/\">lire plus<\/a><\/p>\n","protected":false},"author":1,"featured_media":31855,"parent":7027,"menu_order":11,"comment_status":"closed","ping_status":"closed","template":"","meta":{"_acf_changed":false,"inline_featured_image":false,"_uag_custom_page_level_css":"","wp_typography_post_enhancements_disabled":false,"footnotes":""},"class_list":["post-1587","page","type-page","status-publish","has-post-thumbnail","hentry"],"acf":[],"featured_image_urls_v2":{"full":["https:\/\/www.anika-net.de\/wp-content\/uploads\/2023\/02\/Was-ist-01.png",2000,1111,false],"thumbnail":["https:\/\/www.anika-net.de\/wp-content\/uploads\/2023\/02\/Was-ist-01-150x150.png",150,150,true],"medium":["https:\/\/www.anika-net.de\/wp-content\/uploads\/2023\/02\/Was-ist-01-300x167.png",300,167,true],"medium_large":["https:\/\/www.anika-net.de\/wp-content\/uploads\/2023\/02\/Was-ist-01-768x427.png",640,356,true],"large":["https:\/\/www.anika-net.de\/wp-content\/uploads\/2023\/02\/Was-ist-01-1024x569.png",640,356,true],"1536x1536":["https:\/\/www.anika-net.de\/wp-content\/uploads\/2023\/02\/Was-ist-01-1536x853.png",1536,853,true],"2048x2048":["https:\/\/www.anika-net.de\/wp-content\/uploads\/2023\/02\/Was-ist-01.png",2000,1111,false],"event-overview":["https:\/\/www.anika-net.de\/wp-content\/uploads\/2023\/02\/Was-ist-01-960x640.png",960,640,true],"event-archive-thumb":["https:\/\/www.anika-net.de\/wp-content\/uploads\/2023\/02\/Was-ist-01-480x267.png",480,267,true],"grid-item-thumbnail":["https:\/\/www.anika-net.de\/wp-content\/uploads\/2023\/02\/Was-ist-01-360x200.png",360,200,true],"network-partner-icon":["https:\/\/www.anika-net.de\/wp-content\/uploads\/2023\/02\/Was-ist-01-100x100.png",100,100,true],"organiser-icon":["https:\/\/www.anika-net.de\/wp-content\/uploads\/2023\/02\/Was-ist-01-200x200.png",200,200,true],"gform-image-choice-sm":["https:\/\/www.anika-net.de\/wp-content\/uploads\/2023\/02\/Was-ist-01.png",300,167,false],"gform-image-choice-md":["https:\/\/www.anika-net.de\/wp-content\/uploads\/2023\/02\/Was-ist-01.png",400,222,false],"gform-image-choice-lg":["https:\/\/www.anika-net.de\/wp-content\/uploads\/2023\/02\/Was-ist-01.png",600,333,false]},"post_excerpt_stackable_v2":"<p>Ani\u00adKA \u2013 Arri\u00adv\u00e9e \u00e0 Karls\u00adruhe Le r\u00e9seau Ani\u00adKA \u2013 Arri\u00adver \u00e0 Karls\u00adruhe est une alliance d\u2019ac\u00adteurs tra\u00advaillant sur la poli\u00adtique d\u2019in\u00adt\u00e9\u00adgra\u00adtion dans la ville de Karls\u00adruhe. L\u2019ob\u00adjec\u00adtif du r\u00e9seau Ani\u00adKA est de d\u00e9ve\u00adlop\u00adper davan\u00adtage la struc\u00adture d\u2019ac\u00adcueil de Karls\u00adruhe et d\u2019\u00e9\u00adta\u00adblir le \u00ab&nbsp;par\u00adcours d\u2019in\u00adt\u00e9\u00adgra\u00adtion de Karls\u00adruhe&nbsp;\u00bb. Le r\u00e9seau veut impli\u00adquer tous les acteurs de la ville de Karls\u00adruhe qui sont en contact avec les immi\u00adgrants.Les r\u00e9unions du r\u00e9seau ont lieu deux fois par an. Elles ont pour but d\u2019\u00e9\u00adta\u00adblir un \u00e9change, de don\u00adner un aper\u00ad\u00e7u des besoins et des offres pour toutes les per\u00adsonnes nou\u00advel\u00adle\u00adment arri\u00adv\u00e9es \u00e0 Karls\u00adruhe.La pr\u00e9\u00adsi\u00addence&nbsp;est\u2026<\/p>\n","category_list_v2":"","author_info_v2":{"name":"saasweb-admin","url":"https:\/\/www.anika-net.de\/fr\/author\/saasweb-admin\/"},"comments_num_v2":"0 commentaire","uagb_featured_image_src":{"full":["https:\/\/www.anika-net.de\/wp-content\/uploads\/2023\/02\/Was-ist-01.png",2000,1111,false],"thumbnail":["https:\/\/www.anika-net.de\/wp-content\/uploads\/2023\/02\/Was-ist-01-150x150.png",150,150,true],"medium":["https:\/\/www.anika-net.de\/wp-content\/uploads\/2023\/02\/Was-ist-01-300x167.png",300,167,true],"medium_large":["https:\/\/www.anika-net.de\/wp-content\/uploads\/2023\/02\/Was-ist-01-768x427.png",640,356,true],"large":["https:\/\/www.anika-net.de\/wp-content\/uploads\/2023\/02\/Was-ist-01-1024x569.png",640,356,true],"1536x1536":["https:\/\/www.anika-net.de\/wp-content\/uploads\/2023\/02\/Was-ist-01-1536x853.png",1536,853,true],"2048x2048":["https:\/\/www.anika-net.de\/wp-content\/uploads\/2023\/02\/Was-ist-01.png",2000,1111,false],"event-overview":["https:\/\/www.anika-net.de\/wp-content\/uploads\/2023\/02\/Was-ist-01-960x640.png",960,640,true],"event-archive-thumb":["https:\/\/www.anika-net.de\/wp-content\/uploads\/2023\/02\/Was-ist-01-480x267.png",480,267,true],"grid-item-thumbnail":["https:\/\/www.anika-net.de\/wp-content\/uploads\/2023\/02\/Was-ist-01-360x200.png",360,200,true],"network-partner-icon":["https:\/\/www.anika-net.de\/wp-content\/uploads\/2023\/02\/Was-ist-01-100x100.png",100,100,true],"organiser-icon":["https:\/\/www.anika-net.de\/wp-content\/uploads\/2023\/02\/Was-ist-01-200x200.png",200,200,true],"gform-image-choice-sm":["https:\/\/www.anika-net.de\/wp-content\/uploads\/2023\/02\/Was-ist-01.png",300,167,false],"gform-image-choice-md":["https:\/\/www.anika-net.de\/wp-content\/uploads\/2023\/02\/Was-ist-01.png",400,222,false],"gform-image-choice-lg":["https:\/\/www.anika-net.de\/wp-content\/uploads\/2023\/02\/Was-ist-01.png",600,333,false]},"uagb_author_info":{"display_name":"saasweb-admin","author_link":"https:\/\/www.anika-net.de\/fr\/author\/saasweb-admin\/"},"uagb_comment_info":0,"uagb_excerpt":"Ani\u00adKA \u2013 Arri\u00adv\u00e9e \u00e0 Karlsruhe Le r\u00e9seau Ani\u00adKA \u2013 Arri\u00adver \u00e0 Karls\u00adruhe est une alliance d\u2019ac\u00adteurs tra\u00advaillant sur la poli\u00adtique d\u2019in\u00adt\u00e9\u00adgra\u00adtion dans la ville de Karls\u00adruhe. L\u2019ob\u00adjec\u00adtif du r\u00e9seau Ani\u00adKA&nbsp;lire plus","_links":{"self":[{"href":"https:\/\/www.anika-net.de\/fr\/wp-json\/wp\/v2\/pages\/1587","targetHints":{"allow":["GET"]}}],"collection":[{"href":"https:\/\/www.anika-net.de\/fr\/wp-json\/wp\/v2\/pages"}],"about":[{"href":"https:\/\/www.anika-net.de\/fr\/wp-json\/wp\/v2\/types\/page"}],"author":[{"embeddable":true,"href":"https:\/\/www.anika-net.de\/fr\/wp-json\/wp\/v2\/users\/1"}],"replies":[{"embeddable":true,"href":"https:\/\/www.anika-net.de\/fr\/wp-json\/wp\/v2\/comments?post=1587"}],"version-history":[{"count":0,"href":"https:\/\/www.anika-net.de\/fr\/wp-json\/wp\/v2\/pages\/1587\/revisions"}],"up":[{"embeddable":true,"href":"https:\/\/www.anika-net.de\/fr\/wp-json\/wp\/v2\/pages\/7027"}],"wp:featuredmedia":[{"embeddable":true,"href":"https:\/\/www.anika-net.de\/fr\/wp-json\/wp\/v2\/media\/31855"}],"wp:attachment":[{"href":"https:\/\/www.anika-net.de\/fr\/wp-json\/wp\/v2\/media?parent=1587"}],"curies":[{"name":"wp","href":"https:\/\/api.w.org\/{rel}","templated":true}]}}