{"id":1494,"date":"2021-05-21T14:10:35","date_gmt":"2021-05-21T12:10:35","guid":{"rendered":"https:\/\/www.anika-net.de\/applying-for-social-housing\/"},"modified":"2025-07-15T13:23:28","modified_gmt":"2025-07-15T11:23:28","slug":"logement-social","status":"publish","type":"page","link":"https:\/\/www.anika-net.de\/fr\/arriver\/habiter\/logement-social\/","title":{"rendered":"Loge\u00adment social"},"content":{"rendered":"\n<p>En Alle\u00admagne, les per\u00adsonnes \u00e0 faibles reve\u00adnus peuvent louer des appar\u00adte\u00adments dans des pro\u00adjets de loge\u00adments sociaux. Pour louer un de ces appar\u00adte\u00adments, vous devez obte\u00adnir un <strong><em>Wohn\u00adbe\u00adrech\u00adti\u00adgung\u00adsschein<\/em> (cer\u00adti\u00adfi\u00adcat d\u2019\u00e9\u00adli\u00adgi\u00adbi\u00adli\u00adt\u00e9 au loge\u00adment social).<\/strong> <\/p>\n\n<div class=\"wp-block-buttons is-layout-flex wp-block-buttons-is-layout-flex\">\n<div class=\"wp-block-button has-custom-width wp-block-button__width-50\"><a class=\"wp-block-button__link has-background wp-element-button\" href=\"https:\/\/pdf.form-solutions.net\/metaform\/Form-Solutions\/?5&amp;releaseUserId=08212000-0001-0000&amp;releaseID=62e3be268619d807a8ef4d44&amp;releaseOrganizationID=08212000-0001&amp;assistant=KFAS_Antrag_Wohnberechtigungsschein&amp;translation=false&amp;storable=true&amp;fileUrl=https%253A%252F%252Fpdf.form-solutions.net%252Fmetaform%252FForm-Solutions%252Fsid%252Fassistant%252F62e3be268619d807a8ef4d44&amp;oID=08212000-0001&amp;kdnr=08212000-0001\" style=\"background-color:#13a298\" rel=\"https:\/\/pdf.form-solutions.net\/metaform\/Form-Solutions\/?5&amp;releaseUserId=08212000-0001-0000&amp;releaseID=62e3be268619d807a8ef4d44&amp;releaseOrganizationID=08212000-0001&amp;assistant=KFAS_Antrag_Wohnberechtigungsschein&amp;translation=false&amp;storable=true&amp;fileUrl=https%253A%252F%252Fpdf.form-solutions.net%252Fmetaform%252FForm-Solutions%252Fsid%252Fassistant%252F62e3be268619d807a8ef4d44&amp;oID=08212000-0001&amp;kdnr=08212000-0001 noopener\"><strong>Demande de cer\u00adti\u00adfi\u00adcat <br>pour un loge\u00adment social<\/strong><\/a><\/div>\n<\/div>\n\n<p><strong>La demande doit \u00eatre com\u00adpl\u00e9\u00adt\u00e9e en ligne et sign\u00e9e \u00e0 l\u2019a\u00addresse<\/strong> \u270d\ud83c\udffc<br> Vous pou\u00advez ensuite envoyer le for\u00admu\u00adlaire de demande \ud83d\udcec<strong> par cour\u00adrier<\/strong> <strong>ou<\/strong> <strong>par scan<\/strong> \ud83d\udce7 wbs@la.karlsruhe.de.<\/p>\n\n<h2 class=\"wp-block-heading\">Exi\u00adgences pour un cer\u00adti\u00adfi\u00adcat de loge\u00adment social&nbsp;\ud83c\udfd8<\/h2>\n\n<ul class=\"wp-block-list\">\n<li>Vous \u00eates \u00e0 la recherche d\u2019un logement.<\/li>\n\n\n\n<li>Vous et les membres de votre m\u00e9nage ne d\u00e9pas\u00adsez pas le pla\u00adfond de revenu.<\/li>\n<\/ul>\n\n<p>Le reve\u00adnu annuel est cal\u00adcu\u00adl\u00e9 s\u00e9pa\u00adr\u00e9\u00adment pour chaque per\u00adsonne du m\u00e9nage.<\/p>\n\n<details class=\"wp-block-stackable-accordion stk-block-accordion stk-inner-blocks stk-block-content stk-block stk-d027d3a is-style-default\" data-block-id=\"d027d3a\">\n<summary class=\"wp-block-stackable-column stk-block-column stk-column stk-block stk-d85fa60 stk--container-small stk-block-accordion__heading\" data-v=\"4\" data-block-id=\"d85fa60\"><style>.stk-d85fa60-container{max-width:926px !important;min-width:auto !important;}<\/style><div class=\"stk-column-wrapper stk-block-column__content stk-container stk-d85fa60-container stk-hover-parent\"><div class=\"stk-block-content stk-inner-blocks stk-d85fa60-inner-blocks\">\n<div class=\"wp-block-stackable-icon-label stk-block-icon-label stk-block stk-af9ecac\" data-block-id=\"af9ecac\"><div class=\"stk-row stk-inner-blocks stk-block-content\">\n<div class=\"wp-block-stackable-heading stk-block-heading stk-block-heading--v2 stk-block stk-58784f9\" id=\"span-style-color-ffffff-class-stk-highlight-annual-income-span\" data-block-id=\"58784f9\"><h4 class=\"stk-block-heading__text\"><span style=\"color: #ffffff;\" class=\"stk-highlight\">Reve\u00adnu annuel<\/span><\/h4><\/div>\n\n\n\n<div class=\"wp-block-stackable-icon stk-block-icon stk-block stk-b5ed8df\" data-block-id=\"b5ed8df\"><span class=\"stk--svg-wrapper\"><div class=\"stk--inner-svg\"><svg style=\"height:0;width:0\"><defs><linearGradient id=\"linear-gradient-b5ed8df\" x1=\"0\" x2=\"100%\" y1=\"0\" y2=\"0\"><stop offset=\"0%\" style=\"stop-opacity:1;stop-color:var(--linear-gradient-b-5-ed-8-df-color-1)\" \/><stop offset=\"100%\" style=\"stop-opacity:1;stop-color:var(--linear-gradient-b-5-ed-8-df-color-2)\" \/><\/linearGradient><\/defs><\/svg><svg data-prefix=\"fas\" data-icon=\"chevron-down\" class=\"svg-inline--fa fa-chevron-down fa-w-14\" viewBox=\"0 0 448 512\" aria-hidden=\"true\" width=\"32\" height=\"32\"><path fill=\"currentColor\" d=\"M207.029 381.476L12.686 187.132c-9.373-9.373-9.373-24.569 0-33.941l22.667-22.667c9.357-9.357 24.522-9.375 33.901-.04L224 284.505l154.745-154.021c9.379-9.335 24.544-9.317 33.901.04l22.667 22.667c9.373 9.373 9.373 24.569 0 33.941L240.971 381.476c-9.373 9.372-24.569 9.372-33.942 0z\" \/><\/svg><\/div><\/span><\/div>\n<\/div><\/div>\n<\/div><\/div><\/summary>\n\n\n\n<div class=\"wp-block-stackable-column stk-block-column stk-column stk-block stk-771a628 stk-block-accordion__content\" data-v=\"4\" data-block-id=\"771a628\"><div class=\"stk-column-wrapper stk-block-column__content stk-container stk-771a628-container stk--no-background stk--no-padding\"><div class=\"stk-block-content stk-inner-blocks stk-771a628-inner-blocks\">\n<div class=\"wp-block-stackable-text stk-block-text stk-block stk-849bacc\" data-block-id=\"849bacc\"><p class=\"stk-block-text__text\">Votre <strong>reve\u00adnu annuel<\/strong> com\u00adprend toutes les r\u00e9mu\u00adn\u00e9\u00adra\u00adtions, qu\u2019elles soient <strong>impo\u00adsables ou non.<\/strong> Voi\u00adci ce qui est pris en compte&nbsp;: <br><br><strong>\ud83d\udc77 Si vous \u00eates sala\u00adri\u00e9 (non ind\u00e9\u00adpen\u00addant) :<\/strong><br>\u25aa Votre <strong>salaire annuel brut<\/strong><br>\u25aa Moins les d\u00e9duc\u00adtions fis\u00adcales recon\u00adnues (par exemple, les frais de d\u00e9pla\u00adce\u00adment domicile-travail)<\/p><\/div>\n\n\n\n<p>\ud83e\uddd1\u200d\ud83d\udcbc <strong>Si vous \u00eates ind\u00e9\u00adpen\u00addant (y com\u00adpris dans l\u2019a\u00adgri\u00adcul\u00adture, la syl\u00advi\u00adcul\u00adture ou la ges\u00adtion d\u2019une entre\u00adprise) :<\/strong><br>\u25aa Votre <strong>b\u00e9n\u00e9\u00adfice net<\/strong> apr\u00e8s les d\u00e9penses pro\u00adfes\u00adsion\u00adnelles d\u00e9duc\u00adtibles de l\u2019imp\u00f4t<\/p>\n\n\n\n<p><strong>\ud83c\udfe0 Si vous tirez des reve\u00adnus de la loca\u00adtion ou du capi\u00adtal (par exemple des inves\u00adtis\u00adse\u00adments) :<\/strong><br>\u25aa Le <strong>reve\u00adnu net<\/strong> (reve\u00adnu total moins les d\u00e9duc\u00adtions fis\u00adcales autoris\u00e9es)<\/p>\n\n\n\n<p><strong>\ud83e\uddd3 Si vous rece\u00advez une pen\u00adsion&nbsp;:<\/strong><br>Votre <strong>reve\u00adnu de pen\u00adsion<\/strong> moins les d\u00e9duc\u00adtions fis\u00adcales autoris\u00e9es<\/p>\n\n\n\n<h3 class=\"wp-block-heading\">\u2705 Les avan\u00adtages exo\u00adn\u00e9\u00adr\u00e9s d\u2019im\u00adp\u00f4ts sont \u00e9ga\u00adle\u00adment pris en compte&nbsp;:<\/h3>\n\n\n\n<ul class=\"wp-block-list\">\n<li>Pres\u00adta\u00adtions de ch\u00f4\u00admage (Arbeits\u00adlo\u00adsen\u00adgeld)<\/li>\n\n\n\n<li>Allo\u00adca\u00adtion de ch\u00f4\u00admage par\u00adtiel (Kur\u00adzar\u00adbei\u00adter\u00adgeld)<\/li>\n\n\n\n<li>Indem\u00adni\u00adt\u00e9 tran\u00adsi\u00adtoire (\u00dcber\u00adgang\u00adsgeld)<\/li>\n\n\n\n<li>Paie\u00adments en cas d\u2019insolvabilit\u00e9<\/li>\n\n\n\n<li>Sou\u00adtien \u00e0 l\u2019int\u00e9gration<\/li>\n\n\n\n<li><strong>Reve\u00adnu des citoyens (B\u00fcr\u00adger\u00adgeld<\/strong> ) et autres aides sociales de base (SGB&nbsp;II)<\/li>\n<\/ul>\n\n\n\n<hr class=\"wp-block-separator has-alpha-channel-opacity\">\n\n\n\n<p><strong>\ud83d\udc69\u200d\ud83d\udc67 Pour les parents iso\u00adl\u00e9s&nbsp;:<\/strong><br>Si vous \u00eates un <strong>parent iso\u00adl\u00e9<\/strong> avec au moins un enfant vivant avec vous (pour lequel vous b\u00e9n\u00e9\u00adfi\u00adciez d\u2019al\u00adlo\u00adca\u00adtions fami\u00adliales ou de d\u00e9duc\u00adtions fis\u00adcales), votre reve\u00adnu est <strong>r\u00e9duit d\u2019un mon\u00adtant sp\u00e9\u00adcial d\u2019al\u00adl\u00e8\u00adge\u00adment fiscal.<\/strong><\/p>\n\n\n\n<hr class=\"wp-block-separator has-alpha-channel-opacity\">\n\n\n\n<h4 class=\"wp-block-heading\">\u2696\ufe0f En cas d\u2019o\u00adbli\u00adga\u00adtions ali\u00admen\u00adtaires l\u00e9gales (par exemple, apr\u00e8s une s\u00e9pa\u00adra\u00adtion ou un divorce)&nbsp;:<\/h4>\n\n\n\n<ul class=\"wp-block-list\">\n<li>Pour la <strong>per\u00adsonne qui re\u00e7oit la pen\u00adsion ali\u00admen\u00adtaire<\/strong>, le mon\u00adtant total est consi\u00add\u00e9\u00adr\u00e9 comme un revenu.<\/li>\n\n\n\n<li>Pour la <strong>per\u00adsonne qui paie la pen\u00adsion ali\u00admen\u00adtaire<\/strong>, ces mon\u00adtants peuvent \u00eatre d\u00e9duits&nbsp;:&nbsp;<ul class=\"wp-block-list\">\n<li><strong>Jus\u00adqu\u2019\u00e0 3 000 euros par enfant et par&nbsp;an<\/strong><\/li>\n\n\n\n<li><strong>Jus\u00adqu\u2019\u00e0 6 000 euros par an<\/strong> pour l\u2019en\u00adtre\u00adtien du conjoint (apr\u00e8s une s\u00e9pa\u00adra\u00adtion ou un divorce)<\/li>\n<\/ul>\n<\/li>\n<\/ul>\n\n\n\n<hr class=\"wp-block-separator has-alpha-channel-opacity\">\n\n\n\n<p>Pour cal\u00adcu\u00adler votre \ud83e\uddfe <strong><span style=\"color: #0a838c;\" class=\"stk-highlight\">reve\u00adnu total du m\u00e9nage<\/span><\/strong>Pour cal\u00adcu\u00adler le <strong>reve\u00adnu<\/strong> total de <strong>votre m\u00e9nage, il faut addi\u00adtion\u00adner les reve\u00adnus annuels de tous les membres du m\u00e9nage<\/strong>.<\/p>\n<\/div><\/div><\/div>\n<\/details>\n\n<div class=\"wp-block-ugb-spacer ugb-spacer ugb-b05f2c1 ugb-spacer--v2 ugb-main-block\"><div class=\"ugb-inner-block\"><div class=\"ugb-block-content\"><div class=\"ugb-spacer--inner\"><\/div><\/div><\/div><\/div>\n\n<div class=\"wp-block-ugb-columns ugb-columns ugb-e78dd8a ugb-columns--design-plain ugb-columns--columns-4 ugb-main-block\"><div class=\"ugb-inner-block\"><div class=\"ugb-block-content\"><div class=\"ugb-columns__item ugb-e78dd8a-content-wrapper\">\n<div class=\"wp-block-ugb-column ugb-column ugb-1d5f70a ugb-column--design-plain ugb-main-block\"><div class=\"ugb-inner-block\"><div class=\"ugb-block-content\"><div class=\"ugb-column__item ugb-1d5f70a-column-wrapper\"><div class=\"ugb-column__content-wrapper\">\n<p><strong>O\u00f9&nbsp;?<\/strong><br><strong>Lie\u00adgen\u00adschaft\u00adsamt<\/strong><br>\ud83d\udccd Lamm\u00adstra\u00dfe 7a, Rathaus\u00adpas\u00adsage<br>76133 Karls\u00adruhe<\/p>\n\n\n\n<p><br><\/p>\n<\/div><\/div><\/div><\/div><\/div>\n\n\n\n<div class=\"wp-block-ugb-column ugb-column ugb-fcc03f4 ugb-column--design-plain ugb-main-block\"><div class=\"ugb-inner-block\"><div class=\"ugb-block-content\"><div class=\"ugb-column__item ugb-fcc03f4-column-wrapper\"><div class=\"ugb-column__content-wrapper\">\n<p><strong>Que dois-je emporter&nbsp;?<\/strong><\/p>\n\n\n\n<ul class=\"wp-block-list\">\n<li>Pas\u00adse\u00adport ou carte d\u2019identit\u00e9<\/li>\n\n\n\n<li>Per\u00admis de s\u00e9jour&nbsp;<\/li>\n\n\n\n<li>Preuve de reve\u00adnus<br>\u25aa Pour les ind\u00e9\u00adpen\u00addants&nbsp;: der\u00adni\u00e8re d\u00e9cla\u00adra\u00adtion de revenus.&nbsp;<\/li>\n\n\n\n<li>Votre contrat de loca\u00adtion actuel<\/li>\n<\/ul>\n<\/div><\/div><\/div><\/div><\/div>\n\n\n\n<div class=\"wp-block-ugb-column ugb-column ugb-c0e2b5b ugb-column--design-plain ugb-main-block\"><div class=\"ugb-inner-block\"><div class=\"ugb-block-content\"><div class=\"ugb-column__item ugb-c0e2b5b-column-wrapper\"><div class=\"ugb-column__content-wrapper\">\n<p><strong>Que rece\u00advez-vous&nbsp;?<\/strong><\/p>\n\n\n\n<ul class=\"wp-block-list\">\n<li>Attes\u00adta\u00adtion d\u2019\u00e9\u00adli\u00adgi\u00adbi\u00adli\u00adt\u00e9 au loge\u00adment social <span style=\"color: #747373;\" class=\"stk-highlight\">(veuillez conser\u00adver ce docu\u00adment pour un usage ult\u00e9rieur)<\/span><\/li>\n<\/ul>\n<\/div><\/div><\/div><\/div><\/div>\n\n\n\n<div class=\"wp-block-ugb-column ugb-column ugb-440a1f3 ugb-column--design-plain ugb-main-block\"><div class=\"ugb-inner-block\"><div class=\"ugb-block-content\"><div class=\"ugb-column__item ugb-440a1f3-column-wrapper\"><div class=\"ugb-column__content-wrapper\">\n<p><strong>Contact<\/strong><\/p>\n\n\n\n<p>\ud83d\udcde 0721 133\u20116414<br>\ud83d\udcde 0721 133\u20116423<br>\ud83d\udce7wbs@la.karlsruhe.de<\/p>\n<\/div><\/div><\/div><\/div><\/div>\n<\/div><\/div><\/div><\/div>\n","protected":false},"excerpt":{"rendered":"<p>En Alle\u00admagne, les per\u00adsonnes \u00e0 faibles reve\u00adnus peuvent louer des appar\u00adte\u00adments dans des pro\u00adjets de loge\u00adments sociaux. Pour louer un de ces appar\u00adte\u00adments, vous devez obte\u00adnir un Wohn\u00adbe\u00adrech\u00adti\u00adgung\u00adsschein (cer\u00adti\u00adfi\u00adcat d\u2019\u00e9\u00adli\u00adgi\u00adbi\u00adli\u00adt\u00e9&nbsp;<a class=\"moretag\" href=\"https:\/\/www.anika-net.de\/fr\/arriver\/habiter\/logement-social\/\">lire plus<\/a><\/p>\n","protected":false},"author":12,"featured_media":0,"parent":2321,"menu_order":22,"comment_status":"closed","ping_status":"closed","template":"","meta":{"_acf_changed":false,"inline_featured_image":false,"_uag_custom_page_level_css":"","wp_typography_post_enhancements_disabled":false,"footnotes":""},"class_list":["post-1494","page","type-page","status-publish","hentry"],"acf":[],"featured_image_urls_v2":{"full":"","thumbnail":"","medium":"","medium_large":"","large":"","1536x1536":"","2048x2048":"","event-overview":"","event-archive-thumb":"","grid-item-thumbnail":"","network-partner-icon":"","organiser-icon":"","gform-image-choice-sm":"","gform-image-choice-md":"","gform-image-choice-lg":""},"post_excerpt_stackable_v2":"<p>En Alle\u00admagne, les per\u00adsonnes \u00e0 faibles reve\u00adnus peuvent louer des appar\u00adte\u00adments dans des pro\u00adjets de loge\u00adments sociaux. Pour louer un de ces appar\u00adte\u00adments, vous devez obte\u00adnir un Wohn\u00adbe\u00adrech\u00adti\u00adgung\u00adsschein (cer\u00adti\u00adfi\u00adcat d\u2019\u00e9\u00adli\u00adgi\u00adbi\u00adli\u00adt\u00e9 au loge\u00adment social). Demande de cer\u00adti\u00adfi\u00adcat pour un loge\u00adment social La demande doit \u00eatre com\u00adpl\u00e9\u00adt\u00e9e en ligne et sign\u00e9e \u00e0 l\u2019a\u00addresse \u270d\ud83c\udffc Vous pou\u00advez ensuite envoyer le for\u00admu\u00adlaire de demande \ud83d\udcec par cour\u00adrier ou par scan \ud83d\udce7 wbs@la.karlsruhe.de. Exi\u00adgences pour un cer\u00adti\u00adfi\u00adcat de loge\u00adment social&nbsp;\ud83c\udfd8 Vous \u00eates \u00e0 la recherche d\u2019un loge\u00adment. Vous et les membres de votre m\u00e9nage ne d\u00e9pas\u00adsez pas le pla\u00adfond de reve\u00adnu. Le reve\u00adnu annuel est\u2026<\/p>\n","category_list_v2":"","author_info_v2":{"name":"Andrea Ramirez","url":"https:\/\/www.anika-net.de\/fr\/author\/andrea-ramirez\/"},"comments_num_v2":"0 commentaire","uagb_featured_image_src":{"full":false,"thumbnail":false,"medium":false,"medium_large":false,"large":false,"1536x1536":false,"2048x2048":false,"event-overview":false,"event-archive-thumb":false,"grid-item-thumbnail":false,"network-partner-icon":false,"organiser-icon":false,"gform-image-choice-sm":false,"gform-image-choice-md":false,"gform-image-choice-lg":false},"uagb_author_info":{"display_name":"Andrea Ramirez","author_link":"https:\/\/www.anika-net.de\/fr\/author\/andrea-ramirez\/"},"uagb_comment_info":0,"uagb_excerpt":"En Alle\u00admagne, les per\u00adsonnes \u00e0 faibles reve\u00adnus peuvent louer des appar\u00adte\u00adments dans des pro\u00adjets de loge\u00adments sociaux. Pour louer un de ces appar\u00adte\u00adments, vous devez obte\u00adnir un Wohn\u00adbe\u00adrech\u00adti\u00adgung\u00adsschein (cer\u00adti\u00adfi\u00adcat d\u2019\u00e9\u00adli\u00adgi\u00adbi\u00adli\u00adt\u00e9&nbsp;lire plus","_links":{"self":[{"href":"https:\/\/www.anika-net.de\/fr\/wp-json\/wp\/v2\/pages\/1494","targetHints":{"allow":["GET"]}}],"collection":[{"href":"https:\/\/www.anika-net.de\/fr\/wp-json\/wp\/v2\/pages"}],"about":[{"href":"https:\/\/www.anika-net.de\/fr\/wp-json\/wp\/v2\/types\/page"}],"author":[{"embeddable":true,"href":"https:\/\/www.anika-net.de\/fr\/wp-json\/wp\/v2\/users\/12"}],"replies":[{"embeddable":true,"href":"https:\/\/www.anika-net.de\/fr\/wp-json\/wp\/v2\/comments?post=1494"}],"version-history":[{"count":2,"href":"https:\/\/www.anika-net.de\/fr\/wp-json\/wp\/v2\/pages\/1494\/revisions"}],"predecessor-version":[{"id":63498,"href":"https:\/\/www.anika-net.de\/fr\/wp-json\/wp\/v2\/pages\/1494\/revisions\/63498"}],"up":[{"embeddable":true,"href":"https:\/\/www.anika-net.de\/fr\/wp-json\/wp\/v2\/pages\/2321"}],"wp:attachment":[{"href":"https:\/\/www.anika-net.de\/fr\/wp-json\/wp\/v2\/media?parent=1494"}],"curies":[{"name":"wp","href":"https:\/\/api.w.org\/{rel}","templated":true}]}}