{"id":1486,"date":"2021-05-21T14:10:12","date_gmt":"2021-05-21T12:10:12","guid":{"rendered":"https:\/\/www.anika-net.de\/registering-with-an-utilities-supplier\/"},"modified":"2021-10-25T12:29:14","modified_gmt":"2021-10-25T10:29:14","slug":"abonnement-a-lelectricite","status":"publish","type":"page","link":"https:\/\/www.anika-net.de\/fr\/arriver\/habiter\/abonnement-a-lelectricite\/","title":{"rendered":"Abon\u00adne\u00adment \u00e0 l\u2019\u00e9lectricit\u00e9"},"content":{"rendered":"\n<p>La plu\u00adpart du temps, vous devez pro\u00adc\u00e9\u00adder \u00e0 votre ins\u00adcrip\u00adtion uni\u00adque\u00adment pour l\u2019\u00e9lectricit\u00e9 ou le gaz. Cette pro\u00adc\u00e9\u00addure s\u2019effectue aupr\u00e8s du ser\u00advice public de Karls\u00adruhe<em> (Stadt\u00adwerke Karls\u00adruhe)<\/em> ou d\u2019autres pres\u00adta\u00adtaires. Il peut s\u2019av\u00e9rer utile de mettre en place un sys\u00adt\u00e8me de pr\u00e9\u00adl\u00e8\u00adve\u00adment SEPA<em> (SEPA-Last\u00adschrift\u00adver\u00adfah\u00adren<\/em>). Les frais d\u2019\u00e9lectricit\u00e9 sont ensuite d\u00e9bi\u00adt\u00e9s men\u00adsuel\u00adle\u00adment direc\u00adte\u00adment sur votre compte.<\/p>\n\n\n\n<div class=\"wp-block-ugb-columns ugb-columns ugb-3924ed6 ugb-columns--design-plain ugb-columns--columns-3 ugb-main-block\"><div class=\"ugb-inner-block\"><div class=\"ugb-block-content\"><div class=\"ugb-columns__item ugb-3924ed6-content-wrapper\">\n<div class=\"wp-block-ugb-column ugb-column ugb-818e557 ugb-column--design-plain ugb-main-block\"><div class=\"ugb-inner-block\"><div class=\"ugb-block-content\"><div class=\"ugb-column__item ugb-818e557-column-wrapper\"><div class=\"ugb-column__content-wrapper\">\n<p><strong>O\u00f9&nbsp;?<\/strong><br><strong>Karls\u00adru\u00adher Stadt\u00adwerke \u2013 Kun\u00adden\u00adcen\u00adter<\/strong><br>Dax\u00adlan\u00adders\u00adtr. 72<br>76185 Karls\u00adruhe<br>+49 (0)721 599 0<br><a href=\"https:\/\/www.stadtwerke-karlsruhe.de\/\" target=\"_blank\" data-type=\"URL\" data-id=\"https:\/\/www.stadtwerke-karlsruhe.de\/\" rel=\"noreferrer noopener\">https:\/\/www.stadtwerke-karlsruhe.de\/ <\/a>&nbsp;<\/p>\n<\/div><\/div><\/div><\/div><\/div>\n\n\n\n<div class=\"wp-block-ugb-column ugb-column ugb-d3944c0 ugb-column--design-plain ugb-main-block\"><div class=\"ugb-inner-block\"><div class=\"ugb-block-content\"><div class=\"ugb-column__item ugb-d3944c0-column-wrapper\"><div class=\"ugb-column__content-wrapper\">\n<p><strong>Horaires de consul\u00adta\u00adtion<\/strong><br>De lun\u00addi \u00e0 jeu\u00addi&nbsp;: 07h30 \u2013 16h30<br>Ven\u00addre\u00addi&nbsp;: 07h30 \u2013&nbsp;15h<\/p>\n<\/div><\/div><\/div><\/div><\/div>\n\n\n\n<div class=\"wp-block-ugb-column ugb-column ugb-fb71bac ugb-column--design-plain ugb-main-block\"><div class=\"ugb-inner-block\"><div class=\"ugb-block-content\"><div class=\"ugb-column__item ugb-fb71bac-column-wrapper\"><div class=\"ugb-column__content-wrapper\">\n<p><strong>Les pi\u00e8ces \u00e0 pr\u00e9voir<\/strong><\/p>\n\n\n\n<div class=\"wp-block-kioken-visual-list kb-icon-list-items kb-icon-list-items_01e4c2-21 kb-icon-list-columns-1 alignnone\"><ul class=\"kb-icon-list\"><li class=\"kb-icon-list-style-default kt_flex_aligncenter kb-icon-list-item-wrap kb-icon-list-item-0\"><div style=\"display:inline-flex;justify-content:center;align-items:center\" class=\"kb-icon-list-single kb-icon-list-single-fe_checkCircle\"><svg viewBox=\"0 0 24 24\" height=\"20\" width=\"20\" fill=\"none\" stroke=\"currentColor\" stroke-width=\"2\" stroke-linecap=\"round\" stroke-linejoin=\"round\" style=\"fill:none;display:inline-block;vertical-align:middle\" role=\"img\" aria-hidden=\"true\"><path d=\"M22 11.08V12a10 10 0 1 1-5.93-9.14\" \/><polyline points=\"22 4 12 14.01 9 11.01\" \/><\/svg><\/div><span class=\"kb-icon-list-text\">Adresse<\/span><\/li><li class=\"kb-icon-list-style-default kt_flex_aligncenter kb-icon-list-item-wrap kb-icon-list-item-1\"><div style=\"display:inline-flex;justify-content:center;align-items:center\" class=\"kb-icon-list-single kb-icon-list-single-fe_checkCircle\"><svg viewBox=\"0 0 24 24\" height=\"20\" width=\"20\" fill=\"none\" stroke=\"currentColor\" stroke-width=\"2\" stroke-linecap=\"round\" stroke-linejoin=\"round\" style=\"fill:none;display:inline-block;vertical-align:middle\" role=\"img\" aria-hidden=\"true\"><path d=\"M22 11.08V12a10 10 0 1 1-5.93-9.14\" \/><polyline points=\"22 4 12 14.01 9 11.01\" \/><\/svg><\/div><span class=\"kb-icon-list-text\">Date d\u2019emm\u00e9nagement<\/span><\/li><li class=\"kb-icon-list-style-default kt_flex_aligncenter kb-icon-list-item-wrap kb-icon-list-item-2\"><div style=\"display:inline-flex;justify-content:center;align-items:center\" class=\"kb-icon-list-single kb-icon-list-single-fe_checkCircle\"><svg viewBox=\"0 0 24 24\" height=\"20\" width=\"20\" fill=\"none\" stroke=\"currentColor\" stroke-width=\"2\" stroke-linecap=\"round\" stroke-linejoin=\"round\" style=\"fill:none;display:inline-block;vertical-align:middle\" role=\"img\" aria-hidden=\"true\"><path d=\"M22 11.08V12a10 10 0 1 1-5.93-9.14\" \/><polyline points=\"22 4 12 14.01 9 11.01\" \/><\/svg><\/div><span class=\"kb-icon-list-text\">Num\u00e9\u00adro et rele\u00adv\u00e9 du compteur<\/span><\/li><li class=\"kb-icon-list-style-default kt_flex_aligncenter kb-icon-list-item-wrap kb-icon-list-item-3\"><div style=\"display:inline-flex;justify-content:center;align-items:center\" class=\"kb-icon-list-single kb-icon-list-single-fe_checkCircle\"><svg viewBox=\"0 0 24 24\" height=\"20\" width=\"20\" fill=\"none\" stroke=\"currentColor\" stroke-width=\"2\" stroke-linecap=\"round\" stroke-linejoin=\"round\" style=\"fill:none;display:inline-block;vertical-align:middle\" role=\"img\" aria-hidden=\"true\"><path d=\"M22 11.08V12a10 10 0 1 1-5.93-9.14\" \/><polyline points=\"22 4 12 14.01 9 11.01\" \/><\/svg><\/div><span class=\"kb-icon-list-text\">Nom du loca\u00adtaire pr\u00e9\u00adc\u00e9\u00addent, le cas \u00e9ch\u00e9ant<\/span><\/li><\/ul><\/div>\n<\/div><\/div><\/div><\/div><\/div>\n<\/div><\/div><\/div><\/div>\n\n\n\n<h2 class=\"wp-block-heading\"><strong>De quoi se com\u00adposent les charges&nbsp;?<\/strong><\/h2>\n\n\n\n<h3 class=\"wp-block-heading\"><strong>Loyer = loyer hors charges + charges<em> (Kalt\u00admiete, KM + Neben\u00adkos\u00adten,&nbsp;NK)<\/em><\/strong><\/h3>\n\n\n\n<p class=\"has-custom-size\" style=\"font-size:16px\">Le loyer hors charges et les charges sont \u00e9ga\u00adle\u00adment appe\u00adl\u00e9s conjoin\u00adte\u00adment \u00ab&nbsp;loyer charges com\u00adprises&nbsp;\u00bb (<em>Warm\u00admiete, WM<\/em>)<\/p>\n\n\n\n<p><strong>Uti\u00adli\u00adty charges<\/strong> consist of water, electricity\/gas and waste dis\u00adpo\u00adsal fees. Make sure you find out which uti\u00adli\u00adty charges are inclu\u00added in your rent. Some\u00adtimes you pay the uti\u00adli\u00adty charges direct\u00adly to the land\u00adlord. Howe\u00adver, you may also have to regis\u00adter with an elec\u00adtri\u00adci\u00adty sup\u00adplier and pay the elec\u00adtri\u00adci\u00adty bills yourself.<\/p>\n\n\n\n<p>Les <strong>charges<\/strong> incluent les frais d\u2019eau, les frais d\u2019\u00e9lectricit\u00e9\/de gaz, les taxes sur les d\u00e9chets. Ren\u00adsei\u00adgnez-vous sur les charges incluses dans votre loyer. Par\u00adfois, celles-ci sont ver\u00ads\u00e9es direc\u00adte\u00adment au pro\u00adpri\u00e9\u00adtaire. Mais vous pou\u00advez \u00e9ga\u00adle\u00adment avoir \u00e0 vous ins\u00adcrire et \u00e0 payer direc\u00adte\u00adment l\u2019\u00e9lectricit\u00e9.<\/p>\n","protected":false},"excerpt":{"rendered":"<p>La plu\u00adpart du temps, vous devez pro\u00adc\u00e9\u00adder \u00e0 votre ins\u00adcrip\u00adtion uni\u00adque\u00adment pour l\u2019\u00e9lectricit\u00e9 ou le gaz. Cette pro\u00adc\u00e9\u00addure s\u2019effectue aupr\u00e8s du ser\u00advice public de Karls\u00adruhe (Stadt\u00adwerke Karls\u00adruhe) ou d\u2019autres pres\u00adta\u00adtaires.&nbsp;<a class=\"moretag\" href=\"https:\/\/www.anika-net.de\/fr\/arriver\/habiter\/abonnement-a-lelectricite\/\">lire plus<\/a><\/p>\n","protected":false},"author":1,"featured_media":0,"parent":2321,"menu_order":12,"comment_status":"closed","ping_status":"closed","template":"","meta":{"_acf_changed":false,"inline_featured_image":false,"_uag_custom_page_level_css":"","wp_typography_post_enhancements_disabled":false,"footnotes":""},"class_list":["post-1486","page","type-page","status-publish","hentry"],"acf":[],"featured_image_urls_v2":{"full":"","thumbnail":"","medium":"","medium_large":"","large":"","1536x1536":"","2048x2048":"","event-overview":"","event-archive-thumb":"","grid-item-thumbnail":"","network-partner-icon":"","organiser-icon":"","gform-image-choice-sm":"","gform-image-choice-md":"","gform-image-choice-lg":""},"post_excerpt_stackable_v2":"<p>La plu\u00adpart du temps, vous devez pro\u00adc\u00e9\u00adder \u00e0 votre ins\u00adcrip\u00adtion uni\u00adque\u00adment pour l\u2019\u00e9lectricit\u00e9 ou le gaz. Cette pro\u00adc\u00e9\u00addure s\u2019effectue aupr\u00e8s du ser\u00advice public de Karls\u00adruhe (Stadt\u00adwerke Karls\u00adruhe) ou d\u2019autres pres\u00adta\u00adtaires. Il peut s\u2019av\u00e9rer utile de mettre en place un sys\u00adt\u00e8me de pr\u00e9\u00adl\u00e8\u00adve\u00adment SEPA (SEPA-Last\u00ad\u00adschrift\u00ad\u00adver\u00ad\u00adfah\u00ad\u00adren). Les frais d\u2019\u00e9lectricit\u00e9 sont ensuite d\u00e9bi\u00adt\u00e9s men\u00adsuel\u00adle\u00adment direc\u00adte\u00adment sur votre compte. O\u00f9&nbsp;?Karls\u00adru\u00adher Stadt\u00adwerke \u2013 Kun\u00adden\u00adcen\u00adterDax\u00adlan\u00adders\u00adtr. 7276185 Karls\u00adruhe+49 (0)721 599 0https:\/\/www.stadtwerke-karlsruhe.de\/ &nbsp; Horaires de consul\u00adta\u00adtionDe lun\u00addi \u00e0 jeu\u00addi&nbsp;: 07h30 \u2013 16h30Ven\u00addre\u00addi&nbsp;: 07h30 \u2013&nbsp;15h Les pi\u00e8ces \u00e0 pr\u00e9\u00advoir Adres\u00adse\u00adDate d\u2019emm\u00e9nagementNum\u00e9\u00adro et rele\u00adv\u00e9 du comp\u00adteur\u00adNom du loca\u00adtaire pr\u00e9\u00adc\u00e9\u00addent, le cas \u00e9ch\u00e9ant De quoi se com\u00adposent les charges&nbsp;?&nbsp;Loyer&nbsp;=\u2026<\/p>\n","category_list_v2":"","author_info_v2":{"name":"saasweb-admin","url":"https:\/\/www.anika-net.de\/fr\/author\/saasweb-admin\/"},"comments_num_v2":"0 commentaire","uagb_featured_image_src":{"full":false,"thumbnail":false,"medium":false,"medium_large":false,"large":false,"1536x1536":false,"2048x2048":false,"event-overview":false,"event-archive-thumb":false,"grid-item-thumbnail":false,"network-partner-icon":false,"organiser-icon":false,"gform-image-choice-sm":false,"gform-image-choice-md":false,"gform-image-choice-lg":false},"uagb_author_info":{"display_name":"saasweb-admin","author_link":"https:\/\/www.anika-net.de\/fr\/author\/saasweb-admin\/"},"uagb_comment_info":0,"uagb_excerpt":"La plu\u00adpart du temps, vous devez pro\u00adc\u00e9\u00adder \u00e0 votre ins\u00adcrip\u00adtion uni\u00adque\u00adment pour l\u2019\u00e9lectricit\u00e9 ou le gaz. Cette pro\u00adc\u00e9\u00addure s\u2019effectue aupr\u00e8s du ser\u00advice public de Karls\u00adruhe (Stadt\u00adwerke Karls\u00adruhe) ou d\u2019autres pres\u00adta\u00adtaires.&nbsp;lire plus","_links":{"self":[{"href":"https:\/\/www.anika-net.de\/fr\/wp-json\/wp\/v2\/pages\/1486","targetHints":{"allow":["GET"]}}],"collection":[{"href":"https:\/\/www.anika-net.de\/fr\/wp-json\/wp\/v2\/pages"}],"about":[{"href":"https:\/\/www.anika-net.de\/fr\/wp-json\/wp\/v2\/types\/page"}],"author":[{"embeddable":true,"href":"https:\/\/www.anika-net.de\/fr\/wp-json\/wp\/v2\/users\/1"}],"replies":[{"embeddable":true,"href":"https:\/\/www.anika-net.de\/fr\/wp-json\/wp\/v2\/comments?post=1486"}],"version-history":[{"count":0,"href":"https:\/\/www.anika-net.de\/fr\/wp-json\/wp\/v2\/pages\/1486\/revisions"}],"up":[{"embeddable":true,"href":"https:\/\/www.anika-net.de\/fr\/wp-json\/wp\/v2\/pages\/2321"}],"wp:attachment":[{"href":"https:\/\/www.anika-net.de\/fr\/wp-json\/wp\/v2\/media?parent=1486"}],"curies":[{"name":"wp","href":"https:\/\/api.w.org\/{rel}","templated":true}]}}