{"id":1035,"date":"2021-05-21T14:14:32","date_gmt":"2021-05-21T12:14:32","guid":{"rendered":"https:\/\/www.anika-net.de\/looking-for-a-job\/"},"modified":"2024-07-02T11:42:24","modified_gmt":"2024-07-02T09:42:24","slug":"looking-for-a-job","status":"publish","type":"page","link":"https:\/\/www.anika-net.de\/fr\/arriver\/travailler\/looking-for-a-job\/","title":{"rendered":"Recherche d\u2019un emploi"},"content":{"rendered":"\n<h2 class=\"wp-block-heading\"><span style=\"color: #0a8d82;\" class=\"stk-highlight\"><strong>Com\u00adment trou\u00adver un emploi ou une<\/strong> <strong>for\u00adma\u00adtion&nbsp;?<\/strong><\/span><\/h2>\n\n<p>Si vous n\u2019a\u00advez pas d\u2019emploi, vous pou\u00advez vous ins\u00adcrire aupr\u00e8s de l\u2019<strong>Agen\u00adtur f\u00fcr Arbeit Karls\u00adruhe-Ras\u00adtatt (Agence pour l\u2019emploi)<\/strong> \u00e0Karlsruhe.<\/p>\n\n<p><strong>Vous pou\u00advez y trouver&nbsp;:<\/strong><\/p>\n\n<ul class=\"wp-block-list\">\n<li>Sou\u00adtien et conseils pour trou\u00adver un emploi,<\/li>\n\n\n\n<li>Infor\u00adma\u00adtions et conseils sur la for\u00adma\u00adtion, l\u2019en\u00adsei\u00adgne\u00adment sup\u00e9\u00adrieur et le d\u00e9ve\u00adlop\u00adpe\u00adment professionnel,<\/li>\n\n\n\n<li>Sou\u00adtien \u00e0 la for\u00adma\u00adtion pro\u00adfes\u00adsion\u00adnelle continue,<\/li>\n\n\n\n<li>Une aide finan\u00adci\u00e8re, par exemple une allo\u00adca\u00adtion de ch\u00f4\u00admage si vous avez per\u00addu votre emploi (la dur\u00e9e de l\u2019al\u00adlo\u00adca\u00adtion de ch\u00f4\u00admage d\u00e9pend de la dur\u00e9e de votre emploi et de votre&nbsp;\u00e2ge).<\/li>\n<\/ul>\n\n<div class=\"wp-block-stackable-columns stk-block-columns stk-block stk-5aa0d49\" data-block-id=\"5aa0d49\"><div class=\"stk-row stk-inner-blocks stk-block-content stk-content-align stk-5aa0d49-column\">\n<div class=\"wp-block-stackable-column stk-block-column stk-column stk-block stk-31661c6\" data-v=\"4\" data-block-id=\"31661c6\"><div class=\"stk-column-wrapper stk-block-column__content stk-container stk-31661c6-container stk--no-background stk--no-padding\"><div class=\"stk-block-content stk-inner-blocks stk-31661c6-inner-blocks\">\n<p><strong>O\u00f9&nbsp;?<\/strong><br>\ud83c\udf10 <strong>\n  <a href=\"https:\/\/www.arbeitsagentur.de\/vor-ort\/karlsruhe-rastatt\" rel=\"noopener\">Agen\u00adtur f\u00fcr Arbeit Karlsruhe<\/a>\n<\/strong><br>Brauers\u00adtra\u00dfe 10<br>76135 Karls\u00adruhe<br><strong>T\u00e9l. <\/strong> : 0800 4 5555 00<br>  +49 721 823 2222<br>\ud83d\udcdd <strong><a href=\"https:\/\/web.arbeitsagentur.de\/portal\/kontakt\/de\" rel=\"noopener\">Vers le for\u00admu\u00adlaire de contact<\/a><\/strong><\/p>\n<\/div><\/div><\/div>\n\n\n\n<div class=\"wp-block-stackable-column stk-block-column stk-column stk-block stk-fa1d9d8\" data-v=\"4\" data-block-id=\"fa1d9d8\"><div class=\"stk-column-wrapper stk-block-column__content stk-container stk-fa1d9d8-container stk--no-background stk--no-padding\"><div class=\"stk-block-content stk-inner-blocks stk-fa1d9d8-inner-blocks\">\n<p><strong>Que dois-je appor\u00adter avec&nbsp;moi&nbsp;?<\/strong><\/p>\n\n\n\n<div class=\"wp-block-kioken-visual-list kb-icon-list-items kb-icon-list-items_935efd-7b kb-icon-list-columns-1 alignnone\"><ul class=\"kb-icon-list\"><li class=\"kb-icon-list-style-default kt_flex_aligncenter kb-icon-list-item-wrap kb-icon-list-item-0\"><div style=\"display:inline-flex;justify-content:center;align-items:center\" class=\"kb-icon-list-single kb-icon-list-single-fe_arrowRightCircle\"><svg viewBox=\"0 0 24 24\" height=\"20\" width=\"20\" fill=\"none\" stroke=\"currentColor\" stroke-width=\"2\" stroke-linecap=\"round\" stroke-linejoin=\"round\" style=\"fill:none;display:inline-block;vertical-align:middle\" aria-hidden=\"true\"><circle cx=\"12\" cy=\"12\" r=\"10\" \/><polyline points=\"12 16 16 12 12 8\" \/><line x1=\"8\" y1=\"12\" x2=\"16\" y2=\"12\" \/><\/svg><\/div><span class=\"kb-icon-list-text\">Pas\u00adse\u00adport ou carte d\u2019identit\u00e9<\/span><\/li><li class=\"kb-icon-list-style-default kt_flex_aligncenter kb-icon-list-item-wrap kb-icon-list-item-1\"><div style=\"display:inline-flex;justify-content:center;align-items:center\" class=\"kb-icon-list-single kb-icon-list-single-fe_arrowRightCircle\"><svg viewBox=\"0 0 24 24\" height=\"20\" width=\"20\" fill=\"none\" stroke=\"currentColor\" stroke-width=\"2\" stroke-linecap=\"round\" stroke-linejoin=\"round\" style=\"fill:none;display:inline-block;vertical-align:middle\" aria-hidden=\"true\"><circle cx=\"12\" cy=\"12\" r=\"10\" \/><polyline points=\"12 16 16 12 12 8\" \/><line x1=\"8\" y1=\"12\" x2=\"16\" y2=\"12\" \/><\/svg><\/div><span class=\"kb-icon-list-text\">Confir\u00adma\u00adtion de l\u2019inscription<\/span><\/li><li class=\"kb-icon-list-style-default kt_flex_aligncenter kb-icon-list-item-wrap kb-icon-list-item-2\"><div style=\"display:inline-flex;justify-content:center;align-items:center\" class=\"kb-icon-list-single kb-icon-list-single-fe_arrowRightCircle\"><svg viewBox=\"0 0 24 24\" height=\"20\" width=\"20\" fill=\"none\" stroke=\"currentColor\" stroke-width=\"2\" stroke-linecap=\"round\" stroke-linejoin=\"round\" style=\"fill:none;display:inline-block;vertical-align:middle\" aria-hidden=\"true\"><circle cx=\"12\" cy=\"12\" r=\"10\" \/><polyline points=\"12 16 16 12 12 8\" \/><line x1=\"8\" y1=\"12\" x2=\"16\" y2=\"12\" \/><\/svg><\/div><span class=\"kb-icon-list-text\">CV \/ R\u00e9sum\u00e9<\/span><\/li><\/ul><\/div>\n<\/div><\/div><\/div>\n\n\n\n<div class=\"wp-block-stackable-column stk-block-column stk-column stk-block stk-622ba7a\" data-v=\"4\" data-block-id=\"622ba7a\"><div class=\"stk-column-wrapper stk-block-column__content stk-container stk-622ba7a-container stk--no-background stk--no-padding\"><div class=\"stk-block-content stk-inner-blocks stk-622ba7a-inner-blocks\">\n<p><strong>Qu\u2019ob\u00adte\u00adnez-vous&nbsp;?<\/strong><\/p>\n\n\n\n<div class=\"wp-block-kioken-visual-list kb-icon-list-items kb-icon-list-items_66dcdd-af kb-icon-list-columns-1 alignnone\"><ul class=\"kb-icon-list\"><li class=\"kb-icon-list-style-default kt_flex_aligncenter kb-icon-list-item-wrap kb-icon-list-item-0\"><div style=\"display:inline-flex;justify-content:center;align-items:center\" class=\"kb-icon-list-single kb-icon-list-single-fe_arrowRightCircle\"><svg viewBox=\"0 0 24 24\" height=\"20\" width=\"20\" fill=\"none\" stroke=\"currentColor\" stroke-width=\"2\" stroke-linecap=\"round\" stroke-linejoin=\"round\" style=\"fill:none;display:inline-block;vertical-align:middle\" aria-hidden=\"true\"><circle cx=\"12\" cy=\"12\" r=\"10\" \/><polyline points=\"12 16 16 12 12 8\" \/><line x1=\"8\" y1=\"12\" x2=\"16\" y2=\"12\" \/><\/svg><\/div><span class=\"kb-icon-list-text\">Aide et infor\u00adma\u00adtions sur la recherche d\u2019un emploi<\/span><\/li><\/ul><\/div>\n<\/div><\/div><\/div>\n<\/div><\/div>\n\n<h2 class=\"wp-block-heading\"><strong><span style=\"color: #0a8d82;\" class=\"stk-highlight\">Si vous avez besoin d\u2019aide pour cher\u00adcher du travail&nbsp;:&nbsp;<\/span><\/strong><\/h2>\n\n<h3 class=\"wp-block-heading\"><strong>Au<\/strong> <strong><span style=\"color: #0a8d82;\" class=\"stk-highlight\">Beruf\u00adsin\u00adfor\u00adma\u00adtions\u00adzen\u00adtrum Karls\u00adruhe<\/span> (centre d\u2019in\u00adfor\u00adma\u00adtion sur les car\u00adri\u00e8res)<\/strong> <strong>de Karls\u00adruhe, vous pouvez..&nbsp;:<\/strong><\/h3>\n\n<ul class=\"wp-block-list\">\n<li>R\u00e9di\u00adger des demandes d\u2019emploi, impri\u00admer, copier et num\u00e9\u00adri\u00adser des documents,&nbsp;<\/li>\n\n\n\n<li>Infor\u00admez-vous sur les pro\u00adfes\u00adsions, les appren\u00adtis\u00adsages, les cours d\u2019en\u00adsei\u00adgne\u00adment sup\u00e9\u00adrieur, les ser\u00advices b\u00e9n\u00e9\u00advoles ou la cr\u00e9a\u00adtion d\u2019entreprise.<\/li>\n\n\n\n<li>Trou\u00advez des \u00e9v\u00e9\u00adne\u00adments \u00e0 Karls\u00adruhe et de la lit\u00adt\u00e9\u00adra\u00adture sp\u00e9\u00adcia\u00adli\u00ads\u00e9e pour vous aider \u00e0 iden\u00adti\u00adfier et \u00e0 pos\u00adtu\u00adler \u00e0 des emplois.<\/li>\n<\/ul>\n\n<div class=\"wp-block-stackable-columns stk-block-columns stk-block stk-e35c76a\" data-block-id=\"e35c76a\"><div class=\"stk-row stk-inner-blocks stk-block-content stk-content-align stk-e35c76a-column\">\n<div class=\"wp-block-stackable-column stk-block-column stk-column stk-block stk-d270215\" data-v=\"4\" data-block-id=\"d270215\"><div class=\"stk-column-wrapper stk-block-column__content stk-container stk-d270215-container stk--no-background stk--no-padding\"><div class=\"stk-block-content stk-inner-blocks stk-d270215-inner-blocks\">\n<p><strong>O\u00f9&nbsp;?<\/strong> <br>\ud83c\udf10 <strong>\n  <a href=\"http:\/\/www.arbeitsagentur.de\/vor-ort\/karlsruhe-rastatt\/biz-karlsruhe\" rel=\"noopener\">Beruf\u00adsin\u00adfor\u00adma\u00adtions\u00adzen\u00adtrum BiZ Karlsruhe<\/a>\n<\/strong><br>Brauers\u00adtra\u00dfe 10<br>76135 Karls\u00adruhe<br><strong>E\u2011Mail&nbsp;:<\/strong> <a href=\"mailto:Karlsruhe-Rastatt.BIZ@arbeitsagentur.de\" target=\"_blank\" rel=\"noreferrer noopener\">karlsruhe-rastatt.BIZ@arbeitsagentur.de<\/a> <\/p>\n<\/div><\/div><\/div>\n\n\n\n<div class=\"wp-block-stackable-column stk-block-column stk-column stk-block stk-8f5c81d\" data-v=\"4\" data-block-id=\"8f5c81d\"><div class=\"stk-column-wrapper stk-block-column__content stk-container stk-8f5c81d-container stk--no-background stk--no-padding\"><div class=\"stk-block-content stk-inner-blocks stk-8f5c81d-inner-blocks\">\n<p><strong>Heures d\u2019ou\u00adver\u00adture&nbsp;:<\/strong><br>Lun\u00addi&nbsp;: 08:00 \u2013 12:00<br>Mar\u00addi&nbsp;: 08h00 \u2013 12h00<br>Mer\u00adcre\u00addi&nbsp;: 08h00 \u2013 12h00<br>Jeu\u00addi&nbsp;: 08h00 \u2013 12h00<br>  14:00 \u2013 17:00<br>Ven\u00addre\u00addi&nbsp;: 08:00 \u2013 12:00<\/p>\n<\/div><\/div><\/div>\n<\/div><\/div>\n","protected":false},"excerpt":{"rendered":"<p>Com\u00adment trou\u00adver un emploi ou une for\u00adma\u00adtion&nbsp;? Si vous n\u2019a\u00advez pas d\u2019emploi, vous pou\u00advez vous ins\u00adcrire aupr\u00e8s de l\u2019Agen\u00adtur f\u00fcr Arbeit Karls\u00ad\u00adruhe-Ras\u00ad\u00adtatt (Agence pour l\u2019emploi) \u00e0Karls\u00adruhe. Vous pou\u00advez y trou\u00adver&nbsp;:&nbsp;<a class=\"moretag\" href=\"https:\/\/www.anika-net.de\/fr\/arriver\/travailler\/looking-for-a-job\/\">lire plus<\/a><\/p>\n","protected":false},"author":1,"featured_media":0,"parent":2325,"menu_order":31,"comment_status":"closed","ping_status":"closed","template":"","meta":{"_acf_changed":false,"inline_featured_image":false,"_uag_custom_page_level_css":"","wp_typography_post_enhancements_disabled":false,"footnotes":""},"class_list":["post-1035","page","type-page","status-publish","hentry"],"acf":[],"featured_image_urls_v2":{"full":"","thumbnail":"","medium":"","medium_large":"","large":"","1536x1536":"","2048x2048":"","event-overview":"","event-archive-thumb":"","grid-item-thumbnail":"","network-partner-icon":"","organiser-icon":"","gform-image-choice-sm":"","gform-image-choice-md":"","gform-image-choice-lg":""},"post_excerpt_stackable_v2":"<p>Com\u00adment trou\u00adver un emploi ou une for\u00adma\u00adtion&nbsp;? Si vous n\u2019a\u00advez pas d\u2019emploi, vous pou\u00advez vous ins\u00adcrire aupr\u00e8s de l\u2019Agen\u00adtur f\u00fcr Arbeit Karls\u00ad\u00adruhe-Ras\u00ad\u00adtatt (Agence pour l\u2019emploi) \u00e0Karls\u00adruhe. Vous pou\u00advez y trou\u00adver&nbsp;: Sou\u00adtien et conseils pour trou\u00adver un emploi, Infor\u00adma\u00adtions et conseils sur la for\u00adma\u00adtion, l\u2019en\u00adsei\u00adgne\u00adment sup\u00e9\u00adrieur et le d\u00e9ve\u00adlop\u00adpe\u00adment pro\u00adfes\u00adsion\u00adnel, Sou\u00adtien \u00e0 la for\u00adma\u00adtion pro\u00adfes\u00adsion\u00adnelle conti\u00adnue, Une aide finan\u00adci\u00e8re, par exemple une allo\u00adca\u00adtion de ch\u00f4\u00admage si vous avez per\u00addu votre emploi (la dur\u00e9e de l\u2019al\u00adlo\u00adca\u00adtion de ch\u00f4\u00admage d\u00e9pend de la dur\u00e9e de votre emploi et de votre&nbsp;\u00e2ge). O\u00f9&nbsp;?\ud83c\udf10 Agen\u00adtur f\u00fcr Arbeit Karls\u00adruhe Brauers\u00adtra\u00dfe 1076135 Karls\u00adruheT\u00e9l. : 0800 4 5555 00 +49\u2026<\/p>\n","category_list_v2":"","author_info_v2":{"name":"saasweb-admin","url":"https:\/\/www.anika-net.de\/fr\/author\/saasweb-admin\/"},"comments_num_v2":"0 commentaire","uagb_featured_image_src":{"full":false,"thumbnail":false,"medium":false,"medium_large":false,"large":false,"1536x1536":false,"2048x2048":false,"event-overview":false,"event-archive-thumb":false,"grid-item-thumbnail":false,"network-partner-icon":false,"organiser-icon":false,"gform-image-choice-sm":false,"gform-image-choice-md":false,"gform-image-choice-lg":false},"uagb_author_info":{"display_name":"saasweb-admin","author_link":"https:\/\/www.anika-net.de\/fr\/author\/saasweb-admin\/"},"uagb_comment_info":0,"uagb_excerpt":"Com\u00adment trou\u00adver un emploi ou une for\u00adma\u00adtion&nbsp;? Si vous n\u2019a\u00advez pas d\u2019emploi, vous pou\u00advez vous ins\u00adcrire aupr\u00e8s de l\u2019Agen\u00adtur f\u00fcr Arbeit Karls\u00adruhe-Ras\u00adtatt (Agence pour l\u2019emploi) \u00e0Karlsruhe. Vous pou\u00advez y trouver&nbsp;:&nbsp;lire plus","_links":{"self":[{"href":"https:\/\/www.anika-net.de\/fr\/wp-json\/wp\/v2\/pages\/1035","targetHints":{"allow":["GET"]}}],"collection":[{"href":"https:\/\/www.anika-net.de\/fr\/wp-json\/wp\/v2\/pages"}],"about":[{"href":"https:\/\/www.anika-net.de\/fr\/wp-json\/wp\/v2\/types\/page"}],"author":[{"embeddable":true,"href":"https:\/\/www.anika-net.de\/fr\/wp-json\/wp\/v2\/users\/1"}],"replies":[{"embeddable":true,"href":"https:\/\/www.anika-net.de\/fr\/wp-json\/wp\/v2\/comments?post=1035"}],"version-history":[{"count":0,"href":"https:\/\/www.anika-net.de\/fr\/wp-json\/wp\/v2\/pages\/1035\/revisions"}],"up":[{"embeddable":true,"href":"https:\/\/www.anika-net.de\/fr\/wp-json\/wp\/v2\/pages\/2325"}],"wp:attachment":[{"href":"https:\/\/www.anika-net.de\/fr\/wp-json\/wp\/v2\/media?parent=1035"}],"curies":[{"name":"wp","href":"https:\/\/api.w.org\/{rel}","templated":true}]}}