{"id":34772,"date":"2023-03-03T15:46:28","date_gmt":"2023-03-03T14:46:28","guid":{"rendered":"https:\/\/www.anika-net.de\/aprender-aleman\/german-course-with-childcare\/"},"modified":"2025-09-01T10:07:09","modified_gmt":"2025-09-01T08:07:09","slug":"curso-de-aleman-con-guarderia","status":"publish","type":"page","link":"https:\/\/www.anika-net.de\/es\/aprender-aleman\/curso-de-aleman-con-guarderia\/","title":{"rendered":"Cur\u00adso de ale\u00adm\u00e1n con guarder\u00eda"},"content":{"rendered":"\n<p>Las per\u00adso\u00adnas que no pue\u00addan par\u00adti\u00adci\u00adpar en los cur\u00adsos de inte\u00adgra\u00adci\u00f3n o que est\u00e9n f\u00edsi\u00adca\u00admen\u00adte inca\u00adpa\u00adci\u00adta\u00addas para asis\u00adtir a dichos cur\u00adsos, podr\u00e1n par\u00adti\u00adci\u00adpar en ellos en vir\u00adtud del Regla\u00admen\u00adto Admi\u00adnis\u00adtra\u00adti\u00advo <em>(Ver\u00adwal\u00adtungs\u00advors\u00adchrift<\/em> VwV) alem\u00e1n.<\/p>\n\n\n\n<p><strong><span style=\"color: #078c88;\" class=\"stk-highlight\">Gru\u00adpo des\u00adti\u00adna\u00adta\u00adrio<\/span><\/strong><br>Los padres pue\u00adden par\u00adti\u00adci\u00adpar en el Cur\u00adso de Ale\u00adm\u00e1n con guarder\u00eda,<\/p>\n\n\n\n<ul class=\"wp-block-list\">\n<li>si tie\u00adnen hijos peque\u00ad\u00f1os, pero no dis\u00adpo\u00adnen de guar\u00adde\u00adr\u00eda y, por tan\u00adto, no pue\u00adden asis\u00adtir a un cur\u00adso de integraci\u00f3n.<\/li>\n<\/ul>\n\n\n\n<ul class=\"wp-block-list\">\n<li>si no tie\u00adnen per\u00admi\u00adso de resi\u00adden\u00adcia y, por tan\u00adto, no pue\u00adden asis\u00adtir a un cur\u00adso de integraci\u00f3n.<\/li>\n<\/ul>\n\n\n\n<p><strong><span style=\"color: #078c88;\" class=\"stk-highlight\">Cu\u00e1n\u00addo<\/span><\/strong><br>Ma\u00f1a\u00adnas y tardes<\/p>\n\n\n\n<p><strong><span style=\"color: #078c88;\" class=\"stk-highlight\">Pro\u00advee\u00addo\u00adres de cur\u00adsos e ins\u00adcrip\u00adci\u00f3n<\/span><\/strong><br>Para ins\u00adcri\u00adbir\u00adte en un cur\u00adso de ale\u00adm\u00e1n con guar\u00adde\u00adr\u00eda, pon\u00adte en con\u00adtac\u00adto direc\u00adta\u00admen\u00adte con los siguien\u00adtes pro\u00advee\u00addo\u00adres de cur\u00adsos de idiomas:<\/p>\n\n\n\n<p>\ud83c\udf10<strong><a href=\"https:\/\/www.aaw.de\/sprach-und-integrationskurse\" rel=\"noopener\">AAW Karls\u00adruhe<\/a><\/strong><br>\ud83d\udccd Gries\u00adbachs\u00adtra\u00dfe 12, 76185 Karls\u00adruhe<br>\ud83d\udcde 0157 3392 7304 o 0721 850290<br>\ud83d\udce7 kibe.karlsruhe@aaw.de<br><strong>D\u00f3n\u00adde:<\/strong> <strong><a href=\"https:\/\/www.anika-net.de\/wp-content\/uploads\/2021\/10\/20_07_Flyer_Deutschkurse_mit_Kinderbetreuung.pdf\">ibz Karls\u00adruhe<\/a><\/strong> <br>\ud83d\udccdKai\u00adse\u00adra\u00adllee 12 d, 76133 Karlsruhe<\/p>\n\n\n\n<p>\ud83c\udf10 <strong><a href=\"https:\/\/future-gate.eu\/\" rel=\"noopener\">Futu\u00adre Gate Bil\u00addung und Trai\u00adning<\/a><\/strong><br>\ud83d\udccd Kai\u00adsers\u00adtra\u00dfe 156, 76133 Karls\u00adruhe<br>\ud83d\udcde 0721 6697 1359<br>\ud83d\udce7 info@future-gate.eu<br><strong>D\u00f3n\u00adde<\/strong>: <a href=\"https:\/\/future-gate.eu\/\" rel=\"noopener\"><strong>Futu\u00adre Gate<\/strong><\/a><br>\ud83d\udccd Kai\u00adsers\u00adtra\u00dfe 156, 76133 Karlsruhe<\/p>\n\n\n\n<p>Los cur\u00adsos de inte\u00adgra\u00adci\u00f3n con guar\u00adde\u00adr\u00eda se finan\u00adcian como par\u00adte del pro\u00adgra\u00adma fede\u00adral \u2197\ufe0f \u201c<a href=\"https:\/\/www.fruehe-chancen.de\/themen\/integration-und-inklusion\/bundesprogramm-integrationskurs-mit-kind\" rel=\"noopener\"><strong>Cur\u00adso de inte\u00adgra\u00adci\u00f3n con ni\u00f1o<\/strong><\/a>\u201d del Minis\u00adte\u00adrio Fede\u00adral de Fami\u00adlia, Ter\u00adce\u00adra Edad, Mujer y Juven\u00adtud (BMFSFJ). La ofer\u00adta cuen\u00adta con el apo\u00adyo de la Ofi\u00adci\u00adna de Inte\u00adgra\u00adci\u00f3n y el Depar\u00adta\u00admen\u00adto de Guar\u00adde\u00adr\u00edas Infan\u00adti\u00adles de la ciu\u00addad de Karls\u00adruhe. <br><br>Los cur\u00adsos de ale\u00adm\u00e1n de la VwV est\u00e1n finan\u00adcia\u00addos por el esta\u00addo de Baden-Wur\u00adtem\u00adberg y la ciu\u00addad de Karls\u00adruhe. La ofer\u00adta se lle\u00adva a cabo en coope\u00adra\u00adci\u00f3n con el \u2197\ufe0f <strong> <a href=\"https:\/\/www.aaw.de\/\" rel=\"noopener\">Arbeits\u00adkreis f\u00fcr Aus- und Wei\u00adter\u00adbil\u00addung Karls\u00adruhe (AAW)<\/a><\/strong> y el <strong>\u2197\ufe0f <a href=\"https:\/\/www.ibz-karlsruhe.de\/\" rel=\"noopener\">Cen\u00adtro Inter\u00adna\u00adcio\u00adnal de Reunio\u00adnes Karls\u00adruhe e. <\/a><\/strong> as\u00ed como con el ama\u00adble apo\u00adyo del \u2197\ufe0f <strong> <a href=\"https:\/\/www.jobcenter-stadt-karlsruhe.de\/\" rel=\"noopener\">Job\u00adcen\u00adter Karlsruhe.<\/a><\/strong><\/p>\n\n\n\n<h2 class=\"wp-block-heading\"><span style=\"color: #078c88;\" class=\"stk-highlight\">Noti\u00adcias<\/span><\/h2>\n\n\n\n<details class=\"wp-block-stackable-accordion stk-block-accordion stk-inner-blocks stk-block-content stk-block stk-586a212 is-style-default\" data-block-id=\"586a212\">\n<summary class=\"wp-block-stackable-column stk-block-column stk-column stk-block stk-b82b200 stk--container-small stk-block-accordion__heading\" data-v=\"4\" data-block-id=\"b82b200\"><div class=\"stk-column-wrapper stk-block-column__content stk-container stk-b82b200-container stk-hover-parent\"><div class=\"stk-block-content stk-inner-blocks stk-b82b200-inner-blocks\">\n<div class=\"wp-block-stackable-icon-label stk-block-icon-label stk-block stk-adc16ac\" data-block-id=\"adc16ac\"><div class=\"stk-row stk-inner-blocks stk-block-content\">\n<div class=\"wp-block-stackable-heading stk-block-heading stk-block-heading--v2 stk-block stk-3e53cec\" id=\"parents-meeting-and-childrens-language-course\" data-block-id=\"3e53cec\"><h4 class=\"stk-block-heading__text\">Cur\u00adso de ale\u00adm\u00e1n para ni\u00f1os (sin pla\u00adza en jar\u00add\u00edn infantil)&nbsp;<\/h4><\/div>\n\n\n\n<div class=\"wp-block-stackable-icon stk-block-icon stk-block stk-ec26a2c\" data-block-id=\"ec26a2c\"><span class=\"stk--svg-wrapper\"><div class=\"stk--inner-svg\"><svg style=\"height:0;width:0\"><defs><linearGradient id=\"linear-gradient-ec26a2c\" x1=\"0\" x2=\"100%\" y1=\"0\" y2=\"0\"><stop offset=\"0%\" style=\"stop-opacity:1;stop-color:var(--linear-gradient-ec-26-a-2-c-color-1)\" \/><stop offset=\"100%\" style=\"stop-opacity:1;stop-color:var(--linear-gradient-ec-26-a-2-c-color-2)\" \/><\/linearGradient><\/defs><\/svg><svg data-prefix=\"fas\" data-icon=\"chevron-down\" class=\"svg-inline--fa fa-chevron-down fa-w-14\" viewBox=\"0 0 448 512\" aria-hidden=\"true\" width=\"32\" height=\"32\"><path fill=\"currentColor\" d=\"M207.029 381.476L12.686 187.132c-9.373-9.373-9.373-24.569 0-33.941l22.667-22.667c9.357-9.357 24.522-9.375 33.901-.04L224 284.505l154.745-154.021c9.379-9.335 24.544-9.317 33.901.04l22.667 22.667c9.373 9.373 9.373 24.569 0 33.941L240.971 381.476c-9.373 9.372-24.569 9.372-33.942 0z\" \/><\/svg><\/div><\/span><\/div>\n<\/div><\/div>\n<\/div><\/div><\/summary>\n\n\n\n<div class=\"wp-block-stackable-column stk-block-column stk-column stk-block stk-5156b07 stk-block-accordion__content\" data-v=\"4\" data-block-id=\"5156b07\"><div class=\"stk-column-wrapper stk-block-column__content stk-container stk-5156b07-container stk--no-background stk--no-padding\"><div class=\"stk-block-content stk-inner-blocks stk-5156b07-inner-blocks\">\n<div class=\"wp-block-stackable-text stk-block-text stk-block stk-538f2fb\" data-block-id=\"538f2fb\"><p class=\"stk-block-text__text\">En cola\u00adbo\u00adra\u00adci\u00f3n con la AWO de Karls\u00adruhe, la Ofi\u00adci\u00adna para la Inte\u00adgra\u00adci\u00f3n ofre\u00adce un pro\u00adyec\u00adto pilo\u00adto para <strong>fomen\u00adtar los cono\u00adci\u00admien\u00adtos de ale\u00adm\u00e1n de los ni\u00f1os sin pla\u00adza en el jar\u00add\u00edn de infan\u00adcia<\/strong>, con una reu\u00adni\u00f3n para\u00adle\u00adla para los padres.<br>Qui\u00e9n pue\u00adde par\u00adti\u00adci\u00adpar: padres (nue\u00advos) inmi\u00adgran\u00adtes y <strong>sus hijos de cua\u00adtro a seis a\u00f1os<\/strong> que a\u00fan no ten\u00adgan pla\u00adza en el jar\u00add\u00edn de infan\u00adcia.<br><br><strong>Hora\u00adrio del cur\u00adso:<\/strong> La ins\u00adcrip\u00adci\u00f3n es posi\u00adble en cual\u00adquier momen\u00adto siem\u00adpre que que\u00adden pla\u00adzas dis\u00adpo\u00adni\u00adbles. De lo con\u00adtra\u00adrio, man\u00adte\u00adne\u00admos una lis\u00adta de espe\u00adra y nos pon\u00addre\u00admos en con\u00adtac\u00adto con\u00adti\u00adgo en cuan\u00adto haya una pla\u00adza dis\u00adpo\u00adni\u00adble. <br><br>\ud83d\udccdBleichs\u00adtra\u00dfe 9, 76227 Karls\u00adruhe<br><strong>Orga\u00adni\u00adza\u00addor del cur\u00adso:<\/strong> AWO Karls\u00adruhe gGmbH, Gritz\u00adners\u00adtra\u00dfe 8, 76227 Karls\u00adruhe<br><br><strong>Per\u00adso\u00adnas de con\u00adtac\u00adto:<\/strong> Sil\u00adke Tel\u00adts\u00adcher y Sami\u00adra Ahmed<br>\ud83d\udcde 0171 68 13 739<br>\ud83d\udcde 0171 62 86 094<br>\ud83d\udce7 s.teltscher@awo-karlsruhe.de<br>\ud83d\udce7 s.ahmed@awo-karlsruhe.de<br><br><strong>Ins\u00adcrip\u00adci\u00f3n y con\u00adsul\u00adta per\u00adso\u00adnal con cita pre\u00advia<\/strong><br>El ser\u00advi\u00adcio est\u00e1 finan\u00adcia\u00addo por el esta\u00addo de Baden-Wur\u00adtem\u00adberg y la Ofi\u00adci\u00adna para la Integraci\u00f3n.<\/p><\/div>\n<\/div><\/div><\/div>\n<\/details>\n","protected":false},"excerpt":{"rendered":"<p>Las per\u00adso\u00adnas que no pue\u00addan par\u00adti\u00adci\u00adpar en los cur\u00adsos de inte\u00adgra\u00adci\u00f3n o que est\u00e9n f\u00edsi\u00adca\u00admen\u00adte inca\u00adpa\u00adci\u00adta\u00addas para asis\u00adtir a dichos cur\u00adsos, podr\u00e1n par\u00adti\u00adci\u00adpar en ellos en vir\u00adtud del Regla\u00admen\u00adto Admi\u00adnis\u00adtra\u00adti\u00advo&nbsp;<a class=\"moretag\" href=\"https:\/\/www.anika-net.de\/es\/aprender-aleman\/curso-de-aleman-con-guarderia\/\">leer m\u00e1s<\/a><\/p>\n","protected":false},"author":12,"featured_media":37375,"parent":34762,"menu_order":20,"comment_status":"closed","ping_status":"closed","template":"","meta":{"_acf_changed":false,"inline_featured_image":false,"_uag_custom_page_level_css":"","wp_typography_post_enhancements_disabled":false,"footnotes":""},"class_list":["post-34772","page","type-page","status-publish","has-post-thumbnail","hentry"],"acf":[],"featured_image_urls_v2":{"full":["https:\/\/www.anika-net.de\/wp-content\/uploads\/2023\/04\/Kinderbetreuung-05n-05.png",2000,1111,false],"thumbnail":["https:\/\/www.anika-net.de\/wp-content\/uploads\/2023\/04\/Kinderbetreuung-05n-05-150x150.png",150,150,true],"medium":["https:\/\/www.anika-net.de\/wp-content\/uploads\/2023\/04\/Kinderbetreuung-05n-05-300x167.png",300,167,true],"medium_large":["https:\/\/www.anika-net.de\/wp-content\/uploads\/2023\/04\/Kinderbetreuung-05n-05-768x427.png",640,356,true],"large":["https:\/\/www.anika-net.de\/wp-content\/uploads\/2023\/04\/Kinderbetreuung-05n-05-1024x569.png",640,356,true],"1536x1536":["https:\/\/www.anika-net.de\/wp-content\/uploads\/2023\/04\/Kinderbetreuung-05n-05-1536x853.png",1536,853,true],"2048x2048":["https:\/\/www.anika-net.de\/wp-content\/uploads\/2023\/04\/Kinderbetreuung-05n-05.png",2000,1111,false],"event-overview":["https:\/\/www.anika-net.de\/wp-content\/uploads\/2023\/04\/Kinderbetreuung-05n-05-960x640.png",960,640,true],"event-archive-thumb":["https:\/\/www.anika-net.de\/wp-content\/uploads\/2023\/04\/Kinderbetreuung-05n-05-480x267.png",480,267,true],"grid-item-thumbnail":["https:\/\/www.anika-net.de\/wp-content\/uploads\/2023\/04\/Kinderbetreuung-05n-05-360x200.png",360,200,true],"network-partner-icon":["https:\/\/www.anika-net.de\/wp-content\/uploads\/2023\/04\/Kinderbetreuung-05n-05-100x100.png",100,100,true],"organiser-icon":["https:\/\/www.anika-net.de\/wp-content\/uploads\/2023\/04\/Kinderbetreuung-05n-05-200x200.png",200,200,true],"gform-image-choice-sm":["https:\/\/www.anika-net.de\/wp-content\/uploads\/2023\/04\/Kinderbetreuung-05n-05.png",300,167,false],"gform-image-choice-md":["https:\/\/www.anika-net.de\/wp-content\/uploads\/2023\/04\/Kinderbetreuung-05n-05.png",400,222,false],"gform-image-choice-lg":["https:\/\/www.anika-net.de\/wp-content\/uploads\/2023\/04\/Kinderbetreuung-05n-05.png",600,333,false]},"post_excerpt_stackable_v2":"<p>Las per\u00adso\u00adnas que no pue\u00addan par\u00adti\u00adci\u00adpar en los cur\u00adsos de inte\u00adgra\u00adci\u00f3n o que est\u00e9n f\u00edsi\u00adca\u00admen\u00adte inca\u00adpa\u00adci\u00adta\u00addas para asis\u00adtir a dichos cur\u00adsos, podr\u00e1n par\u00adti\u00adci\u00adpar en ellos en vir\u00adtud del Regla\u00admen\u00adto Admi\u00adnis\u00adtra\u00adti\u00advo (Ver\u00adwal\u00adtungs\u00advors\u00adchrift VwV) ale\u00adm\u00e1n. Gru\u00adpo des\u00adti\u00adna\u00adta\u00adrioLos padres pue\u00adden par\u00adti\u00adci\u00adpar en el Cur\u00adso de Ale\u00adm\u00e1n con guar\u00adde\u00adr\u00eda, si tie\u00adnen hijos peque\u00ad\u00f1os, pero no dis\u00adpo\u00adnen de guar\u00adde\u00adr\u00eda y, por tan\u00adto, no pue\u00adden asis\u00adtir a un cur\u00adso de inte\u00adgra\u00adci\u00f3n. si no tie\u00adnen per\u00admi\u00adso de resi\u00adden\u00adcia y, por tan\u00adto, no pue\u00adden asis\u00adtir a un cur\u00adso de inte\u00adgra\u00adci\u00f3n. Cu\u00e1n\u00addoMa\u00f1a\u00adnas y tar\u00addes Pro\u00advee\u00addo\u00adres de cur\u00adsos e ins\u00adcrip\u00adci\u00f3nPara ins\u00adcri\u00adbir\u00adte en un cur\u00adso de ale\u00adm\u00e1n con guar\u00adde\u00adr\u00eda, pon\u00adte&nbsp;en\u2026<\/p>\n","category_list_v2":"","author_info_v2":{"name":"Andrea Ramirez","url":"https:\/\/www.anika-net.de\/es\/author\/andrea-ramirez\/"},"comments_num_v2":"0 comentarios","uagb_featured_image_src":{"full":["https:\/\/www.anika-net.de\/wp-content\/uploads\/2023\/04\/Kinderbetreuung-05n-05.png",2000,1111,false],"thumbnail":["https:\/\/www.anika-net.de\/wp-content\/uploads\/2023\/04\/Kinderbetreuung-05n-05-150x150.png",150,150,true],"medium":["https:\/\/www.anika-net.de\/wp-content\/uploads\/2023\/04\/Kinderbetreuung-05n-05-300x167.png",300,167,true],"medium_large":["https:\/\/www.anika-net.de\/wp-content\/uploads\/2023\/04\/Kinderbetreuung-05n-05-768x427.png",640,356,true],"large":["https:\/\/www.anika-net.de\/wp-content\/uploads\/2023\/04\/Kinderbetreuung-05n-05-1024x569.png",640,356,true],"1536x1536":["https:\/\/www.anika-net.de\/wp-content\/uploads\/2023\/04\/Kinderbetreuung-05n-05-1536x853.png",1536,853,true],"2048x2048":["https:\/\/www.anika-net.de\/wp-content\/uploads\/2023\/04\/Kinderbetreuung-05n-05.png",2000,1111,false],"event-overview":["https:\/\/www.anika-net.de\/wp-content\/uploads\/2023\/04\/Kinderbetreuung-05n-05-960x640.png",960,640,true],"event-archive-thumb":["https:\/\/www.anika-net.de\/wp-content\/uploads\/2023\/04\/Kinderbetreuung-05n-05-480x267.png",480,267,true],"grid-item-thumbnail":["https:\/\/www.anika-net.de\/wp-content\/uploads\/2023\/04\/Kinderbetreuung-05n-05-360x200.png",360,200,true],"network-partner-icon":["https:\/\/www.anika-net.de\/wp-content\/uploads\/2023\/04\/Kinderbetreuung-05n-05-100x100.png",100,100,true],"organiser-icon":["https:\/\/www.anika-net.de\/wp-content\/uploads\/2023\/04\/Kinderbetreuung-05n-05-200x200.png",200,200,true],"gform-image-choice-sm":["https:\/\/www.anika-net.de\/wp-content\/uploads\/2023\/04\/Kinderbetreuung-05n-05.png",300,167,false],"gform-image-choice-md":["https:\/\/www.anika-net.de\/wp-content\/uploads\/2023\/04\/Kinderbetreuung-05n-05.png",400,222,false],"gform-image-choice-lg":["https:\/\/www.anika-net.de\/wp-content\/uploads\/2023\/04\/Kinderbetreuung-05n-05.png",600,333,false]},"uagb_author_info":{"display_name":"Andrea Ramirez","author_link":"https:\/\/www.anika-net.de\/es\/author\/andrea-ramirez\/"},"uagb_comment_info":0,"uagb_excerpt":"Las per\u00adso\u00adnas que no pue\u00addan par\u00adti\u00adci\u00adpar en los cur\u00adsos de inte\u00adgra\u00adci\u00f3n o que est\u00e9n f\u00edsi\u00adca\u00admen\u00adte inca\u00adpa\u00adci\u00adta\u00addas para asis\u00adtir a dichos cur\u00adsos, podr\u00e1n par\u00adti\u00adci\u00adpar en ellos en vir\u00adtud del Regla\u00admen\u00adto Admi\u00adnis\u00adtra\u00adti\u00advo&nbsp;leer m\u00e1s","_links":{"self":[{"href":"https:\/\/www.anika-net.de\/es\/wp-json\/wp\/v2\/pages\/34772","targetHints":{"allow":["GET"]}}],"collection":[{"href":"https:\/\/www.anika-net.de\/es\/wp-json\/wp\/v2\/pages"}],"about":[{"href":"https:\/\/www.anika-net.de\/es\/wp-json\/wp\/v2\/types\/page"}],"author":[{"embeddable":true,"href":"https:\/\/www.anika-net.de\/es\/wp-json\/wp\/v2\/users\/12"}],"replies":[{"embeddable":true,"href":"https:\/\/www.anika-net.de\/es\/wp-json\/wp\/v2\/comments?post=34772"}],"version-history":[{"count":7,"href":"https:\/\/www.anika-net.de\/es\/wp-json\/wp\/v2\/pages\/34772\/revisions"}],"predecessor-version":[{"id":64350,"href":"https:\/\/www.anika-net.de\/es\/wp-json\/wp\/v2\/pages\/34772\/revisions\/64350"}],"up":[{"embeddable":true,"href":"https:\/\/www.anika-net.de\/es\/wp-json\/wp\/v2\/pages\/34762"}],"wp:featuredmedia":[{"embeddable":true,"href":"https:\/\/www.anika-net.de\/es\/wp-json\/wp\/v2\/media\/37375"}],"wp:attachment":[{"href":"https:\/\/www.anika-net.de\/es\/wp-json\/wp\/v2\/media?parent=34772"}],"curies":[{"name":"wp","href":"https:\/\/api.w.org\/{rel}","templated":true}]}}