{"id":24375,"date":"2022-08-09T12:38:52","date_gmt":"2022-08-09T10:38:52","guid":{"rendered":"https:\/\/www.anika-net.de\/sobre-nosotros\/que-es-anika\/"},"modified":"2023-04-20T17:10:08","modified_gmt":"2023-04-20T15:10:08","slug":"que-es-anika","status":"publish","type":"page","link":"https:\/\/www.anika-net.de\/es\/sobre-nosotros\/que-es-anika\/","title":{"rendered":"Qu\u00e9 es&nbsp;AniKA"},"content":{"rendered":"\n<div class=\"wp-block-columns are-vertically-aligned-center is-layout-flex wp-container-core-columns-is-layout-9d6595d7 wp-block-columns-is-layout-flex\">\n<div class=\"wp-block-column is-vertically-aligned-center is-layout-flow wp-block-column-is-layout-flow\" style=\"flex-basis:100%\">\n<div class=\"wp-block-group\"><div class=\"wp-block-group__inner-container is-layout-flow wp-block-group-is-layout-flow\">\n<figure class=\"wp-block-image size-full is-resized\"><img decoding=\"async\" src=\"https:\/\/www.anika-net.de\/wp-content\/uploads\/2022\/02\/NEU_Anika_Logo_klein-schmal.jpg\" alt class=\"wp-image-14480\" width=\"346\" height=\"135\" srcset=\"https:\/\/www.anika-net.de\/wp-content\/uploads\/2022\/02\/NEU_Anika_Logo_klein-schmal.jpg 599w, https:\/\/www.anika-net.de\/wp-content\/uploads\/2022\/02\/NEU_Anika_Logo_klein-schmal-300x117.jpg 300w, https:\/\/www.anika-net.de\/wp-content\/uploads\/2022\/02\/NEU_Anika_Logo_klein-schmal-480x188.jpg 480w\" sizes=\"(max-width: 346px) 100vw, 346px\"><\/figure>\n<\/div><\/div>\n<\/div>\n<\/div>\n\n<h2 class=\"wp-block-heading\" id=\"anika-arriving-in-karlsruhe\">Ani\u00adKA \u2014 Lle\u00adga\u00adda a Karlsruhe<\/h2>\n\n<p class=\"has-text-align-left\"><br>La red Ani\u00adKA \u2014 Arri\u00adving in Karls\u00adruhe es una <strong>alian\u00adza de par\u00adtes intere\u00adsa\u00addas que tra\u00adba\u00adjan en la pol\u00ed\u00adti\u00adca de inte\u00adgra\u00adci\u00f3n en la ciu\u00addad de Karls\u00adruhe<\/strong>. <\/p>\n\n<p class=\"has-text-align-left\">El obje\u00adti\u00advo de la red Ani\u00adKA es seguir desa\u00adrro\u00adllan\u00addo la <strong>Estruc\u00adtu\u00adra de Aco\u00adgi\u00adda de<\/strong> Karls\u00adruhe y esta\u00adble\u00adcer la \u201cRuta de Inte\u00adgra\u00adci\u00f3n de Karls\u00adruhe\u201d. La Red quie\u00adre invo\u00adlu\u00adcrar a todos los acto\u00adres de la ciu\u00addad de Karls\u00adruhe que est\u00e1n en con\u00adtac\u00adto con los inmi\u00adgran\u00adtes.<br>Las reunio\u00adnes de la red se cele\u00adbran dos veces al a\u00f1o. Su obje\u00adti\u00advo es esta\u00adble\u00adcer un inter\u00adcam\u00adbio, dar una visi\u00f3n gene\u00adral de las nece\u00adsi\u00adda\u00addes y ofer\u00adtas para todas las per\u00adso\u00adnas que son nue\u00advas en Karls\u00adruhe.<br><br>La pre\u00adsi\u00adden\u00adcia recae en la <strong>Ofi\u00adci\u00adna de Inte\u00adgra\u00adci\u00f3n de Karls\u00adruhe<\/strong>y la ofi\u00adci\u00adna de Ani\u00adKA se encuen\u00adtra en <strong>ibz (Inter\u00adna\u00adtio\u00adna\u00adles Begeg\u00adnungs\u00adzen\u00adtrum Karls\u00adruhe)<\/strong>. Un ges\u00adtor de pro\u00adyec\u00adtos man\u00adtie\u00adne la red y la p\u00e1gi\u00adna web de Ani\u00adKA, don\u00adde los reci\u00e9n lle\u00adga\u00addos pue\u00adden obte\u00adner una visi\u00f3n gene\u00adral de las ofer\u00adtas en Karls\u00adruhe. Con Ani\u00adKA que\u00adre\u00admos infor\u00admar y orien\u00adtar a todos los reci\u00e9n lle\u00adga\u00addos a Karls\u00adruhe sobre temas como la vivien\u00adda, el apren\u00addi\u00adza\u00adje del idio\u00adma, el cui\u00adda\u00addo de los ni\u00f1os, la edu\u00adca\u00adci\u00f3n esco\u00adlar, la salud, el tiem\u00adpo libre y la cul\u00adtu\u00adra. Nues\u00adtro obje\u00adti\u00advo es faci\u00adli\u00adtar la par\u00adti\u00adci\u00adpa\u00adci\u00f3n de los reci\u00e9n lle\u00adga\u00addos en la socie\u00addad y el tra\u00adba\u00adjo. Que\u00adre\u00admos que se sien\u00adtan bien\u00adve\u00adni\u00addos en Karls\u00adruhe des\u00adde el prin\u00adci\u00adpio.<br><br>Exis\u00adte un <strong>comi\u00adt\u00e9 direc\u00adti\u00advo<\/strong> para hacer avan\u00adzar el pro\u00adyec\u00adto. Se re\u00fane unas cua\u00adtro veces al a\u00f1o. Los miem\u00adbros per\u00adma\u00adnen\u00adtes del Comi\u00adt\u00e9 Direc\u00adti\u00advo son: la Ofi\u00adci\u00adna para la Inte\u00adgra\u00adci\u00f3n (B\u00fcro f\u00fcr Inte\u00adgra\u00adtion), el Cen\u00adtro Inter\u00adna\u00adcio\u00adnal de Encuen\u00adtros (Inter\u00adna\u00adtio\u00adna\u00adles Begeg\u00adnungs\u00adzen\u00adtrum) y la Ofi\u00adci\u00adna de Orden P\u00fabli\u00adco (Ord\u00adnung\u00adsamt). Cada dos a\u00f1os se nom\u00adbran dos nue\u00advos miem\u00adbros del Comi\u00adt\u00e9 Direc\u00adti\u00advo. El Ser\u00advi\u00adcio Ecu\u00adm\u00e9\u00adni\u00adco de Migra\u00adci\u00f3n (\u00d6MD) y la C\u00e1ma\u00adra de Comer\u00adcio e Indus\u00adtria de Karls\u00adruhe (IHK Karls\u00adruhe) fue\u00adron ele\u00adgi\u00addos duran\u00adte la \u00falti\u00adma reu\u00adni\u00f3n de la alian\u00adza en&nbsp;2022.<\/p>\n","protected":false},"excerpt":{"rendered":"<p>Ani\u00adKA \u2014 Lle\u00adga\u00adda a Karls\u00adruhe La red Ani\u00adKA \u2014 Arri\u00adving in Karls\u00adruhe es una alian\u00adza de par\u00adtes intere\u00adsa\u00addas que tra\u00adba\u00adjan en la pol\u00ed\u00adti\u00adca de inte\u00adgra\u00adci\u00f3n en la ciu\u00addad de Karls\u00adruhe.&nbsp;<a class=\"moretag\" href=\"https:\/\/www.anika-net.de\/es\/sobre-nosotros\/que-es-anika\/\">leer m\u00e1s<\/a><\/p>\n","protected":false},"author":1,"featured_media":31863,"parent":24319,"menu_order":11,"comment_status":"closed","ping_status":"closed","template":"","meta":{"_acf_changed":false,"inline_featured_image":false,"_uag_custom_page_level_css":"","wp_typography_post_enhancements_disabled":false,"footnotes":""},"class_list":["post-24375","page","type-page","status-publish","has-post-thumbnail","hentry"],"acf":[],"featured_image_urls_v2":{"full":["https:\/\/www.anika-net.de\/wp-content\/uploads\/2023\/02\/Was-ist-01.png",2000,1111,false],"thumbnail":["https:\/\/www.anika-net.de\/wp-content\/uploads\/2023\/02\/Was-ist-01-150x150.png",150,150,true],"medium":["https:\/\/www.anika-net.de\/wp-content\/uploads\/2023\/02\/Was-ist-01-300x167.png",300,167,true],"medium_large":["https:\/\/www.anika-net.de\/wp-content\/uploads\/2023\/02\/Was-ist-01-768x427.png",640,356,true],"large":["https:\/\/www.anika-net.de\/wp-content\/uploads\/2023\/02\/Was-ist-01-1024x569.png",640,356,true],"1536x1536":["https:\/\/www.anika-net.de\/wp-content\/uploads\/2023\/02\/Was-ist-01-1536x853.png",1536,853,true],"2048x2048":["https:\/\/www.anika-net.de\/wp-content\/uploads\/2023\/02\/Was-ist-01.png",2000,1111,false],"event-overview":["https:\/\/www.anika-net.de\/wp-content\/uploads\/2023\/02\/Was-ist-01-960x640.png",960,640,true],"event-archive-thumb":["https:\/\/www.anika-net.de\/wp-content\/uploads\/2023\/02\/Was-ist-01-480x267.png",480,267,true],"grid-item-thumbnail":["https:\/\/www.anika-net.de\/wp-content\/uploads\/2023\/02\/Was-ist-01-360x200.png",360,200,true],"network-partner-icon":["https:\/\/www.anika-net.de\/wp-content\/uploads\/2023\/02\/Was-ist-01-100x100.png",100,100,true],"organiser-icon":["https:\/\/www.anika-net.de\/wp-content\/uploads\/2023\/02\/Was-ist-01-200x200.png",200,200,true],"gform-image-choice-sm":["https:\/\/www.anika-net.de\/wp-content\/uploads\/2023\/02\/Was-ist-01.png",300,167,false],"gform-image-choice-md":["https:\/\/www.anika-net.de\/wp-content\/uploads\/2023\/02\/Was-ist-01.png",400,222,false],"gform-image-choice-lg":["https:\/\/www.anika-net.de\/wp-content\/uploads\/2023\/02\/Was-ist-01.png",600,333,false]},"post_excerpt_stackable_v2":"<p>Ani\u00adKA \u2014 Lle\u00adga\u00adda a Karls\u00adruhe La red Ani\u00adKA \u2014 Arri\u00adving in Karls\u00adruhe es una alian\u00adza de par\u00adtes intere\u00adsa\u00addas que tra\u00adba\u00adjan en la pol\u00ed\u00adti\u00adca de inte\u00adgra\u00adci\u00f3n en la ciu\u00addad de Karls\u00adruhe. El obje\u00adti\u00advo de la red Ani\u00adKA es seguir desa\u00adrro\u00adllan\u00addo la Estruc\u00adtu\u00adra de Aco\u00adgi\u00adda de Karls\u00adruhe y esta\u00adble\u00adcer la \u201cRuta de Inte\u00adgra\u00adci\u00f3n de Karls\u00adruhe\u201d. La Red quie\u00adre invo\u00adlu\u00adcrar a todos los acto\u00adres de la ciu\u00addad de Karls\u00adruhe que est\u00e1n en con\u00adtac\u00adto con los inmi\u00adgran\u00adtes.Las reunio\u00adnes de la red se cele\u00adbran dos veces al a\u00f1o. Su obje\u00adti\u00advo es esta\u00adble\u00adcer un inter\u00adcam\u00adbio, dar una visi\u00f3n gene\u00adral de las nece\u00adsi\u00adda\u00addes y ofer\u00adtas para&nbsp;todas\u2026<\/p>\n","category_list_v2":"","author_info_v2":{"name":"saasweb-admin","url":"https:\/\/www.anika-net.de\/es\/author\/saasweb-admin\/"},"comments_num_v2":"0 comentarios","uagb_featured_image_src":{"full":["https:\/\/www.anika-net.de\/wp-content\/uploads\/2023\/02\/Was-ist-01.png",2000,1111,false],"thumbnail":["https:\/\/www.anika-net.de\/wp-content\/uploads\/2023\/02\/Was-ist-01-150x150.png",150,150,true],"medium":["https:\/\/www.anika-net.de\/wp-content\/uploads\/2023\/02\/Was-ist-01-300x167.png",300,167,true],"medium_large":["https:\/\/www.anika-net.de\/wp-content\/uploads\/2023\/02\/Was-ist-01-768x427.png",640,356,true],"large":["https:\/\/www.anika-net.de\/wp-content\/uploads\/2023\/02\/Was-ist-01-1024x569.png",640,356,true],"1536x1536":["https:\/\/www.anika-net.de\/wp-content\/uploads\/2023\/02\/Was-ist-01-1536x853.png",1536,853,true],"2048x2048":["https:\/\/www.anika-net.de\/wp-content\/uploads\/2023\/02\/Was-ist-01.png",2000,1111,false],"event-overview":["https:\/\/www.anika-net.de\/wp-content\/uploads\/2023\/02\/Was-ist-01-960x640.png",960,640,true],"event-archive-thumb":["https:\/\/www.anika-net.de\/wp-content\/uploads\/2023\/02\/Was-ist-01-480x267.png",480,267,true],"grid-item-thumbnail":["https:\/\/www.anika-net.de\/wp-content\/uploads\/2023\/02\/Was-ist-01-360x200.png",360,200,true],"network-partner-icon":["https:\/\/www.anika-net.de\/wp-content\/uploads\/2023\/02\/Was-ist-01-100x100.png",100,100,true],"organiser-icon":["https:\/\/www.anika-net.de\/wp-content\/uploads\/2023\/02\/Was-ist-01-200x200.png",200,200,true],"gform-image-choice-sm":["https:\/\/www.anika-net.de\/wp-content\/uploads\/2023\/02\/Was-ist-01.png",300,167,false],"gform-image-choice-md":["https:\/\/www.anika-net.de\/wp-content\/uploads\/2023\/02\/Was-ist-01.png",400,222,false],"gform-image-choice-lg":["https:\/\/www.anika-net.de\/wp-content\/uploads\/2023\/02\/Was-ist-01.png",600,333,false]},"uagb_author_info":{"display_name":"saasweb-admin","author_link":"https:\/\/www.anika-net.de\/es\/author\/saasweb-admin\/"},"uagb_comment_info":0,"uagb_excerpt":"Ani\u00adKA \u2014 Lle\u00adga\u00adda a Karlsruhe La red Ani\u00adKA \u2014 Arri\u00adving in Karls\u00adruhe es una alian\u00adza de par\u00adtes intere\u00adsa\u00addas que tra\u00adba\u00adjan en la pol\u00ed\u00adti\u00adca de inte\u00adgra\u00adci\u00f3n en la ciu\u00addad de Karls\u00adruhe.&nbsp;leer m\u00e1s","_links":{"self":[{"href":"https:\/\/www.anika-net.de\/es\/wp-json\/wp\/v2\/pages\/24375","targetHints":{"allow":["GET"]}}],"collection":[{"href":"https:\/\/www.anika-net.de\/es\/wp-json\/wp\/v2\/pages"}],"about":[{"href":"https:\/\/www.anika-net.de\/es\/wp-json\/wp\/v2\/types\/page"}],"author":[{"embeddable":true,"href":"https:\/\/www.anika-net.de\/es\/wp-json\/wp\/v2\/users\/1"}],"replies":[{"embeddable":true,"href":"https:\/\/www.anika-net.de\/es\/wp-json\/wp\/v2\/comments?post=24375"}],"version-history":[{"count":0,"href":"https:\/\/www.anika-net.de\/es\/wp-json\/wp\/v2\/pages\/24375\/revisions"}],"up":[{"embeddable":true,"href":"https:\/\/www.anika-net.de\/es\/wp-json\/wp\/v2\/pages\/24319"}],"wp:featuredmedia":[{"embeddable":true,"href":"https:\/\/www.anika-net.de\/es\/wp-json\/wp\/v2\/media\/31863"}],"wp:attachment":[{"href":"https:\/\/www.anika-net.de\/es\/wp-json\/wp\/v2\/media?parent=24375"}],"curies":[{"name":"wp","href":"https:\/\/api.w.org\/{rel}","templated":true}]}}