{"id":24326,"date":"2022-08-09T12:38:21","date_gmt":"2022-08-09T10:38:21","guid":{"rendered":"https:\/\/www.anika-net.de\/llegando-a\/trabajando\/reconocimiento-de-sus-cualificaciones-profesionales\/"},"modified":"2023-12-19T13:44:12","modified_gmt":"2023-12-19T12:44:12","slug":"reconocimiento-de-sus-cualificaciones-profesionales","status":"publish","type":"page","link":"https:\/\/www.anika-net.de\/es\/llegando-a\/trabajo\/reconocimiento-de-sus-cualificaciones-profesionales\/","title":{"rendered":"Reco\u00adno\u00adci\u00admien\u00adto de cua\u00adli\u00adfi\u00adca\u00adcio\u00adnes profesionales"},"content":{"rendered":"\n<p>\u00bfHa obte\u00adni\u00addo su cer\u00adti\u00adfi\u00adca\u00addo de fin de estu\u00addios, su for\u00adma\u00adci\u00f3n pro\u00adfe\u00adsio\u00adnal o su t\u00edtu\u00adlo en otro pa\u00eds? Si es as\u00ed, su t\u00edtu\u00adlo pue\u00adde ser exa\u00admi\u00adna\u00addo y reco\u00adno\u00adci\u00addo en Alemania.<\/p>\n\n\n\n<p>Ave\u00adri\u00adg\u00fce si nece\u00adsi\u00adta que su cua\u00adli\u00adfi\u00adca\u00adci\u00f3n est\u00e9 reco\u00adno\u00adci\u00adda para tra\u00adba\u00adjar en su pro\u00adfe\u00adsi\u00f3n en la p\u00e1gi\u00adna web <a href=\"http:\/\/www.anerkennung-in-deutschland.de\" target=\"_blank\" data-type=\"URL\" data-id=\"www.anerkennung-in-deutschland.de\" rel=\"noreferrer noopener\">www.anerkennung-in-deutschland.de.<\/a><\/p>\n\n\n\n<p>Lla\u00adme a la l\u00ednea tele\u00adf\u00f3\u00adni\u00adca \u201cTra\u00adba\u00adjar y vivir en Ale\u00adma\u00adnia<strong>\u201d si tie\u00adne pre\u00adgun\u00adtas sobre el reco\u00adno\u00adci\u00admien\u00adto de sus cua\u00adli\u00adfi\u00adca\u00adcio\u00adnes, la b\u00fas\u00adque\u00adda de empleo, la entra\u00adda y resi\u00adden\u00adcia o el apren\u00addi\u00adza\u00adje del ale\u00adm\u00e1n<\/strong> (el ser\u00advi\u00adcio est\u00e1 dis\u00adpo\u00adni\u00adble en ale\u00adm\u00e1n e ingl\u00e9s). Pue\u00adde lla\u00admar a la l\u00ednea de aten\u00adci\u00f3n tele\u00adf\u00f3\u00adni\u00adca de lunes a vier\u00adnes entre las 08:00 y las 16:00 horas al n\u00fame\u00adro +49 (0)30 1815\u20131111.<\/p>\n\n\n\n<p><strong>La red IQ pue\u00adde ase\u00adso\u00adrar\u00adle en la obten\u00adci\u00f3n del reco\u00adno\u00adci\u00admien\u00adto de t\u00edtu\u00adlos edu\u00adca\u00adti\u00advos y pro\u00adfe\u00adsio\u00adna\u00adles extranjeros.<\/strong><\/p>\n\n\n\n<p class=\"has-black-color has-light-green-cyan-background-color has-text-color has-background\"><strong>Con\u00adtac\u00adto<\/strong><br><strong>Con\u00adcer\u00adte una&nbsp;cita<\/strong><br><a href=\"https:\/\/www.iq-webapp.de\/anmeldung-bw\" rel=\"noopener\">https:\/\/www.iq-webapp.de\/anmeldung-bw<\/a><br>Tel. +49 (0)621 \/ 43 77 31 13 o <a href=\"mailto:anerkennung@ikubiz.de\" data-type=\"URL\" target=\"_blank\" rel=\"noreferrer noopener\">anerkennung@ikubiz.de<\/a><\/p>\n\n\n\n<p class=\"has-black-color has-text-color has-background\" style=\"background-color:#e2d77f\"><strong>IQ-Net\u00adwork en la Arbeitsa\u00adgen\u00adtur Karls\u00adruhe-Ras\u00adtatt<\/strong><br>Arbeitsa\u00adgen\u00adtur Karls\u00adruhe-Ras\u00adtatt, Beruf\u00adsin\u00adfor\u00adma\u00adtions\u00adzen\u00adtrum (BiZ)<br>Brauerstr. 10<br>76135 Karls\u00adruhe<br><strong>Inter\u00adnet:<\/strong><a href=\"http:\/\/www.arbeitsagentur.de\/vor-ort\/karlsruhe-rastatt\/anerkennungsberatung\" target=\"_blank\" rel=\"noreferrer noopener\"> www.arbeitsagentur.de\/vor-ort\/karlsruhe-rastatt\/anerkennungsberatung<\/a><\/p>\n\n\n\n<p class=\"has-black-color has-text-color has-background\" style=\"background-color:#9ac6da\"><strong>IQ-Net\u00adwork en el ibz<\/strong><br>Kai\u00adse\u00adra\u00adllee 12d<br>76133 Karls\u00adruhe<br><strong>Inter\u00adnet<\/strong>: https:\/\/www.anika-net.de\/es\/event\/reconocimiento-de-cualificaciones-profesionales-extranjeras\/<\/p>\n","protected":false},"excerpt":{"rendered":"<p>\u00bfHa obte\u00adni\u00addo su cer\u00adti\u00adfi\u00adca\u00addo de fin de estu\u00addios, su for\u00adma\u00adci\u00f3n pro\u00adfe\u00adsio\u00adnal o su t\u00edtu\u00adlo en otro pa\u00eds? Si es as\u00ed, su t\u00edtu\u00adlo pue\u00adde ser exa\u00admi\u00adna\u00addo y reco\u00adno\u00adci\u00addo en Ale\u00adma\u00adnia. Ave\u00adri\u00adg\u00fce&nbsp;<a class=\"moretag\" href=\"https:\/\/www.anika-net.de\/es\/llegando-a\/trabajo\/reconocimiento-de-sus-cualificaciones-profesionales\/\">leer m\u00e1s<\/a><\/p>\n","protected":false},"author":1,"featured_media":0,"parent":24302,"menu_order":0,"comment_status":"closed","ping_status":"closed","template":"","meta":{"_acf_changed":false,"inline_featured_image":false,"_uag_custom_page_level_css":"","wp_typography_post_enhancements_disabled":false,"footnotes":""},"class_list":["post-24326","page","type-page","status-publish","hentry"],"acf":[],"featured_image_urls_v2":{"full":"","thumbnail":"","medium":"","medium_large":"","large":"","1536x1536":"","2048x2048":"","event-overview":"","event-archive-thumb":"","grid-item-thumbnail":"","network-partner-icon":"","organiser-icon":"","gform-image-choice-sm":"","gform-image-choice-md":"","gform-image-choice-lg":""},"post_excerpt_stackable_v2":"<p>\u00bfHa obte\u00adni\u00addo su cer\u00adti\u00adfi\u00adca\u00addo de fin de estu\u00addios, su for\u00adma\u00adci\u00f3n pro\u00adfe\u00adsio\u00adnal o su t\u00edtu\u00adlo en otro pa\u00eds? Si es as\u00ed, su t\u00edtu\u00adlo pue\u00adde ser exa\u00admi\u00adna\u00addo y reco\u00adno\u00adci\u00addo en Ale\u00adma\u00adnia. Ave\u00adri\u00adg\u00fce si nece\u00adsi\u00adta que su cua\u00adli\u00adfi\u00adca\u00adci\u00f3n est\u00e9 reco\u00adno\u00adci\u00adda para tra\u00adba\u00adjar en su pro\u00adfe\u00adsi\u00f3n en la p\u00e1gi\u00adna web www.anerkennung-in-deutschland.de. Lla\u00adme a la l\u00ednea tele\u00adf\u00f3\u00adni\u00adca \u201cTra\u00adba\u00adjar y vivir en Ale\u00adma\u00adnia\u201d si tie\u00adne pre\u00adgun\u00adtas sobre el reco\u00adno\u00adci\u00admien\u00adto de sus cua\u00adli\u00adfi\u00adca\u00adcio\u00adnes, la b\u00fas\u00adque\u00adda de empleo, la entra\u00adda y resi\u00adden\u00adcia o el apren\u00addi\u00adza\u00adje del ale\u00adm\u00e1n (el ser\u00advi\u00adcio est\u00e1 dis\u00adpo\u00adni\u00adble en ale\u00adm\u00e1n e ingl\u00e9s). Pue\u00adde lla\u00admar a la l\u00ednea de aten\u00adci\u00f3n tele\u00adf\u00f3\u00adni\u00adca de lunes a vier\u00adnes&nbsp;entre\u2026<\/p>\n","category_list_v2":"","author_info_v2":{"name":"saasweb-admin","url":"https:\/\/www.anika-net.de\/es\/author\/saasweb-admin\/"},"comments_num_v2":"0 comentarios","uagb_featured_image_src":{"full":false,"thumbnail":false,"medium":false,"medium_large":false,"large":false,"1536x1536":false,"2048x2048":false,"event-overview":false,"event-archive-thumb":false,"grid-item-thumbnail":false,"network-partner-icon":false,"organiser-icon":false,"gform-image-choice-sm":false,"gform-image-choice-md":false,"gform-image-choice-lg":false},"uagb_author_info":{"display_name":"saasweb-admin","author_link":"https:\/\/www.anika-net.de\/es\/author\/saasweb-admin\/"},"uagb_comment_info":0,"uagb_excerpt":"\u00bfHa obte\u00adni\u00addo su cer\u00adti\u00adfi\u00adca\u00addo de fin de estu\u00addios, su for\u00adma\u00adci\u00f3n pro\u00adfe\u00adsio\u00adnal o su t\u00edtu\u00adlo en otro pa\u00eds? Si es as\u00ed, su t\u00edtu\u00adlo pue\u00adde ser exa\u00admi\u00adna\u00addo y reco\u00adno\u00adci\u00addo en Alemania. Ave\u00adri\u00adg\u00fce&nbsp;leer m\u00e1s","_links":{"self":[{"href":"https:\/\/www.anika-net.de\/es\/wp-json\/wp\/v2\/pages\/24326","targetHints":{"allow":["GET"]}}],"collection":[{"href":"https:\/\/www.anika-net.de\/es\/wp-json\/wp\/v2\/pages"}],"about":[{"href":"https:\/\/www.anika-net.de\/es\/wp-json\/wp\/v2\/types\/page"}],"author":[{"embeddable":true,"href":"https:\/\/www.anika-net.de\/es\/wp-json\/wp\/v2\/users\/1"}],"replies":[{"embeddable":true,"href":"https:\/\/www.anika-net.de\/es\/wp-json\/wp\/v2\/comments?post=24326"}],"version-history":[{"count":0,"href":"https:\/\/www.anika-net.de\/es\/wp-json\/wp\/v2\/pages\/24326\/revisions"}],"up":[{"embeddable":true,"href":"https:\/\/www.anika-net.de\/es\/wp-json\/wp\/v2\/pages\/24302"}],"wp:attachment":[{"href":"https:\/\/www.anika-net.de\/es\/wp-json\/wp\/v2\/media?parent=24326"}],"curies":[{"name":"wp","href":"https:\/\/api.w.org\/{rel}","templated":true}]}}