{"id":24281,"date":"2022-08-09T12:37:58","date_gmt":"2022-08-09T10:37:58","guid":{"rendered":"https:\/\/www.anika-net.de\/inicio\/"},"modified":"2025-05-19T12:31:24","modified_gmt":"2025-05-19T10:31:24","slug":"inicio","status":"publish","type":"page","link":"https:\/\/www.anika-net.de\/es\/","title":{"rendered":"Ini\u00adcio"},"content":{"rendered":"\n<div class=\"wp-block-columns is-layout-flex wp-container-core-columns-is-layout-9d6595d7 wp-block-columns-is-layout-flex\">\n<div class=\"wp-block-column is-layout-flow wp-block-column-is-layout-flow\" style=\"flex-basis:33.33%\">\n<figure class=\"wp-block-image size-large\"><a href=\"https:\/\/www.anika-net.de\/wp-content\/uploads\/2025\/04\/Anika_Webseite_14_Sprachen_ohne_SM_Video1_.mp4\"><img decoding=\"async\" src=\"https:\/\/www.anika-net.de\/wp-content\/uploads\/2025\/04\/video-poster-1024x683.png\" alt=\"AniKA Video\" class=\"wp-image-60908\"><\/a><\/figure>\n<\/div>\n\n\n\n<div class=\"wp-block-column is-layout-flow wp-block-column-is-layout-flow\" style=\"flex-basis:66.66%\">\n<h2 class=\"wp-block-heading\">\u00bfNuevo\/a en Karls\u00adruhe<br><strong><em>y a\u00fan no est\u00e1s seguro\/a de c\u00f3mo fun\u00adcio\u00adna la vida en Alemania?<\/em><\/strong><\/h2>\n\n\n\n<p><strong>Ani\u00adKA<\/strong> es una p\u00e1gi\u00adna web apo\u00adya\u00adda por la ciu\u00addad de Karls\u00adruhe que te ofre\u00adce toda la infor\u00adma\u00adci\u00f3n nece\u00adsa\u00adria, en <strong>14 idio\u00admas<\/strong>, para ayu\u00addar\u00adte a orien\u00adtar\u00adte y esta\u00adble\u00adcer\u00adte en Karls\u00adruhe. \ud83e\udde1 <em>All in one<\/em> \ud83e\udde1<br>Y aun\u00adque ya lle\u00adves un tiem\u00adpo vivien\u00addo aqu\u00ed, pero a\u00fan no sabes bien qu\u00e9 ofer\u00adtas exis\u00adten para ti y tu fami\u00adlia\u2026<br>\u00a1no dudes en visi\u00adtar y explo\u00adrar&nbsp;AniKA!<\/p>\n<\/div>\n<\/div>\n\n\n\n<div class=\"wp-block-group anika-tile-grid\"><div class=\"wp-block-group__inner-container is-layout-constrained wp-block-group-is-layout-constrained\"><div id=\"anika-home-tile-block_f717e3584dbbc0e1c1b69c9c2fba780e\" class=\"anika-tile\">    \n\n    <a href=\"\/es\/llegando-a\/\"><img decoding=\"async\" class=\"tile-background-image\" src=\"https:\/\/www.anika-net.de\/wp-content\/uploads\/2025\/03\/Home-Blau-01.png\" alt=\"AniKA\"><\/a>\n\n    <div class=\"icon-image\">\n        <a href=\"\/es\/llegando-a\/\"><img decoding=\"async\" class=\"tile-icon\" src=\"https:\/\/www.anika-net.de\/wp-content\/uploads\/2023\/02\/anika-arriving-114x102-1.png\" alt=\"Pri\u00adme\u00adros&nbsp;pasos\"><\/a>\n    <\/div>\n\n    <div class=\"tile-label\">\n        <a href=\"\/es\/llegando-a\/\"><b>Pri\u00adme\u00adros&nbsp;pasos<\/b><\/a>            \n    <\/div>\n\n<\/div>\n\n    <style type=\"text\/css\">\n\n    <\/style>\n\n    \n\n<div id=\"anika-home-tile-block_0a0fadfda07f6a75caf86bacee56f327\" class=\"anika-tile\">    \n\n    <a href=\"\/es\/aprender-aleman\/\"><img decoding=\"async\" class=\"tile-background-image\" src=\"https:\/\/www.anika-net.de\/wp-content\/uploads\/2023\/02\/Home-Gelb-01.png\" alt=\"AniKA\"><\/a>\n\n    <div class=\"icon-image\">\n        <a href=\"\/es\/aprender-aleman\/\"><img decoding=\"async\" class=\"tile-icon\" src=\"https:\/\/www.anika-net.de\/wp-content\/uploads\/2023\/02\/anika-learning-german-160x116-1.png\" alt=\"Apren\u00adder alem\u00e1n\"><\/a>\n    <\/div>\n\n    <div class=\"tile-label\">\n        <a href=\"\/es\/aprender-aleman\/\"><b>Apren\u00adder ale\u00adm\u00e1n<\/b><\/a>            \n    <\/div>\n\n<\/div>\n\n    <style type=\"text\/css\">\n\n    <\/style>\n\n    \n\n<div id=\"anika-home-tile-block_39a473664c6d1be3e618aeb73712c2c9\" class=\"anika-tile\">    \n\n    <a href=\"\/es\/llegando-a\/asesoramiento-y-servicio\/\"><img decoding=\"async\" class=\"tile-background-image\" src=\"https:\/\/www.anika-net.de\/wp-content\/uploads\/2025\/03\/Home-Lila-01.png\" alt=\"AniKA\"><\/a>\n\n    <div class=\"icon-image\">\n        <a href=\"\/es\/llegando-a\/asesoramiento-y-servicio\/\"><img decoding=\"async\" class=\"tile-icon\" src=\"https:\/\/www.anika-net.de\/wp-content\/uploads\/2025\/03\/MBS-Home-A-1.png\" alt=\"Ase\u00adso\u00adr\u00eda inicial&nbsp;\"><\/a>\n    <\/div>\n\n    <div class=\"tile-label\">\n        <a href=\"\/es\/llegando-a\/asesoramiento-y-servicio\/\"><b>Ase\u00adso\u00adr\u00eda ini\u00adcial&nbsp;<\/b><\/a>            \n    <\/div>\n\n<\/div>\n\n    <style type=\"text\/css\">\n\n    <\/style>\n\n    \n\n<div id=\"anika-home-tile-block_107219d46d49bd640ee095520b545dcf\" class=\"anika-tile\">    \n\n    <a href=\"\/es\/vivir\/\"><img decoding=\"async\" class=\"tile-background-image\" src=\"https:\/\/www.anika-net.de\/wp-content\/uploads\/2023\/02\/Home-Gruen-01.png\" alt=\"AniKA\"><\/a>\n\n    <div class=\"icon-image\">\n        <a href=\"\/es\/vivir\/\"><img decoding=\"async\" class=\"tile-icon\" src=\"https:\/\/www.anika-net.de\/wp-content\/uploads\/2023\/02\/anika-living-143x106-1.png\" alt=\"Vivien\u00addo\"><\/a>\n    <\/div>\n\n    <div class=\"tile-label\">\n        <a href=\"\/es\/vivir\/\"><b>Vivien\u00addo<\/b><\/a>            \n    <\/div>\n\n<\/div>\n\n    <style type=\"text\/css\">\n\n    <\/style>\n\n    \n\n<div id=\"anika-home-tile-block_5b0820be041d8a670e6b9b4ac8beeec7\" class=\"anika-tile\">    \n\n    <a href=\"\/es\/events\/?type=recurring\"><img decoding=\"async\" class=\"tile-background-image\" src=\"https:\/\/www.anika-net.de\/wp-content\/uploads\/2023\/02\/Home-Gelb-01.png\" alt=\"AniKA\"><\/a>\n\n    <div class=\"icon-image\">\n        <a href=\"\/es\/events\/?type=recurring\"><img decoding=\"async\" class=\"tile-icon\" src=\"https:\/\/www.anika-net.de\/wp-content\/uploads\/2023\/02\/anika-offers-139x109-1.png\" alt=\"Ofer\u00adtas\"><\/a>\n    <\/div>\n\n    <div class=\"tile-label\">\n        <a href=\"\/es\/events\/?type=recurring\"><b>Ofer\u00adtas<\/b><\/a>            \n    <\/div>\n\n<\/div>\n\n    <style type=\"text\/css\">\n\n    <\/style>\n\n    \n\n<div id=\"anika-home-tile-block_8509ff5dd461fd97840114e1ddd88714\" class=\"anika-tile\">    \n\n    <a href=\"\/es\/events\/?type=calendar\"><img decoding=\"async\" class=\"tile-background-image\" src=\"https:\/\/www.anika-net.de\/wp-content\/uploads\/2023\/02\/Home-Gelb-01.png\" alt=\"AniKA\"><\/a>\n\n    <div class=\"icon-image\">\n        <a href=\"\/es\/events\/?type=calendar\"><img decoding=\"async\" class=\"tile-icon\" src=\"https:\/\/www.anika-net.de\/wp-content\/uploads\/2023\/02\/anika-events-98x112-1.png\" alt=\"Even\u00adtos\"><\/a>\n    <\/div>\n\n    <div class=\"tile-label\">\n        <a href=\"\/es\/events\/?type=calendar\"><b>Even\u00adtos<\/b><\/a>            \n    <\/div>\n\n<\/div>\n\n    <style type=\"text\/css\">\n\n    <\/style>\n\n    \n\n<div id=\"anika-home-tile-block_59dbeee61805aa041032aee00d1e9817\" class=\"anika-tile\">    \n\n    <a href=\"\/sobre nosotros\/\"><img decoding=\"async\" class=\"tile-background-image\" src=\"https:\/\/www.anika-net.de\/wp-content\/uploads\/2023\/02\/Home-Gelb-01.png\" alt=\"AniKA\"><\/a>\n\n    <div class=\"icon-image\">\n        <a href=\"\/sobre nosotros\/\"><img decoding=\"async\" class=\"tile-icon\" src=\"https:\/\/www.anika-net.de\/wp-content\/uploads\/2023\/02\/about-us.png\" alt=\"Sobre noso\u00adtros\"><\/a>\n    <\/div>\n\n    <div class=\"tile-label\">\n        <a href=\"\/sobre nosotros\/\"><b>Sobre noso\u00adtros<\/b><\/a>            \n    <\/div>\n\n<\/div>\n\n    <style type=\"text\/css\">\n\n    <\/style>\n\n    \n\n<div id=\"anika-home-tile-block_b7018dc2655ac4f766f8acbca6e8246a\" class=\"anika-tile\">    \n\n    <a href=\"\/es\/organizaciones-y-comunidades-de-inmigrantes\/\"><img decoding=\"async\" class=\"tile-background-image\" src=\"https:\/\/www.anika-net.de\/wp-content\/uploads\/2023\/02\/Home-Orange-01.png\" alt=\"AniKA\"><\/a>\n\n    <div class=\"icon-image\">\n        <a href=\"\/es\/organizaciones-y-comunidades-de-inmigrantes\/\"><img decoding=\"async\" class=\"tile-icon\" src=\"https:\/\/www.anika-net.de\/wp-content\/uploads\/2023\/02\/Communities-A1.png\" alt=\"Comu\u00adni\u00adda\u00addes\"><\/a>\n    <\/div>\n\n    <div class=\"tile-label\">\n        <a href=\"\/es\/organizaciones-y-comunidades-de-inmigrantes\/\"><b>Comu\u00adni\u00adda\u00addes<\/b><\/a>            \n    <\/div>\n\n<\/div>\n\n    <style type=\"text\/css\">\n\n    <\/style>\n\n    \n\n<div id=\"anika-home-tile-block_a403bffd953a767adbeedc450c1765bd\" class=\"anika-tile\">    \n\n    <a href=\"\/es\/sobre-nosotros\/donar\/\"><img decoding=\"async\" class=\"tile-background-image\" src=\"https:\/\/www.anika-net.de\/wp-content\/uploads\/2023\/02\/Home-Gelb-01.png\" alt=\"AniKA\"><\/a>\n\n    <div class=\"icon-image\">\n        <a href=\"\/es\/sobre-nosotros\/donar\/\"><img decoding=\"async\" class=\"tile-icon\" src=\"https:\/\/www.anika-net.de\/wp-content\/uploads\/2023\/02\/anika-donate-95x119-1.png\" alt=\"Donar\"><\/a>\n    <\/div>\n\n    <div class=\"tile-label\">\n        <a href=\"\/es\/sobre-nosotros\/donar\/\"><b>Donar<\/b><\/a>            \n    <\/div>\n\n<\/div>\n\n    <style type=\"text\/css\">\n\n    <\/style>\n\n    <\/div><\/div>\n","protected":false},"excerpt":{"rendered":"<p>\u00bfNuevo\/a en Karls\u00adruhey a\u00fan no est\u00e1s seguro\/a de c\u00f3mo fun\u00adcio\u00adna la vida en Ale\u00adma\u00adnia? Ani\u00adKA es una p\u00e1gi\u00adna web apo\u00adya\u00adda por la ciu\u00addad de Karls\u00adruhe que te ofre\u00adce toda la&nbsp;<a class=\"moretag\" href=\"https:\/\/www.anika-net.de\/es\/\">leer m\u00e1s<\/a><\/p>\n","protected":false},"author":1,"featured_media":0,"parent":0,"menu_order":2,"comment_status":"closed","ping_status":"closed","template":"","meta":{"_acf_changed":false,"inline_featured_image":false,"_uag_custom_page_level_css":"","wp_typography_post_enhancements_disabled":false,"footnotes":""},"class_list":["post-24281","page","type-page","status-publish","hentry"],"acf":[],"featured_image_urls_v2":{"full":"","thumbnail":"","medium":"","medium_large":"","large":"","1536x1536":"","2048x2048":"","event-overview":"","event-archive-thumb":"","grid-item-thumbnail":"","network-partner-icon":"","organiser-icon":"","gform-image-choice-sm":"","gform-image-choice-md":"","gform-image-choice-lg":""},"post_excerpt_stackable_v2":"<p>\u00bfNuevo\/a en Karls\u00adruhey a\u00fan no est\u00e1s seguro\/a de c\u00f3mo fun\u00adcio\u00adna la vida en Ale\u00adma\u00adnia? Ani\u00adKA es una p\u00e1gi\u00adna web apo\u00adya\u00adda por la ciu\u00addad de Karls\u00adruhe que te ofre\u00adce toda la infor\u00adma\u00adci\u00f3n nece\u00adsa\u00adria, en 14 idio\u00admas, para ayu\u00addar\u00adte a orien\u00adtar\u00adte y esta\u00adble\u00adcer\u00adte en Karls\u00adruhe. \ud83e\udde1 All in one \ud83e\udde1Y aun\u00adque ya lle\u00adves un tiem\u00adpo vivien\u00addo aqu\u00ed, pero a\u00fan no sabes bien qu\u00e9 ofer\u00adtas exis\u00adten para ti y tu fami\u00adlia\u2026\u00a1no dudes en visi\u00adtar y explo\u00adrar&nbsp;Ani\u00adKA! Pri\u00adme\u00adros&nbsp;pasos Apren\u00adder ale\u00adm\u00e1n Ase\u00adso\u00adr\u00eda ini\u00adcial&nbsp; Vivien\u00addo Ofer\u00adtas Even\u00adtos Sobre noso\u00adtros Comu\u00adni\u00adda\u00addes&nbsp;Donar<\/p>\n","category_list_v2":"","author_info_v2":{"name":"saasweb-admin","url":"https:\/\/www.anika-net.de\/es\/author\/saasweb-admin\/"},"comments_num_v2":"0 comentarios","uagb_featured_image_src":{"full":false,"thumbnail":false,"medium":false,"medium_large":false,"large":false,"1536x1536":false,"2048x2048":false,"event-overview":false,"event-archive-thumb":false,"grid-item-thumbnail":false,"network-partner-icon":false,"organiser-icon":false,"gform-image-choice-sm":false,"gform-image-choice-md":false,"gform-image-choice-lg":false},"uagb_author_info":{"display_name":"saasweb-admin","author_link":"https:\/\/www.anika-net.de\/es\/author\/saasweb-admin\/"},"uagb_comment_info":0,"uagb_excerpt":"\u00bfNuevo\/a en Karls\u00adruhey a\u00fan no est\u00e1s seguro\/a de c\u00f3mo fun\u00adcio\u00adna la vida en Alemania? Ani\u00adKA es una p\u00e1gi\u00adna web apo\u00adya\u00adda por la ciu\u00addad de Karls\u00adruhe que te ofre\u00adce toda la&nbsp;leer m\u00e1s","_links":{"self":[{"href":"https:\/\/www.anika-net.de\/es\/wp-json\/wp\/v2\/pages\/24281","targetHints":{"allow":["GET"]}}],"collection":[{"href":"https:\/\/www.anika-net.de\/es\/wp-json\/wp\/v2\/pages"}],"about":[{"href":"https:\/\/www.anika-net.de\/es\/wp-json\/wp\/v2\/types\/page"}],"author":[{"embeddable":true,"href":"https:\/\/www.anika-net.de\/es\/wp-json\/wp\/v2\/users\/1"}],"replies":[{"embeddable":true,"href":"https:\/\/www.anika-net.de\/es\/wp-json\/wp\/v2\/comments?post=24281"}],"version-history":[{"count":4,"href":"https:\/\/www.anika-net.de\/es\/wp-json\/wp\/v2\/pages\/24281\/revisions"}],"predecessor-version":[{"id":61448,"href":"https:\/\/www.anika-net.de\/es\/wp-json\/wp\/v2\/pages\/24281\/revisions\/61448"}],"wp:attachment":[{"href":"https:\/\/www.anika-net.de\/es\/wp-json\/wp\/v2\/media?parent=24281"}],"curies":[{"name":"wp","href":"https:\/\/api.w.org\/{rel}","templated":true}]}}