{"id":36757,"date":"2023-04-21T10:52:26","date_gmt":"2023-04-21T08:52:26","guid":{"rendered":"https:\/\/www.anika-net.de\/?page_id=36757"},"modified":"2026-02-05T12:42:30","modified_gmt":"2026-02-05T11:42:30","slug":"beratung","status":"publish","type":"page","link":"https:\/\/www.anika-net.de\/deer\/beratung\/","title":{"rendered":"Beratung"},"content":{"rendered":"\n<p>Sie haben bestimmt viele Fragen.<br>Zum Beispiel \u00fcber:<\/p>\n\n\n\n<div class=\"wp-block-stackable-columns stk-block-columns stk-block stk-92c91cf\" data-block-id=\"92c91cf\"><div class=\"stk-row stk-inner-blocks stk-block-content stk-content-align stk-92c91cf-column\">\n<div class=\"wp-block-stackable-column stk-block-column stk-column stk-block stk-5b08c7a\" data-v=\"4\" data-block-id=\"5b08c7a\"><style>@media screen and (min-width:901px){.stk-5b08c7a {flex:var(--stk-flex-grow, 1) 1 calc(25% - var(--stk-column-gap, 0px) * 1 \/ 2 ) !important;}}<\/style><div class=\"stk-column-wrapper stk-block-column__content stk-container stk-5b08c7a-container stk--no-background stk--no-padding\"><div class=\"stk-block-content stk-inner-blocks stk-5b08c7a-inner-blocks\">\n<ul class=\"wp-block-list\">\n<li>Deutsch lernen<\/li>\n\n\n\n<li>Aufenthalts<strong>\u00b7<\/strong>titel<\/li>\n\n\n\n<li>Wohnen<\/li>\n\n\n\n<li>Arbeiten<\/li>\n\n\n\n<li>Gesundheit<\/li>\n\n\n\n<li>Familie und Kinder<\/li>\n\n\n\n<li>Ehe und Partnerschaft.<\/li>\n<\/ul>\n\n\n\n<p>Wir k\u00f6nnen Ihnen helfen.<br>Wir beraten Sie kostenlos<\/p>\n<\/div><\/div><\/div>\n\n\n\n<div class=\"wp-block-stackable-column stk-block-column stk-column stk-block stk-9a7b19a\" data-v=\"4\" data-block-id=\"9a7b19a\"><style>@media screen and (min-width:901px){.stk-9a7b19a {flex:var(--stk-flex-grow, 1) 1 calc(75% - var(--stk-column-gap, 0px) * 1 \/ 2 ) !important;}}<\/style><div class=\"stk-column-wrapper stk-block-column__content stk-container stk-9a7b19a-container stk--no-background stk--no-padding\"><div class=\"stk-block-content stk-inner-blocks stk-9a7b19a-inner-blocks\"><div class=\"wp-block-image\">\n<figure class=\"alignleft size-thumbnail is-resized\"><img decoding=\"async\" src=\"https:\/\/www.anika-net.de\/wp-content\/uploads\/2023\/04\/Aufenthaltstitel-2.svg\" alt class=\"wp-image-37420\" style=\"width:200px;height:undefinedpx\"><\/figure>\n<\/div>\n\n\n<h6 class=\"wp-block-heading\"><p class=\"has-alegreya-font-family has-custom-font\" style=\"font-family:Alegreya\"><span style=\"color: #8c8e90;\" class=\"stk-highlight\">\u00a9 BEQUA gGmbH&nbsp;2023<\/span><\/p><\/h6>\n<\/div><\/div><\/div>\n<\/div><\/div>\n\n\n\n<div class=\"wp-block-stackable-columns stk-block-columns stk-block stk-88e4199\" data-block-id=\"88e4199\"><div class=\"stk-row stk-inner-blocks stk-block-content stk-content-align stk-88e4199-column\">\n<div class=\"wp-block-stackable-column stk-block-column stk-column stk-block stk-f9cd28e\" data-v=\"4\" data-block-id=\"f9cd28e\"><style>@media screen and (min-width:901px){.stk-f9cd28e {flex:var(--stk-flex-grow, 1) 1 calc(33% - var(--stk-column-gap, 0px) * 1 \/ 2 ) !important;}}<\/style><div class=\"stk-column-wrapper stk-block-column__content stk-container stk-f9cd28e-container stk--no-background stk--no-padding\"><div class=\"stk-block-content stk-inner-blocks stk-f9cd28e-inner-blocks\">\n<p>Hier finden Sie unsere <strong>Beratungs\u00b7stellen:<\/strong><\/p>\n<\/div><\/div><\/div>\n\n\n\n<div class=\"wp-block-stackable-column stk-block-column stk-column stk-block stk-dd90c78\" data-v=\"4\" data-block-id=\"dd90c78\"><style>@media screen and (min-width:901px){.stk-dd90c78 {flex:var(--stk-flex-grow, 1) 1 calc(67% - var(--stk-column-gap, 0px) * 1 \/ 2 ) !important;}}<\/style><div class=\"stk-column-wrapper stk-block-column__content stk-container stk-dd90c78-container stk--no-background stk--no-padding\"><div class=\"stk-block-content stk-inner-blocks stk-dd90c78-inner-blocks\">\n<figure class=\"wp-block-image size-thumbnail is-resized\"><img decoding=\"async\" src=\"https:\/\/www.anika-net.de\/wp-content\/uploads\/2023\/05\/Beratungsstelle_blau_orange.svg\" alt class=\"wp-image-38761\" style=\"width:150px;height:undefinedpx\"><\/figure>\n\n\n\n<h6 class=\"wp-block-heading\"><p class=\"has-alegreya-font-family has-custom-font\" style=\"font-family:Alegreya\"><span style=\"color: #8c8e90;\" class=\"stk-highlight\">\u00a9 BEQUA gGmbH&nbsp;2023<\/span><\/p><\/h6>\n<\/div><\/div><\/div>\n<\/div><\/div>\n\n\n\n<div class=\"wp-block-stackable-columns stk-block-columns stk-block stk-8536039\" data-block-id=\"8536039\"><div class=\"stk-row stk-inner-blocks stk-block-content stk-content-align stk-8536039-column\">\n<div class=\"wp-block-stackable-column stk-block-column stk-column stk-block stk-272238e\" data-v=\"4\" data-block-id=\"272238e\"><style>@media screen and (min-width:901px){.stk-272238e {flex:var(--stk-flex-grow, 1) 1 calc(33% - var(--stk-column-gap, 0px) * 1 \/ 2 ) !important;}}<\/style><div class=\"stk-column-wrapper stk-block-column__content stk-container stk-272238e-container stk--no-background stk--no-padding\"><div class=\"stk-block-content stk-inner-blocks stk-272238e-inner-blocks\">\n<p>Wenn Sie nicht wissen, <br>welche Beratungs<strong>\u00b7<\/strong>stelle f\u00fcr Sie zust\u00e4ndig ist<br>k\u00f6nnen Sie beim <strong>B\u00fcro f\u00fcr Integration<\/strong> fragen&nbsp;<\/p>\n<\/div><\/div><\/div>\n\n\n\n<div class=\"wp-block-stackable-column stk-block-column stk-column stk-block stk-e6e70c8\" data-v=\"4\" data-block-id=\"e6e70c8\"><style>@media screen and (min-width:901px){.stk-e6e70c8 {flex:var(--stk-flex-grow, 1) 1 calc(67% - var(--stk-column-gap, 0px) * 1 \/ 2 ) !important;}}<\/style><div class=\"stk-column-wrapper stk-block-column__content stk-container stk-e6e70c8-container stk--no-background stk--no-padding\"><div class=\"stk-block-content stk-inner-blocks stk-e6e70c8-inner-blocks\">\n<p><strong>B\u00fcro f\u00fcr Integration<\/strong><br>Telefon: 07 21 \u2014 133- 38 40<br>E\u2011Mail: buero.fuer.integration@sjb.karlsruhe.de<br><\/p>\n<\/div><\/div><\/div>\n<\/div><\/div>\n\n\n\n<p><\/p><p class=\"has-alegreya-font-family has-custom-font\" style=\"font-family:Alegreya\"><span style=\"color: #8c8e90;\" class=\"stk-highlight\">\u00dcbersetzung, Piktogramme und Gestaltung: \u00a9 BEQUA gGmbH&nbsp;2023<\/span><\/p>\n","protected":false},"excerpt":{"rendered":"<p>Sie haben bestimmt viele Fragen.Zum Beispiel \u00fcber: Wir k\u00f6nnen Ihnen helfen.Wir beraten Sie kostenlos \u00a9 BEQUA gGmbH&nbsp;2023 Hier finden Sie unsere Beratungs\u00b7stellen: \u00a9 BEQUA gGmbH&nbsp;2023 Wenn Sie nicht wissen, welche&nbsp;<a class=\"moretag\" href=\"https:\/\/www.anika-net.de\/deer\/beratung\/\">mehr<\/a><\/p>\n","protected":false},"author":12,"featured_media":0,"parent":0,"menu_order":40,"comment_status":"closed","ping_status":"closed","template":"page-toc.php","meta":{"_acf_changed":false,"inline_featured_image":false,"_uag_custom_page_level_css":"","wp_typography_post_enhancements_disabled":false,"footnotes":""},"class_list":["post-36757","page","type-page","status-publish","hentry"],"acf":[],"featured_image_urls_v2":{"full":"","thumbnail":"","medium":"","medium_large":"","large":"","1536x1536":"","2048x2048":"","event-overview":"","event-archive-thumb":"","grid-item-thumbnail":"","network-partner-icon":"","organiser-icon":"","gform-image-choice-sm":"","gform-image-choice-md":"","gform-image-choice-lg":""},"post_excerpt_stackable_v2":"<p>Sie haben bestimmt viele Fragen.Zum Beispiel \u00fcber: Deutsch lernen Aufenthalts\u00b7titel Wohnen Arbeiten Gesundheit Familie und Kinder Ehe und Partnerschaft. Wir k\u00f6nnen Ihnen helfen.Wir beraten Sie kostenlos \u00a9 BEQUA gGmbH&nbsp;2023 Hier finden Sie unsere Beratungs\u00b7stellen: \u00a9 BEQUA gGmbH&nbsp;2023 Wenn Sie nicht wissen, welche Beratungs\u00b7stelle f\u00fcr Sie zust\u00e4ndig istk\u00f6nnen Sie beim B\u00fcro f\u00fcr Integration fragen&nbsp; B\u00fcro f\u00fcr IntegrationTelefon: 07 21 \u2014 133- 38 40E\u2011Mail: buero.fuer.integration@sjb.karlsruhe.de \u00dcbersetzung, Piktogramme und Gestaltung: \u00a9 BEQUA gGmbH&nbsp;2023<\/p>\n","category_list_v2":"","author_info_v2":{"name":"Andrea Ramirez","url":"https:\/\/www.anika-net.de\/deer\/author\/andrea-ramirez\/"},"comments_num_v2":"0 comments","uagb_featured_image_src":{"full":false,"thumbnail":false,"medium":false,"medium_large":false,"large":false,"1536x1536":false,"2048x2048":false,"event-overview":false,"event-archive-thumb":false,"grid-item-thumbnail":false,"network-partner-icon":false,"organiser-icon":false,"gform-image-choice-sm":false,"gform-image-choice-md":false,"gform-image-choice-lg":false},"uagb_author_info":{"display_name":"Andrea Ramirez","author_link":"https:\/\/www.anika-net.de\/deer\/author\/andrea-ramirez\/"},"uagb_comment_info":0,"uagb_excerpt":"Sie haben bestimmt viele Fragen.Zum Beispiel \u00fcber: Wir k\u00f6nnen Ihnen helfen.Wir beraten Sie kostenlos \u00a9 BEQUA gGmbH&nbsp;2023 Hier finden Sie unsere Beratungs\u00b7stellen: \u00a9 BEQUA gGmbH&nbsp;2023 Wenn Sie nicht wissen, welche&nbsp;mehr","_links":{"self":[{"href":"https:\/\/www.anika-net.de\/deer\/wp-json\/wp\/v2\/pages\/36757","targetHints":{"allow":["GET"]}}],"collection":[{"href":"https:\/\/www.anika-net.de\/deer\/wp-json\/wp\/v2\/pages"}],"about":[{"href":"https:\/\/www.anika-net.de\/deer\/wp-json\/wp\/v2\/types\/page"}],"author":[{"embeddable":true,"href":"https:\/\/www.anika-net.de\/deer\/wp-json\/wp\/v2\/users\/12"}],"replies":[{"embeddable":true,"href":"https:\/\/www.anika-net.de\/deer\/wp-json\/wp\/v2\/comments?post=36757"}],"version-history":[{"count":1,"href":"https:\/\/www.anika-net.de\/deer\/wp-json\/wp\/v2\/pages\/36757\/revisions"}],"predecessor-version":[{"id":118786,"href":"https:\/\/www.anika-net.de\/deer\/wp-json\/wp\/v2\/pages\/36757\/revisions\/118786"}],"wp:attachment":[{"href":"https:\/\/www.anika-net.de\/deer\/wp-json\/wp\/v2\/media?parent=36757"}],"curies":[{"name":"wp","href":"https:\/\/api.w.org\/{rel}","templated":true}]}}