{"id":36716,"date":"2023-04-21T10:33:34","date_gmt":"2023-04-21T08:33:34","guid":{"rendered":"https:\/\/www.anika-net.de\/?page_id=36716"},"modified":"2023-05-03T20:34:32","modified_gmt":"2023-05-03T18:34:32","slug":"bus-und-bahn","status":"publish","type":"page","link":"https:\/\/www.anika-net.de\/deer\/erste-schritte\/bus-und-bahn\/","title":{"rendered":"Bus und&nbsp;Bahn"},"content":{"rendered":"\n<p>In Karlsruhe gibt es den <strong>K<\/strong>arlsruher<br><strong>V<\/strong>erkehrs<strong>\u00b7v<\/strong>erbund.<br>Man sagt auch<strong> KVV<\/strong>.<br><br>Zum KVV geh\u00f6ren:<\/p>\n\n\n\n<div class=\"wp-block-stackable-columns stk-block-columns stk-block stk-615211e\" data-block-id=\"615211e\"><div class=\"stk-row stk-inner-blocks stk-block-content stk-content-align stk-615211e-column\">\n<div class=\"wp-block-stackable-column stk-block-column stk-block-column--v3 stk-column stk-block-column--v2 stk-block stk-343bac3\" data-block-id=\"343bac3\"><style>@media screen and (min-width:901px){.stk-343bac3{flex:1 1 calc(13% - var(--stk-column-gap,0px) * 1 \/ 2 ) !important}}<\/style><div class=\"stk-column-wrapper stk-block-column__content stk-container stk-343bac3-container stk--no-background stk--no-padding\"><div class=\"stk-block-content stk-inner-blocks stk-343bac3-inner-blocks\">\n<ul class=\"wp-block-list\">\n<li>Bus<\/li>\n<\/ul>\n<\/div><\/div><\/div>\n\n\n\n<div class=\"wp-block-stackable-column stk-block-column stk-block-column--v3 stk-column stk-block-column--v2 stk-block stk-53aca13\" data-block-id=\"53aca13\"><style>@media screen and (min-width:901px){.stk-53aca13{flex:1 1 calc(87% - var(--stk-column-gap,0px) * 1 \/ 2 ) !important}}<\/style><div class=\"stk-column-wrapper stk-block-column__content stk-container stk-53aca13-container stk--no-background stk--no-padding\"><div class=\"stk-block-content stk-inner-blocks stk-53aca13-inner-blocks\">\n<figure class=\"wp-block-image size-thumbnail is-resized\"><img decoding=\"async\" src=\"https:\/\/www.anika-net.de\/wp-content\/uploads\/2023\/05\/Bus_BEQUA_schwarz_um.svg\" alt class=\"wp-image-37963\" width=\"60\"><\/figure>\n<\/div><\/div><\/div>\n<\/div><\/div>\n\n\n\n<div class=\"wp-block-stackable-columns stk-block-columns stk-block stk-057f675\" data-block-id=\"057f675\"><div class=\"stk-row stk-inner-blocks stk-block-content stk-content-align stk-057f675-column\">\n<div class=\"wp-block-stackable-column stk-block-column stk-block-column--v3 stk-column stk-block-column--v2 stk-block stk-9e4309f\" data-block-id=\"9e4309f\"><style>@media screen and (min-width:901px){.stk-9e4309f{flex:1 1 calc(13% - var(--stk-column-gap,0px) * 1 \/ 2 ) !important}}<\/style><div class=\"stk-column-wrapper stk-block-column__content stk-container stk-9e4309f-container stk--no-background stk--no-padding\"><div class=\"stk-block-content stk-inner-blocks stk-9e4309f-inner-blocks\">\n<ul class=\"wp-block-list\">\n<li>Bahn.<\/li>\n<\/ul>\n<\/div><\/div><\/div>\n\n\n\n<div class=\"wp-block-stackable-column stk-block-column stk-block-column--v3 stk-column stk-block-column--v2 stk-block stk-e2cf24c\" data-block-id=\"e2cf24c\"><style>@media screen and (min-width:901px){.stk-e2cf24c{flex:1 1 calc(87% - var(--stk-column-gap,0px) * 1 \/ 2 ) !important}}<\/style><div class=\"stk-column-wrapper stk-block-column__content stk-container stk-e2cf24c-container stk--no-background stk--no-padding\"><div class=\"stk-block-content stk-inner-blocks stk-e2cf24c-inner-blocks\">\n<figure class=\"wp-block-image size-thumbnail is-resized\"><img decoding=\"async\" src=\"https:\/\/www.anika-net.de\/wp-content\/uploads\/2023\/05\/Strassenbahn_KA.svg\" alt class=\"wp-image-37980\" width=\"180\"><\/figure>\n<\/div><\/div><\/div>\n<\/div><\/div>\n\n\n\n<p>Mit dem KVV k\u00f6nnen Sie sich in Karlsruhe bewegen.<br>Hier finden Sie:<\/p>\n\n\n\n<ul class=\"wp-block-list\">\n<li>Die Fahrt<strong>\u00b7<\/strong>zeiten f\u00fcr Bus und&nbsp;Bahn<\/li>\n\n\n\n<li>Die Preise f\u00fcr Tickets:<br><a href=\"http:\/\/www.kvv.de\" rel=\"noopener\">www.kvv.de<\/a><\/li>\n<\/ul>\n\n\n\n<p>Es gibt daf\u00fcr auch eine App f\u00fcr das Handy.<br>Die App hei\u00dft KVV.live.<\/p>\n\n\n\n<h3 class=\"wp-block-heading\">Ein Ticket kaufen<\/h3>\n\n\n\n<p>Sie kaufen ein Ticket<\/p>\n\n\n\n<ul class=\"wp-block-list\">\n<li>Am Automaten an der Halte<strong>\u00b7<\/strong>stelle<\/li>\n\n\n\n<li>In der&nbsp;Bahn<\/li>\n\n\n\n<li>Beim Bus<strong>\u00b7<\/strong>fahrer<\/li>\n\n\n\n<li>Im Internet:<br>https:\/\/www.kvv.de\/fahrkarten\/verkauf\/online.html<\/li>\n\n\n\n<li>\u00dcber die App KVV.mobil<\/li>\n\n\n\n<li>Bei Verkaufs<strong>\u00b7<\/strong>stellen.<\/li>\n<\/ul>\n\n\n\n<p>Mit einem Ticket kann man nur in einem Bereich<br>fahren.<br>Der Bereich hei\u00dft <strong>Wabe<\/strong>.<br>Viele Waben kosten mehr.<br>Wenn Sie nur in Karlsruhe fahren m\u00f6chten:<br>Dann brauchen Sie nur 2&nbsp;Waben.<\/p>\n\n\n\n<p><strong>Wichtig:<\/strong><br>Man kontrolliert Ihr Ticket im Bus oder <br>in der&nbsp;Bahn.<\/p>\n\n\n\n<p>Fahren Sie oft Bus oder&nbsp;Bahn?<\/p>\n\n\n\n<p>Dann kaufen Sie&nbsp;eine<\/p>\n\n\n\n<ul class=\"wp-block-list\">\n<li>Monats<strong>\u00b7<\/strong>karte<\/li>\n\n\n\n<li>Jahres<strong>\u00b7<\/strong>karte.<\/li>\n<\/ul>\n\n\n\n<p>Dann bezahlen Sie Ihre Karte ein Mal.<br>Danach k\u00f6nnen Sie so viel fahren, <br>wie sie m\u00f6chten:<\/p>\n\n\n\n<ul class=\"wp-block-list\">\n<li>F\u00fcr 1&nbsp;Monat<\/li>\n\n\n\n<li>F\u00fcr 1&nbsp;Jahr.<\/li>\n<\/ul>\n\n\n\n<p>Manche Menschen m\u00fcssen f\u00fcr Bus und Bahn <br>weniger bezahlen.<br>Zum Beispiel:<\/p>\n\n\n\n<ul class=\"wp-block-list\">\n<li>Kinder<\/li>\n\n\n\n<li>Sch\u00fcler<\/li>\n\n\n\n<li>Aus<strong>\u00b7<\/strong>zu<strong>\u00b7<\/strong>bildende<\/li>\n\n\n\n<li>Studenten<\/li>\n\n\n\n<li>Menschen ab 65 Jahren<\/li>\n\n\n\n<li>Arbeits<strong>\u00b7<\/strong>lose.<\/li>\n<\/ul>\n\n\n\n<p>Wenn Sie Fragen haben,<br>kommen Sie zum KVV-Kunden<strong>\u00b7<\/strong>zentrum:<\/p>\n\n\n\n<ul class=\"wp-block-list\">\n<li>Am Haupt<strong>\u00b7<\/strong>bahnhof<\/li>\n\n\n\n<li>Auf dem Markt<strong>\u00b7<\/strong>platz.<\/li>\n<\/ul>\n","protected":false},"excerpt":{"rendered":"<p>In Karlsruhe gibt es den KarlsruherVerkehrs\u00b7verbund.Man sagt auch KVV. Zum KVV geh\u00f6ren: Mit dem KVV k\u00f6nnen Sie sich in Karlsruhe bewegen.Hier finden Sie: Es gibt daf\u00fcr auch eine App f\u00fcr&nbsp;<a class=\"moretag\" href=\"https:\/\/www.anika-net.de\/deer\/erste-schritte\/bus-und-bahn\/\">mehr<\/a><\/p>\n","protected":false},"author":1,"featured_media":37015,"parent":36486,"menu_order":70,"comment_status":"closed","ping_status":"closed","template":"","meta":{"_acf_changed":false,"inline_featured_image":false,"_uag_custom_page_level_css":"","wp_typography_post_enhancements_disabled":false,"footnotes":""},"class_list":["post-36716","page","type-page","status-publish","has-post-thumbnail","hentry"],"acf":[],"featured_image_urls_v2":{"full":["https:\/\/www.anika-net.de\/wp-content\/uploads\/2023\/04\/LS_BusBahn-08.png",1500,833,false],"thumbnail":["https:\/\/www.anika-net.de\/wp-content\/uploads\/2023\/04\/LS_BusBahn-08-150x150.png",150,150,true],"medium":["https:\/\/www.anika-net.de\/wp-content\/uploads\/2023\/04\/LS_BusBahn-08-300x167.png",300,167,true],"medium_large":["https:\/\/www.anika-net.de\/wp-content\/uploads\/2023\/04\/LS_BusBahn-08-768x426.png",640,355,true],"large":["https:\/\/www.anika-net.de\/wp-content\/uploads\/2023\/04\/LS_BusBahn-08-1024x569.png",640,356,true],"1536x1536":["https:\/\/www.anika-net.de\/wp-content\/uploads\/2023\/04\/LS_BusBahn-08.png",1500,833,false],"2048x2048":["https:\/\/www.anika-net.de\/wp-content\/uploads\/2023\/04\/LS_BusBahn-08.png",1500,833,false],"event-overview":["https:\/\/www.anika-net.de\/wp-content\/uploads\/2023\/04\/LS_BusBahn-08-960x640.png",960,640,true],"event-archive-thumb":["https:\/\/www.anika-net.de\/wp-content\/uploads\/2023\/04\/LS_BusBahn-08-480x267.png",480,267,true],"grid-item-thumbnail":["https:\/\/www.anika-net.de\/wp-content\/uploads\/2023\/04\/LS_BusBahn-08-360x200.png",360,200,true],"network-partner-icon":["https:\/\/www.anika-net.de\/wp-content\/uploads\/2023\/04\/LS_BusBahn-08-100x100.png",100,100,true],"organiser-icon":["https:\/\/www.anika-net.de\/wp-content\/uploads\/2023\/04\/LS_BusBahn-08-200x200.png",200,200,true],"gform-image-choice-sm":["https:\/\/www.anika-net.de\/wp-content\/uploads\/2023\/04\/LS_BusBahn-08.png",300,167,false],"gform-image-choice-md":["https:\/\/www.anika-net.de\/wp-content\/uploads\/2023\/04\/LS_BusBahn-08.png",400,222,false],"gform-image-choice-lg":["https:\/\/www.anika-net.de\/wp-content\/uploads\/2023\/04\/LS_BusBahn-08.png",600,333,false]},"post_excerpt_stackable_v2":"<p>In Karlsruhe gibt es den KarlsruherVerkehrs\u00b7verbund.Man sagt auch KVV.Zum KVV geh\u00f6ren: Bus Bahn. Mit dem KVV k\u00f6nnen Sie sich in Karlsruhe bewegen.Hier finden Sie: Die Fahrt\u00b7zeiten f\u00fcr Bus und&nbsp;Bahn Die Preise f\u00fcr Tickets:www.kvv.de Es gibt daf\u00fcr auch eine App f\u00fcr das Handy.Die App hei\u00dft KVV.live. Ein Ticket kaufen Sie kaufen ein Ticket Am Automaten an der Halte\u00b7stelle In der&nbsp;Bahn Beim Bus\u00b7fahrer Im Internet:https:\/\/www.kvv.de\/fahrkarten\/verkauf\/online.html \u00dcber die App KVV.mobil Bei Verkaufs\u00b7stellen. Mit einem Ticket kann man nur in einem Bereichfahren.Der Bereich hei\u00dft Wabe.Viele Waben kosten mehr.Wenn Sie nur in Karlsruhe fahren m\u00f6chten:Dann brauchen Sie nur 2&nbsp;Waben. Wichtig:Man kontrolliert Ihr Ticket im&nbsp;Bus\u2026<\/p>\n","category_list_v2":"","author_info_v2":{"name":"saasweb-admin","url":"https:\/\/www.anika-net.de\/deer\/author\/saasweb-admin\/"},"comments_num_v2":"0 comments","uagb_featured_image_src":{"full":["https:\/\/www.anika-net.de\/wp-content\/uploads\/2023\/04\/LS_BusBahn-08.png",1500,833,false],"thumbnail":["https:\/\/www.anika-net.de\/wp-content\/uploads\/2023\/04\/LS_BusBahn-08-150x150.png",150,150,true],"medium":["https:\/\/www.anika-net.de\/wp-content\/uploads\/2023\/04\/LS_BusBahn-08-300x167.png",300,167,true],"medium_large":["https:\/\/www.anika-net.de\/wp-content\/uploads\/2023\/04\/LS_BusBahn-08-768x426.png",640,355,true],"large":["https:\/\/www.anika-net.de\/wp-content\/uploads\/2023\/04\/LS_BusBahn-08-1024x569.png",640,356,true],"1536x1536":["https:\/\/www.anika-net.de\/wp-content\/uploads\/2023\/04\/LS_BusBahn-08.png",1500,833,false],"2048x2048":["https:\/\/www.anika-net.de\/wp-content\/uploads\/2023\/04\/LS_BusBahn-08.png",1500,833,false],"event-overview":["https:\/\/www.anika-net.de\/wp-content\/uploads\/2023\/04\/LS_BusBahn-08-960x640.png",960,640,true],"event-archive-thumb":["https:\/\/www.anika-net.de\/wp-content\/uploads\/2023\/04\/LS_BusBahn-08-480x267.png",480,267,true],"grid-item-thumbnail":["https:\/\/www.anika-net.de\/wp-content\/uploads\/2023\/04\/LS_BusBahn-08-360x200.png",360,200,true],"network-partner-icon":["https:\/\/www.anika-net.de\/wp-content\/uploads\/2023\/04\/LS_BusBahn-08-100x100.png",100,100,true],"organiser-icon":["https:\/\/www.anika-net.de\/wp-content\/uploads\/2023\/04\/LS_BusBahn-08-200x200.png",200,200,true],"gform-image-choice-sm":["https:\/\/www.anika-net.de\/wp-content\/uploads\/2023\/04\/LS_BusBahn-08.png",300,167,false],"gform-image-choice-md":["https:\/\/www.anika-net.de\/wp-content\/uploads\/2023\/04\/LS_BusBahn-08.png",400,222,false],"gform-image-choice-lg":["https:\/\/www.anika-net.de\/wp-content\/uploads\/2023\/04\/LS_BusBahn-08.png",600,333,false]},"uagb_author_info":{"display_name":"saasweb-admin","author_link":"https:\/\/www.anika-net.de\/deer\/author\/saasweb-admin\/"},"uagb_comment_info":0,"uagb_excerpt":"In Karlsruhe gibt es den KarlsruherVerkehrs\u00b7verbund.Man sagt auch KVV. Zum KVV geh\u00f6ren: Mit dem KVV k\u00f6nnen Sie sich in Karlsruhe bewegen.Hier finden Sie: Es gibt daf\u00fcr auch eine App f\u00fcr&nbsp;mehr","_links":{"self":[{"href":"https:\/\/www.anika-net.de\/deer\/wp-json\/wp\/v2\/pages\/36716","targetHints":{"allow":["GET"]}}],"collection":[{"href":"https:\/\/www.anika-net.de\/deer\/wp-json\/wp\/v2\/pages"}],"about":[{"href":"https:\/\/www.anika-net.de\/deer\/wp-json\/wp\/v2\/types\/page"}],"author":[{"embeddable":true,"href":"https:\/\/www.anika-net.de\/deer\/wp-json\/wp\/v2\/users\/1"}],"replies":[{"embeddable":true,"href":"https:\/\/www.anika-net.de\/deer\/wp-json\/wp\/v2\/comments?post=36716"}],"version-history":[{"count":0,"href":"https:\/\/www.anika-net.de\/deer\/wp-json\/wp\/v2\/pages\/36716\/revisions"}],"up":[{"embeddable":true,"href":"https:\/\/www.anika-net.de\/deer\/wp-json\/wp\/v2\/pages\/36486"}],"wp:featuredmedia":[{"embeddable":true,"href":"https:\/\/www.anika-net.de\/deer\/wp-json\/wp\/v2\/media\/37015"}],"wp:attachment":[{"href":"https:\/\/www.anika-net.de\/deer\/wp-json\/wp\/v2\/media?parent=36716"}],"curies":[{"name":"wp","href":"https:\/\/api.w.org\/{rel}","templated":true}]}}