{"id":36713,"date":"2023-04-21T10:33:01","date_gmt":"2023-04-21T08:33:01","guid":{"rendered":"https:\/\/www.anika-net.de\/?page_id=36713"},"modified":"2023-05-17T10:25:13","modified_gmt":"2023-05-17T08:25:13","slug":"karlsruher-pass","status":"publish","type":"page","link":"https:\/\/www.anika-net.de\/deer\/erste-schritte\/hilfe-mit-geld-fuer-familien\/karlsruher-pass\/","title":{"rendered":"Karlsruher Pass"},"content":{"rendered":"\n<div class=\"wp-block-stackable-columns stk-block-columns stk-block stk-83a7803\" data-block-id=\"83a7803\"><div class=\"stk-row stk-inner-blocks stk-block-content stk-content-align stk-83a7803-column\">\n<div class=\"wp-block-stackable-column stk-block-column stk-block-column--v3 stk-column stk-block-column--v2 stk-block stk-fbcbfe1\" data-block-id=\"fbcbfe1\"><style>@media screen and (min-width:901px){.stk-fbcbfe1{flex:1 1 calc(33% - var(--stk-column-gap,0px) * 1 \/ 2 ) !important}}<\/style><div class=\"stk-column-wrapper stk-block-column__content stk-container stk-fbcbfe1-container stk--no-background stk--no-padding\"><div class=\"stk-block-content stk-inner-blocks stk-fbcbfe1-inner-blocks\">\n<p>In Karlsruhe gibt es den <strong>Karlsruher Pass<\/strong>.<br>Der Pass ist f\u00fcr Menschen, die<\/p>\n\n\n\n<ul class=\"wp-block-list\">\n<li>wenig Geld&nbsp;haben<\/li>\n\n\n\n<li>Sozial<strong>\u00b7<\/strong>leistungen bekommen.<\/li>\n<\/ul>\n\n\n\n<p>So k\u00f6nnen auch diese Menschen \u00fcberall<br>mitmachen.<\/p>\n<\/div><\/div><\/div>\n\n\n\n<div class=\"wp-block-stackable-column stk-block-column stk-block-column--v3 stk-column stk-block-column--v2 stk-block stk-e27b1b0\" data-block-id=\"e27b1b0\"><style>@media screen and (min-width:901px){.stk-e27b1b0{flex:1 1 calc(67% - var(--stk-column-gap,0px) * 1 \/ 2 ) !important}}<\/style><div class=\"stk-column-wrapper stk-block-column__content stk-container stk-e27b1b0-container stk--no-background stk--no-padding\"><div class=\"stk-block-content stk-inner-blocks stk-e27b1b0-inner-blocks\">\n<figure class=\"wp-block-image size-thumbnail is-resized\"><img decoding=\"async\" src=\"https:\/\/www.anika-net.de\/wp-content\/uploads\/2023\/05\/Karlsruher_Pass.svg\" alt class=\"wp-image-38654\" width=\"100\"><\/figure>\n<\/div><\/div><\/div>\n<\/div><\/div>\n\n\n\n<p>Mit dem Karlsruher Pass m\u00fcssen Sie<br>in Karlsruhe weniger Geld bezahlen.<br>Zum Beispiel f\u00fcr:<\/p>\n\n\n\n<div class=\"wp-block-stackable-columns stk-block-columns stk-block stk-74b4df6\" data-block-id=\"74b4df6\"><div class=\"stk-row stk-inner-blocks stk-block-content stk-content-align stk-74b4df6-column\">\n<div class=\"wp-block-stackable-column stk-block-column stk-block-column--v3 stk-column stk-block-column--v2 stk-block stk-42b7215\" data-block-id=\"42b7215\"><style>@media screen and (min-width:901px){.stk-42b7215{flex:1 1 calc(33% - var(--stk-column-gap,0px) * 1 \/ 2 ) !important}}<\/style><div class=\"stk-column-wrapper stk-block-column__content stk-container stk-42b7215-container stk--no-background stk--no-padding\"><div class=\"stk-block-content stk-inner-blocks stk-42b7215-inner-blocks\">\n<ul class=\"wp-block-list\">\n<li>Bus und&nbsp;Bahn<\/li>\n<\/ul>\n<\/div><\/div><\/div>\n\n\n\n<div class=\"wp-block-stackable-column stk-block-column stk-block-column--v3 stk-column stk-block-column--v2 stk-block stk-b1e9511\" data-block-id=\"b1e9511\"><style>@media screen and (min-width:901px){.stk-b1e9511{flex:1 1 calc(67% - var(--stk-column-gap,0px) * 1 \/ 2 ) !important}}<\/style><div class=\"stk-column-wrapper stk-block-column__content stk-container stk-b1e9511-container stk--no-background stk--no-padding\"><div class=\"stk-block-content stk-inner-blocks stk-b1e9511-inner-blocks\">\n<figure class=\"wp-block-image size-thumbnail is-resized\"><img decoding=\"async\" src=\"https:\/\/www.anika-net.de\/wp-content\/uploads\/2023\/05\/Strassenbahn_KA-1.svg\" alt class=\"wp-image-38672\" width=\"100\"><\/figure>\n<\/div><\/div><\/div>\n<\/div><\/div>\n\n\n\n<div class=\"wp-block-stackable-columns stk-block-columns stk-block stk-4430e23\" data-block-id=\"4430e23\"><div class=\"stk-row stk-inner-blocks stk-block-content stk-content-align stk-4430e23-column\">\n<div class=\"wp-block-stackable-column stk-block-column stk-block-column--v3 stk-column stk-block-column--v2 stk-block stk-22c9bef\" data-block-id=\"22c9bef\"><style>@media screen and (min-width:901px){.stk-22c9bef{flex:1 1 calc(33% - var(--stk-column-gap,0px) * 1 \/ 2 ) !important}}<\/style><div class=\"stk-column-wrapper stk-block-column__content stk-container stk-22c9bef-container stk--no-background stk--no-padding\"><div class=\"stk-block-content stk-inner-blocks stk-22c9bef-inner-blocks\">\n<ul class=\"wp-block-list\">\n<li>Schwimm<strong>\u00b7<\/strong>b\u00e4der<\/li>\n<\/ul>\n<\/div><\/div><\/div>\n\n\n\n<div class=\"wp-block-stackable-column stk-block-column stk-block-column--v3 stk-column stk-block-column--v2 stk-block stk-550e571\" data-block-id=\"550e571\"><style>@media screen and (min-width:901px){.stk-550e571{flex:1 1 calc(67% - var(--stk-column-gap,0px) * 1 \/ 2 ) !important}}<\/style><div class=\"stk-column-wrapper stk-block-column__content stk-container stk-550e571-container stk--no-background stk--no-padding\"><div class=\"stk-block-content stk-inner-blocks stk-550e571-inner-blocks\">\n<figure class=\"wp-block-image size-thumbnail is-resized\"><img decoding=\"async\" src=\"https:\/\/www.anika-net.de\/wp-content\/uploads\/2023\/05\/Schwimmen_Ettlingen_dunkelblau.svg\" alt class=\"wp-image-38687\" width=\"100\"><\/figure>\n<\/div><\/div><\/div>\n<\/div><\/div>\n\n\n\n<div class=\"wp-block-stackable-columns stk-block-columns stk-block stk-d2d4ffe\" data-block-id=\"d2d4ffe\"><div class=\"stk-row stk-inner-blocks stk-block-content stk-content-align stk-d2d4ffe-column\">\n<div class=\"wp-block-stackable-column stk-block-column stk-block-column--v3 stk-column stk-block-column--v2 stk-block stk-1c2f3fb\" data-block-id=\"1c2f3fb\"><style>@media screen and (min-width:901px){.stk-1c2f3fb{flex:1 1 calc(33% - var(--stk-column-gap,0px) * 1 \/ 2 ) !important}}<\/style><div class=\"stk-column-wrapper stk-block-column__content stk-container stk-1c2f3fb-container stk--no-background stk--no-padding\"><div class=\"stk-block-content stk-inner-blocks stk-1c2f3fb-inner-blocks\">\n<ul class=\"wp-block-list\">\n<li>Museen.<\/li>\n<\/ul>\n<\/div><\/div><\/div>\n\n\n\n<div class=\"wp-block-stackable-column stk-block-column stk-block-column--v3 stk-column stk-block-column--v2 stk-block stk-402ff0c\" data-block-id=\"402ff0c\"><style>@media screen and (min-width:901px){.stk-402ff0c{flex:1 1 calc(67% - var(--stk-column-gap,0px) * 1 \/ 2 ) !important}}<\/style><div class=\"stk-column-wrapper stk-block-column__content stk-container stk-402ff0c-container stk--no-background stk--no-padding\"><div class=\"stk-block-content stk-inner-blocks stk-402ff0c-inner-blocks\">\n<figure class=\"wp-block-image size-thumbnail is-resized\"><img decoding=\"async\" src=\"https:\/\/www.anika-net.de\/wp-content\/uploads\/2023\/05\/Ausstellung.svg\" alt class=\"wp-image-38704\" width=\"100\"><\/figure>\n<\/div><\/div><\/div>\n<\/div><\/div>\n\n\n\n<p>Manchmal sind Freizeit\u00b7angebote auch kostenlos.<\/p>\n\n\n\n<p>Es gibt den Karlsruher Pass&nbsp;f\u00fcr<\/p>\n\n\n\n<ul class=\"wp-block-list\">\n<li>Kinder<br>    \u2014 mit einer schweren Behinderung<br>    \u2014 in einer Pflege<strong>\u00b7<\/strong>familie<br>    \u2014 mit vielen Geschwistern.<\/li>\n\n\n\n<li>Erwachsene<\/li>\n\n\n\n<li>alte Menschen.<\/li>\n<\/ul>\n\n\n\n<p><strong>Sie m\u00fcssen f\u00fcr den Karlsruher Pass mitbringen:<\/strong><\/p>\n\n\n\n<ul class=\"wp-block-list\">\n<li>Ein Pass<strong>\u00b7<\/strong>foto<\/li>\n\n\n\n<li>Reise<strong>\u00b7<\/strong>pass oder Personal<strong>\u00b7<\/strong>ausweis<\/li>\n\n\n\n<li>Nachweis \u00fcber Sozial<strong>\u00b7<\/strong>leistungen<\/li>\n\n\n\n<li>Nachweis, dass Sie wenig Geld&nbsp;haben.<\/li>\n<\/ul>\n\n\n\n<p>F\u00fcr den Karlsruher Pass f\u00fcr Kinder brauchen Sie<br><strong>auch:<\/strong><\/p>\n\n\n\n<ul class=\"wp-block-list\">\n<li><strong>Geburts\u00b7urkunden<\/strong> von Ihren Kindern<br><strong>oder<\/strong><\/li>\n\n\n\n<li>Ihre Melde<strong>\u2219<\/strong>bescheinigung.<\/li>\n<\/ul>\n\n\n\n<div class=\"wp-block-stackable-columns stk-block-columns stk-block stk-35c4b62\" data-block-id=\"35c4b62\"><div class=\"stk-row stk-inner-blocks stk-block-content stk-content-align stk-35c4b62-column\">\n<div class=\"wp-block-stackable-column stk-block-column stk-block-column--v3 stk-column stk-block-column--v2 stk-block stk-c0f792a\" data-block-id=\"c0f792a\"><style>@media screen and (min-width:901px){.stk-c0f792a{flex:1 1 calc(13% - var(--stk-column-gap,0px) * 1 \/ 2 ) !important}}<\/style><div class=\"stk-column-wrapper stk-block-column__content stk-container stk-c0f792a-container stk--no-background stk--no-padding\"><div class=\"stk-block-content stk-inner-blocks stk-c0f792a-inner-blocks\">\n<figure class=\"wp-block-image size-thumbnail is-resized\"><img decoding=\"async\" src=\"https:\/\/www.anika-net.de\/wp-content\/uploads\/2023\/04\/800-Internet.svg\" alt class=\"wp-image-36849\" width=\"80\"><\/figure>\n<\/div><\/div><\/div>\n\n\n\n<div class=\"wp-block-stackable-column stk-block-column stk-block-column--v3 stk-column stk-block-column--v2 stk-block stk-fac7df6\" data-block-id=\"fac7df6\"><style>@media screen and (min-width:901px){.stk-fac7df6{flex:1 1 calc(87% - var(--stk-column-gap,0px) * 1 \/ 2 ) !important}}<\/style><div class=\"stk-column-wrapper stk-block-column__content stk-container stk-fac7df6-container stk--no-background stk--no-padding\"><div class=\"stk-block-content stk-inner-blocks stk-fac7df6-inner-blocks\">\n<p>Hier gibt es <a href=\"https:\/\/karlsruher-pass.de\/\" rel=\"noopener\">mehr Informationen<\/a><\/p>\n<\/div><\/div><\/div>\n<\/div><\/div>\n\n\n\n<h4 class=\"wp-block-heading\">Kontakt<\/h4>\n\n\n\n<div class=\"wp-block-stackable-columns stk-block-columns stk-block stk-ec6810c\" data-block-id=\"ec6810c\"><div class=\"stk-row stk-inner-blocks stk-block-content stk-content-align stk-ec6810c-column\">\n<div class=\"wp-block-stackable-column stk-block-column stk-block-column--v3 stk-column stk-block-column--v2 stk-block stk-07c8296\" data-block-id=\"07c8296\"><style>@media screen and (min-width:901px){.stk-07c8296{flex:1 1 calc(13% - var(--stk-column-gap,0px) * 1 \/ 2 ) !important}}<\/style><div class=\"stk-column-wrapper stk-block-column__content stk-container stk-07c8296-container stk--no-background stk--no-padding\"><div class=\"stk-block-content stk-inner-blocks stk-07c8296-inner-blocks\">\n<figure class=\"wp-block-image size-thumbnail is-resized\"><img decoding=\"async\" src=\"https:\/\/www.anika-net.de\/wp-content\/uploads\/2023\/04\/681-Telefon_neu_um.svg\" alt class=\"wp-image-36828\" width=\"30\"><\/figure>\n<\/div><\/div><\/div>\n\n\n\n<div class=\"wp-block-stackable-column stk-block-column stk-block-column--v3 stk-column stk-block-column--v2 stk-block stk-fb3c6aa\" data-block-id=\"fb3c6aa\"><style>@media screen and (min-width:901px){.stk-fb3c6aa{flex:1 1 calc(87% - var(--stk-column-gap,0px) * 1 \/ 2 ) !important}}<\/style><div class=\"stk-column-wrapper stk-block-column__content stk-container stk-fb3c6aa-container stk--no-background stk--no-padding\"><div class=\"stk-block-content stk-inner-blocks stk-fb3c6aa-inner-blocks\">\n<p><strong>Telefon:<\/strong> 0721 \u2013 133 \u2013 56&nbsp;71<\/p>\n<\/div><\/div><\/div>\n<\/div><\/div>\n\n\n\n<div class=\"wp-block-stackable-columns stk-block-columns stk-block stk-ae7342d\" data-block-id=\"ae7342d\"><div class=\"stk-row stk-inner-blocks stk-block-content stk-content-align stk-ae7342d-column\">\n<div class=\"wp-block-stackable-column stk-block-column stk-block-column--v3 stk-column stk-block-column--v2 stk-block stk-1acc711\" data-block-id=\"1acc711\"><style>@media screen and (min-width:901px){.stk-1acc711{flex:1 1 calc(13% - var(--stk-column-gap,0px) * 1 \/ 2 ) !important}}<\/style><div class=\"stk-column-wrapper stk-block-column__content stk-container stk-1acc711-container stk--no-background stk--no-padding\"><div class=\"stk-block-content stk-inner-blocks stk-1acc711-inner-blocks\">\n<figure class=\"wp-block-image size-thumbnail is-resized\"><img decoding=\"async\" src=\"https:\/\/www.anika-net.de\/wp-content\/uploads\/2023\/04\/789-Post.svg\" alt class=\"wp-image-36868\" width=\"70\"><\/figure>\n<\/div><\/div><\/div>\n\n\n\n<div class=\"wp-block-stackable-column stk-block-column stk-block-column--v3 stk-column stk-block-column--v2 stk-block stk-0130463\" data-block-id=\"0130463\"><style>@media screen and (min-width:901px){.stk-0130463{flex:1 1 calc(87% - var(--stk-column-gap,0px) * 1 \/ 2 ) !important}}<\/style><div class=\"stk-column-wrapper stk-block-column__content stk-container stk-0130463-container stk--no-background stk--no-padding\"><div class=\"stk-block-content stk-inner-blocks stk-0130463-inner-blocks\">\n<p><strong>Adresse:<\/strong><br>Jugend<strong>\u00b7<\/strong>freizeit- und Bildungs<strong>\u00b7<\/strong>werk<br>B\u00fcrgerstra\u00dfe 16<br>76133 Karlsruhe<br><br><strong>\u00d6ffnungs\u00b7zeiten<\/strong><br>Montag und Dienstag:&nbsp;&nbsp;&nbsp;09:00 Uhr bis 13:00 Uhr<br>                                       14:00 Uhr bis 16:00 Uhr<br>Donnerstag:&nbsp;&nbsp;&nbsp;&nbsp;&nbsp;&nbsp;&nbsp;&nbsp;&nbsp;&nbsp;&nbsp;&nbsp;&nbsp;&nbsp;&nbsp;&nbsp;&nbsp;&nbsp;&nbsp; 09:00 Uhr bis 13:00 Uhr<br>                                       14:00 Uhr bis 18:00 Uhr<br>Freitag:&nbsp;&nbsp;&nbsp;&nbsp;&nbsp;&nbsp;&nbsp;&nbsp;&nbsp;&nbsp;&nbsp;&nbsp;&nbsp;&nbsp;&nbsp;&nbsp;&nbsp;&nbsp;&nbsp;&nbsp;&nbsp;&nbsp;&nbsp;&nbsp;&nbsp;&nbsp;&nbsp; 09:00 Uhr bis 13:00&nbsp;Uhr&nbsp;<\/p>\n<\/div><\/div><\/div>\n<\/div><\/div>\n","protected":false},"excerpt":{"rendered":"<p>In Karlsruhe gibt es den Karlsruher Pass.Der Pass ist f\u00fcr Menschen, die So k\u00f6nnen auch diese Menschen \u00fcberallmitmachen. Mit dem Karlsruher Pass m\u00fcssen Siein Karlsruhe weniger Geld bezahlen.Zum Beispiel f\u00fcr:&nbsp;<a class=\"moretag\" href=\"https:\/\/www.anika-net.de\/deer\/erste-schritte\/hilfe-mit-geld-fuer-familien\/karlsruher-pass\/\">mehr<\/a><\/p>\n","protected":false},"author":1,"featured_media":0,"parent":36701,"menu_order":30,"comment_status":"closed","ping_status":"closed","template":"","meta":{"_acf_changed":false,"inline_featured_image":false,"_uag_custom_page_level_css":"","wp_typography_post_enhancements_disabled":false,"footnotes":""},"class_list":["post-36713","page","type-page","status-publish","hentry"],"acf":[],"featured_image_urls_v2":{"full":"","thumbnail":"","medium":"","medium_large":"","large":"","1536x1536":"","2048x2048":"","event-overview":"","event-archive-thumb":"","grid-item-thumbnail":"","network-partner-icon":"","organiser-icon":"","gform-image-choice-sm":"","gform-image-choice-md":"","gform-image-choice-lg":""},"post_excerpt_stackable_v2":"<p>In Karlsruhe gibt es den Karlsruher Pass.Der Pass ist f\u00fcr Menschen, die wenig Geld&nbsp;haben Sozial\u00b7leistungen bekommen. So k\u00f6nnen auch diese Menschen \u00fcberallmitmachen. Mit dem Karlsruher Pass m\u00fcssen Siein Karlsruhe weniger Geld bezahlen.Zum Beispiel f\u00fcr: Bus und&nbsp;Bahn Schwimm\u00b7b\u00e4der Museen. Manchmal sind Freizeit\u00b7angebote auch kostenlos. Es gibt den Karlsruher Pass&nbsp;f\u00fcr Kinder \u2014 mit einer schweren Behinderung \u2014 in einer Pflege\u00b7familie \u2014 mit vielen Geschwistern. Erwachsene alte Menschen. Sie m\u00fcssen f\u00fcr den Karlsruher Pass mitbringen: Ein Pass\u00b7foto Reise\u00b7pass oder Personal\u00b7ausweis Nachweis \u00fcber Sozial\u00b7leistungen Nachweis, dass Sie wenig Geld&nbsp;haben. F\u00fcr den Karlsruher Pass f\u00fcr Kinder brauchen Sieauch: Geburts\u00b7urkunden von Ihren Kindernoder Ihre Melde\u2219bescheinigung. Hier\u2026<\/p>\n","category_list_v2":"","author_info_v2":{"name":"saasweb-admin","url":"https:\/\/www.anika-net.de\/deer\/author\/saasweb-admin\/"},"comments_num_v2":"0 comments","uagb_featured_image_src":{"full":false,"thumbnail":false,"medium":false,"medium_large":false,"large":false,"1536x1536":false,"2048x2048":false,"event-overview":false,"event-archive-thumb":false,"grid-item-thumbnail":false,"network-partner-icon":false,"organiser-icon":false,"gform-image-choice-sm":false,"gform-image-choice-md":false,"gform-image-choice-lg":false},"uagb_author_info":{"display_name":"saasweb-admin","author_link":"https:\/\/www.anika-net.de\/deer\/author\/saasweb-admin\/"},"uagb_comment_info":0,"uagb_excerpt":"In Karlsruhe gibt es den Karlsruher Pass.Der Pass ist f\u00fcr Menschen, die So k\u00f6nnen auch diese Menschen \u00fcberallmitmachen. Mit dem Karlsruher Pass m\u00fcssen Siein Karlsruhe weniger Geld bezahlen.Zum Beispiel f\u00fcr:&nbsp;mehr","_links":{"self":[{"href":"https:\/\/www.anika-net.de\/deer\/wp-json\/wp\/v2\/pages\/36713","targetHints":{"allow":["GET"]}}],"collection":[{"href":"https:\/\/www.anika-net.de\/deer\/wp-json\/wp\/v2\/pages"}],"about":[{"href":"https:\/\/www.anika-net.de\/deer\/wp-json\/wp\/v2\/types\/page"}],"author":[{"embeddable":true,"href":"https:\/\/www.anika-net.de\/deer\/wp-json\/wp\/v2\/users\/1"}],"replies":[{"embeddable":true,"href":"https:\/\/www.anika-net.de\/deer\/wp-json\/wp\/v2\/comments?post=36713"}],"version-history":[{"count":0,"href":"https:\/\/www.anika-net.de\/deer\/wp-json\/wp\/v2\/pages\/36713\/revisions"}],"up":[{"embeddable":true,"href":"https:\/\/www.anika-net.de\/deer\/wp-json\/wp\/v2\/pages\/36701"}],"wp:attachment":[{"href":"https:\/\/www.anika-net.de\/deer\/wp-json\/wp\/v2\/media?parent=36713"}],"curies":[{"name":"wp","href":"https:\/\/api.w.org\/{rel}","templated":true}]}}