{"id":36707,"date":"2023-04-21T10:31:38","date_gmt":"2023-04-21T08:31:38","guid":{"rendered":"https:\/\/www.anika-net.de\/?page_id=36707"},"modified":"2023-05-16T11:46:19","modified_gmt":"2023-05-16T09:46:19","slug":"kinderzuschlag","status":"publish","type":"page","link":"https:\/\/www.anika-net.de\/deer\/erste-schritte\/hilfe-mit-geld-fuer-familien\/kinderzuschlag\/","title":{"rendered":"Kinder\u00b7zuschlag"},"content":{"rendered":"\n<div class=\"wp-block-stackable-columns stk-block-columns stk-block stk-cf80607\" data-block-id=\"cf80607\"><div class=\"stk-row stk-inner-blocks stk-block-content stk-content-align stk-cf80607-column\">\n<div class=\"wp-block-stackable-column stk-block-column stk-block-column--v3 stk-column stk-block-column--v2 stk-block stk-689e178\" data-block-id=\"689e178\"><style>@media screen and (min-width:901px){.stk-689e178{flex:1 1 calc(33% - var(--stk-column-gap,0px) * 1 \/ 2 ) !important}}<\/style><div class=\"stk-column-wrapper stk-block-column__content stk-container stk-689e178-container stk--no-background stk--no-padding\"><div class=\"stk-block-content stk-inner-blocks stk-689e178-inner-blocks\">\n<p>Sie verdienen nicht genug Geld<br>f\u00fcr die ganze Familie?<br>Dann bekommen Sie einen Kinder<strong>\u00b7<\/strong>zuschlag.<br>Sie m\u00fcssen einen Antrag stellen.<\/p>\n<\/div><\/div><\/div>\n\n\n\n<div class=\"wp-block-stackable-column stk-block-column stk-block-column--v3 stk-column stk-block-column--v2 stk-block stk-15f150f\" data-block-id=\"15f150f\"><style>@media screen and (min-width:901px){.stk-15f150f{flex:1 1 calc(67% - var(--stk-column-gap,0px) * 1 \/ 2 ) !important}}<\/style><div class=\"stk-column-wrapper stk-block-column__content stk-container stk-15f150f-container stk--no-background stk--no-padding\"><div class=\"stk-block-content stk-inner-blocks stk-15f150f-inner-blocks\">\n<figure class=\"wp-block-image size-thumbnail is-resized\"><img decoding=\"async\" src=\"https:\/\/www.anika-net.de\/wp-content\/uploads\/2023\/05\/Arbeitsamt_zahlt_Geld_an_Alleinerziehende-1.svg\" alt class=\"wp-image-38614\" width=\"200\"><\/figure>\n<\/div><\/div><\/div>\n<\/div><\/div>\n\n\n\n<p><strong>Sie m\u00fcssen f\u00fcr den Kinder\u00b7zuschlag mitbringen:<\/strong><\/p>\n\n\n\n<ul class=\"wp-block-list\">\n<li>Reise<strong>\u00b7<\/strong>pass oder Personal<strong>\u00b7<\/strong>ausweis<\/li>\n\n\n\n<li>Geburts<strong>\u00b7<\/strong>urkunde<\/li>\n\n\n\n<li>Antrag auf Kinder<strong>\u00b7<\/strong>zuschlag<\/li>\n\n\n\n<li>Miet<strong>\u00b7<\/strong>vertrag<\/li>\n\n\n\n<li>Heizungs<strong>\u00b7<\/strong>rechnung<\/li>\n\n\n\n<li>Lohn<strong>\u00b7<\/strong>abrechnung<\/li>\n\n\n\n<li>Dokumente zum <strong>Unterhalt<\/strong>.<\/li>\n<\/ul>\n\n\n\n<div class=\"wp-block-stackable-columns stk-block-columns stk-block stk-c5537a8\" data-block-id=\"c5537a8\"><div class=\"stk-row stk-inner-blocks stk-block-content stk-content-align stk-c5537a8-column\">\n<div class=\"wp-block-stackable-column stk-block-column stk-block-column--v3 stk-column stk-block-column--v2 stk-block stk-8703b0b\" data-block-id=\"8703b0b\"><style>@media screen and (min-width:901px){.stk-8703b0b{flex:1 1 calc(33% - var(--stk-column-gap,0px) * 1 \/ 2 ) !important}}<\/style><div class=\"stk-column-wrapper stk-block-column__content stk-container stk-8703b0b-container stk--no-background stk--no-padding\"><div class=\"stk-block-content stk-inner-blocks stk-8703b0b-inner-blocks\">\n<p>Zum Beispiel:<br>Mutter und Vater leben getrennt.<br>Die Mutter k\u00fcmmert sich alleine um das Kind.<br>Dann bekommt sie Geld f\u00fcr das Kind vom Vater.<br>Das nennt man <strong>Unterhalt<\/strong>.<\/p>\n<\/div><\/div><\/div>\n\n\n\n<div class=\"wp-block-stackable-column stk-block-column stk-block-column--v3 stk-column stk-block-column--v2 stk-block stk-2ea674c\" data-block-id=\"2ea674c\"><style>@media screen and (min-width:901px){.stk-2ea674c{flex:1 1 calc(67% - var(--stk-column-gap,0px) * 1 \/ 2 ) !important}}<\/style><div class=\"stk-column-wrapper stk-block-column__content stk-container stk-2ea674c-container stk--no-background stk--no-padding\"><div class=\"stk-block-content stk-inner-blocks stk-2ea674c-inner-blocks\">\n<figure class=\"wp-block-image size-thumbnail is-resized\"><img decoding=\"async\" src=\"https:\/\/www.anika-net.de\/wp-content\/uploads\/2023\/05\/Vater_zahlt_Unterhalt_an_Alleinerziehende.svg\" alt class=\"wp-image-38632\" width=\"200\"><\/figure>\n<\/div><\/div><\/div>\n<\/div><\/div>\n\n\n\n<p>Sie bekommen ein Dokument<br>\u00fcber den Kinder<strong>\u00b7<\/strong>zuschlag.<br>In dem Dokument steht:<\/p>\n\n\n\n<ul class=\"wp-block-list\">\n<li>Sie bekommen einen Kinder<strong>\u00b7<\/strong>zuschlag.<br><strong>Oder<\/strong><\/li>\n\n\n\n<li>Sie bekommen <strong>keinen<\/strong> Kinder<strong>\u00b7<\/strong>zuschlag.<\/li>\n<\/ul>\n\n\n\n<div class=\"wp-block-stackable-columns stk-block-columns stk-block stk-75ecfab\" data-block-id=\"75ecfab\"><div class=\"stk-row stk-inner-blocks stk-block-content stk-content-align stk-75ecfab-column\">\n<div class=\"wp-block-stackable-column stk-block-column stk-block-column--v3 stk-column stk-block-column--v2 stk-block stk-8bd7fec\" data-block-id=\"8bd7fec\"><style>@media screen and (min-width:901px){.stk-8bd7fec{flex:1 1 calc(33% - var(--stk-column-gap,0px) * 1 \/ 2 ) !important}}<\/style><div class=\"stk-column-wrapper stk-block-column__content stk-container stk-8bd7fec-container stk--no-background stk--no-padding\"><div class=\"stk-block-content stk-inner-blocks stk-8bd7fec-inner-blocks\">\n<p>Das ist ein wichtiges Dokument.<br>Bitte werfen Sie das Dokument <strong>nicht<\/strong> weg.<\/p>\n<\/div><\/div><\/div>\n\n\n\n<div class=\"wp-block-stackable-column stk-block-column stk-block-column--v3 stk-column stk-block-column--v2 stk-block stk-0159b3d\" data-block-id=\"0159b3d\"><style>@media screen and (min-width:901px){.stk-0159b3d{flex:1 1 calc(67% - var(--stk-column-gap,0px) * 1 \/ 2 ) !important}}<\/style><div class=\"stk-column-wrapper stk-block-column__content stk-container stk-0159b3d-container stk--no-background stk--no-padding\"><div class=\"stk-block-content stk-inner-blocks stk-0159b3d-inner-blocks\">\n<figure class=\"wp-block-image size-thumbnail is-resized\"><img decoding=\"async\" src=\"https:\/\/www.anika-net.de\/wp-content\/uploads\/2023\/04\/780-Archiv.svg\" alt class=\"wp-image-37197\" width=\"80\"><\/figure>\n<\/div><\/div><\/div>\n<\/div><\/div>\n\n\n\n<h4 class=\"wp-block-heading\">Kontakt<\/h4>\n\n\n\n<div class=\"wp-block-stackable-columns stk-block-columns stk-block stk-3b2bf23\" data-block-id=\"3b2bf23\"><div class=\"stk-row stk-inner-blocks stk-block-content stk-content-align stk-3b2bf23-column\">\n<div class=\"wp-block-stackable-column stk-block-column stk-block-column--v3 stk-column stk-block-column--v2 stk-block stk-e89aec1\" data-block-id=\"e89aec1\"><style>@media screen and (min-width:901px){.stk-e89aec1{flex:1 1 calc(13% - var(--stk-column-gap,0px) * 1 \/ 2 ) !important}}<\/style><div class=\"stk-column-wrapper stk-block-column__content stk-container stk-e89aec1-container stk--no-background stk--no-padding\"><div class=\"stk-block-content stk-inner-blocks stk-e89aec1-inner-blocks\">\n<figure class=\"wp-block-image size-large is-resized\"><img decoding=\"async\" src=\"https:\/\/www.anika-net.de\/wp-content\/uploads\/2023\/04\/789-Post.svg\" alt class=\"wp-image-36868\" width=\"70\"><\/figure>\n<\/div><\/div><\/div>\n\n\n\n<div class=\"wp-block-stackable-column stk-block-column stk-block-column--v3 stk-column stk-block-column--v2 stk-block stk-23a1137\" data-block-id=\"23a1137\"><style>@media screen and (min-width:901px){.stk-23a1137{flex:1 1 calc(87% - var(--stk-column-gap,0px) * 1 \/ 2 ) !important}}<\/style><div class=\"stk-column-wrapper stk-block-column__content stk-container stk-23a1137-container stk--no-background stk--no-padding\"><div class=\"stk-block-content stk-inner-blocks stk-23a1137-inner-blocks\">\n<p><strong>Adresse:<\/strong><br>Familien<strong>\u00b7<\/strong>kasse<br>Kriegsstra\u00dfe 100<br>76133 Karlsruhe<\/p>\n<\/div><\/div><\/div>\n<\/div><\/div>\n\n\n\n<div class=\"wp-block-stackable-columns stk-block-columns stk-block stk-0726b52\" data-block-id=\"0726b52\"><div class=\"stk-row stk-inner-blocks stk-block-content stk-content-align stk-0726b52-column\">\n<div class=\"wp-block-stackable-column stk-block-column stk-block-column--v3 stk-column stk-block-column--v2 stk-block stk-6592a1b\" data-block-id=\"6592a1b\"><style>@media screen and (min-width:901px){.stk-6592a1b{flex:1 1 calc(13% - var(--stk-column-gap,0px) * 1 \/ 2 ) !important}}<\/style><div class=\"stk-column-wrapper stk-block-column__content stk-container stk-6592a1b-container stk--no-background stk--no-padding\"><div class=\"stk-block-content stk-inner-blocks stk-6592a1b-inner-blocks\">\n<figure class=\"wp-block-image size-thumbnail is-resized\"><img decoding=\"async\" src=\"https:\/\/www.anika-net.de\/wp-content\/uploads\/2023\/04\/681-Telefon_neu_um.svg\" alt class=\"wp-image-36828\" width=\"30\"><\/figure>\n<\/div><\/div><\/div>\n\n\n\n<div class=\"wp-block-stackable-column stk-block-column stk-block-column--v3 stk-column stk-block-column--v2 stk-block stk-8a8f6df\" data-block-id=\"8a8f6df\"><style>@media screen and (min-width:901px){.stk-8a8f6df{flex:1 1 calc(87% - var(--stk-column-gap,0px) * 1 \/ 2 ) !important}}<\/style><div class=\"stk-column-wrapper stk-block-column__content stk-container stk-8a8f6df-container stk--no-background stk--no-padding\"><div class=\"stk-block-content stk-inner-blocks stk-8a8f6df-inner-blocks\">\n<p><strong>Telefon:<\/strong> 08 00 \u2014 45 55 53 0<br><br><strong>\u00d6ffnungs\u00b7zeiten:<\/strong><br>Montag bis Freitag:&nbsp; 8:00 Uhr bis 18:00&nbsp;Uhr<\/p>\n<\/div><\/div><\/div>\n<\/div><\/div>\n\n\n\n<div class=\"wp-block-stackable-columns stk-block-columns stk-block stk-2450ee6\" data-block-id=\"2450ee6\"><div class=\"stk-row stk-inner-blocks stk-block-content stk-content-align stk-2450ee6-column\">\n<div class=\"wp-block-stackable-column stk-block-column stk-block-column--v3 stk-column stk-block-column--v2 stk-block stk-36bc132\" data-block-id=\"36bc132\"><style>@media screen and (min-width:901px){.stk-36bc132{flex:1 1 calc(13% - var(--stk-column-gap,0px) * 1 \/ 2 ) !important}}<\/style><div class=\"stk-column-wrapper stk-block-column__content stk-container stk-36bc132-container stk--no-background stk--no-padding\"><div class=\"stk-block-content stk-inner-blocks stk-36bc132-inner-blocks\">\n<figure class=\"wp-block-image size-large is-resized\"><img decoding=\"async\" src=\"https:\/\/www.anika-net.de\/wp-content\/uploads\/2023\/04\/800-Internet.svg\" alt class=\"wp-image-36849\" width=\"80\"><\/figure>\n<\/div><\/div><\/div>\n\n\n\n<div class=\"wp-block-stackable-column stk-block-column stk-block-column--v3 stk-column stk-block-column--v2 stk-block stk-78a99ed\" data-block-id=\"78a99ed\"><style>@media screen and (min-width:901px){.stk-78a99ed{flex:1 1 calc(87% - var(--stk-column-gap,0px) * 1 \/ 2 ) !important}}<\/style><div class=\"stk-column-wrapper stk-block-column__content stk-container stk-78a99ed-container stk--no-background stk--no-padding\"><div class=\"stk-block-content stk-inner-blocks stk-78a99ed-inner-blocks\">\n<p>Hier gibt es mehr Informationen:<br><a href=\"http:\/\/www.familienkasse.de\" rel=\"noopener\">www.familienkasse.de<\/a><\/p>\n<\/div><\/div><\/div>\n<\/div><\/div>\n","protected":false},"excerpt":{"rendered":"<p>Sie verdienen nicht genug Geldf\u00fcr die ganze Familie?Dann bekommen Sie einen Kinder\u00b7zuschlag.Sie m\u00fcssen einen Antrag stellen. Sie m\u00fcssen f\u00fcr den Kinder\u00b7zuschlag mitbringen: Zum Beispiel:Mutter und Vater leben getrennt.Die Mutter k\u00fcmmert&nbsp;<a class=\"moretag\" href=\"https:\/\/www.anika-net.de\/deer\/erste-schritte\/hilfe-mit-geld-fuer-familien\/kinderzuschlag\/\">mehr<\/a><\/p>\n","protected":false},"author":1,"featured_media":0,"parent":36701,"menu_order":10,"comment_status":"closed","ping_status":"closed","template":"","meta":{"_acf_changed":false,"inline_featured_image":false,"_uag_custom_page_level_css":"","wp_typography_post_enhancements_disabled":false,"footnotes":""},"class_list":["post-36707","page","type-page","status-publish","hentry"],"acf":[],"featured_image_urls_v2":{"full":"","thumbnail":"","medium":"","medium_large":"","large":"","1536x1536":"","2048x2048":"","event-overview":"","event-archive-thumb":"","grid-item-thumbnail":"","network-partner-icon":"","organiser-icon":"","gform-image-choice-sm":"","gform-image-choice-md":"","gform-image-choice-lg":""},"post_excerpt_stackable_v2":"<p>Sie verdienen nicht genug Geldf\u00fcr die ganze Familie?Dann bekommen Sie einen Kinder\u00b7zuschlag.Sie m\u00fcssen einen Antrag stellen. Sie m\u00fcssen f\u00fcr den Kinder\u00b7zuschlag mitbringen: Reise\u00b7pass oder Personal\u00b7ausweis Geburts\u00b7urkunde Antrag auf Kinder\u00b7zuschlag Miet\u00b7vertrag Heizungs\u00b7rechnung Lohn\u00b7abrechnung Dokumente zum Unterhalt. Zum Beispiel:Mutter und Vater leben getrennt.Die Mutter k\u00fcmmert sich alleine um das Kind.Dann bekommt sie Geld f\u00fcr das Kind vom Vater.Das nennt man Unterhalt. Sie bekommen ein Dokument\u00fcber den Kinder\u00b7zuschlag.In dem Dokument steht: Sie bekommen einen Kinder\u00b7zuschlag.Oder Sie bekommen keinen Kinder\u00b7zuschlag. Das ist ein wichtiges Dokument.Bitte werfen Sie das Dokument nicht weg. Kontakt Adresse:Familien\u00b7kasseKriegsstra\u00dfe 10076133 Karlsruhe Telefon: 08 00 \u2014 45 55 53 0\u00d6ffnungs\u00b7zeiten:Montag bis\u2026<\/p>\n","category_list_v2":"","author_info_v2":{"name":"saasweb-admin","url":"https:\/\/www.anika-net.de\/deer\/author\/saasweb-admin\/"},"comments_num_v2":"0 comments","uagb_featured_image_src":{"full":false,"thumbnail":false,"medium":false,"medium_large":false,"large":false,"1536x1536":false,"2048x2048":false,"event-overview":false,"event-archive-thumb":false,"grid-item-thumbnail":false,"network-partner-icon":false,"organiser-icon":false,"gform-image-choice-sm":false,"gform-image-choice-md":false,"gform-image-choice-lg":false},"uagb_author_info":{"display_name":"saasweb-admin","author_link":"https:\/\/www.anika-net.de\/deer\/author\/saasweb-admin\/"},"uagb_comment_info":0,"uagb_excerpt":"Sie verdienen nicht genug Geldf\u00fcr die ganze Familie?Dann bekommen Sie einen Kinder\u00b7zuschlag.Sie m\u00fcssen einen Antrag stellen. Sie m\u00fcssen f\u00fcr den Kinder\u00b7zuschlag mitbringen: Zum Beispiel:Mutter und Vater leben getrennt.Die Mutter k\u00fcmmert&nbsp;mehr","_links":{"self":[{"href":"https:\/\/www.anika-net.de\/deer\/wp-json\/wp\/v2\/pages\/36707","targetHints":{"allow":["GET"]}}],"collection":[{"href":"https:\/\/www.anika-net.de\/deer\/wp-json\/wp\/v2\/pages"}],"about":[{"href":"https:\/\/www.anika-net.de\/deer\/wp-json\/wp\/v2\/types\/page"}],"author":[{"embeddable":true,"href":"https:\/\/www.anika-net.de\/deer\/wp-json\/wp\/v2\/users\/1"}],"replies":[{"embeddable":true,"href":"https:\/\/www.anika-net.de\/deer\/wp-json\/wp\/v2\/comments?post=36707"}],"version-history":[{"count":0,"href":"https:\/\/www.anika-net.de\/deer\/wp-json\/wp\/v2\/pages\/36707\/revisions"}],"up":[{"embeddable":true,"href":"https:\/\/www.anika-net.de\/deer\/wp-json\/wp\/v2\/pages\/36701"}],"wp:attachment":[{"href":"https:\/\/www.anika-net.de\/deer\/wp-json\/wp\/v2\/media?parent=36707"}],"curies":[{"name":"wp","href":"https:\/\/api.w.org\/{rel}","templated":true}]}}