{"id":36695,"date":"2023-04-21T10:29:16","date_gmt":"2023-04-21T08:29:16","guid":{"rendered":"https:\/\/www.anika-net.de\/?page_id=36695"},"modified":"2023-05-17T23:10:38","modified_gmt":"2023-05-17T21:10:38","slug":"jugendliche-ab-16-jahren","status":"publish","type":"page","link":"https:\/\/www.anika-net.de\/deer\/erste-schritte\/kinder-und-familie\/jugendliche-ab-16-jahren\/","title":{"rendered":"Jugendliche ab 16 Jahren"},"content":{"rendered":"\n<div class=\"wp-block-stackable-columns stk-block-columns stk-block stk-bd60d75\" data-block-id=\"bd60d75\"><div class=\"stk-row stk-inner-blocks stk-block-content stk-content-align stk-bd60d75-column\">\n<div class=\"wp-block-stackable-column stk-block-column stk-column stk-block stk-4938fca\" data-v=\"4\" data-block-id=\"4938fca\"><style>@media screen and (min-width:901px){.stk-4938fca{flex:1 1 calc(33% - var(--stk-column-gap,0px) * 1 \/ 2 ) !important}}<\/style><div class=\"stk-column-wrapper stk-block-column__content stk-container stk-4938fca-container stk--no-background stk--no-padding\"><div class=\"stk-block-content stk-inner-blocks stk-4938fca-inner-blocks\">\n<p>Jugendliche ab 16 Jahren k\u00f6nnen<br>auf eine Berufs<strong>\u00b7<\/strong>schule gehen.<br>Hier gibt es auch Vorbereitungs<strong>\u00b7<\/strong>klassen<br>f\u00fcr Jugendliche.<br>Man sagt auch <strong>VABO-Klassen<\/strong>.<\/p>\n<\/div><\/div><\/div>\n\n\n\n<div class=\"wp-block-stackable-column stk-block-column stk-column stk-block stk-247a25f\" data-v=\"4\" data-block-id=\"247a25f\"><style>@media screen and (min-width:901px){.stk-247a25f{flex:1 1 calc(67% - var(--stk-column-gap,0px) * 1 \/ 2 ) !important}}<\/style><div class=\"stk-column-wrapper stk-block-column__content stk-container stk-247a25f-container stk--no-background stk--no-padding\"><div class=\"stk-block-content stk-inner-blocks stk-247a25f-inner-blocks\"><\/div><\/div><\/div>\n<\/div><\/div>\n\n\n\n<p>Die Jugendlichen lernen dort Deutsch.<br>Sie k\u00f6nnen dann auch eine Deutsch<strong>\u00b7<\/strong>pr\u00fcfung<br>machen.<\/p>\n\n\n\n<p>Nach der VABO-Klasse kann Ihr Kind<br>einen deutschen Schul<strong>\u00b7<\/strong>abschluss machen.<\/p>\n\n\n\n<div class=\"wp-block-stackable-columns stk-block-columns stk-block stk-b68223f\" data-block-id=\"b68223f\"><div class=\"stk-row stk-inner-blocks stk-block-content stk-content-align stk-b68223f-column\">\n<div class=\"wp-block-stackable-column stk-block-column stk-column stk-block stk-17e63a1\" data-v=\"4\" data-block-id=\"17e63a1\"><style>@media screen and (min-width:901px){.stk-17e63a1{flex:1 1 calc(13% - var(--stk-column-gap,0px) * 1 \/ 2 ) !important}}<\/style><div class=\"stk-column-wrapper stk-block-column__content stk-container stk-17e63a1-container stk--no-background stk--no-padding\"><div class=\"stk-block-content stk-inner-blocks stk-17e63a1-inner-blocks\">\n<figure class=\"wp-block-image size-thumbnail is-resized\"><img decoding=\"async\" src=\"https:\/\/www.anika-net.de\/wp-content\/uploads\/2023\/04\/800-Internet.svg\" alt class=\"wp-image-36849\" width=\"80\"><\/figure>\n<\/div><\/div><\/div>\n\n\n\n<div class=\"wp-block-stackable-column stk-block-column stk-column stk-block stk-5ecffe9\" data-v=\"4\" data-block-id=\"5ecffe9\"><style>@media screen and (min-width:901px){.stk-5ecffe9{flex:1 1 calc(87% - var(--stk-column-gap,0px) * 1 \/ 2 ) !important}}<\/style><div class=\"stk-column-wrapper stk-block-column__content stk-container stk-5ecffe9-container stk--no-background stk--no-padding\"><div class=\"stk-block-content stk-inner-blocks stk-5ecffe9-inner-blocks\">\n<p>Hier k\u00f6nnen Sie sich <a href=\"https:\/\/wes.karlsruhe.de\/anmeldung\/\" rel=\"noopener\">anmelden<\/a><\/p>\n<\/div><\/div><\/div>\n<\/div><\/div>\n\n\n\n<p>Die Jugendlichen k\u00f6nnen sich auch selbst<br>anmelden.<\/p>\n\n\n\n<p><strong>Sie m\u00fcssen zur Anmeldung an der Schule <\/strong><br><strong>mitbringen:<\/strong><\/p>\n\n\n\n<ul class=\"wp-block-list\">\n<li>Die <strong>Geburts\u00b7urkunde<\/strong> vom Kind.<br>Das ist ein Dokument \u00fcber die Geburt<br>vom Ihren&nbsp;Kind.<\/li>\n\n\n\n<li>den Pass von Ihrem&nbsp;Kind<\/li>\n\n\n\n<li>Ihren Pass<\/li>\n\n\n\n<li>Wenn m\u00f6glich:<br>Schul<strong>\u00b7<\/strong>zeugnisse von Ihrem&nbsp;Kind.<\/li>\n<\/ul>\n","protected":false},"excerpt":{"rendered":"<p>Jugendliche ab 16 Jahren k\u00f6nnenauf eine Berufs\u00b7schule gehen.Hier gibt es auch Vorbereitungs\u00b7klassenf\u00fcr Jugendliche.Man sagt auch VABO-Klassen. Die Jugendlichen lernen dort Deutsch.Sie k\u00f6nnen dann auch eine Deutsch\u00b7pr\u00fcfungmachen. Nach der VABO-Klasse kann&nbsp;<a class=\"moretag\" href=\"https:\/\/www.anika-net.de\/deer\/erste-schritte\/kinder-und-familie\/jugendliche-ab-16-jahren\/\">mehr<\/a><\/p>\n","protected":false},"author":1,"featured_media":0,"parent":36677,"menu_order":50,"comment_status":"closed","ping_status":"closed","template":"","meta":{"_acf_changed":false,"inline_featured_image":false,"_uag_custom_page_level_css":"","wp_typography_post_enhancements_disabled":false,"footnotes":""},"class_list":["post-36695","page","type-page","status-publish","hentry"],"acf":[],"featured_image_urls_v2":{"full":"","thumbnail":"","medium":"","medium_large":"","large":"","1536x1536":"","2048x2048":"","event-overview":"","event-archive-thumb":"","grid-item-thumbnail":"","network-partner-icon":"","organiser-icon":"","gform-image-choice-sm":"","gform-image-choice-md":"","gform-image-choice-lg":""},"post_excerpt_stackable_v2":"<p>Jugendliche ab 16 Jahren k\u00f6nnenauf eine Berufs\u00b7schule gehen.Hier gibt es auch Vorbereitungs\u00b7klassenf\u00fcr Jugendliche.Man sagt auch VABO-Klassen. Die Jugendlichen lernen dort Deutsch.Sie k\u00f6nnen dann auch eine Deutsch\u00b7pr\u00fcfungmachen. Nach der VABO-Klasse kann Ihr Kindeinen deutschen Schul\u00b7abschluss machen. Hier k\u00f6nnen Sie sich anmelden Die Jugendlichen k\u00f6nnen sich auch selbstanmelden. Sie m\u00fcssen zur Anmeldung an der Schule mitbringen: Die Geburts\u00b7urkunde vom Kind.Das ist ein Dokument \u00fcber die Geburtvom Ihren&nbsp;Kind. den Pass von Ihrem&nbsp;Kind Ihren Pass Wenn m\u00f6glich:Schul\u00b7zeugnisse von Ihrem&nbsp;Kind.<\/p>\n","category_list_v2":"","author_info_v2":{"name":"saasweb-admin","url":"https:\/\/www.anika-net.de\/deer\/author\/saasweb-admin\/"},"comments_num_v2":"0 comments","uagb_featured_image_src":{"full":false,"thumbnail":false,"medium":false,"medium_large":false,"large":false,"1536x1536":false,"2048x2048":false,"event-overview":false,"event-archive-thumb":false,"grid-item-thumbnail":false,"network-partner-icon":false,"organiser-icon":false,"gform-image-choice-sm":false,"gform-image-choice-md":false,"gform-image-choice-lg":false},"uagb_author_info":{"display_name":"saasweb-admin","author_link":"https:\/\/www.anika-net.de\/deer\/author\/saasweb-admin\/"},"uagb_comment_info":0,"uagb_excerpt":"Jugendliche ab 16 Jahren k\u00f6nnenauf eine Berufs\u00b7schule gehen.Hier gibt es auch Vorbereitungs\u00b7klassenf\u00fcr Jugendliche.Man sagt auch VABO-Klassen. Die Jugendlichen lernen dort Deutsch.Sie k\u00f6nnen dann auch eine Deutsch\u00b7pr\u00fcfungmachen. Nach der VABO-Klasse kann&nbsp;mehr","_links":{"self":[{"href":"https:\/\/www.anika-net.de\/deer\/wp-json\/wp\/v2\/pages\/36695","targetHints":{"allow":["GET"]}}],"collection":[{"href":"https:\/\/www.anika-net.de\/deer\/wp-json\/wp\/v2\/pages"}],"about":[{"href":"https:\/\/www.anika-net.de\/deer\/wp-json\/wp\/v2\/types\/page"}],"author":[{"embeddable":true,"href":"https:\/\/www.anika-net.de\/deer\/wp-json\/wp\/v2\/users\/1"}],"replies":[{"embeddable":true,"href":"https:\/\/www.anika-net.de\/deer\/wp-json\/wp\/v2\/comments?post=36695"}],"version-history":[{"count":0,"href":"https:\/\/www.anika-net.de\/deer\/wp-json\/wp\/v2\/pages\/36695\/revisions"}],"up":[{"embeddable":true,"href":"https:\/\/www.anika-net.de\/deer\/wp-json\/wp\/v2\/pages\/36677"}],"wp:attachment":[{"href":"https:\/\/www.anika-net.de\/deer\/wp-json\/wp\/v2\/media?parent=36695"}],"curies":[{"name":"wp","href":"https:\/\/api.w.org\/{rel}","templated":true}]}}