{"id":36689,"date":"2023-04-21T10:28:12","date_gmt":"2023-04-21T08:28:12","guid":{"rendered":"https:\/\/www.anika-net.de\/?page_id=36689"},"modified":"2023-05-17T18:20:00","modified_gmt":"2023-05-17T16:20:00","slug":"grundschule","status":"publish","type":"page","link":"https:\/\/www.anika-net.de\/deer\/erste-schritte\/kinder-und-familie\/grundschule\/","title":{"rendered":"Grund\u00b7schule"},"content":{"rendered":"\n<div class=\"wp-block-stackable-columns stk-block-columns stk-block stk-1ef5331\" data-block-id=\"1ef5331\"><div class=\"stk-row stk-inner-blocks stk-block-content stk-content-align stk-1ef5331-column\">\n<div class=\"wp-block-stackable-column stk-block-column stk-column stk-block stk-686bd8f\" data-v=\"4\" data-block-id=\"686bd8f\"><style>@media screen and (min-width:901px){.stk-686bd8f{flex:1 1 calc(33% - var(--stk-column-gap,0px) * 1 \/ 2 ) !important}}<\/style><div class=\"stk-column-wrapper stk-block-column__content stk-container stk-686bd8f-container stk--no-background stk--no-padding\"><div class=\"stk-block-content stk-inner-blocks stk-686bd8f-inner-blocks\">\n<p>In der Grund\u00b7schule gibt es <strong>Vorbereitungs\u00b7klassen<\/strong>.<br>In diesen Klassen lernen die Kinder Deutsch.<\/p>\n<\/div><\/div><\/div>\n\n\n\n<div class=\"wp-block-stackable-column stk-block-column stk-column stk-block stk-b3f8a7c\" data-v=\"4\" data-block-id=\"b3f8a7c\"><style>@media screen and (min-width:901px){.stk-b3f8a7c{flex:1 1 calc(67% - var(--stk-column-gap,0px) * 1 \/ 2 ) !important}}<\/style><div class=\"stk-column-wrapper stk-block-column__content stk-container stk-b3f8a7c-container stk--no-background stk--no-padding\"><div class=\"stk-block-content stk-inner-blocks stk-b3f8a7c-inner-blocks\">\n<figure class=\"wp-block-image size-thumbnail is-resized\"><img decoding=\"async\" src=\"https:\/\/www.anika-net.de\/wp-content\/uploads\/2023\/05\/Unterricht_gruene_Tafel.svg\" alt class=\"wp-image-38930\" width=\"130\"><\/figure>\n<\/div><\/div><\/div>\n<\/div><\/div>\n\n\n\n<p>Ihr Kind kommt in eine Grund<strong>\u00b7<\/strong>schule<br>in der N\u00e4he von Ihrer Wohnung.<\/p>\n\n\n\n<div class=\"wp-block-stackable-columns stk-block-columns stk-block stk-41e151f\" data-block-id=\"41e151f\"><div class=\"stk-row stk-inner-blocks stk-block-content stk-content-align stk-41e151f-column\">\n<div class=\"wp-block-stackable-column stk-block-column stk-column stk-block stk-83eadfb\" data-v=\"4\" data-block-id=\"83eadfb\"><style>@media screen and (min-width:901px){.stk-83eadfb{flex:1 1 calc(13% - var(--stk-column-gap,0px) * 1 \/ 2 ) !important}}<\/style><div class=\"stk-column-wrapper stk-block-column__content stk-container stk-83eadfb-container stk--no-background stk--no-padding\"><div class=\"stk-block-content stk-inner-blocks stk-83eadfb-inner-blocks\">\n<figure class=\"wp-block-image size-thumbnail is-resized\"><img decoding=\"async\" src=\"https:\/\/www.anika-net.de\/wp-content\/uploads\/2023\/04\/800-Internet.svg\" alt class=\"wp-image-36849\" width=\"80\"><\/figure>\n<\/div><\/div><\/div>\n\n\n\n<div class=\"wp-block-stackable-column stk-block-column stk-column stk-block stk-ff5167b\" data-v=\"4\" data-block-id=\"ff5167b\"><style>@media screen and (min-width:901px){.stk-ff5167b{flex:1 1 calc(87% - var(--stk-column-gap,0px) * 1 \/ 2 ) !important}}<\/style><div class=\"stk-column-wrapper stk-block-column__content stk-container stk-ff5167b-container stk--no-background stk--no-padding\"><div class=\"stk-block-content stk-inner-blocks stk-ff5167b-inner-blocks\">\n<p>Hier finden Sie die <a href=\"https:\/\/www.karlsruhe.de\/bildung-soziales\/liste-schulen\" rel=\"noopener\">Grundschulen <\/a>in Ihrer&nbsp;N\u00e4he<\/p>\n<\/div><\/div><\/div>\n<\/div><\/div>\n\n\n\n<p>Sie m\u00fcssen Ihr Kind in der Schule anmelden.<br>Bitte machen Sie einen Termin.<br>Bringen Sie Ihr Kind mit zu dem Termin.<\/p>\n","protected":false},"excerpt":{"rendered":"<p>In der Grund\u00b7schule gibt es Vorbereitungs\u00b7klassen.In diesen Klassen lernen die Kinder Deutsch. Ihr Kind kommt in eine Grund\u00b7schulein der N\u00e4he von Ihrer Wohnung. Hier finden Sie die Grundschulen in Ihrer&nbsp;N\u00e4he&nbsp;<a class=\"moretag\" href=\"https:\/\/www.anika-net.de\/deer\/erste-schritte\/kinder-und-familie\/grundschule\/\">mehr<\/a><\/p>\n","protected":false},"author":1,"featured_media":0,"parent":36677,"menu_order":30,"comment_status":"closed","ping_status":"closed","template":"","meta":{"_acf_changed":false,"inline_featured_image":false,"_uag_custom_page_level_css":"","wp_typography_post_enhancements_disabled":false,"footnotes":""},"class_list":["post-36689","page","type-page","status-publish","hentry"],"acf":[],"featured_image_urls_v2":{"full":"","thumbnail":"","medium":"","medium_large":"","large":"","1536x1536":"","2048x2048":"","event-overview":"","event-archive-thumb":"","grid-item-thumbnail":"","network-partner-icon":"","organiser-icon":"","gform-image-choice-sm":"","gform-image-choice-md":"","gform-image-choice-lg":""},"post_excerpt_stackable_v2":"<p>In der Grund\u00b7schule gibt es Vorbereitungs\u00b7klassen.In diesen Klassen lernen die Kinder Deutsch. Ihr Kind kommt in eine Grund\u00b7schulein der N\u00e4he von Ihrer Wohnung. Hier finden Sie die Grundschulen in Ihrer&nbsp;N\u00e4he Sie m\u00fcssen Ihr Kind in der Schule anmelden.Bitte machen Sie einen Termin.Bringen Sie Ihr Kind mit zu dem Termin.<\/p>\n","category_list_v2":"","author_info_v2":{"name":"saasweb-admin","url":"https:\/\/www.anika-net.de\/deer\/author\/saasweb-admin\/"},"comments_num_v2":"0 comments","uagb_featured_image_src":{"full":false,"thumbnail":false,"medium":false,"medium_large":false,"large":false,"1536x1536":false,"2048x2048":false,"event-overview":false,"event-archive-thumb":false,"grid-item-thumbnail":false,"network-partner-icon":false,"organiser-icon":false,"gform-image-choice-sm":false,"gform-image-choice-md":false,"gform-image-choice-lg":false},"uagb_author_info":{"display_name":"saasweb-admin","author_link":"https:\/\/www.anika-net.de\/deer\/author\/saasweb-admin\/"},"uagb_comment_info":0,"uagb_excerpt":"In der Grund\u00b7schule gibt es Vorbereitungs\u00b7klassen.In diesen Klassen lernen die Kinder Deutsch. Ihr Kind kommt in eine Grund\u00b7schulein der N\u00e4he von Ihrer Wohnung. Hier finden Sie die Grundschulen in Ihrer&nbsp;N\u00e4he&nbsp;mehr","_links":{"self":[{"href":"https:\/\/www.anika-net.de\/deer\/wp-json\/wp\/v2\/pages\/36689","targetHints":{"allow":["GET"]}}],"collection":[{"href":"https:\/\/www.anika-net.de\/deer\/wp-json\/wp\/v2\/pages"}],"about":[{"href":"https:\/\/www.anika-net.de\/deer\/wp-json\/wp\/v2\/types\/page"}],"author":[{"embeddable":true,"href":"https:\/\/www.anika-net.de\/deer\/wp-json\/wp\/v2\/users\/1"}],"replies":[{"embeddable":true,"href":"https:\/\/www.anika-net.de\/deer\/wp-json\/wp\/v2\/comments?post=36689"}],"version-history":[{"count":0,"href":"https:\/\/www.anika-net.de\/deer\/wp-json\/wp\/v2\/pages\/36689\/revisions"}],"up":[{"embeddable":true,"href":"https:\/\/www.anika-net.de\/deer\/wp-json\/wp\/v2\/pages\/36677"}],"wp:attachment":[{"href":"https:\/\/www.anika-net.de\/deer\/wp-json\/wp\/v2\/media?parent=36689"}],"curies":[{"name":"wp","href":"https:\/\/api.w.org\/{rel}","templated":true}]}}