{"id":36659,"date":"2023-04-21T10:22:32","date_gmt":"2023-04-21T08:22:32","guid":{"rendered":"https:\/\/www.anika-net.de\/?page_id=36659"},"modified":"2023-05-02T22:11:00","modified_gmt":"2023-05-02T20:11:00","slug":"eine-arbeit-oder-eine-ausbildung-finden","status":"publish","type":"page","link":"https:\/\/www.anika-net.de\/deer\/erste-schritte\/in-karlsruhe-arbeiten\/eine-arbeit-oder-eine-ausbildung-finden\/","title":{"rendered":"Eine Arbeit oder eine Ausbildung finden"},"content":{"rendered":"\n<p>Sie finden <strong>keine<\/strong> Arbeit?<br>Dann melden Sie sich bei der Agentur f\u00fcr Arbeit<br>in Karlsruhe.<\/p>\n\n\n\n<p>Dort bekommen Sie:<\/p>\n\n\n\n<ul class=\"wp-block-list\">\n<li>Beratung und&nbsp;Hilfe<\/li>\n<\/ul>\n\n\n\n<div class=\"wp-block-stackable-columns stk-block-columns stk-block stk-33c6ce2\" data-block-id=\"33c6ce2\"><div class=\"stk-row stk-inner-blocks stk-block-content stk-content-align stk-33c6ce2-column\">\n<div class=\"wp-block-stackable-column stk-block-column stk-block-column--v3 stk-column stk-block-column--v2 stk-block stk-72e3773\" data-block-id=\"72e3773\"><style>@media screen and (min-width:901px){.stk-72e3773{flex:1 1 calc(33% - var(--stk-column-gap,0px) * 1 \/ 2 ) !important}}<\/style><div class=\"stk-column-wrapper stk-block-column__content stk-container stk-72e3773-container stk--no-background stk--no-padding\"><div class=\"stk-block-content stk-inner-blocks stk-72e3773-inner-blocks\">\n<ul class=\"wp-block-list\">\n<li>Informationen zu<br>      <strong>\u00b7<\/strong> Ausbildungen<br>      <strong>\u00b7<\/strong> Studium<br>      <strong>\u00b7<\/strong> Weiter<strong>\u00b7<\/strong>bildungen.<\/li>\n<\/ul>\n<\/div><\/div><\/div>\n\n\n\n<div class=\"wp-block-stackable-column stk-block-column stk-block-column--v3 stk-column stk-block-column--v2 stk-block stk-ab00a15\" data-block-id=\"ab00a15\"><style>@media screen and (min-width:901px){.stk-ab00a15{flex:1 1 calc(67% - var(--stk-column-gap,0px) * 1 \/ 2 ) !important}}<\/style><div class=\"stk-column-wrapper stk-block-column__content stk-container stk-ab00a15-container stk--no-background stk--no-padding\"><div class=\"stk-block-content stk-inner-blocks stk-ab00a15-inner-blocks\">\n<figure class=\"wp-block-image size-thumbnail is-resized\"><img decoding=\"async\" src=\"https:\/\/www.anika-net.de\/wp-content\/uploads\/2023\/05\/Vorstellungsgespraech.svg\" alt class=\"wp-image-37845\" width=\"120\"><\/figure>\n<\/div><\/div><\/div>\n<\/div><\/div>\n\n\n\n<div class=\"wp-block-stackable-columns stk-block-columns stk-block stk-26bcedc\" data-block-id=\"26bcedc\"><div class=\"stk-row stk-inner-blocks stk-block-content stk-content-align stk-26bcedc-column\">\n<div class=\"wp-block-stackable-column stk-block-column stk-block-column--v3 stk-column stk-block-column--v2 stk-block stk-880e1c8\" data-block-id=\"880e1c8\"><style>@media screen and (min-width:901px){.stk-880e1c8{flex:1 1 calc(33% - var(--stk-column-gap,0px) * 1 \/ 2 ) !important}}<\/style><div class=\"stk-column-wrapper stk-block-column__content stk-container stk-880e1c8-container stk--no-background stk--no-padding\"><div class=\"stk-block-content stk-inner-blocks stk-880e1c8-inner-blocks\">\n<ul class=\"wp-block-list\">\n<li>Hilfe mit Geld<br>Zum Beispiel:<br>Sie haben Ihre Arbeit verloren.<br>Dann bekommen Sie Arbeits\u00b7losen<strong>\u00b7<\/strong>geld.<\/li>\n<\/ul>\n<\/div><\/div><\/div>\n\n\n\n<div class=\"wp-block-stackable-column stk-block-column stk-block-column--v3 stk-column stk-block-column--v2 stk-block stk-e6ebee5\" data-block-id=\"e6ebee5\"><style>@media screen and (min-width:901px){.stk-e6ebee5{flex:1 1 calc(67% - var(--stk-column-gap,0px) * 1 \/ 2 ) !important}}<\/style><div class=\"stk-column-wrapper stk-block-column__content stk-container stk-e6ebee5-container stk--no-background stk--no-padding\"><div class=\"stk-block-content stk-inner-blocks stk-e6ebee5-inner-blocks\">\n<figure class=\"wp-block-image size-thumbnail is-resized\"><img decoding=\"async\" src=\"https:\/\/www.anika-net.de\/wp-content\/uploads\/2023\/05\/232-Arbeitslosengeld.svg\" alt class=\"wp-image-37877\" width=\"200\"><\/figure>\n<\/div><\/div><\/div>\n<\/div><\/div>\n\n\n\n<h3 class=\"wp-block-heading\">Sie m\u00fcssen zur Agentur f\u00fcr Arbeit mitbringen<\/h3>\n\n\n\n<ul class=\"wp-block-list\">\n<li>Reise<strong>\u00b7<\/strong>pass oder Personal<strong>\u00b7<\/strong>ausweis<\/li>\n\n\n\n<li>Melde\u00b7bescheinigung<\/li>\n\n\n\n<li><strong>Lebens\u00b7lauf<\/strong>.<br>Das ist ein Dokument.<br>Im Lebens\u00b7lauf steht zum Beispiel:<br>        <strong>\u00b7<\/strong> Ihre Ausbildung<br>        <strong>\u00b7<\/strong> Ihre Erfahrung im&nbsp;Beruf.<\/li>\n<\/ul>\n\n\n\n<p>So kann der Arbeit\u00b7geber entscheiden:<br>Sind Sie die richtige Person<br>f\u00fcr die Arbeits\u00b7stelle?<br>Sie schreiben den Lebens\u00b7lauf selbst.<\/p>\n\n\n\n<p><strong>Kontakt<\/strong><\/p>\n\n\n\n<div class=\"wp-block-stackable-columns stk-block-columns stk-block stk-054819a\" data-block-id=\"054819a\"><div class=\"stk-row stk-inner-blocks stk-block-content stk-content-align stk-054819a-column\">\n<div class=\"wp-block-stackable-column stk-block-column stk-block-column--v3 stk-column stk-block-column--v2 stk-block stk-7e70636\" data-block-id=\"7e70636\"><style>@media screen and (min-width:901px){.stk-7e70636{flex:1 1 calc(13% - var(--stk-column-gap,0px) * 1 \/ 2 ) !important}}<\/style><div class=\"stk-column-wrapper stk-block-column__content stk-container stk-7e70636-container stk--no-background stk--no-padding\"><div class=\"stk-block-content stk-inner-blocks stk-7e70636-inner-blocks\">\n<figure class=\"wp-block-image size-thumbnail is-resized\"><img decoding=\"async\" src=\"https:\/\/www.anika-net.de\/wp-content\/uploads\/2023\/04\/789-Post.svg\" alt class=\"wp-image-36868\" width=\"70\"><\/figure>\n<\/div><\/div><\/div>\n\n\n\n<div class=\"wp-block-stackable-column stk-block-column stk-block-column--v3 stk-column stk-block-column--v2 stk-block stk-1bf0c8d\" data-block-id=\"1bf0c8d\"><style>@media screen and (min-width:901px){.stk-1bf0c8d{flex:1 1 calc(87% - var(--stk-column-gap,0px) * 1 \/ 2 ) !important}}<\/style><div class=\"stk-column-wrapper stk-block-column__content stk-container stk-1bf0c8d-container stk--no-background stk--no-padding\"><div class=\"stk-block-content stk-inner-blocks stk-1bf0c8d-inner-blocks\">\n<p><strong>Adresse:<\/strong><br>Agentur f\u00fcr Arbeit Karlsruhe-Rastatt<br>Brauerstra\u00dfe 10<br>76135 Karlsruhe<\/p>\n<\/div><\/div><\/div>\n<\/div><\/div>\n\n\n\n<div class=\"wp-block-stackable-columns stk-block-columns stk-block stk-73b2304\" data-block-id=\"73b2304\"><div class=\"stk-row stk-inner-blocks stk-block-content stk-content-align stk-73b2304-column\">\n<div class=\"wp-block-stackable-column stk-block-column stk-block-column--v3 stk-column stk-block-column--v2 stk-block stk-31e3c7c\" data-block-id=\"31e3c7c\"><style>@media screen and (min-width:901px){.stk-31e3c7c{flex:1 1 calc(13% - var(--stk-column-gap,0px) * 1 \/ 2 ) !important}}<\/style><div class=\"stk-column-wrapper stk-block-column__content stk-container stk-31e3c7c-container stk--no-background stk--no-padding\"><div class=\"stk-block-content stk-inner-blocks stk-31e3c7c-inner-blocks\">\n<figure class=\"wp-block-image size-thumbnail is-resized\"><img decoding=\"async\" src=\"https:\/\/www.anika-net.de\/wp-content\/uploads\/2023\/04\/681-Telefon_neu_um.svg\" alt class=\"wp-image-36828\" width=\"50\"><\/figure>\n<\/div><\/div><\/div>\n\n\n\n<div class=\"wp-block-stackable-column stk-block-column stk-block-column--v3 stk-column stk-block-column--v2 stk-block stk-e122a06\" data-block-id=\"e122a06\"><style>@media screen and (min-width:901px){.stk-e122a06{flex:1 1 calc(87% - var(--stk-column-gap,0px) * 1 \/ 2 ) !important}}<\/style><div class=\"stk-column-wrapper stk-block-column__content stk-container stk-e122a06-container stk--no-background stk--no-padding\"><div class=\"stk-block-content stk-inner-blocks stk-e122a06-inner-blocks\">\n<p><strong>Telefon<\/strong>:<br>08 00 4 \u2014 55 55&nbsp;00<\/p>\n<\/div><\/div><\/div>\n<\/div><\/div>\n\n\n\n<p>Sie bekommen mehr Hilfe beim<br><strong>Berufs\u00b7informations\u00b7zentrum<\/strong> Karlsruhe.<br>Man sagt auch <strong>BIZ<\/strong>.<\/p>\n\n\n\n<p>Hier k\u00f6nnen Sie<\/p>\n\n\n\n<ul class=\"wp-block-list\">\n<li>Bewerbungen schreiben<\/li>\n\n\n\n<li>Drucker benutzen.<\/li>\n<\/ul>\n\n\n\n<p>Sie bekommen Informationen \u00fcber:<\/p>\n\n\n\n<ul class=\"wp-block-list\">\n<li>Berufe<\/li>\n\n\n\n<li>Ausbildungen<\/li>\n\n\n\n<li>Freiwilliges Arbeiten<\/li>\n\n\n\n<li>Veranstaltungen in Karlsruhe<\/li>\n<\/ul>\n\n\n\n<p>B\u00fccher und Zeitschriften.<\/p>\n","protected":false},"excerpt":{"rendered":"<p>Sie finden keine Arbeit?Dann melden Sie sich bei der Agentur f\u00fcr Arbeitin Karlsruhe. Dort bekommen Sie: Sie m\u00fcssen zur Agentur f\u00fcr Arbeit mitbringen So kann der Arbeit\u00b7geber entscheiden:Sind Sie die&nbsp;<a class=\"moretag\" href=\"https:\/\/www.anika-net.de\/deer\/erste-schritte\/in-karlsruhe-arbeiten\/eine-arbeit-oder-eine-ausbildung-finden\/\">mehr<\/a><\/p>\n","protected":false},"author":1,"featured_media":0,"parent":36647,"menu_order":30,"comment_status":"closed","ping_status":"closed","template":"","meta":{"_acf_changed":false,"inline_featured_image":false,"_uag_custom_page_level_css":"","wp_typography_post_enhancements_disabled":false,"footnotes":""},"class_list":["post-36659","page","type-page","status-publish","hentry"],"acf":[],"featured_image_urls_v2":{"full":"","thumbnail":"","medium":"","medium_large":"","large":"","1536x1536":"","2048x2048":"","event-overview":"","event-archive-thumb":"","grid-item-thumbnail":"","network-partner-icon":"","organiser-icon":"","gform-image-choice-sm":"","gform-image-choice-md":"","gform-image-choice-lg":""},"post_excerpt_stackable_v2":"<p>Sie finden keine Arbeit?Dann melden Sie sich bei der Agentur f\u00fcr Arbeitin Karlsruhe. Dort bekommen Sie: Beratung und&nbsp;Hilfe Informationen zu \u00b7 Ausbildungen \u00b7 Studium \u00b7 Weiter\u00b7bildungen. Hilfe mit GeldZum Beispiel:Sie haben Ihre Arbeit verloren.Dann bekommen Sie Arbeits\u00b7losen\u00b7geld. Sie m\u00fcssen zur Agentur f\u00fcr Arbeit mitbringen Reise\u00b7pass oder Personal\u00b7ausweis Melde\u00b7bescheinigung Lebens\u00b7lauf.Das ist ein Dokument.Im Lebens\u00b7lauf steht zum Beispiel: \u00b7 Ihre Ausbildung \u00b7 Ihre Erfahrung im&nbsp;Beruf. So kann der Arbeit\u00b7geber entscheiden:Sind Sie die richtige Personf\u00fcr die Arbeits\u00b7stelle?Sie schreiben den Lebens\u00b7lauf selbst. Kontakt Adresse:Agentur f\u00fcr Arbeit Karlsruhe-RastattBrauerstra\u00dfe 1076135 Karlsruhe Telefon:08 00 4 \u2014 55 55&nbsp;00 Sie bekommen mehr Hilfe beimBerufs\u00b7informations\u00b7zentrum Karlsruhe.Man sagt auch&nbsp;BIZ.\u2026<\/p>\n","category_list_v2":"","author_info_v2":{"name":"saasweb-admin","url":"https:\/\/www.anika-net.de\/deer\/author\/saasweb-admin\/"},"comments_num_v2":"0 comments","uagb_featured_image_src":{"full":false,"thumbnail":false,"medium":false,"medium_large":false,"large":false,"1536x1536":false,"2048x2048":false,"event-overview":false,"event-archive-thumb":false,"grid-item-thumbnail":false,"network-partner-icon":false,"organiser-icon":false,"gform-image-choice-sm":false,"gform-image-choice-md":false,"gform-image-choice-lg":false},"uagb_author_info":{"display_name":"saasweb-admin","author_link":"https:\/\/www.anika-net.de\/deer\/author\/saasweb-admin\/"},"uagb_comment_info":0,"uagb_excerpt":"Sie finden keine Arbeit?Dann melden Sie sich bei der Agentur f\u00fcr Arbeitin Karlsruhe. Dort bekommen Sie: Sie m\u00fcssen zur Agentur f\u00fcr Arbeit mitbringen So kann der Arbeit\u00b7geber entscheiden:Sind Sie die&nbsp;mehr","_links":{"self":[{"href":"https:\/\/www.anika-net.de\/deer\/wp-json\/wp\/v2\/pages\/36659","targetHints":{"allow":["GET"]}}],"collection":[{"href":"https:\/\/www.anika-net.de\/deer\/wp-json\/wp\/v2\/pages"}],"about":[{"href":"https:\/\/www.anika-net.de\/deer\/wp-json\/wp\/v2\/types\/page"}],"author":[{"embeddable":true,"href":"https:\/\/www.anika-net.de\/deer\/wp-json\/wp\/v2\/users\/1"}],"replies":[{"embeddable":true,"href":"https:\/\/www.anika-net.de\/deer\/wp-json\/wp\/v2\/comments?post=36659"}],"version-history":[{"count":0,"href":"https:\/\/www.anika-net.de\/deer\/wp-json\/wp\/v2\/pages\/36659\/revisions"}],"up":[{"embeddable":true,"href":"https:\/\/www.anika-net.de\/deer\/wp-json\/wp\/v2\/pages\/36647"}],"wp:attachment":[{"href":"https:\/\/www.anika-net.de\/deer\/wp-json\/wp\/v2\/media?parent=36659"}],"curies":[{"name":"wp","href":"https:\/\/api.w.org\/{rel}","templated":true}]}}