{"id":36653,"date":"2023-04-21T10:20:28","date_gmt":"2023-04-21T08:20:28","guid":{"rendered":"https:\/\/www.anika-net.de\/?page_id=36653"},"modified":"2023-05-02T21:13:33","modified_gmt":"2023-05-02T19:13:33","slug":"eine-arbeitserlaubnis-bekommen","status":"publish","type":"page","link":"https:\/\/www.anika-net.de\/deer\/erste-schritte\/in-karlsruhe-arbeiten\/eine-arbeitserlaubnis-bekommen\/","title":{"rendered":"Eine Arbeits\u00b7erlaubnis bekommen"},"content":{"rendered":"\n<div class=\"wp-block-stackable-columns stk-block-columns stk-block stk-c126f49\" data-block-id=\"c126f49\"><div class=\"stk-row stk-inner-blocks stk-block-content stk-content-align stk-c126f49-column\">\n<div class=\"wp-block-stackable-column stk-block-column stk-block-column--v3 stk-column stk-block-column--v2 stk-block stk-a26bfe9\" data-block-id=\"a26bfe9\"><style>@media screen and (min-width:901px){.stk-a26bfe9{flex:1 1 calc(33% - var(--stk-column-gap,0px) * 1 \/ 2 ) !important}}<\/style><div class=\"stk-column-wrapper stk-block-column__content stk-container stk-a26bfe9-container stk--no-background stk--no-padding\"><div class=\"stk-block-content stk-inner-blocks stk-a26bfe9-inner-blocks\">\n<p>Sie kommen aus der EU.<br>Dann d\u00fcrfen Sie in Deutschland arbeiten.<br>Dann brauchen Sie <strong>keine<\/strong> Erlaubnis.<\/p>\n<\/div><\/div><\/div>\n\n\n\n<div class=\"wp-block-stackable-column stk-block-column stk-block-column--v3 stk-column stk-block-column--v2 stk-block stk-f218901\" data-block-id=\"f218901\"><style>@media screen and (min-width:901px){.stk-f218901{flex:1 1 calc(67% - var(--stk-column-gap,0px) * 1 \/ 2 ) !important}}<\/style><div class=\"stk-column-wrapper stk-block-column__content stk-container stk-f218901-container stk--no-background stk--no-padding\"><div class=\"stk-block-content stk-inner-blocks stk-f218901-inner-blocks\">\n<figure class=\"wp-block-image size-thumbnail is-resized\"><img decoding=\"async\" src=\"https:\/\/www.anika-net.de\/wp-content\/uploads\/2023\/05\/Deutschlandkarte_Haken.svg\" alt class=\"wp-image-37818\" width=\"120\"><\/figure>\n<\/div><\/div><\/div>\n<\/div><\/div>\n\n\n\n<p>Sie kommen <strong>nicht<\/strong> aus der EU.<br>Und Sie haben <strong>kein <\/strong>Arbeits<strong>\u00b7<\/strong>visum.<br>Dann brauchen Sie eine Arbeits<strong>\u00b7<\/strong>erlaubnis.<br><br>Sie bekommen die Arbeits<strong>\u00b7<\/strong>erlaubnis<br>bei der Ausl\u00e4nder<strong>\u00b7<\/strong>beh\u00f6rde in Karlsruhe.<br>Sie m\u00fcssen einen Antrag stellen.<br><br><strong>Sie m\u00fcssen mitbringen:<\/strong><\/p>\n\n\n\n<ul class=\"wp-block-list\">\n<li>Reise<strong>\u00b7<\/strong>pass oder Personal<strong>\u00b7<\/strong>ausweis<\/li>\n\n\n\n<li>Melde<strong>\u00b7<\/strong>bescheinigung.<\/li>\n<\/ul>\n\n\n\n<p><strong>Sie bekommen:<\/strong><\/p>\n\n\n\n<div class=\"wp-block-stackable-columns stk-block-columns stk-block stk-5147a73\" data-block-id=\"5147a73\"><div class=\"stk-row stk-inner-blocks stk-block-content stk-content-align stk-5147a73-column\">\n<div class=\"wp-block-stackable-column stk-block-column stk-block-column--v3 stk-column stk-block-column--v2 stk-block stk-66376e2\" data-block-id=\"66376e2\"><style>@media screen and (min-width:901px){.stk-66376e2{flex:1 1 calc(20% - var(--stk-column-gap,0px) * 1 \/ 2 ) !important}}<\/style><div class=\"stk-column-wrapper stk-block-column__content stk-container stk-66376e2-container stk--no-background stk--no-padding\"><div class=\"stk-block-content stk-inner-blocks stk-66376e2-inner-blocks\">\n<ul class=\"wp-block-list\">\n<li>Einen Aufenthalts<strong>\u00b7<\/strong>titel<\/li>\n<\/ul>\n<\/div><\/div><\/div>\n\n\n\n<div class=\"wp-block-stackable-column stk-block-column stk-block-column--v3 stk-column stk-block-column--v2 stk-block stk-c42a9f6\" data-block-id=\"c42a9f6\"><style>@media screen and (min-width:901px){.stk-c42a9f6{flex:1 1 calc(80% - var(--stk-column-gap,0px) * 1 \/ 2 ) !important}}<\/style><div class=\"stk-column-wrapper stk-block-column__content stk-container stk-c42a9f6-container stk--no-background stk--no-padding\"><div class=\"stk-block-content stk-inner-blocks stk-c42a9f6-inner-blocks\">\n<figure class=\"wp-block-image size-thumbnail is-resized\"><img decoding=\"async\" src=\"https:\/\/www.anika-net.de\/wp-content\/uploads\/2023\/04\/Aufenthaltstitel-2.svg\" alt class=\"wp-image-37420\" width=\"160\"><\/figure>\n<\/div><\/div><\/div>\n<\/div><\/div>\n\n\n\n<div class=\"wp-block-stackable-columns stk-block-columns stk-block stk-c7d6316\" data-block-id=\"c7d6316\"><div class=\"stk-row stk-inner-blocks stk-block-content stk-content-align stk-c7d6316-column\">\n<div class=\"wp-block-stackable-column stk-block-column stk-block-column--v3 stk-column stk-block-column--v2 stk-block stk-6224a64\" data-block-id=\"6224a64\"><style>@media screen and (min-width:901px){.stk-6224a64{flex:1 1 calc(25.7% - var(--stk-column-gap,0px) * 1 \/ 2 ) !important}}<\/style><div class=\"stk-column-wrapper stk-block-column__content stk-container stk-6224a64-container stk--no-background stk--no-padding\"><div class=\"stk-block-content stk-inner-blocks stk-6224a64-inner-blocks\">\n<ul class=\"wp-block-list\">\n<li>Eine Aufenthalts<strong>\u00b7<\/strong>gestattung<\/li>\n<\/ul>\n<\/div><\/div><\/div>\n\n\n\n<div class=\"wp-block-stackable-column stk-block-column stk-block-column--v3 stk-column stk-block-column--v2 stk-block stk-41cf7e4\" data-block-id=\"41cf7e4\"><style>@media screen and (min-width:901px){.stk-41cf7e4{flex:1 1 calc(74.3% - var(--stk-column-gap,0px) * 1 \/ 2 ) !important}}<\/style><div class=\"stk-column-wrapper stk-block-column__content stk-container stk-41cf7e4-container stk--no-background stk--no-padding\"><div class=\"stk-block-content stk-inner-blocks stk-41cf7e4-inner-blocks\">\n<figure class=\"wp-block-image size-thumbnail is-resized\"><img decoding=\"async\" src=\"https:\/\/www.anika-net.de\/wp-content\/uploads\/2023\/04\/Aufenthaltsgestattung.svg\" alt class=\"wp-image-37708\" width=\"100\"><\/figure>\n<\/div><\/div><\/div>\n<\/div><\/div>\n\n\n\n<ul class=\"wp-block-list\">\n<li>Andere Dokumente.<\/li>\n<\/ul>\n\n\n\n<p><strong>Bitte machen Sie einen Termin<\/strong><\/p>\n\n\n\n<div class=\"wp-block-stackable-columns stk-block-columns stk-block stk-1dbb2b0\" data-block-id=\"1dbb2b0\"><div class=\"stk-row stk-inner-blocks stk-block-content stk-content-align stk-1dbb2b0-column\">\n<div class=\"wp-block-stackable-column stk-block-column stk-block-column--v3 stk-column stk-block-column--v2 stk-block stk-211711b\" data-block-id=\"211711b\"><style>@media screen and (min-width:901px){.stk-211711b{flex:1 1 calc(13% - var(--stk-column-gap,0px) * 1 \/ 2 ) !important}}<\/style><div class=\"stk-column-wrapper stk-block-column__content stk-container stk-211711b-container stk--no-background stk--no-padding\"><div class=\"stk-block-content stk-inner-blocks stk-211711b-inner-blocks\">\n<figure class=\"wp-block-image size-thumbnail is-resized\"><img decoding=\"async\" src=\"https:\/\/www.anika-net.de\/wp-content\/uploads\/2023\/04\/681-Telefon_neu_um.svg\" alt class=\"wp-image-36828\" width=\"40\"><\/figure>\n<\/div><\/div><\/div>\n\n\n\n<div class=\"wp-block-stackable-column stk-block-column stk-block-column--v3 stk-column stk-block-column--v2 stk-block stk-2ad05bc\" data-block-id=\"2ad05bc\"><style>@media screen and (min-width:901px){.stk-2ad05bc{flex:1 1 calc(87% - var(--stk-column-gap,0px) * 1 \/ 2 ) !important}}<\/style><div class=\"stk-column-wrapper stk-block-column__content stk-container stk-2ad05bc-container stk--no-background stk--no-padding\"><div class=\"stk-block-content stk-inner-blocks stk-2ad05bc-inner-blocks\">\n<p><strong>Telefon:<\/strong> 115<\/p>\n<\/div><\/div><\/div>\n<\/div><\/div>\n\n\n\n<div class=\"wp-block-stackable-columns stk-block-columns stk-block stk-4a045a9\" data-block-id=\"4a045a9\"><div class=\"stk-row stk-inner-blocks stk-block-content stk-content-align stk-4a045a9-column\">\n<div class=\"wp-block-stackable-column stk-block-column stk-block-column--v3 stk-column stk-block-column--v2 stk-block stk-d3a8051\" data-block-id=\"d3a8051\"><style>@media screen and (min-width:901px){.stk-d3a8051{flex:1 1 calc(13% - var(--stk-column-gap,0px) * 1 \/ 2 ) !important}}<\/style><div class=\"stk-column-wrapper stk-block-column__content stk-container stk-d3a8051-container stk--no-background stk--no-padding\"><div class=\"stk-block-content stk-inner-blocks stk-d3a8051-inner-blocks\">\n<figure class=\"wp-block-image size-thumbnail is-resized\"><img decoding=\"async\" src=\"https:\/\/www.anika-net.de\/wp-content\/uploads\/2023\/04\/800-Internet.svg\" alt class=\"wp-image-36849\" width=\"80\"><\/figure>\n<\/div><\/div><\/div>\n\n\n\n<div class=\"wp-block-stackable-column stk-block-column stk-block-column--v3 stk-column stk-block-column--v2 stk-block stk-7c4edd9\" data-block-id=\"7c4edd9\"><style>@media screen and (min-width:901px){.stk-7c4edd9{flex:1 1 calc(87% - var(--stk-column-gap,0px) * 1 \/ 2 ) !important}}<\/style><div class=\"stk-column-wrapper stk-block-column__content stk-container stk-7c4edd9-container stk--no-background stk--no-padding\"><div class=\"stk-block-content stk-inner-blocks stk-7c4edd9-inner-blocks\">\n<p><strong>Internet:<\/strong><br><a href=\"https:\/\/www.karlsruhe.de\/stadt-rathaus\/service-\nbuergerinformation\/terminvereinbarung\" rel=\"noopener\">https:\/\/www.karlsruhe.de\/stadt-rathaus\/service-<br>buergerinformation\/terminvereinbarung<\/a><\/p>\n<\/div><\/div><\/div>\n<\/div><\/div>\n\n\n\n<div class=\"wp-block-stackable-columns stk-block-columns stk-block stk-119844a\" data-block-id=\"119844a\"><div class=\"stk-row stk-inner-blocks stk-block-content stk-content-align stk-119844a-column\">\n<div class=\"wp-block-stackable-column stk-block-column stk-block-column--v3 stk-column stk-block-column--v2 stk-block stk-296a06d\" data-block-id=\"296a06d\"><style>@media screen and (min-width:901px){.stk-296a06d{flex:1 1 calc(13% - var(--stk-column-gap,0px) * 1 \/ 2 ) !important}}<\/style><div class=\"stk-column-wrapper stk-block-column__content stk-container stk-296a06d-container stk--no-background stk--no-padding\"><div class=\"stk-block-content stk-inner-blocks stk-296a06d-inner-blocks\">\n<figure class=\"wp-block-image size-thumbnail is-resized\"><img decoding=\"async\" src=\"https:\/\/www.anika-net.de\/wp-content\/uploads\/2023\/04\/789-Post.svg\" alt class=\"wp-image-36868\" width=\"70\"><\/figure>\n<\/div><\/div><\/div>\n\n\n\n<div class=\"wp-block-stackable-column stk-block-column stk-block-column--v3 stk-column stk-block-column--v2 stk-block stk-900031c\" data-block-id=\"900031c\"><style>@media screen and (min-width:901px){.stk-900031c{flex:1 1 calc(87% - var(--stk-column-gap,0px) * 1 \/ 2 ) !important}}<\/style><div class=\"stk-column-wrapper stk-block-column__content stk-container stk-900031c-container stk--no-background stk--no-padding\"><div class=\"stk-block-content stk-inner-blocks stk-900031c-inner-blocks\">\n<p><strong>Adresse:<\/strong><br>Ausl\u00e4nder<strong>\u00b7<\/strong>beh\u00f6rde<br>Stadt Karlsruhe<br>Ordnungs- und B\u00fcrger<strong>\u00b7<\/strong>amt<br>Kaiserallee 8<br>76133 Karlsruhe<br>2. Stock<\/p>\n<\/div><\/div><\/div>\n<\/div><\/div>\n\n\n\n<div class=\"wp-block-stackable-columns stk-block-columns stk-block stk-1228500\" data-block-id=\"1228500\"><div class=\"stk-row stk-inner-blocks stk-block-content stk-content-align stk-1228500-column\">\n<div class=\"wp-block-stackable-column stk-block-column stk-block-column--v3 stk-column stk-block-column--v2 stk-block stk-235f0fd\" data-block-id=\"235f0fd\"><style>@media screen and (min-width:901px){.stk-235f0fd{flex:1 1 calc(13% - var(--stk-column-gap,0px) * 1 \/ 2 ) !important}}<\/style><div class=\"stk-column-wrapper stk-block-column__content stk-container stk-235f0fd-container stk--no-background stk--no-padding\"><div class=\"stk-block-content stk-inner-blocks stk-235f0fd-inner-blocks\">\n<figure class=\"wp-block-image size-thumbnail is-resized\"><img decoding=\"async\" src=\"https:\/\/www.anika-net.de\/wp-content\/uploads\/2023\/04\/800-Internet.svg\" alt class=\"wp-image-36849\" width=\"80\"><\/figure>\n<\/div><\/div><\/div>\n\n\n\n<div class=\"wp-block-stackable-column stk-block-column stk-block-column--v3 stk-column stk-block-column--v2 stk-block stk-cd67041\" data-block-id=\"cd67041\"><style>@media screen and (min-width:901px){.stk-cd67041{flex:1 1 calc(87% - var(--stk-column-gap,0px) * 1 \/ 2 ) !important}}<\/style><div class=\"stk-column-wrapper stk-block-column__content stk-container stk-cd67041-container stk--no-background stk--no-padding\"><div class=\"stk-block-content stk-inner-blocks stk-cd67041-inner-blocks\">\n<p>Hier finden Sie die wichtigsten Informationen:<br><a href=\"https:\/\/www.arbeitsagentur.de\/fuer-menschen-aus\n-dem-ausland\/voraussetzungen-arbeiten-in-deutschland\" rel=\"noopener\">https:\/\/www.arbeitsagentur.de\/fuer-menschen-aus<br>-dem-ausland\/voraussetzungen-arbeiten-in-deutschland<\/a><\/p>\n<\/div><\/div><\/div>\n<\/div><\/div>\n","protected":false},"excerpt":{"rendered":"<p>Sie kommen aus der EU.Dann d\u00fcrfen Sie in Deutschland arbeiten.Dann brauchen Sie keine Erlaubnis. Sie kommen nicht aus der EU.Und Sie haben kein Arbeits\u00b7visum.Dann brauchen Sie eine Arbeits\u00b7erlaubnis. Sie bekommen&nbsp;<a class=\"moretag\" href=\"https:\/\/www.anika-net.de\/deer\/erste-schritte\/in-karlsruhe-arbeiten\/eine-arbeitserlaubnis-bekommen\/\">mehr<\/a><\/p>\n","protected":false},"author":1,"featured_media":0,"parent":36647,"menu_order":10,"comment_status":"closed","ping_status":"closed","template":"","meta":{"_acf_changed":false,"inline_featured_image":false,"_uag_custom_page_level_css":"","wp_typography_post_enhancements_disabled":false,"footnotes":""},"class_list":["post-36653","page","type-page","status-publish","hentry"],"acf":[],"featured_image_urls_v2":{"full":"","thumbnail":"","medium":"","medium_large":"","large":"","1536x1536":"","2048x2048":"","event-overview":"","event-archive-thumb":"","grid-item-thumbnail":"","network-partner-icon":"","organiser-icon":"","gform-image-choice-sm":"","gform-image-choice-md":"","gform-image-choice-lg":""},"post_excerpt_stackable_v2":"<p>Sie kommen aus der EU.Dann d\u00fcrfen Sie in Deutschland arbeiten.Dann brauchen Sie keine Erlaubnis. Sie kommen nicht aus der EU.Und Sie haben kein Arbeits\u00b7visum.Dann brauchen Sie eine Arbeits\u00b7erlaubnis.Sie bekommen die Arbeits\u00b7erlaubnisbei der Ausl\u00e4nder\u00b7beh\u00f6rde in Karlsruhe.Sie m\u00fcssen einen Antrag stellen.Sie m\u00fcssen mitbringen: Reise\u00b7pass oder Personal\u00b7ausweis Melde\u00b7bescheinigung. Sie bekommen: Einen Aufenthalts\u00b7titel Eine Aufenthalts\u00b7gestattung Andere Dokumente. Bitte machen Sie einen Termin Telefon: 115 Internet:https:\/\/www.karlsruhe.de\/stadt-rathaus\/service-buergerinformation\/terminvereinbarung Adresse:Ausl\u00e4nder\u00b7beh\u00f6rdeStadt KarlsruheOrdnungs- und B\u00fcrger\u00b7amtKaiserallee 876133 Karlsruhe2. Stock Hier finden Sie die wichtigsten Informationen:https:\/\/www.arbeitsagentur.de\/fuer-menschen-aus-dem-ausland\/voraussetzungen-arbeiten-in-deutschland<\/p>\n","category_list_v2":"","author_info_v2":{"name":"saasweb-admin","url":"https:\/\/www.anika-net.de\/deer\/author\/saasweb-admin\/"},"comments_num_v2":"0 comments","uagb_featured_image_src":{"full":false,"thumbnail":false,"medium":false,"medium_large":false,"large":false,"1536x1536":false,"2048x2048":false,"event-overview":false,"event-archive-thumb":false,"grid-item-thumbnail":false,"network-partner-icon":false,"organiser-icon":false,"gform-image-choice-sm":false,"gform-image-choice-md":false,"gform-image-choice-lg":false},"uagb_author_info":{"display_name":"saasweb-admin","author_link":"https:\/\/www.anika-net.de\/deer\/author\/saasweb-admin\/"},"uagb_comment_info":0,"uagb_excerpt":"Sie kommen aus der EU.Dann d\u00fcrfen Sie in Deutschland arbeiten.Dann brauchen Sie keine Erlaubnis. Sie kommen nicht aus der EU.Und Sie haben kein Arbeits\u00b7visum.Dann brauchen Sie eine Arbeits\u00b7erlaubnis. Sie bekommen&nbsp;mehr","_links":{"self":[{"href":"https:\/\/www.anika-net.de\/deer\/wp-json\/wp\/v2\/pages\/36653","targetHints":{"allow":["GET"]}}],"collection":[{"href":"https:\/\/www.anika-net.de\/deer\/wp-json\/wp\/v2\/pages"}],"about":[{"href":"https:\/\/www.anika-net.de\/deer\/wp-json\/wp\/v2\/types\/page"}],"author":[{"embeddable":true,"href":"https:\/\/www.anika-net.de\/deer\/wp-json\/wp\/v2\/users\/1"}],"replies":[{"embeddable":true,"href":"https:\/\/www.anika-net.de\/deer\/wp-json\/wp\/v2\/comments?post=36653"}],"version-history":[{"count":0,"href":"https:\/\/www.anika-net.de\/deer\/wp-json\/wp\/v2\/pages\/36653\/revisions"}],"up":[{"embeddable":true,"href":"https:\/\/www.anika-net.de\/deer\/wp-json\/wp\/v2\/pages\/36647"}],"wp:attachment":[{"href":"https:\/\/www.anika-net.de\/deer\/wp-json\/wp\/v2\/media?parent=36653"}],"curies":[{"name":"wp","href":"https:\/\/api.w.org\/{rel}","templated":true}]}}