{"id":36650,"date":"2023-04-21T10:19:43","date_gmt":"2023-04-21T08:19:43","guid":{"rendered":"https:\/\/www.anika-net.de\/?page_id=36650"},"modified":"2023-05-12T11:55:20","modified_gmt":"2023-05-12T09:55:20","slug":"anerkennung-von-ihrem-abschluss","status":"publish","type":"page","link":"https:\/\/www.anika-net.de\/deer\/erste-schritte\/in-karlsruhe-arbeiten\/anerkennung-von-ihrem-abschluss\/","title":{"rendered":"Anerkennung von Ihrem Abschluss"},"content":{"rendered":"\n<div class=\"wp-block-stackable-columns stk-block-columns stk-block stk-abd0634\" data-block-id=\"abd0634\"><div class=\"stk-row stk-inner-blocks stk-block-content stk-content-align stk-abd0634-column\">\n<div class=\"wp-block-stackable-column stk-block-column stk-block-column--v3 stk-column stk-block-column--v2 stk-block stk-c201087\" data-block-id=\"c201087\"><style>@media screen and (min-width:901px){.stk-c201087{flex:1 1 calc(33.000000000000014% - var(--stk-column-gap,0px) * 1 \/ 2 ) !important}}<\/style><div class=\"stk-column-wrapper stk-block-column__content stk-container stk-c201087-container stk--no-background stk--no-padding\"><div class=\"stk-block-content stk-inner-blocks stk-c201087-inner-blocks\">\n<p><strong>Abschluss<\/strong> hei\u00dft:<br>Sie sind in Ihrem Land fertig mit<\/p>\n\n\n\n<ul class=\"wp-block-list\">\n<li>einer Schule<\/li>\n\n\n\n<li>einer Ausbildung<\/li>\n\n\n\n<li>einem Studium.<\/li>\n<\/ul>\n<\/div><\/div><\/div>\n\n\n\n<div class=\"wp-block-stackable-column stk-block-column stk-block-column--v3 stk-column stk-block-column--v2 stk-block stk-29f1e07\" data-block-id=\"29f1e07\"><style>@media screen and (min-width:901px){.stk-29f1e07{flex:1 1 calc(67% - var(--stk-column-gap,0px) * 1 \/ 2 ) !important}}<\/style><div class=\"stk-column-wrapper stk-block-column__content stk-container stk-29f1e07-container stk--no-background stk--no-padding\"><div class=\"stk-block-content stk-inner-blocks stk-29f1e07-inner-blocks\">\n<figure class=\"wp-block-image size-thumbnail is-resized\"><img decoding=\"async\" src=\"https:\/\/www.anika-net.de\/wp-content\/uploads\/2023\/04\/Fortbildung_weisse_Tafel.svg\" alt class=\"wp-image-37640\" width=\"130\"><\/figure>\n<\/div><\/div><\/div>\n<\/div><\/div>\n\n\n\n<p>Dann k\u00f6nnen Sie in Deutschland<br>eine <strong>Anerkennung<\/strong> f\u00fcr Ihren Abschluss<br>bokommen.<\/p>\n\n\n\n<p><strong>Anerkennung<\/strong> hei\u00dft:<br>Man vergleicht ihren Abschluss mit einem<br>Abschluss in Deutschland.<br>Wenn beide Abschl\u00fcsse gleich sind,<br>dann d\u00fcrfen Sie in Ihrem Beruf in Deutschland<br>arbeiten.<\/p>\n\n\n\n<p><strong>Beispiel<\/strong>:<br>Sie sind in Ihrem Land Lehrer.<br>Aber in Ihrem Land ist die Ausbildung f\u00fcr Lehrer<br>anders als in Deutschland.<br>Zum Beispiel<br>Man lernt andere Dinge.<br>F\u00fcr die Anerkennung \u00fcberpr\u00fcft man:<\/p>\n\n\n\n<ul class=\"wp-block-list\">\n<li>Ist Ihre Ausbildung auch f\u00fcr deutsche Schulen gut?<\/li>\n\n\n\n<li>Oder ist Ihre Ausbildung zu unterschiedlich?<\/li>\n<\/ul>\n\n\n\n<div class=\"wp-block-stackable-columns stk-block-columns stk-block stk-1635dcf\" data-block-id=\"1635dcf\"><div class=\"stk-row stk-inner-blocks stk-block-content stk-content-align stk-1635dcf-column\">\n<div class=\"wp-block-stackable-column stk-block-column stk-block-column--v3 stk-column stk-block-column--v2 stk-block stk-c291d78\" data-block-id=\"c291d78\"><style>@media screen and (min-width:901px){.stk-c291d78{flex:1 1 calc(13% - var(--stk-column-gap,0px) * 1 \/ 2 ) !important}}<\/style><div class=\"stk-column-wrapper stk-block-column__content stk-container stk-c291d78-container stk--no-background stk--no-padding\"><div class=\"stk-block-content stk-inner-blocks stk-c291d78-inner-blocks\">\n<figure class=\"wp-block-image size-thumbnail is-resized\"><img decoding=\"async\" src=\"https:\/\/www.anika-net.de\/wp-content\/uploads\/2023\/04\/800-Internet.svg\" alt class=\"wp-image-36849\" width=\"80\"><\/figure>\n<\/div><\/div><\/div>\n\n\n\n<div class=\"wp-block-stackable-column stk-block-column stk-block-column--v3 stk-column stk-block-column--v2 stk-block stk-10f4458\" data-block-id=\"10f4458\"><style>@media screen and (min-width:901px){.stk-10f4458{flex:1 1 calc(87% - var(--stk-column-gap,0px) * 1 \/ 2 ) !important}}<\/style><div class=\"stk-column-wrapper stk-block-column__content stk-container stk-10f4458-container stk--no-background stk--no-padding\"><div class=\"stk-block-content stk-inner-blocks stk-10f4458-inner-blocks\">\n<p>Hier lesen Sie:<br>K\u00f6nnen Sie in Deutschland in Ihrem Beruf arbeiten?<br>Oder brauchen Sie eine Anerkennung<br>von Ihrem Abschluss?<br><a href=\"http:\/\/www.anerkennung-in-deutschland.de\" rel=\"noopener\">www.anerkennung-in-deutschland.de<\/a><\/p>\n<\/div><\/div><\/div>\n<\/div><\/div>\n\n\n\n<div class=\"wp-block-stackable-columns stk-block-columns stk-block stk-d22c1cb\" data-block-id=\"d22c1cb\"><div class=\"stk-row stk-inner-blocks stk-block-content stk-content-align stk-d22c1cb-column\">\n<div class=\"wp-block-stackable-column stk-block-column stk-block-column--v3 stk-column stk-block-column--v2 stk-block stk-5a66b9f\" data-block-id=\"5a66b9f\"><style>@media screen and (min-width:901px){.stk-5a66b9f{flex:1 1 calc(33.000000000000014% - var(--stk-column-gap,0px) * 1 \/ 2 ) !important}}<\/style><div class=\"stk-column-wrapper stk-block-column__content stk-container stk-5a66b9f-container stk--no-background stk--no-padding\"><div class=\"stk-block-content stk-inner-blocks stk-5a66b9f-inner-blocks\">\n<p>Haben Sie Fragen?<br>Zum Beispiel zu:<\/p>\n\n\n\n<ul class=\"wp-block-list\">\n<li>Anerkennung<\/li>\n\n\n\n<li>Arbeits<strong>\u00b7<\/strong>suche<\/li>\n\n\n\n<li>Ankommen und in Deutschland leben<\/li>\n\n\n\n<li>Deutsch\u00b7kursen.<\/li>\n<\/ul>\n<\/div><\/div><\/div>\n\n\n\n<div class=\"wp-block-stackable-column stk-block-column stk-block-column--v3 stk-column stk-block-column--v2 stk-block stk-40961ba\" data-block-id=\"40961ba\"><style>@media screen and (min-width:901px){.stk-40961ba{flex:1 1 calc(67% - var(--stk-column-gap,0px) * 1 \/ 2 ) !important}}<\/style><div class=\"stk-column-wrapper stk-block-column__content stk-container stk-40961ba-container stk--no-background stk--no-padding\"><div class=\"stk-block-content stk-inner-blocks stk-40961ba-inner-blocks\">\n<figure class=\"wp-block-image size-thumbnail is-resized\"><img decoding=\"async\" src=\"https:\/\/www.anika-net.de\/wp-content\/uploads\/2023\/04\/Fragen_BEQUA_nicht_gluecklich_um.svg\" alt class=\"wp-image-37663\" width=\"100\"><\/figure>\n<\/div><\/div><\/div>\n<\/div><\/div>\n\n\n\n<p>Dann rufen Sie uns&nbsp;an<\/p>\n\n\n\n<div class=\"wp-block-stackable-columns stk-block-columns stk-block stk-e69d248\" data-block-id=\"e69d248\"><div class=\"stk-row stk-inner-blocks stk-block-content stk-content-align stk-e69d248-column\">\n<div class=\"wp-block-stackable-column stk-block-column stk-block-column--v3 stk-column stk-block-column--v2 stk-block stk-245a6a6\" data-block-id=\"245a6a6\"><style>@media screen and (min-width:901px){.stk-245a6a6{flex:1 1 calc(13% - var(--stk-column-gap,0px) * 1 \/ 2 ) !important}}<\/style><div class=\"stk-column-wrapper stk-block-column__content stk-container stk-245a6a6-container stk--no-background stk--no-padding\"><div class=\"stk-block-content stk-inner-blocks stk-245a6a6-inner-blocks\">\n<figure class=\"wp-block-image size-thumbnail is-resized\"><img decoding=\"async\" src=\"https:\/\/www.anika-net.de\/wp-content\/uploads\/2023\/04\/681-Telefon_neu_um.svg\" alt class=\"wp-image-36828\" width=\"40\"><\/figure>\n<\/div><\/div><\/div>\n\n\n\n<div class=\"wp-block-stackable-column stk-block-column stk-block-column--v3 stk-column stk-block-column--v2 stk-block stk-7f03a56\" data-block-id=\"7f03a56\"><style>@media screen and (min-width:901px){.stk-7f03a56{flex:1 1 calc(87% - var(--stk-column-gap,0px) * 1 \/ 2 ) !important}}<\/style><div class=\"stk-column-wrapper stk-block-column__content stk-container stk-7f03a56-container stk--no-background stk--no-padding\"><div class=\"stk-block-content stk-inner-blocks stk-7f03a56-inner-blocks\">\n<p><strong>Telefon: <\/strong>0 30 18 15 \u2014 11&nbsp;11<\/p>\n<\/div><\/div><\/div>\n<\/div><\/div>\n\n\n\n<div class=\"wp-block-stackable-columns stk-block-columns stk-block stk-75c8571\" data-block-id=\"75c8571\"><div class=\"stk-row stk-inner-blocks stk-block-content stk-content-align stk-75c8571-column\">\n<div class=\"wp-block-stackable-column stk-block-column stk-block-column--v3 stk-column stk-block-column--v2 stk-block stk-edfb23a\" data-block-id=\"edfb23a\"><style>@media screen and (min-width:901px){.stk-edfb23a{flex:1 1 calc(13% - var(--stk-column-gap,0px) * 1 \/ 2 ) !important}}<\/style><div class=\"stk-column-wrapper stk-block-column__content stk-container stk-edfb23a-container stk--no-background stk--no-padding\"><div class=\"stk-block-content stk-inner-blocks stk-edfb23a-inner-blocks\"><\/div><\/div><\/div>\n\n\n\n<div class=\"wp-block-stackable-column stk-block-column stk-block-column--v3 stk-column stk-block-column--v2 stk-block stk-ba8115b\" data-block-id=\"ba8115b\"><style>@media screen and (min-width:901px){.stk-ba8115b{flex:1 1 calc(87% - var(--stk-column-gap,0px) * 1 \/ 2 ) !important}}<\/style><div class=\"stk-column-wrapper stk-block-column__content stk-container stk-ba8115b-container stk--no-background stk--no-padding\"><div class=\"stk-block-content stk-inner-blocks stk-ba8115b-inner-blocks\">\n<p><strong>\u00d6ffnungs\u00b7zeiten:<\/strong><br>Montag bis Freitag: 8:00 Uhr bis 16:00 Uhr<br>Unsere Mitarbeiter sprechen Deutsch und Englisch.<\/p>\n<\/div><\/div><\/div>\n<\/div><\/div>\n\n\n\n<p>Haben Sie Fragen zur Anerkennung<br>von Ihrem Abschluss?<br>Dann hilft Ihnen das IQ-Netzwerk.<\/p>\n\n\n\n<p><strong>Bitte machen Sie einen Termin<\/strong><\/p>\n\n\n\n<div class=\"wp-block-stackable-columns stk-block-columns stk-block stk-5593ddf\" data-block-id=\"5593ddf\"><div class=\"stk-row stk-inner-blocks stk-block-content stk-content-align stk-5593ddf-column\">\n<div class=\"wp-block-stackable-column stk-block-column stk-block-column--v3 stk-column stk-block-column--v2 stk-block stk-1499557\" data-block-id=\"1499557\"><style>@media screen and (min-width:901px){.stk-1499557{flex:1 1 calc(13% - var(--stk-column-gap,0px) * 1 \/ 2 ) !important}}<\/style><div class=\"stk-column-wrapper stk-block-column__content stk-container stk-1499557-container stk--no-background stk--no-padding\"><div class=\"stk-block-content stk-inner-blocks stk-1499557-inner-blocks\">\n<figure class=\"wp-block-image size-thumbnail is-resized\"><img decoding=\"async\" src=\"https:\/\/www.anika-net.de\/wp-content\/uploads\/2023\/04\/681-Telefon_neu_um.svg\" alt class=\"wp-image-36828\" width=\"40\"><\/figure>\n<\/div><\/div><\/div>\n\n\n\n<div class=\"wp-block-stackable-column stk-block-column stk-block-column--v3 stk-column stk-block-column--v2 stk-block stk-9a95698\" data-block-id=\"9a95698\"><style>@media screen and (min-width:901px){.stk-9a95698{flex:1 1 calc(87% - var(--stk-column-gap,0px) * 1 \/ 2 ) !important}}<\/style><div class=\"stk-column-wrapper stk-block-column__content stk-container stk-9a95698-container stk--no-background stk--no-padding\"><div class=\"stk-block-content stk-inner-blocks stk-9a95698-inner-blocks\">\n<p><strong>Telefon:<\/strong> 06 21 \u2014 43 77 31&nbsp;13<\/p>\n<\/div><\/div><\/div>\n<\/div><\/div>\n\n\n\n<div class=\"wp-block-stackable-columns stk-block-columns stk-block stk-3fd166d\" data-block-id=\"3fd166d\"><div class=\"stk-row stk-inner-blocks stk-block-content stk-content-align stk-3fd166d-column\">\n<div class=\"wp-block-stackable-column stk-block-column stk-block-column--v3 stk-column stk-block-column--v2 stk-block stk-5f73e1b\" data-block-id=\"5f73e1b\"><style>@media screen and (min-width:901px){.stk-5f73e1b{flex:1 1 calc(13% - var(--stk-column-gap,0px) * 1 \/ 2 ) !important}}<\/style><div class=\"stk-column-wrapper stk-block-column__content stk-container stk-5f73e1b-container stk--no-background stk--no-padding\"><div class=\"stk-block-content stk-inner-blocks stk-5f73e1b-inner-blocks\">\n<figure class=\"wp-block-image size-thumbnail is-resized\"><img decoding=\"async\" src=\"https:\/\/www.anika-net.de\/wp-content\/uploads\/2023\/04\/E_Mail.svg\" alt class=\"wp-image-37680\" width=\"80\"><\/figure>\n<\/div><\/div><\/div>\n\n\n\n<div class=\"wp-block-stackable-column stk-block-column stk-block-column--v3 stk-column stk-block-column--v2 stk-block stk-933ad8d\" data-block-id=\"933ad8d\"><style>@media screen and (min-width:901px){.stk-933ad8d{flex:1 1 calc(87% - var(--stk-column-gap,0px) * 1 \/ 2 ) !important}}<\/style><div class=\"stk-column-wrapper stk-block-column__content stk-container stk-933ad8d-container stk--no-background stk--no-padding\"><div class=\"stk-block-content stk-inner-blocks stk-933ad8d-inner-blocks\">\n<p><strong>E\u2011Mail:<\/strong> anerkennung@ikubiz.de<\/p>\n<\/div><\/div><\/div>\n<\/div><\/div>\n\n\n\n<div class=\"wp-block-stackable-columns stk-block-columns stk-block stk-79c7d50\" data-block-id=\"79c7d50\"><div class=\"stk-row stk-inner-blocks stk-block-content stk-content-align stk-79c7d50-column\">\n<div class=\"wp-block-stackable-column stk-block-column stk-block-column--v3 stk-column stk-block-column--v2 stk-block stk-70a6016\" data-block-id=\"70a6016\"><style>@media screen and (min-width:901px){.stk-70a6016{flex:1 1 calc(13% - var(--stk-column-gap,0px) * 1 \/ 2 ) !important}}<\/style><div class=\"stk-column-wrapper stk-block-column__content stk-container stk-70a6016-container stk--no-background stk--no-padding\"><div class=\"stk-block-content stk-inner-blocks stk-70a6016-inner-blocks\">\n<figure class=\"wp-block-image size-thumbnail is-resized\"><img decoding=\"async\" src=\"https:\/\/www.anika-net.de\/wp-content\/uploads\/2023\/04\/789-Post.svg\" alt class=\"wp-image-36868\" width=\"70\"><\/figure>\n<\/div><\/div><\/div>\n\n\n\n<div class=\"wp-block-stackable-column stk-block-column stk-block-column--v3 stk-column stk-block-column--v2 stk-block stk-7e171b1\" data-block-id=\"7e171b1\"><style>@media screen and (min-width:901px){.stk-7e171b1{flex:1 1 calc(87% - var(--stk-column-gap,0px) * 1 \/ 2 ) !important}}<\/style><div class=\"stk-column-wrapper stk-block-column__content stk-container stk-7e171b1-container stk--no-background stk--no-padding\"><div class=\"stk-block-content stk-inner-blocks stk-7e171b1-inner-blocks\">\n<p><strong>Adresse<\/strong>:<br>Arbeitsagentur Karlsruhe \u2014 Rastatt<br><strong>Berufs\u00b7informations\u00b7zentrum<\/strong><br>Brauerstra\u00dfe 10<br>76135 Karlsruhe<br>im Rundbau<br>1. Stock<br>Raum 110<br><br><strong>oder<\/strong><br><br>Kaiserallee 12d<br>76133 Karlsruhe<\/p>\n<\/div><\/div><\/div>\n<\/div><\/div>\n\n\n\n<div class=\"wp-block-stackable-columns stk-block-columns stk-block stk-297cca4\" data-block-id=\"297cca4\"><div class=\"stk-row stk-inner-blocks stk-block-content stk-content-align stk-297cca4-column\">\n<div class=\"wp-block-stackable-column stk-block-column stk-block-column--v3 stk-column stk-block-column--v2 stk-block stk-fbb117e\" data-block-id=\"fbb117e\"><style>@media screen and (min-width:901px){.stk-fbb117e{flex:1 1 calc(13% - var(--stk-column-gap,0px) * 1 \/ 2 ) !important}}<\/style><div class=\"stk-column-wrapper stk-block-column__content stk-container stk-fbb117e-container stk--no-background stk--no-padding\"><div class=\"stk-block-content stk-inner-blocks stk-fbb117e-inner-blocks\">\n<figure class=\"wp-block-image size-thumbnail is-resized\"><img decoding=\"async\" src=\"https:\/\/www.anika-net.de\/wp-content\/uploads\/2023\/04\/800-Internet.svg\" alt class=\"wp-image-36849\" width=\"80\"><\/figure>\n<\/div><\/div><\/div>\n\n\n\n<div class=\"wp-block-stackable-column stk-block-column stk-block-column--v3 stk-column stk-block-column--v2 stk-block stk-00775b5\" data-block-id=\"00775b5\"><style>@media screen and (min-width:901px){.stk-00775b5{flex:1 1 calc(87% - var(--stk-column-gap,0px) * 1 \/ 2 ) !important}}<\/style><div class=\"stk-column-wrapper stk-block-column__content stk-container stk-00775b5-container stk--no-background stk--no-padding\"><div class=\"stk-block-content stk-inner-blocks stk-00775b5-inner-blocks\">\n<p>Hier finden Sie mehr Informationen:<br>https:\/\/www.arbeitsagentur.de\/fuer-menschen<br>-aus-dem-ausland\/anerkennung-abschluss<\/p>\n<\/div><\/div><\/div>\n<\/div><\/div>\n","protected":false},"excerpt":{"rendered":"<p>Abschluss hei\u00dft:Sie sind in Ihrem Land fertig mit Dann k\u00f6nnen Sie in Deutschlandeine Anerkennung f\u00fcr Ihren Abschlussbokommen. Anerkennung hei\u00dft:Man vergleicht ihren Abschluss mit einemAbschluss in Deutschland.Wenn beide Abschl\u00fcsse gleich sind,dann&nbsp;<a class=\"moretag\" href=\"https:\/\/www.anika-net.de\/deer\/erste-schritte\/in-karlsruhe-arbeiten\/anerkennung-von-ihrem-abschluss\/\">mehr<\/a><\/p>\n","protected":false},"author":1,"featured_media":0,"parent":36647,"menu_order":0,"comment_status":"closed","ping_status":"closed","template":"","meta":{"_acf_changed":false,"inline_featured_image":false,"_uag_custom_page_level_css":"","wp_typography_post_enhancements_disabled":false,"footnotes":""},"class_list":["post-36650","page","type-page","status-publish","hentry"],"acf":[],"featured_image_urls_v2":{"full":"","thumbnail":"","medium":"","medium_large":"","large":"","1536x1536":"","2048x2048":"","event-overview":"","event-archive-thumb":"","grid-item-thumbnail":"","network-partner-icon":"","organiser-icon":"","gform-image-choice-sm":"","gform-image-choice-md":"","gform-image-choice-lg":""},"post_excerpt_stackable_v2":"<p>Abschluss hei\u00dft:Sie sind in Ihrem Land fertig mit einer Schule einer Ausbildung einem Studium. Dann k\u00f6nnen Sie in Deutschlandeine Anerkennung f\u00fcr Ihren Abschlussbokommen. Anerkennung hei\u00dft:Man vergleicht ihren Abschluss mit einemAbschluss in Deutschland.Wenn beide Abschl\u00fcsse gleich sind,dann d\u00fcrfen Sie in Ihrem Beruf in Deutschlandarbeiten. Beispiel:Sie sind in Ihrem Land Lehrer.Aber in Ihrem Land ist die Ausbildung f\u00fcr Lehreranders als in Deutschland.Zum BeispielMan lernt andere Dinge.F\u00fcr die Anerkennung \u00fcberpr\u00fcft man: Ist Ihre Ausbildung auch f\u00fcr deutsche Schulen gut? Oder ist Ihre Ausbildung zu unterschiedlich? Hier lesen Sie:K\u00f6nnen Sie in Deutschland in Ihrem Beruf arbeiten?Oder brauchen Sie eine Anerkennungvon Ihrem Abschluss?www.anerkennung-in-deutschland.de Haben&nbsp;Sie\u2026<\/p>\n","category_list_v2":"","author_info_v2":{"name":"saasweb-admin","url":"https:\/\/www.anika-net.de\/deer\/author\/saasweb-admin\/"},"comments_num_v2":"0 comments","uagb_featured_image_src":{"full":false,"thumbnail":false,"medium":false,"medium_large":false,"large":false,"1536x1536":false,"2048x2048":false,"event-overview":false,"event-archive-thumb":false,"grid-item-thumbnail":false,"network-partner-icon":false,"organiser-icon":false,"gform-image-choice-sm":false,"gform-image-choice-md":false,"gform-image-choice-lg":false},"uagb_author_info":{"display_name":"saasweb-admin","author_link":"https:\/\/www.anika-net.de\/deer\/author\/saasweb-admin\/"},"uagb_comment_info":0,"uagb_excerpt":"Abschluss hei\u00dft:Sie sind in Ihrem Land fertig mit Dann k\u00f6nnen Sie in Deutschlandeine Anerkennung f\u00fcr Ihren Abschlussbokommen. Anerkennung hei\u00dft:Man vergleicht ihren Abschluss mit einemAbschluss in Deutschland.Wenn beide Abschl\u00fcsse gleich sind,dann&nbsp;mehr","_links":{"self":[{"href":"https:\/\/www.anika-net.de\/deer\/wp-json\/wp\/v2\/pages\/36650","targetHints":{"allow":["GET"]}}],"collection":[{"href":"https:\/\/www.anika-net.de\/deer\/wp-json\/wp\/v2\/pages"}],"about":[{"href":"https:\/\/www.anika-net.de\/deer\/wp-json\/wp\/v2\/types\/page"}],"author":[{"embeddable":true,"href":"https:\/\/www.anika-net.de\/deer\/wp-json\/wp\/v2\/users\/1"}],"replies":[{"embeddable":true,"href":"https:\/\/www.anika-net.de\/deer\/wp-json\/wp\/v2\/comments?post=36650"}],"version-history":[{"count":0,"href":"https:\/\/www.anika-net.de\/deer\/wp-json\/wp\/v2\/pages\/36650\/revisions"}],"up":[{"embeddable":true,"href":"https:\/\/www.anika-net.de\/deer\/wp-json\/wp\/v2\/pages\/36647"}],"wp:attachment":[{"href":"https:\/\/www.anika-net.de\/deer\/wp-json\/wp\/v2\/media?parent=36650"}],"curies":[{"name":"wp","href":"https:\/\/api.w.org\/{rel}","templated":true}]}}