{"id":36535,"date":"2023-03-06T10:46:04","date_gmt":"2023-03-06T09:46:04","guid":{"rendered":"https:\/\/www.anika-net.de\/learning-german\/integration-courses\/"},"modified":"2026-02-05T12:40:28","modified_gmt":"2026-02-05T11:40:28","slug":"integrationskurse","status":"publish","type":"page","link":"https:\/\/www.anika-net.de\/deer\/deutsch-lernen\/integrationskurse\/","title":{"rendered":"Integrations\u00b7kurse"},"content":{"rendered":"\n<div class=\"wp-block-stackable-columns stk-block-columns stk-block stk-540a234\" data-block-id=\"540a234\"><style>.stk-540a234 {margin-bottom:0px !important;}<\/style><div class=\"stk-row stk-inner-blocks stk-block-content stk-content-align stk-540a234-column\">\n<div class=\"wp-block-stackable-column stk-block-column stk-column stk-block stk-9f6b3ab\" data-v=\"4\" data-block-id=\"9f6b3ab\"><style>@media screen and (min-width:901px){.stk-9f6b3ab {flex:var(--stk-flex-grow, 1) 1 calc(33.000000000000014% - var(--stk-column-gap, 0px) * 1 \/ 2 ) !important;}}<\/style><div class=\"stk-column-wrapper stk-block-column__content stk-container stk-9f6b3ab-container stk--no-background stk--no-padding\"><div class=\"stk-block-content stk-inner-blocks stk-9f6b3ab-inner-blocks\">\n<p><strong>Integration<\/strong> hei\u00dft:<br>Sie geh\u00f6ren in Deutschland dazu.<br>Das hei\u00dft zum Beispiel:<\/p>\n\n\n\n<ul class=\"wp-block-list\">\n<li>Sie lernen Deutsch<\/li>\n\n\n\n<li>Sie haben hier<br>     \u2014 Eine Wohnung<br>     \u2014 Eine Arbeit<\/li>\n<\/ul>\n<\/div><\/div><\/div>\n\n\n\n<div class=\"wp-block-stackable-column stk-block-column stk-column stk-block stk-5964bf4\" data-v=\"4\" data-block-id=\"5964bf4\"><style>@media screen and (min-width:901px){.stk-5964bf4 {flex:var(--stk-flex-grow, 1) 1 calc(67% - var(--stk-column-gap, 0px) * 1 \/ 2 ) !important;}}<\/style><div class=\"stk-column-wrapper stk-block-column__content stk-container stk-5964bf4-container stk--no-background stk--no-padding\"><div class=\"stk-block-content stk-inner-blocks stk-5964bf4-inner-blocks\">\n<figure class=\"wp-block-image size-thumbnail is-resized\"><img decoding=\"async\" src=\"https:\/\/www.anika-net.de\/wp-content\/uploads\/2023\/04\/Integration_Migranten_4.svg\" alt class=\"wp-image-37558\" style=\"width:150px\"><\/figure>\n\n\n\n<h6 class=\"wp-block-heading has-text-align-left\">\u00a9 BEQUA gGmbH&nbsp;2023<\/h6>\n<\/div><\/div><\/div>\n<\/div><\/div>\n\n\n\n<p>Sie k\u00f6nnen einen <strong>Integrations\u00b7kurs<\/strong> machen.<\/p>\n\n\n\n<div class=\"wp-block-stackable-columns stk-block-columns stk-block stk-0733af7\" data-block-id=\"0733af7\"><div class=\"stk-row stk-inner-blocks stk-block-content stk-content-align stk-0733af7-column\">\n<div class=\"wp-block-stackable-column stk-block-column stk-column stk-block stk-7489187\" data-v=\"4\" data-block-id=\"7489187\"><style>@media screen and (min-width:901px){.stk-7489187 {flex:var(--stk-flex-grow, 1) 1 calc(37% - var(--stk-column-gap, 0px) * 1 \/ 2 ) !important;}}<\/style><div class=\"stk-column-wrapper stk-block-column__content stk-container stk-7489187-container stk--no-background stk--no-padding\"><div class=\"stk-block-content stk-inner-blocks stk-7489187-inner-blocks\">\n<p>In einem Integrations<strong>\u00b7<\/strong>kurs lernen Sie:<\/p>\n\n\n\n<ul class=\"wp-block-list\">\n<li>Deutsch<\/li>\n\n\n\n<li>Wichtige Informationen \u00fcber Deutschland:<br>        \u2014 Geschichte<br>        \u2014 Politik<br>        \u2014 Kultur.<\/li>\n<\/ul>\n<\/div><\/div><\/div>\n\n\n\n<div class=\"wp-block-stackable-column stk-block-column stk-column stk-block stk-09ed83c\" data-v=\"4\" data-block-id=\"09ed83c\"><style>@media screen and (min-width:901px){.stk-09ed83c {flex:var(--stk-flex-grow, 1) 1 calc(63% - var(--stk-column-gap, 0px) * 1 \/ 2 ) !important;}}<\/style><div class=\"stk-column-wrapper stk-block-column__content stk-container stk-09ed83c-container stk--no-background stk--no-padding\"><div class=\"stk-block-content stk-inner-blocks stk-09ed83c-inner-blocks\">\n<figure class=\"wp-block-image size-thumbnail is-resized\"><img decoding=\"async\" src=\"https:\/\/www.anika-net.de\/wp-content\/uploads\/2023\/04\/Unterricht_gruene_Tafel.svg\" alt class=\"wp-image-37595\" style=\"width:120px\"><\/figure>\n\n\n\n<h6 class=\"wp-block-heading\">\u00a9 BEQUA gGmbH&nbsp;2023<\/h6>\n<\/div><\/div><\/div>\n<\/div><\/div>\n\n\n\n<p>Sie k\u00f6nnen einen <strong>Integrations\u00b7kurs<\/strong> machen<\/p>\n\n\n\n<ul class=\"wp-block-list\">\n<li>Wenn Sie neu in Karlsruhe sind<\/li>\n\n\n\n<li>Wenn Sie <strong>nicht<\/strong> aus der EU kommen.<\/li>\n<\/ul>\n\n\n\n<p>Wenn es noch freie Pl\u00e4tze gibt:<br>Dann k\u00f6nnen Sie auch teil<strong>\u00b7<\/strong>nehmen,<br>wenn Sie:<\/p>\n\n\n\n<ul class=\"wp-block-list\">\n<li>schon l\u00e4nger in Deutschland sind<\/li>\n\n\n\n<li>aus der EU kommen<\/li>\n\n\n\n<li>Deutscher sind,<br>aber <strong>nicht<\/strong> gut Deutsch sprechen.<\/li>\n<\/ul>\n\n\n\n<div class=\"wp-block-stackable-columns stk-block-columns stk-block stk-8a022f0\" data-block-id=\"8a022f0\"><div class=\"stk-row stk-inner-blocks stk-block-content stk-content-align stk-8a022f0-column\">\n<div class=\"wp-block-stackable-column stk-block-column stk-column stk-block stk-081f8e9\" data-v=\"4\" data-block-id=\"081f8e9\"><style>@media screen and (min-width:901px){.stk-081f8e9 {flex:var(--stk-flex-grow, 1) 1 calc(13% - var(--stk-column-gap, 0px) * 1 \/ 2 ) !important;}}<\/style><div class=\"stk-column-wrapper stk-block-column__content stk-container stk-081f8e9-container stk--no-background stk--no-padding\"><div class=\"stk-block-content stk-inner-blocks stk-081f8e9-inner-blocks\">\n<figure class=\"wp-block-image size-thumbnail is-resized\"><img decoding=\"async\" src=\"https:\/\/www.anika-net.de\/wp-content\/uploads\/2023\/04\/800-Internet.svg\" alt class=\"wp-image-36849\" style=\"width:90px\"><\/figure>\n\n\n\n<h6 class=\"wp-block-heading\">\u00a9 BEQUA gGmbH&nbsp;2023<\/h6>\n<\/div><\/div><\/div>\n\n\n\n<div class=\"wp-block-stackable-column stk-block-column stk-column stk-block stk-4453ac2\" data-v=\"4\" data-block-id=\"4453ac2\"><style>@media screen and (min-width:901px){.stk-4453ac2 {flex:var(--stk-flex-grow, 1) 1 calc(87% - var(--stk-column-gap, 0px) * 1 \/ 2 ) !important;}}<\/style><div class=\"stk-column-wrapper stk-block-column__content stk-container stk-4453ac2-container stk--no-background stk--no-padding\"><div class=\"stk-block-content stk-inner-blocks stk-4453ac2-inner-blocks\">\n<p>\u2197\ufe0f <a href=\"https:\/\/www.anika-net.de\/deer\/deutsch-lernen\/integrationskurse\/\"><strong>Hier finden Sie mehr Informationen<\/strong><\/a><br><\/p>\n<\/div><\/div><\/div>\n<\/div><\/div>\n\n\n\n<p>Diese Sprachschulen bieten <strong><strong><strong>Integrations\u00b7kurs<\/strong><\/strong>e<strong> <\/strong><\/strong><br><strong><strong>in Karlsruhe&nbsp;<\/strong><\/strong>an:<\/p>\n\n\n\n<p><strong><a href=\"https:\/\/www.aaw.de\/post\/deutschkurse-nach-vwv\" rel=\"noopener\">AAW Karlsruhe<\/a><\/strong><br>Griesbachstra\u00dfe 12<br>76185 Karlsruhe<br>0721 850 290<br><a href=\"javascript:linkTo_UnCryptMailto(%27drzckf1bricjilyvRrrn5uv%27);\">karlsruhe(at)aaw.de<\/a><\/p>\n\n\n\n<p><strong><a href=\"https:\/\/www.berlitz.com\/de-de\/sprachschulen\/karlsruhe\" rel=\"noopener\">Berlitz Deutschland GmbH<\/a><\/strong><br>Kaiser\u00adstra\u00ad\u00dfe 215<br>76133 Karlsruhe<br>0721 26 625<br><a href=\"javascript:linkTo_UnCryptMailto(%27drzckf1bricjilyvRsviczkq5uv%27);\">karlsruhe(at)berlitz.de<\/a><\/p>\n\n\n\n<p><strong><a href=\"http:\/\/www.eduglobal.de\" rel=\"noopener\">eduGLOBAL Institut f\u00fcr Sprache und Bildung \u00adKarls\u00adruhe<\/a><\/strong><br>Erbprin\u00adzen\u00adstra\u00dfe 27<br>76133 Karlsruhe<br>0721 20 399 90<br><a href=\"javascript:linkTo_UnCryptMailto(%27drzckf1zewfRvulxcfsrc5uv%27);\">info(at)eduglobal.de<\/a><\/p>\n\n\n\n<p><strong><a href=\"https:\/\/future-gate.eu\/\" rel=\"noopener\">Future Gate Bildung und Training<\/a><\/strong><br>Kaiser\u00adstra\u00ad\u00dfe 156<br>76133 Karlsruhe<br>0721 669 713 59<br><a href=\"javascript:linkTo_UnCryptMailto(%27drzckf1zewfRwlkliv4xrkv5vl%27);\">info(at)future-gate.eu<\/a><\/p>\n\n\n\n<p><strong><a href=\"https:\/\/www.internationaler-bund.de\/angebot\/10602\" rel=\"noopener\">Inter\u00adna\u00adtio\u00adna\u00adler Bund<\/a><\/strong><br>Siemensallee 84<br>76137 Karlsruhe<br>0721 850 19 816<br><a href=\"javascript:linkTo_UnCryptMailto(%27drzckf1jgirtyblijv4bricjilyvRzs5uv%27);\">sprachkurse-karlsruhe(at)ib.de<\/a><\/p>\n\n\n\n<p><strong><a href=\"https:\/\/www.qew-bildungszentrum.de\/\" rel=\"noopener\">QEW-Bildungszentrum<\/a><\/strong><br>Bahnhofstra\u00dfe 46<br>76137 Karlsruhe<br>0721 38 316 810<br>info@qew-bildungszentrum.de<\/p>\n\n\n\n<p><strong><a href=\"https:\/\/sprachakademie-karlsruhe.de\/grundstufe-integrationskurse.htm\" rel=\"noopener\">Sprach\u00adaka\u00adde\u00admie Karlsruhe<\/a><\/strong><br>Waldstra\u00dfe 41 \u2014 43<br>76133 Karlsruhe<br>0721 2039960<br><a href=\"javascript:linkTo_UnCryptMailto(%27drzckf1zewfRjgirtyrbruvdzv4bricjilyv5uv%27);\">info(at)sprachakademie-karlsruhe.de<\/a><\/p>\n\n\n\n<p><strong><a href=\"https:\/\/www.vhs-karlsruhe.de\/p\/699-CAT-KAT491\" rel=\"noopener\">Volks\u00adhoch\u00adschule Karlsruhe<\/a><\/strong><br>Kaise\u00adr\u00adal\u00adlee 12 e<br>76133 Karlsruhe<br>0721 985 75 19 oder 0721 985 75 21<br><a href=\"javascript:linkTo_UnCryptMailto(%27drzckf1zewfRmyj4bricjilyv5uv%27);\">info(at)vhs-karlsruhe.de<\/a><\/p>\n\n\n\n<p><\/p><p class=\"has-alegreya-font-family has-custom-font\" style=\"font-family:Alegreya\"><span style=\"color: #8c8e90;\" class=\"stk-highlight\">\u00dcbersetzung, Piktogramme und Gestaltung: \u00a9 BEQUA gGmbH&nbsp;2023<\/span><\/p>\n","protected":false},"excerpt":{"rendered":"<p>Integration hei\u00dft:Sie geh\u00f6ren in Deutschland dazu.Das hei\u00dft zum Beispiel: \u00a9 BEQUA gGmbH&nbsp;2023 Sie k\u00f6nnen einen Integrations\u00b7kurs machen. In einem Integrations\u00b7kurs lernen Sie: \u00a9 BEQUA gGmbH&nbsp;2023 Sie k\u00f6nnen einen Integrations\u00b7kurs machen&nbsp;<a class=\"moretag\" href=\"https:\/\/www.anika-net.de\/deer\/deutsch-lernen\/integrationskurse\/\">mehr<\/a><\/p>\n","protected":false},"author":12,"featured_media":36536,"parent":36532,"menu_order":0,"comment_status":"closed","ping_status":"closed","template":"","meta":{"_acf_changed":false,"inline_featured_image":false,"_uag_custom_page_level_css":"","wp_typography_post_enhancements_disabled":false,"footnotes":""},"class_list":["post-36535","page","type-page","status-publish","has-post-thumbnail","hentry"],"acf":[],"featured_image_urls_v2":{"full":["https:\/\/www.anika-net.de\/wp-content\/uploads\/2023\/03\/integration-courses-360x200-1.jpg",360,200,false],"thumbnail":["https:\/\/www.anika-net.de\/wp-content\/uploads\/2023\/03\/integration-courses-360x200-1-150x150.jpg",150,150,true],"medium":["https:\/\/www.anika-net.de\/wp-content\/uploads\/2023\/03\/integration-courses-360x200-1-300x167.jpg",300,167,true],"medium_large":["https:\/\/www.anika-net.de\/wp-content\/uploads\/2023\/03\/integration-courses-360x200-1.jpg",360,200,false],"large":["https:\/\/www.anika-net.de\/wp-content\/uploads\/2023\/03\/integration-courses-360x200-1.jpg",360,200,false],"1536x1536":["https:\/\/www.anika-net.de\/wp-content\/uploads\/2023\/03\/integration-courses-360x200-1.jpg",360,200,false],"2048x2048":["https:\/\/www.anika-net.de\/wp-content\/uploads\/2023\/03\/integration-courses-360x200-1.jpg",360,200,false],"event-overview":["https:\/\/www.anika-net.de\/wp-content\/uploads\/2023\/03\/integration-courses-360x200-1.jpg",360,200,false],"event-archive-thumb":["https:\/\/www.anika-net.de\/wp-content\/uploads\/2023\/03\/integration-courses-360x200-1.jpg",360,200,false],"grid-item-thumbnail":["https:\/\/www.anika-net.de\/wp-content\/uploads\/2023\/03\/integration-courses-360x200-1-360x200.jpg",360,200,true],"network-partner-icon":["https:\/\/www.anika-net.de\/wp-content\/uploads\/2023\/03\/integration-courses-360x200-1-100x100.jpg",100,100,true],"organiser-icon":["https:\/\/www.anika-net.de\/wp-content\/uploads\/2023\/03\/integration-courses-360x200-1-200x200.jpg",200,200,true],"gform-image-choice-sm":["https:\/\/www.anika-net.de\/wp-content\/uploads\/2023\/03\/integration-courses-360x200-1.jpg",300,167,false],"gform-image-choice-md":["https:\/\/www.anika-net.de\/wp-content\/uploads\/2023\/03\/integration-courses-360x200-1.jpg",360,200,false],"gform-image-choice-lg":["https:\/\/www.anika-net.de\/wp-content\/uploads\/2023\/03\/integration-courses-360x200-1.jpg",360,200,false]},"post_excerpt_stackable_v2":"<p>Integration hei\u00dft:Sie geh\u00f6ren in Deutschland dazu.Das hei\u00dft zum Beispiel: Sie lernen Deutsch Sie haben hier \u2014 Eine Wohnung \u2014 Eine Arbeit \u00a9 BEQUA gGmbH&nbsp;2023 Sie k\u00f6nnen einen Integrations\u00b7kurs machen. In einem Integrations\u00b7kurs lernen Sie: Deutsch Wichtige Informationen \u00fcber Deutschland: \u2014 Geschichte \u2014 Politik \u2014 Kultur. \u00a9 BEQUA gGmbH&nbsp;2023 Sie k\u00f6nnen einen Integrations\u00b7kurs machen Wenn Sie neu in Karlsruhe sind Wenn Sie nicht aus der EU kommen. Wenn es noch freie Pl\u00e4tze gibt:Dann k\u00f6nnen Sie auch teil\u00b7nehmen,wenn Sie: schon l\u00e4nger in Deutschland sind aus der EU kommen Deutscher sind,aber nicht gut Deutsch sprechen. \u00a9 BEQUA gGmbH&nbsp;2023 \u2197\ufe0f Hier finden Sie&nbsp;mehr\u2026<\/p>\n","category_list_v2":"","author_info_v2":{"name":"Andrea Ramirez","url":"https:\/\/www.anika-net.de\/deer\/author\/andrea-ramirez\/"},"comments_num_v2":"0 comments","uagb_featured_image_src":{"full":["https:\/\/www.anika-net.de\/wp-content\/uploads\/2023\/03\/integration-courses-360x200-1.jpg",360,200,false],"thumbnail":["https:\/\/www.anika-net.de\/wp-content\/uploads\/2023\/03\/integration-courses-360x200-1-150x150.jpg",150,150,true],"medium":["https:\/\/www.anika-net.de\/wp-content\/uploads\/2023\/03\/integration-courses-360x200-1-300x167.jpg",300,167,true],"medium_large":["https:\/\/www.anika-net.de\/wp-content\/uploads\/2023\/03\/integration-courses-360x200-1.jpg",360,200,false],"large":["https:\/\/www.anika-net.de\/wp-content\/uploads\/2023\/03\/integration-courses-360x200-1.jpg",360,200,false],"1536x1536":["https:\/\/www.anika-net.de\/wp-content\/uploads\/2023\/03\/integration-courses-360x200-1.jpg",360,200,false],"2048x2048":["https:\/\/www.anika-net.de\/wp-content\/uploads\/2023\/03\/integration-courses-360x200-1.jpg",360,200,false],"event-overview":["https:\/\/www.anika-net.de\/wp-content\/uploads\/2023\/03\/integration-courses-360x200-1.jpg",360,200,false],"event-archive-thumb":["https:\/\/www.anika-net.de\/wp-content\/uploads\/2023\/03\/integration-courses-360x200-1.jpg",360,200,false],"grid-item-thumbnail":["https:\/\/www.anika-net.de\/wp-content\/uploads\/2023\/03\/integration-courses-360x200-1-360x200.jpg",360,200,true],"network-partner-icon":["https:\/\/www.anika-net.de\/wp-content\/uploads\/2023\/03\/integration-courses-360x200-1-100x100.jpg",100,100,true],"organiser-icon":["https:\/\/www.anika-net.de\/wp-content\/uploads\/2023\/03\/integration-courses-360x200-1-200x200.jpg",200,200,true],"gform-image-choice-sm":["https:\/\/www.anika-net.de\/wp-content\/uploads\/2023\/03\/integration-courses-360x200-1.jpg",300,167,false],"gform-image-choice-md":["https:\/\/www.anika-net.de\/wp-content\/uploads\/2023\/03\/integration-courses-360x200-1.jpg",360,200,false],"gform-image-choice-lg":["https:\/\/www.anika-net.de\/wp-content\/uploads\/2023\/03\/integration-courses-360x200-1.jpg",360,200,false]},"uagb_author_info":{"display_name":"Andrea Ramirez","author_link":"https:\/\/www.anika-net.de\/deer\/author\/andrea-ramirez\/"},"uagb_comment_info":0,"uagb_excerpt":"Integration hei\u00dft:Sie geh\u00f6ren in Deutschland dazu.Das hei\u00dft zum Beispiel: \u00a9 BEQUA gGmbH&nbsp;2023 Sie k\u00f6nnen einen Integrations\u00b7kurs machen. In einem Integrations\u00b7kurs lernen Sie: \u00a9 BEQUA gGmbH&nbsp;2023 Sie k\u00f6nnen einen Integrations\u00b7kurs machen&nbsp;mehr","_links":{"self":[{"href":"https:\/\/www.anika-net.de\/deer\/wp-json\/wp\/v2\/pages\/36535","targetHints":{"allow":["GET"]}}],"collection":[{"href":"https:\/\/www.anika-net.de\/deer\/wp-json\/wp\/v2\/pages"}],"about":[{"href":"https:\/\/www.anika-net.de\/deer\/wp-json\/wp\/v2\/types\/page"}],"author":[{"embeddable":true,"href":"https:\/\/www.anika-net.de\/deer\/wp-json\/wp\/v2\/users\/12"}],"replies":[{"embeddable":true,"href":"https:\/\/www.anika-net.de\/deer\/wp-json\/wp\/v2\/comments?post=36535"}],"version-history":[{"count":8,"href":"https:\/\/www.anika-net.de\/deer\/wp-json\/wp\/v2\/pages\/36535\/revisions"}],"predecessor-version":[{"id":118784,"href":"https:\/\/www.anika-net.de\/deer\/wp-json\/wp\/v2\/pages\/36535\/revisions\/118784"}],"up":[{"embeddable":true,"href":"https:\/\/www.anika-net.de\/deer\/wp-json\/wp\/v2\/pages\/36532"}],"wp:featuredmedia":[{"embeddable":true,"href":"https:\/\/www.anika-net.de\/deer\/wp-json\/wp\/v2\/media\/36536"}],"wp:attachment":[{"href":"https:\/\/www.anika-net.de\/deer\/wp-json\/wp\/v2\/media?parent=36535"}],"curies":[{"name":"wp","href":"https:\/\/api.w.org\/{rel}","templated":true}]}}