{"id":36513,"date":"2023-04-20T16:40:34","date_gmt":"2023-04-20T14:40:34","guid":{"rendered":"https:\/\/www.anika-net.de\/?page_id=36513"},"modified":"2023-04-28T17:35:35","modified_gmt":"2023-04-28T15:35:35","slug":"muelltrennung","status":"publish","type":"page","link":"https:\/\/www.anika-net.de\/deer\/erste-schritte\/wohnen\/muelltrennung\/","title":{"rendered":"M\u00fcll\u00b7trennung"},"content":{"rendered":"\n<p>In Deutschland m\u00fcssen Sie Ihren M\u00fcll trennen.<\/p>\n\n\n\n<div class=\"wp-block-stackable-columns stk-block-columns stk-block stk-9623c4e\" data-block-id=\"9623c4e\"><div class=\"stk-row stk-inner-blocks stk-block-content stk-content-align stk-9623c4e-column\">\n<div class=\"wp-block-stackable-column stk-block-column stk-block-column--v3 stk-column stk-block-column--v2 stk-block stk-013ca54\" data-block-id=\"013ca54\"><style>@media screen and (min-width:901px){.stk-013ca54{flex:1 1 calc(43% - var(--stk-column-gap,0px) * 1 \/ 2 ) !important}}<\/style><div class=\"stk-column-wrapper stk-block-column__content stk-container stk-013ca54-container stk--no-background stk--no-padding\"><div class=\"stk-block-content stk-inner-blocks stk-013ca54-inner-blocks\">\n<p>Es gibt 4 verschiedene M\u00fcll<strong>\u00b7<\/strong>tonnen:<\/p>\n\n\n\n<ul class=\"wp-block-list\">\n<li><strong>Rest\u00b7m\u00fcll<\/strong><br>Zum Beispiel<br>        \u2014 Taschen<strong>\u00b7<\/strong>t\u00fccher<br>        \u2014 Pampers.<\/li>\n<\/ul>\n<\/div><\/div><\/div>\n\n\n\n<div class=\"wp-block-stackable-column stk-block-column stk-block-column--v3 stk-column stk-block-column--v2 stk-block stk-2064181\" data-block-id=\"2064181\"><style>@media screen and (min-width:901px){.stk-2064181{flex:1 1 calc(57% - var(--stk-column-gap,0px) * 1 \/ 2 ) !important}}<\/style><div class=\"stk-column-wrapper stk-block-column__content stk-container stk-2064181-container stk--no-background stk--no-padding\"><div class=\"stk-block-content stk-inner-blocks stk-2064181-inner-blocks\">\n<figure class=\"wp-block-image size-thumbnail is-resized\"><img decoding=\"async\" src=\"https:\/\/www.anika-net.de\/wp-content\/uploads\/2023\/04\/Restmuelltonne_Gartenstadt_5.svg\" alt class=\"wp-image-37437\" width=\"90\"><\/figure>\n<\/div><\/div><\/div>\n<\/div><\/div>\n\n\n\n<div class=\"wp-block-stackable-columns stk-block-columns stk-block stk-99b3ad0\" data-block-id=\"99b3ad0\"><div class=\"stk-row stk-inner-blocks stk-block-content stk-content-align stk-99b3ad0-column\">\n<div class=\"wp-block-stackable-column stk-block-column stk-block-column--v3 stk-column stk-block-column--v2 stk-block stk-b4c5182\" data-block-id=\"b4c5182\"><style>@media screen and (min-width:901px){.stk-b4c5182{flex:1 1 calc(43% - var(--stk-column-gap,0px) * 1 \/ 2 ) !important}}<\/style><div class=\"stk-column-wrapper stk-block-column__content stk-container stk-b4c5182-container stk--no-background stk--no-padding\"><div class=\"stk-block-content stk-inner-blocks stk-b4c5182-inner-blocks\">\n<ul class=\"wp-block-list\">\n<li><strong>Wert\u00b7stoff<\/strong><br>Zum Beispiel<br>        \u2014 Verpackungen aus Plastik<br>        \u2014 Alu<strong>\u00b7<\/strong>folie<br>        \u2014&nbsp;Dosen.<\/li>\n<\/ul>\n<\/div><\/div><\/div>\n\n\n\n<div class=\"wp-block-stackable-column stk-block-column stk-block-column--v3 stk-column stk-block-column--v2 stk-block stk-eb36926\" data-block-id=\"eb36926\"><style>@media screen and (min-width:901px){.stk-eb36926{flex:1 1 calc(57% - var(--stk-column-gap,0px) * 1 \/ 2 ) !important}}<\/style><div class=\"stk-column-wrapper stk-block-column__content stk-container stk-eb36926-container stk--no-background stk--no-padding\"><div class=\"stk-block-content stk-inner-blocks stk-eb36926-inner-blocks\">\n<figure class=\"wp-block-image size-thumbnail is-resized\"><img decoding=\"async\" src=\"https:\/\/www.anika-net.de\/wp-content\/uploads\/2023\/04\/Wertstofftonne_Gartenstadt_5.svg\" alt class=\"wp-image-37454\" width=\"90\"><\/figure>\n<\/div><\/div><\/div>\n<\/div><\/div>\n\n\n\n<div class=\"wp-block-stackable-columns stk-block-columns stk-block stk-70ddb96\" data-block-id=\"70ddb96\"><div class=\"stk-row stk-inner-blocks stk-block-content stk-content-align stk-70ddb96-column\">\n<div class=\"wp-block-stackable-column stk-block-column stk-block-column--v3 stk-column stk-block-column--v2 stk-block stk-bb943bb\" data-block-id=\"bb943bb\"><style>@media screen and (min-width:901px){.stk-bb943bb{flex:1 1 calc(43% - var(--stk-column-gap,0px) * 1 \/ 2 ) !important}}<\/style><div class=\"stk-column-wrapper stk-block-column__content stk-container stk-bb943bb-container stk--no-background stk--no-padding\"><div class=\"stk-block-content stk-inner-blocks stk-bb943bb-inner-blocks\">\n<ul class=\"wp-block-list\">\n<li><strong>Bio\u00b7m\u00fcll<\/strong><br>Zum Beispiel<br>        \u2014 Tee<strong>\u00b7<\/strong>beutel<br>        \u2014 Reste von&nbsp;Essen<br><\/li>\n<\/ul>\n<\/div><\/div><\/div>\n\n\n\n<div class=\"wp-block-stackable-column stk-block-column stk-block-column--v3 stk-column stk-block-column--v2 stk-block stk-bea68a5\" data-block-id=\"bea68a5\"><style>@media screen and (min-width:901px){.stk-bea68a5{flex:1 1 calc(57% - var(--stk-column-gap,0px) * 1 \/ 2 ) !important}}<\/style><div class=\"stk-column-wrapper stk-block-column__content stk-container stk-bea68a5-container stk--no-background stk--no-padding\"><div class=\"stk-block-content stk-inner-blocks stk-bea68a5-inner-blocks\">\n<figure class=\"wp-block-image size-thumbnail is-resized\"><img decoding=\"async\" src=\"https:\/\/www.anika-net.de\/wp-content\/uploads\/2023\/04\/Biotonne_Gartenstadt_5.svg\" alt class=\"wp-image-37484\" width=\"90\"><\/figure>\n<\/div><\/div><\/div>\n<\/div><\/div>\n\n\n\n<div class=\"wp-block-stackable-columns stk-block-columns stk-block stk-358decb\" data-block-id=\"358decb\"><div class=\"stk-row stk-inner-blocks stk-block-content stk-content-align stk-358decb-column\">\n<div class=\"wp-block-stackable-column stk-block-column stk-block-column--v3 stk-column stk-block-column--v2 stk-block stk-429a406\" data-block-id=\"429a406\"><style>@media screen and (min-width:901px){.stk-429a406{flex:1 1 calc(43% - var(--stk-column-gap,0px) * 1 \/ 2 ) !important}}<\/style><div class=\"stk-column-wrapper stk-block-column__content stk-container stk-429a406-container stk--no-background stk--no-padding\"><div class=\"stk-block-content stk-inner-blocks stk-429a406-inner-blocks\">\n<ul class=\"wp-block-list\">\n<li><strong>Papier\u00b7m\u00fcll<\/strong><br>Zum Beispiel<br>        \u2014 Papier<br>        \u2014 Karton<br>        \u2014 Zeitungen.<\/li>\n<\/ul>\n<\/div><\/div><\/div>\n\n\n\n<div class=\"wp-block-stackable-column stk-block-column stk-block-column--v3 stk-column stk-block-column--v2 stk-block stk-801cf54\" data-block-id=\"801cf54\"><style>@media screen and (min-width:901px){.stk-801cf54{flex:1 1 calc(57% - var(--stk-column-gap,0px) * 1 \/ 2 ) !important}}<\/style><div class=\"stk-column-wrapper stk-block-column__content stk-container stk-801cf54-container stk--no-background stk--no-padding\"><div class=\"stk-block-content stk-inner-blocks stk-801cf54-inner-blocks\">\n<figure class=\"wp-block-image size-thumbnail is-resized\"><img decoding=\"async\" src=\"https:\/\/www.anika-net.de\/wp-content\/uploads\/2023\/04\/Papiertonne_Gartenstadt_5.svg\" alt class=\"wp-image-37501\" width=\"90\"><\/figure>\n<\/div><\/div><\/div>\n<\/div><\/div>\n\n\n\n<p>Manche Dinge kommen <strong>nicht<\/strong><br>in diese M\u00fcll<strong>\u00b7<\/strong>tonnen.<br>Zum Beispiel<\/p>\n\n\n\n<ul class=\"wp-block-list\">\n<li>Batterien<\/li>\n\n\n\n<li>Glas<\/li>\n\n\n\n<li>Kleidung und Stoffe<\/li>\n\n\n\n<li>Holz<\/li>\n\n\n\n<li>Gras.<\/li>\n<\/ul>\n\n\n\n<p>Daf\u00fcr gibt es Container in der ganzen Stadt.<\/p>\n\n\n\n<div class=\"wp-block-stackable-columns stk-block-columns stk-block stk-5e3a5ea\" data-block-id=\"5e3a5ea\"><div class=\"stk-row stk-inner-blocks stk-block-content stk-content-align stk-5e3a5ea-column\">\n<div class=\"wp-block-stackable-column stk-block-column stk-block-column--v3 stk-column stk-block-column--v2 stk-block stk-805cb0c\" data-block-id=\"805cb0c\"><style>@media screen and (min-width:901px){.stk-805cb0c{flex:1 1 calc(43% - var(--stk-column-gap,0px) * 1 \/ 2 ) !important}}<\/style><div class=\"stk-column-wrapper stk-block-column__content stk-container stk-805cb0c-container stk--no-background stk--no-padding\"><div class=\"stk-block-content stk-inner-blocks stk-805cb0c-inner-blocks\">\n<p><strong>Schad\u00b7stoffe<\/strong> darf man <strong>nicht<\/strong> in den M\u00fcll werfen.<br>Zum Beispiel:<br>        \u2014 Farbe<br>        \u2014 \u00d6l<br>        \u2014 Putz<strong>\u00b7<\/strong>mittel.<\/p>\n<\/div><\/div><\/div>\n\n\n\n<div class=\"wp-block-stackable-column stk-block-column stk-block-column--v3 stk-column stk-block-column--v2 stk-block stk-15cae40\" data-block-id=\"15cae40\"><style>@media screen and (min-width:901px){.stk-15cae40{flex:1 1 calc(57% - var(--stk-column-gap,0px) * 1 \/ 2 ) !important}}<\/style><div class=\"stk-column-wrapper stk-block-column__content stk-container stk-15cae40-container stk--no-background stk--no-padding\"><div class=\"stk-block-content stk-inner-blocks stk-15cae40-inner-blocks\">\n<figure class=\"wp-block-image size-thumbnail is-resized\"><img decoding=\"async\" src=\"https:\/\/www.anika-net.de\/wp-content\/uploads\/2023\/04\/851-Keine_Schadstoffe.svg\" alt class=\"wp-image-37520\" width=\"100\"><\/figure>\n<\/div><\/div><\/div>\n<\/div><\/div>\n\n\n\n<div class=\"wp-block-stackable-columns stk-block-columns stk-block stk-d2dd2f6\" data-block-id=\"d2dd2f6\"><div class=\"stk-row stk-inner-blocks stk-block-content stk-content-align stk-d2dd2f6-column\">\n<div class=\"wp-block-stackable-column stk-block-column stk-block-column--v3 stk-column stk-block-column--v2 stk-block stk-8bc2a3b\" data-block-id=\"8bc2a3b\"><style>@media screen and (min-width:901px){.stk-8bc2a3b{flex:1 1 calc(43% - var(--stk-column-gap,0px) * 1 \/ 2 ) !important}}<\/style><div class=\"stk-column-wrapper stk-block-column__content stk-container stk-8bc2a3b-container stk--no-background stk--no-padding\"><div class=\"stk-block-content stk-inner-blocks stk-8bc2a3b-inner-blocks\">\n<p>Sie k\u00f6nnen Schad<strong>\u00b7<\/strong>stoffe bei einem<br><strong>Schad\u00b7stoff\u00b7mobil<\/strong> abgeben.<br>Ein Schad<strong>\u00b7<\/strong>stoff<strong>\u00b7<\/strong>mobil ist ein Fahrzeug.<br>Das Fahrzeug holt die Schad<strong>\u00b7<\/strong>stoffe ab.<br>Es kommt an bestimmten Tagen in Ihren Ort.<br>Sie k\u00f6nnen Schad<strong>\u00b7<\/strong>stoffe auch<br>zu einer Stelle f\u00fcr Schad<strong>\u00b7<\/strong>stoffe bringen.<\/p>\n<\/div><\/div><\/div>\n\n\n\n<div class=\"wp-block-stackable-column stk-block-column stk-block-column--v3 stk-column stk-block-column--v2 stk-block stk-f3a8f5f\" data-block-id=\"f3a8f5f\"><style>@media screen and (min-width:901px){.stk-f3a8f5f{flex:1 1 calc(57% - var(--stk-column-gap,0px) * 1 \/ 2 ) !important}}<\/style><div class=\"stk-column-wrapper stk-block-column__content stk-container stk-f3a8f5f-container stk--no-background stk--no-padding\"><div class=\"stk-block-content stk-inner-blocks stk-f3a8f5f-inner-blocks\">\n<figure class=\"wp-block-image size-thumbnail is-resized\"><img decoding=\"async\" src=\"https:\/\/www.anika-net.de\/wp-content\/uploads\/2023\/04\/Schadstoffmobil.svg\" alt class=\"wp-image-37539\" width=\"130\"><\/figure>\n<\/div><\/div><\/div>\n<\/div><\/div>\n\n\n\n<p><strong>                         Adressen:<\/strong><\/p>\n\n\n\n<div class=\"wp-block-stackable-columns stk-block-columns stk-block stk-e024c75\" data-block-id=\"e024c75\"><div class=\"stk-row stk-inner-blocks stk-block-content stk-content-align stk-e024c75-column\">\n<div class=\"wp-block-stackable-column stk-block-column stk-block-column--v3 stk-column stk-block-column--v2 stk-block stk-7914738\" data-block-id=\"7914738\"><style>@media screen and (min-width:901px){.stk-7914738{flex:1 1 calc(12.999999999999995% - var(--stk-column-gap,0px) * 1 \/ 2 ) !important}}<\/style><div class=\"stk-column-wrapper stk-block-column__content stk-container stk-7914738-container stk--no-background stk--no-padding\"><div class=\"stk-block-content stk-inner-blocks stk-7914738-inner-blocks\">\n<figure class=\"wp-block-image size-thumbnail is-resized\"><img decoding=\"async\" src=\"https:\/\/www.anika-net.de\/wp-content\/uploads\/2023\/04\/789-Post.svg\" alt class=\"wp-image-36868\" width=\"70\"><\/figure>\n<\/div><\/div><\/div>\n\n\n\n<div class=\"wp-block-stackable-column stk-block-column stk-block-column--v3 stk-column stk-block-column--v2 stk-block stk-e4bb87f\" data-block-id=\"e4bb87f\"><style>@media screen and (min-width:901px){.stk-e4bb87f{flex:1 1 calc(87% - var(--stk-column-gap,0px) * 1 \/ 2 ) !important}}<\/style><div class=\"stk-column-wrapper stk-block-column__content stk-container stk-e4bb87f-container stk--no-background stk--no-padding\"><div class=\"stk-block-content stk-inner-blocks stk-e4bb87f-inner-blocks\">\n<p>Stelle f\u00fcr Schad<strong>\u00b7<\/strong>stoffe<br>Maybachstra\u00dfe 10&nbsp;a<\/p>\n<\/div><\/div><\/div>\n<\/div><\/div>\n\n\n\n<div class=\"wp-block-stackable-columns stk-block-columns stk-block stk-d97cbf3\" data-block-id=\"d97cbf3\"><div class=\"stk-row stk-inner-blocks stk-block-content stk-content-align stk-d97cbf3-column\">\n<div class=\"wp-block-stackable-column stk-block-column stk-block-column--v3 stk-column stk-block-column--v2 stk-block stk-77b9443\" data-block-id=\"77b9443\"><style>@media screen and (min-width:901px){.stk-77b9443{flex:1 1 calc(13% - var(--stk-column-gap,0px) * 1 \/ 2 ) !important}}<\/style><div class=\"stk-column-wrapper stk-block-column__content stk-container stk-77b9443-container stk--no-background stk--no-padding\"><div class=\"stk-block-content stk-inner-blocks stk-77b9443-inner-blocks\"><\/div><\/div><\/div>\n\n\n\n<div class=\"wp-block-stackable-column stk-block-column stk-block-column--v3 stk-column stk-block-column--v2 stk-block stk-50e2c37\" data-block-id=\"50e2c37\"><style>@media screen and (min-width:901px){.stk-50e2c37{flex:1 1 calc(87% - var(--stk-column-gap,0px) * 1 \/ 2 ) !important}}<\/style><div class=\"stk-column-wrapper stk-block-column__content stk-container stk-50e2c37-container stk--no-background stk--no-padding\"><div class=\"stk-block-content stk-inner-blocks stk-50e2c37-inner-blocks\">\n<p><strong>\u00d6ffnungs\u00b7zeiten:<\/strong><br>Dienstag bis Freitag: &nbsp;9:00 Uhr bis 17:00 Uhr<br>Samstag: &nbsp;&nbsp;&nbsp;&nbsp;&nbsp;&nbsp;&nbsp;&nbsp;&nbsp;&nbsp;&nbsp;&nbsp;&nbsp;&nbsp;&nbsp;&nbsp;&nbsp;&nbsp;&nbsp;8:30 Uhr bis 17:00&nbsp;Uhr<\/p>\n<\/div><\/div><\/div>\n<\/div><\/div>\n\n\n\n<p>                        <strong>Oder<\/strong><\/p>\n\n\n\n<div class=\"wp-block-stackable-columns stk-block-columns stk-block stk-1dd9028\" data-block-id=\"1dd9028\"><div class=\"stk-row stk-inner-blocks stk-block-content stk-content-align stk-1dd9028-column\">\n<div class=\"wp-block-stackable-column stk-block-column stk-block-column--v3 stk-column stk-block-column--v2 stk-block stk-f19777e\" data-block-id=\"f19777e\"><style>@media screen and (min-width:901px){.stk-f19777e{flex:1 1 calc(13% - var(--stk-column-gap,0px) * 1 \/ 2 ) !important}}<\/style><div class=\"stk-column-wrapper stk-block-column__content stk-container stk-f19777e-container stk--no-background stk--no-padding\"><div class=\"stk-block-content stk-inner-blocks stk-f19777e-inner-blocks\">\n<figure class=\"wp-block-image size-large is-resized\"><img decoding=\"async\" src=\"https:\/\/www.anika-net.de\/wp-content\/uploads\/2023\/04\/789-Post.svg\" alt class=\"wp-image-36868\" width=\"70\"><\/figure>\n<\/div><\/div><\/div>\n\n\n\n<div class=\"wp-block-stackable-column stk-block-column stk-block-column--v3 stk-column stk-block-column--v2 stk-block stk-5536c00\" data-block-id=\"5536c00\"><style>@media screen and (min-width:901px){.stk-5536c00{flex:1 1 calc(87% - var(--stk-column-gap,0px) * 1 \/ 2 ) !important}}<\/style><div class=\"stk-column-wrapper stk-block-column__content stk-container stk-5536c00-container stk--no-background stk--no-padding\"><div class=\"stk-block-content stk-inner-blocks stk-5536c00-inner-blocks\">\n<p>Stelle f\u00fcr Schad<strong>\u00b7<\/strong>stoffe<br>Nordbeckenstra\u00dfe 1<br><br><strong>\u00d6ffnungs\u00b7zeiten:<\/strong><br>Dienstag bis Freitag: &nbsp;9:00 Uhr bis 17:00 Uhr<br>Samstag: &nbsp;&nbsp;&nbsp;&nbsp;&nbsp;&nbsp;&nbsp;&nbsp;&nbsp;&nbsp;&nbsp;&nbsp;&nbsp;&nbsp;&nbsp;&nbsp;&nbsp;&nbsp;&nbsp;8:30 Uhr bis 17:00&nbsp;Uhr<\/p>\n<\/div><\/div><\/div>\n<\/div><\/div>\n\n\n\n<div class=\"wp-block-stackable-columns stk-block-columns stk-block stk-c6f8c42\" data-block-id=\"c6f8c42\"><div class=\"stk-row stk-inner-blocks stk-block-content stk-content-align stk-c6f8c42-column\">\n<div class=\"wp-block-stackable-column stk-block-column stk-block-column--v3 stk-column stk-block-column--v2 stk-block stk-cd06032\" data-block-id=\"cd06032\"><style>@media screen and (min-width:901px){.stk-cd06032{flex:1 1 calc(13% - var(--stk-column-gap,0px) * 1 \/ 2 ) !important}}<\/style><div class=\"stk-column-wrapper stk-block-column__content stk-container stk-cd06032-container stk--no-background stk--no-padding\"><div class=\"stk-block-content stk-inner-blocks stk-cd06032-inner-blocks\">\n<figure class=\"wp-block-image size-thumbnail is-resized\"><img decoding=\"async\" src=\"https:\/\/www.anika-net.de\/wp-content\/uploads\/2023\/04\/800-Internet.svg\" alt class=\"wp-image-36849\" width=\"90\"><\/figure>\n<\/div><\/div><\/div>\n\n\n\n<div class=\"wp-block-stackable-column stk-block-column stk-block-column--v3 stk-column stk-block-column--v2 stk-block stk-c3a4333\" data-block-id=\"c3a4333\"><style>@media screen and (min-width:901px){.stk-c3a4333{flex:1 1 calc(87% - var(--stk-column-gap,0px) * 1 \/ 2 ) !important}}<\/style><div class=\"stk-column-wrapper stk-block-column__content stk-container stk-c3a4333-container stk--no-background stk--no-padding\"><div class=\"stk-block-content stk-inner-blocks stk-c3a4333-inner-blocks\">\n<p>Hier finden Sie mehr Informationen:<br><a href=\"http:\/\/www.karlsruhe.de\/abfall\" rel=\"noopener\">www.karlsruhe.de\/abfall<\/a><\/p>\n<\/div><\/div><\/div>\n<\/div><\/div>\n","protected":false},"excerpt":{"rendered":"<p>In Deutschland m\u00fcssen Sie Ihren M\u00fcll trennen. Es gibt 4 verschiedene M\u00fcll\u00b7tonnen: Manche Dinge kommen nichtin diese M\u00fcll\u00b7tonnen.Zum Beispiel Daf\u00fcr gibt es Container in der ganzen Stadt. Schad\u00b7stoffe darf man&nbsp;<a class=\"moretag\" href=\"https:\/\/www.anika-net.de\/deer\/erste-schritte\/wohnen\/muelltrennung\/\">mehr<\/a><\/p>\n","protected":false},"author":1,"featured_media":0,"parent":36495,"menu_order":50,"comment_status":"closed","ping_status":"closed","template":"","meta":{"_acf_changed":false,"inline_featured_image":false,"_uag_custom_page_level_css":"","wp_typography_post_enhancements_disabled":false,"footnotes":""},"class_list":["post-36513","page","type-page","status-publish","hentry"],"acf":[],"featured_image_urls_v2":{"full":"","thumbnail":"","medium":"","medium_large":"","large":"","1536x1536":"","2048x2048":"","event-overview":"","event-archive-thumb":"","grid-item-thumbnail":"","network-partner-icon":"","organiser-icon":"","gform-image-choice-sm":"","gform-image-choice-md":"","gform-image-choice-lg":""},"post_excerpt_stackable_v2":"<p>In Deutschland m\u00fcssen Sie Ihren M\u00fcll trennen. Es gibt 4 verschiedene M\u00fcll\u00b7tonnen: Rest\u00b7m\u00fcllZum Beispiel \u2014 Taschen\u00b7t\u00fccher \u2014 Pampers. Wert\u00b7stoffZum Beispiel \u2014 Verpackungen aus Plastik \u2014 Alu\u00b7folie \u2014&nbsp;Dosen. Bio\u00b7m\u00fcllZum Beispiel \u2014 Tee\u00b7beutel \u2014 Reste von&nbsp;Essen Papier\u00b7m\u00fcllZum Beispiel \u2014 Papier \u2014 Karton \u2014 Zeitungen. Manche Dinge kommen nichtin diese M\u00fcll\u00b7tonnen.Zum Beispiel Batterien Glas Kleidung und Stoffe Holz Gras. Daf\u00fcr gibt es Container in der ganzen Stadt. Schad\u00b7stoffe darf man nicht in den M\u00fcll werfen.Zum Beispiel: \u2014 Farbe \u2014 \u00d6l \u2014 Putz\u00b7mittel. Sie k\u00f6nnen Schad\u00b7stoffe bei einemSchad\u00b7stoff\u00b7mobil abgeben.Ein Schad\u00b7stoff\u00b7mobil ist ein Fahrzeug.Das Fahrzeug holt die Schad\u00b7stoffe ab.Es kommt an bestimmten Tagen in&nbsp;Ihren\u2026<\/p>\n","category_list_v2":"","author_info_v2":{"name":"saasweb-admin","url":"https:\/\/www.anika-net.de\/deer\/author\/saasweb-admin\/"},"comments_num_v2":"0 comments","uagb_featured_image_src":{"full":false,"thumbnail":false,"medium":false,"medium_large":false,"large":false,"1536x1536":false,"2048x2048":false,"event-overview":false,"event-archive-thumb":false,"grid-item-thumbnail":false,"network-partner-icon":false,"organiser-icon":false,"gform-image-choice-sm":false,"gform-image-choice-md":false,"gform-image-choice-lg":false},"uagb_author_info":{"display_name":"saasweb-admin","author_link":"https:\/\/www.anika-net.de\/deer\/author\/saasweb-admin\/"},"uagb_comment_info":0,"uagb_excerpt":"In Deutschland m\u00fcssen Sie Ihren M\u00fcll trennen. Es gibt 4 verschiedene M\u00fcll\u00b7tonnen: Manche Dinge kommen nichtin diese M\u00fcll\u00b7tonnen.Zum Beispiel Daf\u00fcr gibt es Container in der ganzen Stadt. Schad\u00b7stoffe darf man&nbsp;mehr","_links":{"self":[{"href":"https:\/\/www.anika-net.de\/deer\/wp-json\/wp\/v2\/pages\/36513","targetHints":{"allow":["GET"]}}],"collection":[{"href":"https:\/\/www.anika-net.de\/deer\/wp-json\/wp\/v2\/pages"}],"about":[{"href":"https:\/\/www.anika-net.de\/deer\/wp-json\/wp\/v2\/types\/page"}],"author":[{"embeddable":true,"href":"https:\/\/www.anika-net.de\/deer\/wp-json\/wp\/v2\/users\/1"}],"replies":[{"embeddable":true,"href":"https:\/\/www.anika-net.de\/deer\/wp-json\/wp\/v2\/comments?post=36513"}],"version-history":[{"count":0,"href":"https:\/\/www.anika-net.de\/deer\/wp-json\/wp\/v2\/pages\/36513\/revisions"}],"up":[{"embeddable":true,"href":"https:\/\/www.anika-net.de\/deer\/wp-json\/wp\/v2\/pages\/36495"}],"wp:attachment":[{"href":"https:\/\/www.anika-net.de\/deer\/wp-json\/wp\/v2\/media?parent=36513"}],"curies":[{"name":"wp","href":"https:\/\/api.w.org\/{rel}","templated":true}]}}