{"id":36507,"date":"2023-04-20T16:39:12","date_gmt":"2023-04-20T14:39:12","guid":{"rendered":"https:\/\/www.anika-net.de\/?page_id=36507"},"modified":"2023-04-28T17:35:08","modified_gmt":"2023-04-28T15:35:08","slug":"wohngeld","status":"publish","type":"page","link":"https:\/\/www.anika-net.de\/deer\/erste-schritte\/wohnen\/wohngeld\/","title":{"rendered":"Wohn\u00b7geld"},"content":{"rendered":"\n<div class=\"wp-block-stackable-columns stk-block-columns stk-block stk-66c0c5e\" data-block-id=\"66c0c5e\"><div class=\"stk-row stk-inner-blocks stk-block-content stk-content-align stk-66c0c5e-column\">\n<div class=\"wp-block-stackable-column stk-block-column stk-block-column--v3 stk-column stk-block-column--v2 stk-block stk-1c51e3d\" data-block-id=\"1c51e3d\"><style>@media screen and (min-width:901px){.stk-1c51e3d{flex:1 1 calc(42.7% - var(--stk-column-gap,0px) * 1 \/ 2 ) !important}}<\/style><div class=\"stk-column-wrapper stk-block-column__content stk-container stk-1c51e3d-container stk--no-background stk--no-padding\"><div class=\"stk-block-content stk-inner-blocks stk-1c51e3d-inner-blocks\">\n<p>Wenn Sie wenig Geld verdienen,<br>k\u00f6nnen Sie auch <strong>Wohn\u00b7geld<\/strong> bekommen.<br>Sie m\u00fcssen einen Antrag stellen.<\/p>\n<\/div><\/div><\/div>\n\n\n\n<div class=\"wp-block-stackable-column stk-block-column stk-block-column--v3 stk-column stk-block-column--v2 stk-block stk-b1979a4\" data-block-id=\"b1979a4\"><style>@media screen and (min-width:901px){.stk-b1979a4{flex:1 1 calc(57.3% - var(--stk-column-gap,0px) * 1 \/ 2 ) !important}}<\/style><div class=\"stk-column-wrapper stk-block-column__content stk-container stk-b1979a4-container stk--no-background stk--no-padding\"><div class=\"stk-block-content stk-inner-blocks stk-b1979a4-inner-blocks\">\n<figure class=\"wp-block-image size-thumbnail is-resized\"><img decoding=\"async\" src=\"https:\/\/www.anika-net.de\/wp-content\/uploads\/2023\/04\/235-Miete_zahlen.svg\" alt class=\"wp-image-37179\" width=\"250\"><\/figure>\n<\/div><\/div><\/div>\n<\/div><\/div>\n\n\n\n<p><strong>Sie m\u00fcssen f\u00fcr das Wohn\u00b7geld mitbringen:<\/strong><\/p>\n\n\n\n<ul class=\"wp-block-list\">\n<li>Reise<strong>\u00b7<\/strong>pass oder Personal<strong>\u00b7<\/strong>ausweis<\/li>\n\n\n\n<li>Einen Nachweis \u00fcber das Einkommen<br>von allen Personen in Ihrem Haushalt<\/li>\n\n\n\n<li>Einen Nachweis \u00fcber die Miete.<br>Zum Beispiel:<br>Ihren Miet<strong>\u00b7<\/strong>vertrag.<\/li>\n<\/ul>\n\n\n\n<p><strong>Bitte machen Sie vorher einen Termin<\/strong><\/p>\n\n\n\n<div class=\"wp-block-stackable-columns stk-block-columns stk-block stk-35dabf9\" data-block-id=\"35dabf9\"><div class=\"stk-row stk-inner-blocks stk-block-content stk-content-align stk-35dabf9-column\">\n<div class=\"wp-block-stackable-column stk-block-column stk-block-column--v3 stk-column stk-block-column--v2 stk-block stk-10780a8\" data-block-id=\"10780a8\"><style>@media screen and (min-width:901px){.stk-10780a8{flex:1 1 calc(12.3% - var(--stk-column-gap,0px) * 1 \/ 2 ) !important}}<\/style><div class=\"stk-column-wrapper stk-block-column__content stk-container stk-10780a8-container stk--no-background stk--no-padding\"><div class=\"stk-block-content stk-inner-blocks stk-10780a8-inner-blocks\">\n<figure class=\"wp-block-image size-thumbnail is-resized\"><img decoding=\"async\" src=\"https:\/\/www.anika-net.de\/wp-content\/uploads\/2023\/04\/681-Telefon_neu_um.svg\" alt class=\"wp-image-36828\" width=\"40\"><\/figure>\n<\/div><\/div><\/div>\n\n\n\n<div class=\"wp-block-stackable-column stk-block-column stk-block-column--v3 stk-column stk-block-column--v2 stk-block stk-32e59a7\" data-block-id=\"32e59a7\"><style>@media screen and (min-width:901px){.stk-32e59a7{flex:1 1 calc(87.7% - var(--stk-column-gap,0px) * 1 \/ 2 ) !important}}<\/style><div class=\"stk-column-wrapper stk-block-column__content stk-container stk-32e59a7-container stk--no-background stk--no-padding\"><div class=\"stk-block-content stk-inner-blocks stk-32e59a7-inner-blocks\">\n<p><strong>Telefon:<\/strong> 0721 \u2013 13 36 47&nbsp;0<\/p>\n<\/div><\/div><\/div>\n<\/div><\/div>\n\n\n\n<div class=\"wp-block-stackable-columns stk-block-columns stk-block stk-25f17d0\" data-block-id=\"25f17d0\"><div class=\"stk-row stk-inner-blocks stk-block-content stk-content-align stk-25f17d0-column\">\n<div class=\"wp-block-stackable-column stk-block-column stk-block-column--v3 stk-column stk-block-column--v2 stk-block stk-1927f94\" data-block-id=\"1927f94\"><style>@media screen and (min-width:901px){.stk-1927f94{flex:1 1 calc(12.3% - var(--stk-column-gap,0px) * 1 \/ 2 ) !important}}<\/style><div class=\"stk-column-wrapper stk-block-column__content stk-container stk-1927f94-container stk--no-background stk--no-padding\"><div class=\"stk-block-content stk-inner-blocks stk-1927f94-inner-blocks\">\n<figure class=\"wp-block-image size-thumbnail is-resized\"><img decoding=\"async\" src=\"https:\/\/www.anika-net.de\/wp-content\/uploads\/2023\/04\/789-Post.svg\" alt class=\"wp-image-36868\" width=\"60\"><\/figure>\n<\/div><\/div><\/div>\n\n\n\n<div class=\"wp-block-stackable-column stk-block-column stk-block-column--v3 stk-column stk-block-column--v2 stk-block stk-cea6be8\" data-block-id=\"cea6be8\"><style>@media screen and (min-width:901px){.stk-cea6be8{flex:1 1 calc(87.7% - var(--stk-column-gap,0px) * 1 \/ 2 ) !important}}<\/style><div class=\"stk-column-wrapper stk-block-column__content stk-container stk-cea6be8-container stk--no-background stk--no-padding\"><div class=\"stk-block-content stk-inner-blocks stk-cea6be8-inner-blocks\">\n<p><strong>Adresse<\/strong><br>Liegenschafts<strong>\u00b7<\/strong>amt <br>Wohngeld<br>Lammstra\u00dfe 7a<br>76133 Karlsruhe<br>2. Stock<\/p>\n<\/div><\/div><\/div>\n<\/div><\/div>\n\n\n\n<p>Sie bekommen dort ein Dokument.<br>Darih steht:<\/p>\n\n\n\n<ul class=\"wp-block-list\">\n<li>Sie bekommen Wohn<strong>\u00b7<\/strong>geld.<br>oder<\/li>\n\n\n\n<li>Sie bekommen <strong>kein<\/strong> Wohn<strong>\u00b7<\/strong>geld.<\/li>\n<\/ul>\n\n\n\n<div class=\"wp-block-stackable-columns stk-block-columns stk-block stk-5e4c109\" data-block-id=\"5e4c109\"><div class=\"stk-row stk-inner-blocks stk-block-content stk-content-align stk-5e4c109-column\">\n<div class=\"wp-block-stackable-column stk-block-column stk-block-column--v3 stk-column stk-block-column--v2 stk-block stk-2e203cd\" data-block-id=\"2e203cd\"><style>@media screen and (min-width:901px){.stk-2e203cd{flex:1 1 calc(43% - var(--stk-column-gap,0px) * 1 \/ 2 ) !important}}<\/style><div class=\"stk-column-wrapper stk-block-column__content stk-container stk-2e203cd-container stk--no-background stk--no-padding\"><div class=\"stk-block-content stk-inner-blocks stk-2e203cd-inner-blocks\">\n<p>Das ist ein wichtiges Dokument.<br>Bitte werfen Sie das Dokument <strong>nicht <\/strong>weg.<\/p>\n<\/div><\/div><\/div>\n\n\n\n<div class=\"wp-block-stackable-column stk-block-column stk-block-column--v3 stk-column stk-block-column--v2 stk-block stk-a163428\" data-block-id=\"a163428\"><style>@media screen and (min-width:901px){.stk-a163428{flex:1 1 calc(57% - var(--stk-column-gap,0px) * 1 \/ 2 ) !important}}<\/style><div class=\"stk-column-wrapper stk-block-column__content stk-container stk-a163428-container stk--no-background stk--no-padding\"><div class=\"stk-block-content stk-inner-blocks stk-a163428-inner-blocks\">\n<figure class=\"wp-block-image size-thumbnail is-resized\"><img decoding=\"async\" src=\"https:\/\/www.anika-net.de\/wp-content\/uploads\/2023\/04\/780-Archiv.svg\" alt class=\"wp-image-37197\" width=\"100\"><\/figure>\n<\/div><\/div><\/div>\n<\/div><\/div>\n","protected":false},"excerpt":{"rendered":"<p>Wenn Sie wenig Geld verdienen,k\u00f6nnen Sie auch Wohn\u00b7geld bekommen.Sie m\u00fcssen einen Antrag stellen. Sie m\u00fcssen f\u00fcr das Wohn\u00b7geld mitbringen: Bitte machen Sie vorher einen Termin Telefon: 0721 \u2013 13 36&nbsp;<a class=\"moretag\" href=\"https:\/\/www.anika-net.de\/deer\/erste-schritte\/wohnen\/wohngeld\/\">mehr<\/a><\/p>\n","protected":false},"author":1,"featured_media":0,"parent":36495,"menu_order":30,"comment_status":"closed","ping_status":"closed","template":"","meta":{"_acf_changed":false,"inline_featured_image":false,"_uag_custom_page_level_css":"","wp_typography_post_enhancements_disabled":false,"footnotes":""},"class_list":["post-36507","page","type-page","status-publish","hentry"],"acf":[],"featured_image_urls_v2":{"full":"","thumbnail":"","medium":"","medium_large":"","large":"","1536x1536":"","2048x2048":"","event-overview":"","event-archive-thumb":"","grid-item-thumbnail":"","network-partner-icon":"","organiser-icon":"","gform-image-choice-sm":"","gform-image-choice-md":"","gform-image-choice-lg":""},"post_excerpt_stackable_v2":"<p>Wenn Sie wenig Geld verdienen,k\u00f6nnen Sie auch Wohn\u00b7geld bekommen.Sie m\u00fcssen einen Antrag stellen. Sie m\u00fcssen f\u00fcr das Wohn\u00b7geld mitbringen: Reise\u00b7pass oder Personal\u00b7ausweis Einen Nachweis \u00fcber das Einkommenvon allen Personen in Ihrem Haushalt Einen Nachweis \u00fcber die Miete.Zum Beispiel:Ihren Miet\u00b7vertrag. Bitte machen Sie vorher einen Termin Telefon: 0721 \u2013 13 36 47&nbsp;0 AdresseLiegenschafts\u00b7amt WohngeldLammstra\u00dfe 7a76133 Karlsruhe2. Stock Sie bekommen dort ein Dokument.Darih steht: Sie bekommen Wohn\u00b7geld.oder Sie bekommen kein Wohn\u00b7geld. Das ist ein wichtiges Dokument.Bitte werfen Sie das Dokument nicht&nbsp;weg.<\/p>\n","category_list_v2":"","author_info_v2":{"name":"saasweb-admin","url":"https:\/\/www.anika-net.de\/deer\/author\/saasweb-admin\/"},"comments_num_v2":"0 comments","uagb_featured_image_src":{"full":false,"thumbnail":false,"medium":false,"medium_large":false,"large":false,"1536x1536":false,"2048x2048":false,"event-overview":false,"event-archive-thumb":false,"grid-item-thumbnail":false,"network-partner-icon":false,"organiser-icon":false,"gform-image-choice-sm":false,"gform-image-choice-md":false,"gform-image-choice-lg":false},"uagb_author_info":{"display_name":"saasweb-admin","author_link":"https:\/\/www.anika-net.de\/deer\/author\/saasweb-admin\/"},"uagb_comment_info":0,"uagb_excerpt":"Wenn Sie wenig Geld verdienen,k\u00f6nnen Sie auch Wohn\u00b7geld bekommen.Sie m\u00fcssen einen Antrag stellen. Sie m\u00fcssen f\u00fcr das Wohn\u00b7geld mitbringen: Bitte machen Sie vorher einen Termin Telefon: 0721 \u2013 13 36&nbsp;mehr","_links":{"self":[{"href":"https:\/\/www.anika-net.de\/deer\/wp-json\/wp\/v2\/pages\/36507","targetHints":{"allow":["GET"]}}],"collection":[{"href":"https:\/\/www.anika-net.de\/deer\/wp-json\/wp\/v2\/pages"}],"about":[{"href":"https:\/\/www.anika-net.de\/deer\/wp-json\/wp\/v2\/types\/page"}],"author":[{"embeddable":true,"href":"https:\/\/www.anika-net.de\/deer\/wp-json\/wp\/v2\/users\/1"}],"replies":[{"embeddable":true,"href":"https:\/\/www.anika-net.de\/deer\/wp-json\/wp\/v2\/comments?post=36507"}],"version-history":[{"count":0,"href":"https:\/\/www.anika-net.de\/deer\/wp-json\/wp\/v2\/pages\/36507\/revisions"}],"up":[{"embeddable":true,"href":"https:\/\/www.anika-net.de\/deer\/wp-json\/wp\/v2\/pages\/36495"}],"wp:attachment":[{"href":"https:\/\/www.anika-net.de\/deer\/wp-json\/wp\/v2\/media?parent=36507"}],"curies":[{"name":"wp","href":"https:\/\/api.w.org\/{rel}","templated":true}]}}