{"id":36501,"date":"2023-04-20T16:37:49","date_gmt":"2023-04-20T14:37:49","guid":{"rendered":"https:\/\/www.anika-net.de\/?page_id=36501"},"modified":"2023-04-24T12:44:07","modified_gmt":"2023-04-24T10:44:07","slug":"strom-anmelden","status":"publish","type":"page","link":"https:\/\/www.anika-net.de\/deer\/erste-schritte\/wohnen\/strom-anmelden\/","title":{"rendered":"Strom anmelden"},"content":{"rendered":"\n<p>Vielleicht m\u00fcssen Sie<\/p>\n\n\n\n<ul class=\"wp-block-list\">\n<li>Strom<\/li>\n\n\n\n<li>Gas<\/li>\n<\/ul>\n\n\n\n<div class=\"wp-block-stackable-columns stk-block-columns stk-block stk-14f37a4\" data-block-id=\"14f37a4\"><div class=\"stk-row stk-inner-blocks stk-block-content stk-content-align stk-14f37a4-column\">\n<div class=\"wp-block-stackable-column stk-block-column stk-block-column--v3 stk-column stk-block-column--v2 stk-block stk-e88d91d\" data-block-id=\"e88d91d\"><style>@media screen and (min-width:901px){.stk-e88d91d{flex:1 1 calc(43.8% - var(--stk-column-gap,0px) * 2 \/ 3 ) !important}}<\/style><div class=\"stk-column-wrapper stk-block-column__content stk-container stk-e88d91d-container stk--no-background stk--no-padding\"><div class=\"stk-block-content stk-inner-blocks stk-e88d91d-inner-blocks\">\n<p>selbst anmelden.<br>Zum Beispiel:<br>Bei den Stadt<strong>\u00b7<\/strong>werken Karlsruhe.<\/p>\n<\/div><\/div><\/div>\n\n\n\n<div class=\"wp-block-stackable-column stk-block-column stk-block-column--v3 stk-column stk-block-column--v2 stk-block stk-7a0d6b4\" data-block-id=\"7a0d6b4\"><style>@media screen and (min-width:901px){.stk-7a0d6b4{flex:1 1 calc(6.2% - var(--stk-column-gap,0px) * 2 \/ 3 ) !important}}<\/style><div class=\"stk-column-wrapper stk-block-column__content stk-container stk-7a0d6b4-container stk--no-background stk--no-padding\"><div class=\"stk-block-content stk-inner-blocks stk-7a0d6b4-inner-blocks\">\n<figure class=\"wp-block-image size-thumbnail is-resized\"><img decoding=\"async\" src=\"https:\/\/www.anika-net.de\/wp-content\/uploads\/2023\/04\/420-Strom-1.svg\" alt class=\"wp-image-37076\" width=\"25\"><\/figure>\n<\/div><\/div><\/div>\n\n\n\n<div class=\"wp-block-stackable-column stk-block-column stk-block-column--v3 stk-column stk-block-column--v2 stk-block stk-ecd1dfa\" data-block-id=\"ecd1dfa\"><style>@media screen and (min-width:901px){.stk-ecd1dfa{flex:1 1 calc(50% - var(--stk-column-gap,0px) * 2 \/ 3 ) !important}}<\/style><div class=\"stk-column-wrapper stk-block-column__content stk-container stk-ecd1dfa-container stk--no-background stk--no-padding\"><div class=\"stk-block-content stk-inner-blocks stk-ecd1dfa-inner-blocks\">\n<figure class=\"wp-block-image size-thumbnail is-resized\"><img decoding=\"async\" src=\"https:\/\/www.anika-net.de\/wp-content\/uploads\/2023\/04\/394-Heizkoerper_Gas.svg\" alt class=\"wp-image-37061\" width=\"100\"><\/figure>\n<\/div><\/div><\/div>\n<\/div><\/div>\n\n\n\n<p>Sie bezahlen die Kosten f\u00fcr den&nbsp;Strom<\/p>\n\n\n\n<ul class=\"wp-block-list\">\n<li>jeden Monat<\/li>\n\n\n\n<li>direkt an die Stadt<strong>\u00b7<\/strong>werke.<\/li>\n<\/ul>\n\n\n\n<div class=\"wp-block-stackable-columns stk-block-columns stk-block stk-7f059d1\" data-block-id=\"7f059d1\"><div class=\"stk-row stk-inner-blocks stk-block-content stk-content-align stk-7f059d1-column\">\n<div class=\"wp-block-stackable-column stk-block-column stk-block-column--v3 stk-column stk-block-column--v2 stk-block stk-5b7cfb5\" data-block-id=\"5b7cfb5\"><style>@media screen and (min-width:901px){.stk-5b7cfb5{flex:1 1 calc(50% - var(--stk-column-gap,0px) * 1 \/ 2 ) !important}}<\/style><div class=\"stk-column-wrapper stk-block-column__content stk-container stk-5b7cfb5-container stk--no-background stk--no-padding\"><div class=\"stk-block-content stk-inner-blocks stk-5b7cfb5-inner-blocks\">\n<p><strong>Tipp<\/strong><br>Sie k\u00f6nnen ein Formular von Ihrer Bank<br>unterschreiben.<br>In dem Formular steht:<br>Sie erlauben den Stadt<strong>\u00b7<\/strong>werken,<br>Geld von Ihrem Konto zu nehmen.<br>Dann m\u00fcssen Sie <strong>nicht<\/strong> jeden Monat<br>an die Strom<strong>\u00b7<\/strong>kosten denken.<\/p>\n<\/div><\/div><\/div>\n\n\n\n<div class=\"wp-block-stackable-column stk-block-column stk-block-column--v3 stk-column stk-block-column--v2 stk-block stk-dddaa94\" data-block-id=\"dddaa94\"><style>@media screen and (min-width:901px){.stk-dddaa94{flex:1 1 calc(50% - var(--stk-column-gap,0px) * 1 \/ 2 ) !important}}<\/style><div class=\"stk-column-wrapper stk-block-column__content stk-container stk-dddaa94-container stk--no-background stk--no-padding\"><div class=\"stk-block-content stk-inner-blocks stk-dddaa94-inner-blocks\">\n<figure class=\"wp-block-image size-thumbnail is-resized\"><img decoding=\"async\" src=\"https:\/\/www.anika-net.de\/wp-content\/uploads\/2023\/04\/Unterschreiben_allg.svg\" alt class=\"wp-image-37097\" width=\"100\"><\/figure>\n<\/div><\/div><\/div>\n<\/div><\/div>\n\n\n\n<p><strong>Sie m\u00fcssen diese Informationen <\/strong><br><strong>zu den Stadt\u00b7werken mitbringen:<\/strong><\/p>\n\n\n\n<ul class=\"wp-block-list\">\n<li>Ihre Adresse<\/li>\n\n\n\n<li>Wann sind Sie in die neue Wohnung eingezogen?<\/li>\n\n\n\n<li>Vielleicht den Namen von dem Mieter vor&nbsp;Ihnen<\/li>\n\n\n\n<li><strong>Z\u00e4hler\u00b7nummer<\/strong> und <strong>Z\u00e4hler\u00b7stand<\/strong><\/li>\n<\/ul>\n\n\n\n<div class=\"wp-block-stackable-columns stk-block-columns stk-block stk-64d99bf\" data-block-id=\"64d99bf\"><div class=\"stk-row stk-inner-blocks stk-block-content stk-content-align stk-64d99bf-column\">\n<div class=\"wp-block-stackable-column stk-block-column stk-block-column--v3 stk-column stk-block-column--v2 stk-block stk-a525ede\" data-block-id=\"a525ede\"><style>@media screen and (min-width:901px){.stk-a525ede{flex:1 1 calc(50% - var(--stk-column-gap,0px) * 1 \/ 2 ) !important}}<\/style><div class=\"stk-column-wrapper stk-block-column__content stk-container stk-a525ede-container stk--no-background stk--no-padding\"><div class=\"stk-block-content stk-inner-blocks stk-a525ede-inner-blocks\">\n<p>Ein <strong>Z\u00e4hler <\/strong>ist ein Ger\u00e4t.<br>Es z\u00e4hlt,<br>wie viel Strom Sie brauchen.<\/p>\n<\/div><\/div><\/div>\n\n\n\n<div class=\"wp-block-stackable-column stk-block-column stk-block-column--v3 stk-column stk-block-column--v2 stk-block stk-720c62f\" data-block-id=\"720c62f\"><style>@media screen and (min-width:901px){.stk-720c62f{flex:1 1 calc(50% - var(--stk-column-gap,0px) * 1 \/ 2 ) !important}}<\/style><div class=\"stk-column-wrapper stk-block-column__content stk-container stk-720c62f-container stk--no-background stk--no-padding\"><div class=\"stk-block-content stk-inner-blocks stk-720c62f-inner-blocks\">\n<figure class=\"wp-block-image size-thumbnail is-resized\"><img decoding=\"async\" src=\"https:\/\/www.anika-net.de\/wp-content\/uploads\/2023\/04\/Stromzaehler.svg\" alt class=\"wp-image-37116\" width=\"100\"><\/figure>\n<\/div><\/div><\/div>\n<\/div><\/div>\n\n\n\n<p>Auf dem Z\u00e4hler stehen<\/p>\n\n\n\n<ul class=\"wp-block-list\">\n<li>Die Z\u00e4hler<strong>\u00b7<\/strong>nummer<\/li>\n\n\n\n<li>Der <strong>Z\u00e4hler\u00b7stand<\/strong>.<br>Das ist der Stromverbrauch.<\/li>\n<\/ul>\n\n\n\n<p>Fragen Sie Ihren Vermieter,<br>wo der Z\u00e4hler ist.<\/p>\n\n\n\n<p><strong>Kontakt<\/strong><\/p>\n\n\n\n<div class=\"wp-block-stackable-columns stk-block-columns stk-block stk-44b3a4e\" data-block-id=\"44b3a4e\"><div class=\"stk-row stk-inner-blocks stk-block-content stk-content-align stk-44b3a4e-column\">\n<div class=\"wp-block-stackable-column stk-block-column stk-block-column--v3 stk-column stk-block-column--v2 stk-block stk-df09ba3\" data-block-id=\"df09ba3\"><style>@media screen and (min-width:901px){.stk-df09ba3{flex:1 1 calc(16.5% - var(--stk-column-gap,0px) * 1 \/ 2 ) !important}}<\/style><div class=\"stk-column-wrapper stk-block-column__content stk-container stk-df09ba3-container stk--no-background stk--no-padding\"><div class=\"stk-block-content stk-inner-blocks stk-df09ba3-inner-blocks\">\n<figure class=\"wp-block-image size-thumbnail is-resized\"><img decoding=\"async\" src=\"https:\/\/www.anika-net.de\/wp-content\/uploads\/2023\/04\/789-Post.svg\" alt class=\"wp-image-36868\" width=\"90\" height=\"NaN\"><\/figure>\n<\/div><\/div><\/div>\n\n\n\n<div class=\"wp-block-stackable-column stk-block-column stk-block-column--v3 stk-column stk-block-column--v2 stk-block stk-f321a80\" data-block-id=\"f321a80\"><style>@media screen and (min-width:901px){.stk-f321a80{flex:1 1 calc(83.5% - var(--stk-column-gap,0px) * 1 \/ 2 ) !important}}<\/style><div class=\"stk-column-wrapper stk-block-column__content stk-container stk-f321a80-container stk--no-background stk--no-padding\"><div class=\"stk-block-content stk-inner-blocks stk-f321a80-inner-blocks\">\n<p><strong>Adresse<\/strong><br>Stadtwerke Karlsruhe<br>Daxlanderstra\u00dfe 72<br>76185 Karlsruhe<\/p>\n<\/div><\/div><\/div>\n<\/div><\/div>\n\n\n\n<div class=\"wp-block-stackable-columns stk-block-columns stk-block stk-8252f8f\" data-block-id=\"8252f8f\"><div class=\"stk-row stk-inner-blocks stk-block-content stk-content-align stk-8252f8f-column\">\n<div class=\"wp-block-stackable-column stk-block-column stk-block-column--v3 stk-column stk-block-column--v2 stk-block stk-c82f5e0\" data-block-id=\"c82f5e0\"><style>@media screen and (min-width:901px){.stk-c82f5e0{flex:1 1 calc(16.5% - var(--stk-column-gap,0px) * 1 \/ 2 ) !important}}<\/style><div class=\"stk-column-wrapper stk-block-column__content stk-container stk-c82f5e0-container stk--no-background stk--no-padding\"><div class=\"stk-block-content stk-inner-blocks stk-c82f5e0-inner-blocks\">\n<figure class=\"wp-block-image size-thumbnail is-resized\"><img decoding=\"async\" src=\"https:\/\/www.anika-net.de\/wp-content\/uploads\/2023\/04\/681-Telefon_neu_um.svg\" alt class=\"wp-image-36828\" width=\"50\"><\/figure>\n<\/div><\/div><\/div>\n\n\n\n<div class=\"wp-block-stackable-column stk-block-column stk-block-column--v3 stk-column stk-block-column--v2 stk-block stk-906254c\" data-block-id=\"906254c\"><style>@media screen and (min-width:901px){.stk-906254c{flex:1 1 calc(83.5% - var(--stk-column-gap,0px) * 1 \/ 2 ) !important}}<\/style><div class=\"stk-column-wrapper stk-block-column__content stk-container stk-906254c-container stk--no-background stk--no-padding\"><div class=\"stk-block-content stk-inner-blocks stk-906254c-inner-blocks\">\n<p><strong>Telefon:<\/strong> 0721 \u2013 59&nbsp;90<\/p>\n<\/div><\/div><\/div>\n<\/div><\/div>\n\n\n\n<div class=\"wp-block-stackable-columns stk-block-columns stk-block stk-637694e\" data-block-id=\"637694e\"><div class=\"stk-row stk-inner-blocks stk-block-content stk-content-align stk-637694e-column\">\n<div class=\"wp-block-stackable-column stk-block-column stk-block-column--v3 stk-column stk-block-column--v2 stk-block stk-bb5050c\" data-block-id=\"bb5050c\"><style>@media screen and (min-width:901px){.stk-bb5050c{flex:1 1 calc(16.5% - var(--stk-column-gap,0px) * 1 \/ 2 ) !important}}<\/style><div class=\"stk-column-wrapper stk-block-column__content stk-container stk-bb5050c-container stk--no-background stk--no-padding\"><div class=\"stk-block-content stk-inner-blocks stk-bb5050c-inner-blocks\"><\/div><\/div><\/div>\n\n\n\n<div class=\"wp-block-stackable-column stk-block-column stk-block-column--v3 stk-column stk-block-column--v2 stk-block stk-db01262\" data-block-id=\"db01262\"><style>@media screen and (min-width:901px){.stk-db01262{flex:1 1 calc(83.5% - var(--stk-column-gap,0px) * 1 \/ 2 ) !important}}<\/style><div class=\"stk-column-wrapper stk-block-column__content stk-container stk-db01262-container stk--no-background stk--no-padding\"><div class=\"stk-block-content stk-inner-blocks stk-db01262-inner-blocks\">\n<p><strong>\u00d6ffnungs\u00b7zeiten:<\/strong><br>Montag bis Donnerstag: 7:30 Uhr bis 16:30 Uhr <br>Freitag:                            7:30 Uhr bis 15:00&nbsp;Uhr<\/p>\n<\/div><\/div><\/div>\n<\/div><\/div>\n\n\n\n<div class=\"wp-block-stackable-columns stk-block-columns stk-block stk-f60623c\" data-block-id=\"f60623c\"><div class=\"stk-row stk-inner-blocks stk-block-content stk-content-align stk-f60623c-column\">\n<div class=\"wp-block-stackable-column stk-block-column stk-block-column--v3 stk-column stk-block-column--v2 stk-block stk-875af74\" data-block-id=\"875af74\"><style>@media screen and (min-width:901px){.stk-875af74{flex:1 1 calc(16.5% - var(--stk-column-gap,0px) * 1 \/ 2 ) !important}}<\/style><div class=\"stk-column-wrapper stk-block-column__content stk-container stk-875af74-container stk--no-background stk--no-padding\"><div class=\"stk-block-content stk-inner-blocks stk-875af74-inner-blocks\">\n<figure class=\"wp-block-image size-thumbnail is-resized\"><img decoding=\"async\" src=\"https:\/\/www.anika-net.de\/wp-content\/uploads\/2023\/04\/800-Internet.svg\" alt class=\"wp-image-36849\" width=\"100\"><\/figure>\n<\/div><\/div><\/div>\n\n\n\n<div class=\"wp-block-stackable-column stk-block-column stk-block-column--v3 stk-column stk-block-column--v2 stk-block stk-244c752\" data-block-id=\"244c752\"><style>@media screen and (min-width:901px){.stk-244c752{flex:1 1 calc(83.5% - var(--stk-column-gap,0px) * 1 \/ 2 ) !important}}<\/style><div class=\"stk-column-wrapper stk-block-column__content stk-container stk-244c752-container stk--no-background stk--no-padding\"><div class=\"stk-block-content stk-inner-blocks stk-244c752-inner-blocks\">\n<p>Hier finden Sie mehr Informationen:<br><a href=\"https:\/\/www.stadtwerke-karlsruhe.de\/\" rel=\"noopener\">https:\/\/www.stadtwerke-karlsruhe.de\/<\/a><\/p>\n<\/div><\/div><\/div>\n<\/div><\/div>\n","protected":false},"excerpt":{"rendered":"<p>Vielleicht m\u00fcssen Sie selbst anmelden.Zum Beispiel:Bei den Stadt\u00b7werken Karlsruhe. Sie bezahlen die Kosten f\u00fcr den&nbsp;Strom TippSie k\u00f6nnen ein Formular von Ihrer Bankunterschreiben.In dem Formular steht:Sie erlauben den Stadt\u00b7werken,Geld von Ihrem&nbsp;<a class=\"moretag\" href=\"https:\/\/www.anika-net.de\/deer\/erste-schritte\/wohnen\/strom-anmelden\/\">mehr<\/a><\/p>\n","protected":false},"author":1,"featured_media":0,"parent":36495,"menu_order":10,"comment_status":"closed","ping_status":"closed","template":"","meta":{"_acf_changed":false,"inline_featured_image":false,"_uag_custom_page_level_css":"","wp_typography_post_enhancements_disabled":false,"footnotes":""},"class_list":["post-36501","page","type-page","status-publish","hentry"],"acf":[],"featured_image_urls_v2":{"full":"","thumbnail":"","medium":"","medium_large":"","large":"","1536x1536":"","2048x2048":"","event-overview":"","event-archive-thumb":"","grid-item-thumbnail":"","network-partner-icon":"","organiser-icon":"","gform-image-choice-sm":"","gform-image-choice-md":"","gform-image-choice-lg":""},"post_excerpt_stackable_v2":"<p>Vielleicht m\u00fcssen Sie Strom Gas selbst anmelden.Zum Beispiel:Bei den Stadt\u00b7werken Karlsruhe. Sie bezahlen die Kosten f\u00fcr den&nbsp;Strom jeden Monat direkt an die Stadt\u00b7werke. TippSie k\u00f6nnen ein Formular von Ihrer Bankunterschreiben.In dem Formular steht:Sie erlauben den Stadt\u00b7werken,Geld von Ihrem Konto zu nehmen.Dann m\u00fcssen Sie nicht jeden Monatan die Strom\u00b7kosten denken. Sie m\u00fcssen diese Informationen zu den Stadt\u00b7werken mitbringen: Ihre Adresse Wann sind Sie in die neue Wohnung eingezogen? Vielleicht den Namen von dem Mieter vor&nbsp;Ihnen Z\u00e4hler\u00b7nummer und Z\u00e4hler\u00b7stand Ein Z\u00e4hler ist ein Ger\u00e4t.Es z\u00e4hlt,wie viel Strom Sie brauchen. Auf dem Z\u00e4hler stehen Die Z\u00e4hler\u00b7nummer Der Z\u00e4hler\u00b7stand.Das ist der Stromverbrauch. Fragen Sie\u2026<\/p>\n","category_list_v2":"","author_info_v2":{"name":"saasweb-admin","url":"https:\/\/www.anika-net.de\/deer\/author\/saasweb-admin\/"},"comments_num_v2":"0 comments","uagb_featured_image_src":{"full":false,"thumbnail":false,"medium":false,"medium_large":false,"large":false,"1536x1536":false,"2048x2048":false,"event-overview":false,"event-archive-thumb":false,"grid-item-thumbnail":false,"network-partner-icon":false,"organiser-icon":false,"gform-image-choice-sm":false,"gform-image-choice-md":false,"gform-image-choice-lg":false},"uagb_author_info":{"display_name":"saasweb-admin","author_link":"https:\/\/www.anika-net.de\/deer\/author\/saasweb-admin\/"},"uagb_comment_info":0,"uagb_excerpt":"Vielleicht m\u00fcssen Sie selbst anmelden.Zum Beispiel:Bei den Stadt\u00b7werken Karlsruhe. Sie bezahlen die Kosten f\u00fcr den&nbsp;Strom TippSie k\u00f6nnen ein Formular von Ihrer Bankunterschreiben.In dem Formular steht:Sie erlauben den Stadt\u00b7werken,Geld von Ihrem&nbsp;mehr","_links":{"self":[{"href":"https:\/\/www.anika-net.de\/deer\/wp-json\/wp\/v2\/pages\/36501","targetHints":{"allow":["GET"]}}],"collection":[{"href":"https:\/\/www.anika-net.de\/deer\/wp-json\/wp\/v2\/pages"}],"about":[{"href":"https:\/\/www.anika-net.de\/deer\/wp-json\/wp\/v2\/types\/page"}],"author":[{"embeddable":true,"href":"https:\/\/www.anika-net.de\/deer\/wp-json\/wp\/v2\/users\/1"}],"replies":[{"embeddable":true,"href":"https:\/\/www.anika-net.de\/deer\/wp-json\/wp\/v2\/comments?post=36501"}],"version-history":[{"count":0,"href":"https:\/\/www.anika-net.de\/deer\/wp-json\/wp\/v2\/pages\/36501\/revisions"}],"up":[{"embeddable":true,"href":"https:\/\/www.anika-net.de\/deer\/wp-json\/wp\/v2\/pages\/36495"}],"wp:attachment":[{"href":"https:\/\/www.anika-net.de\/deer\/wp-json\/wp\/v2\/media?parent=36501"}],"curies":[{"name":"wp","href":"https:\/\/api.w.org\/{rel}","templated":true}]}}