{"id":36492,"date":"2023-04-20T16:36:05","date_gmt":"2023-04-20T14:36:05","guid":{"rendered":"https:\/\/www.anika-net.de\/?page_id=36492"},"modified":"2023-04-28T17:34:19","modified_gmt":"2023-04-28T15:34:19","slug":"auslaenderbehoerde","status":"publish","type":"page","link":"https:\/\/www.anika-net.de\/deer\/erste-schritte\/anmeldung-in-der-stadt\/auslaenderbehoerde\/","title":{"rendered":"Ausl\u00e4nder\u00b7beh\u00f6rde"},"content":{"rendered":"\n<p>Sie m\u00fcssen sich bei der Ausl\u00e4nder<strong>\u00b7<\/strong>beh\u00f6rde melden,<br>wenn Sie <strong>nicht<\/strong> aus der <strong>EU<\/strong> kommen. <br>EU ist ein kurzes Wort f\u00fcr <strong>Europ\u00e4ische Union<\/strong>.<\/p>\n\n\n\n<div class=\"wp-block-stackable-columns stk-block-columns stk-block stk-d91f3a6\" data-block-id=\"d91f3a6\"><style>.stk-d91f3a6{margin-bottom:2px !important}<\/style><div class=\"stk-row stk-inner-blocks stk-block-content stk-content-align stk-d91f3a6-column\">\n<div class=\"wp-block-stackable-column stk-block-column stk-block-column--v3 stk-column stk-block-column--v2 stk-block stk-c9a4f7e\" data-block-id=\"c9a4f7e\"><style>@media screen and (min-width:901px){.stk-c9a4f7e{flex:1 1 calc(54.1% - var(--stk-column-gap,0px) * 1 \/ 2 ) !important}}<\/style><div class=\"stk-column-wrapper stk-block-column__content stk-container stk-c9a4f7e-container stk--no-background stk--no-padding\"><div class=\"stk-block-content stk-inner-blocks stk-c9a4f7e-inner-blocks\">\n<p>Sie kommen aus der EU.<br>Dann m\u00fcssen Sie sich <strong>nicht <\/strong>bei der Ausl\u00e4nder<strong>\u00b7<\/strong>beh\u00f6rde melden.<\/p>\n\n\n\n<p>Bei der Ausl\u00e4nder<strong>\u00b7<\/strong>beh\u00f6rde bekommen Sie<\/p>\n\n\n\n<ul class=\"wp-block-list\">\n<li>Einen <strong>Aufenthalts\u00b7titel<\/strong><\/li>\n\n\n\n<li>Eine <strong>Aufenthalts\u00b7gestattung<\/strong><\/li>\n\n\n\n<li>Andere Dokumente.<\/li>\n<\/ul>\n<\/div><\/div><\/div>\n\n\n\n<div class=\"wp-block-stackable-column stk-block-column stk-block-column--v3 stk-column stk-block-column--v2 stk-block stk-aea006c\" data-block-id=\"aea006c\"><style>@media screen and (min-width:901px){.stk-aea006c{flex:1 1 calc(45.9% - var(--stk-column-gap,0px) * 1 \/ 2 ) !important}}<\/style><div class=\"stk-column-wrapper stk-block-column__content stk-container stk-aea006c-container stk--no-background stk--no-padding\"><div class=\"stk-block-content stk-inner-blocks stk-aea006c-inner-blocks\">\n<figure class=\"wp-block-image size-thumbnail is-resized\"><img decoding=\"async\" src=\"https:\/\/www.anika-net.de\/wp-content\/uploads\/2023\/04\/Flag_of_Europe.svg\" alt class=\"wp-image-37380\" width=\"135\" height=\"80\"><\/figure>\n<\/div><\/div><\/div>\n<\/div><\/div>\n\n\n\n<p><strong>Sie m\u00fcssen zur Ausl\u00e4nder\u00b7beh\u00f6rde mitbringen:<\/strong><\/p>\n\n\n\n<ul class=\"wp-block-list\">\n<li> <span style=\"font-size:14.0pt;line-height:150%;mso-bidi-font-family:Arial\">Reise<b style=\"mso-bidi-font-weight:normal\">\u00b7<\/b>pass oder Personal<b style=\"mso-bidi-font-weight:\nnormal\">\u00b7<\/b>ausweis<\/span> <\/li>\n\n\n\n<li>Ihre Melde<strong>\u00b7<\/strong>bescheinigung aus dem B\u00fcrger<strong>\u00b7<\/strong>b\u00fcro.<\/li>\n<\/ul>\n\n\n\n<p><strong>Bitte machen Sie vorher einen Termin.<\/strong><\/p>\n\n\n\n<div class=\"wp-block-stackable-columns stk-block-columns stk-block stk-2fe7fac\" data-block-id=\"2fe7fac\"><style>.stk-2fe7fac{margin-bottom:0px !important}<\/style><div class=\"stk-row stk-inner-blocks stk-block-content stk-content-align stk-2fe7fac-column\">\n<div class=\"wp-block-stackable-column stk-block-column stk-block-column--v3 stk-column stk-block-column--v2 stk-block stk-24d1c92\" data-block-id=\"24d1c92\"><style>@media screen and (min-width:901px){.stk-24d1c92{flex:1 1 calc(10.9% - var(--stk-column-gap,0px) * 1 \/ 2 ) !important}}<\/style><div class=\"stk-column-wrapper stk-block-column__content stk-container stk-24d1c92-container stk--no-background stk--no-padding\"><div class=\"stk-block-content stk-inner-blocks stk-24d1c92-inner-blocks\">\n<figure class=\"wp-block-image size-thumbnail is-resized\"><img decoding=\"async\" src=\"https:\/\/www.anika-net.de\/wp-content\/uploads\/2023\/04\/681-Telefon_neu_um.svg\" alt class=\"wp-image-36828\" width=\"30\" height=\"50\"><\/figure>\n<\/div><\/div><\/div>\n\n\n\n<div class=\"wp-block-stackable-column stk-block-column stk-block-column--v3 stk-column stk-block-column--v2 stk-block stk-eeb9f54\" data-block-id=\"eeb9f54\"><style>@media screen and (min-width:901px){.stk-eeb9f54{flex:1 1 calc(89.1% - var(--stk-column-gap,0px) * 1 \/ 2 ) !important}}<\/style><div class=\"stk-column-wrapper stk-block-column__content stk-container stk-eeb9f54-container stk--no-background stk--no-padding\"><div class=\"stk-block-content stk-inner-blocks stk-eeb9f54-inner-blocks\">\n<p><strong>Telefon:<\/strong> 115<\/p>\n<\/div><\/div><\/div>\n<\/div><\/div>\n\n\n\n<div class=\"wp-block-stackable-columns stk-block-columns stk-block stk-880607d\" data-block-id=\"880607d\"><style>.stk-880607d{margin-bottom:0px !important}<\/style><div class=\"stk-row stk-inner-blocks stk-block-content stk-content-align stk-880607d-column\">\n<div class=\"wp-block-stackable-column stk-block-column stk-block-column--v3 stk-column stk-block-column--v2 stk-block stk-d97912e\" data-block-id=\"d97912e\"><style>@media screen and (min-width:901px){.stk-d97912e{flex:1 1 calc(10.900000000000011% - var(--stk-column-gap,0px) * 1 \/ 2 ) !important}}<\/style><div class=\"stk-column-wrapper stk-block-column__content stk-container stk-d97912e-container stk--no-background stk--no-padding\"><div class=\"stk-block-content stk-inner-blocks stk-d97912e-inner-blocks\">\n<figure class=\"wp-block-image size-large is-resized\"><img decoding=\"async\" src=\"https:\/\/www.anika-net.de\/wp-content\/uploads\/2023\/04\/800-Internet.svg\" alt class=\"wp-image-36849\" width=\"70\" height=\"90\"><\/figure>\n<\/div><\/div><\/div>\n\n\n\n<div class=\"wp-block-stackable-column stk-block-column stk-block-column--v3 stk-column stk-block-column--v2 stk-block stk-2f092f8\" data-block-id=\"2f092f8\"><style>@media screen and (min-width:901px){.stk-2f092f8{flex:1 1 calc(89.1% - var(--stk-column-gap,0px) * 1 \/ 2 ) !important}}<\/style><div class=\"stk-column-wrapper stk-block-column__content stk-container stk-2f092f8-container stk--no-background stk--no-padding\"><div class=\"stk-block-content stk-inner-blocks stk-2f092f8-inner-blocks\">\n<p><strong>Internet:<\/strong><br><a href=\"https:\/\/www.karlsruhe.de\/stadt-rathaus\/service-buergerinformation\/terminvereinbarung\" rel=\"noopener\">https:\/\/www.karlsruhe.de\/stadt-rathaus\/service-buergerinformation\/terminvereinbarung<\/a><\/p>\n<\/div><\/div><\/div>\n<\/div><\/div>\n\n\n\n<div class=\"wp-block-stackable-columns stk-block-columns stk-block stk-36e251c\" data-block-id=\"36e251c\"><div class=\"stk-row stk-inner-blocks stk-block-content stk-content-align stk-36e251c-column\">\n<div class=\"wp-block-stackable-column stk-block-column stk-block-column--v3 stk-column stk-block-column--v2 stk-block stk-aa3e6e8\" data-block-id=\"aa3e6e8\"><style>@media screen and (min-width:901px){.stk-aa3e6e8{flex:1 1 calc(10.900000000000002% - var(--stk-column-gap,0px) * 1 \/ 2 ) !important}}<\/style><div class=\"stk-column-wrapper stk-block-column__content stk-container stk-aa3e6e8-container stk--no-background stk--no-padding\"><div class=\"stk-block-content stk-inner-blocks stk-aa3e6e8-inner-blocks\">\n<figure class=\"wp-block-image size-thumbnail is-resized\"><img decoding=\"async\" src=\"https:\/\/www.anika-net.de\/wp-content\/uploads\/2023\/04\/789-Post.svg\" alt class=\"wp-image-36868\" width=\"70\" height=\"90\"><\/figure>\n<\/div><\/div><\/div>\n\n\n\n<div class=\"wp-block-stackable-column stk-block-column stk-block-column--v3 stk-column stk-block-column--v2 stk-block stk-d578f38\" data-block-id=\"d578f38\"><style>@media screen and (min-width:901px){.stk-d578f38{flex:1 1 calc(89.1% - var(--stk-column-gap,0px) * 1 \/ 2 ) !important}}<\/style><div class=\"stk-column-wrapper stk-block-column__content stk-container stk-d578f38-container stk--no-background stk--no-padding\"><div class=\"stk-block-content stk-inner-blocks stk-d578f38-inner-blocks\">\n<p><strong>Adresse:<\/strong><br>Stadt Karlsruhe<br>Ordnungs- und B\u00fcrger<strong>\u00b7<\/strong>amt<br>Kaiserallee 8<br>76133 Karlsruhe<\/p>\n<\/div><\/div><\/div>\n<\/div><\/div>\n\n\n\n<p><strong>\u00d6ffnungs\u00b7zeiten:<\/strong><br>Montag bis Freitag: &nbsp;&nbsp;8:30 Uhr bis 12:30 Uhr<br>Donnerstag:              14:00 Uhr bis 17:00&nbsp;Uhr<\/p>\n","protected":false},"excerpt":{"rendered":"<p>Sie m\u00fcssen sich bei der Ausl\u00e4nder\u00b7beh\u00f6rde melden,wenn Sie nicht aus der EU kommen. EU ist ein kurzes Wort f\u00fcr Europ\u00e4ische Union. Sie kommen aus der EU.Dann m\u00fcssen Sie sich nicht&nbsp;<a class=\"moretag\" href=\"https:\/\/www.anika-net.de\/deer\/erste-schritte\/anmeldung-in-der-stadt\/auslaenderbehoerde\/\">mehr<\/a><\/p>\n","protected":false},"author":1,"featured_media":0,"parent":36489,"menu_order":10,"comment_status":"closed","ping_status":"closed","template":"","meta":{"_acf_changed":false,"inline_featured_image":false,"_uag_custom_page_level_css":"","wp_typography_post_enhancements_disabled":false,"footnotes":""},"class_list":["post-36492","page","type-page","status-publish","hentry"],"acf":[],"featured_image_urls_v2":{"full":"","thumbnail":"","medium":"","medium_large":"","large":"","1536x1536":"","2048x2048":"","event-overview":"","event-archive-thumb":"","grid-item-thumbnail":"","network-partner-icon":"","organiser-icon":"","gform-image-choice-sm":"","gform-image-choice-md":"","gform-image-choice-lg":""},"post_excerpt_stackable_v2":"<p>Sie m\u00fcssen sich bei der Ausl\u00e4nder\u00b7beh\u00f6rde melden,wenn Sie nicht aus der EU kommen. EU ist ein kurzes Wort f\u00fcr Europ\u00e4ische Union. Sie kommen aus der EU.Dann m\u00fcssen Sie sich nicht bei der Ausl\u00e4nder\u00b7beh\u00f6rde melden. Bei der Ausl\u00e4nder\u00b7beh\u00f6rde bekommen Sie Einen Aufenthalts\u00b7titel Eine Aufenthalts\u00b7gestattung Andere Dokumente. Sie m\u00fcssen zur Ausl\u00e4nder\u00b7beh\u00f6rde mitbringen: Reise\u00b7pass oder Personal\u00b7ausweis Ihre Melde\u00b7bescheinigung aus dem B\u00fcrger\u00b7b\u00fcro. Bitte machen Sie vorher einen Termin. Telefon: 115 Internet:https:\/\/www.karlsruhe.de\/stadt-rathaus\/service-buergerinformation\/terminvereinbarung Adresse:Stadt KarlsruheOrdnungs- und B\u00fcrger\u00b7amtKaiserallee 876133 Karlsruhe \u00d6ffnungs\u00b7zeiten:Montag bis Freitag: &nbsp;&nbsp;8:30 Uhr bis 12:30 UhrDonnerstag: 14:00 Uhr bis 17:00&nbsp;Uhr<\/p>\n","category_list_v2":"","author_info_v2":{"name":"saasweb-admin","url":"https:\/\/www.anika-net.de\/deer\/author\/saasweb-admin\/"},"comments_num_v2":"0 comments","uagb_featured_image_src":{"full":false,"thumbnail":false,"medium":false,"medium_large":false,"large":false,"1536x1536":false,"2048x2048":false,"event-overview":false,"event-archive-thumb":false,"grid-item-thumbnail":false,"network-partner-icon":false,"organiser-icon":false,"gform-image-choice-sm":false,"gform-image-choice-md":false,"gform-image-choice-lg":false},"uagb_author_info":{"display_name":"saasweb-admin","author_link":"https:\/\/www.anika-net.de\/deer\/author\/saasweb-admin\/"},"uagb_comment_info":0,"uagb_excerpt":"Sie m\u00fcssen sich bei der Ausl\u00e4nder\u00b7beh\u00f6rde melden,wenn Sie nicht aus der EU kommen. EU ist ein kurzes Wort f\u00fcr Europ\u00e4ische Union. Sie kommen aus der EU.Dann m\u00fcssen Sie sich nicht&nbsp;mehr","_links":{"self":[{"href":"https:\/\/www.anika-net.de\/deer\/wp-json\/wp\/v2\/pages\/36492","targetHints":{"allow":["GET"]}}],"collection":[{"href":"https:\/\/www.anika-net.de\/deer\/wp-json\/wp\/v2\/pages"}],"about":[{"href":"https:\/\/www.anika-net.de\/deer\/wp-json\/wp\/v2\/types\/page"}],"author":[{"embeddable":true,"href":"https:\/\/www.anika-net.de\/deer\/wp-json\/wp\/v2\/users\/1"}],"replies":[{"embeddable":true,"href":"https:\/\/www.anika-net.de\/deer\/wp-json\/wp\/v2\/comments?post=36492"}],"version-history":[{"count":0,"href":"https:\/\/www.anika-net.de\/deer\/wp-json\/wp\/v2\/pages\/36492\/revisions"}],"up":[{"embeddable":true,"href":"https:\/\/www.anika-net.de\/deer\/wp-json\/wp\/v2\/pages\/36489"}],"wp:attachment":[{"href":"https:\/\/www.anika-net.de\/deer\/wp-json\/wp\/v2\/media?parent=36492"}],"curies":[{"name":"wp","href":"https:\/\/api.w.org\/{rel}","templated":true}]}}