{"id":34506,"date":"2023-03-07T12:35:50","date_gmt":"2023-03-07T11:35:50","guid":{"rendered":"https:\/\/www.anika-net.de\/ankommen\/wohnen\/muelltrennung\/"},"modified":"2025-06-05T10:43:50","modified_gmt":"2025-06-05T08:43:50","slug":"muelltrennung","status":"publish","type":"page","link":"https:\/\/www.anika-net.de\/de\/ankommen\/wohnen\/muelltrennung\/","title":{"rendered":"M\u00fcll\u00adtren\u00adnung und Abfallentsorgung&nbsp;\ud83d\udeae"},"content":{"rendered":"\n<p>In Karls\u00adru\u00adhe k\u00f6n\u00adnen M\u00fcll bezie\u00adhungs\u00adwei\u00adse Bio\u00adab\u00adf\u00e4l\u00adle in vier ver\u00adschie\u00adde\u00adnen Ton\u00adnen ent\u00adsorgt werden:<\/p>\n\n\n\n<p>\ud83e\uded6 <strong>Rest\u00adm\u00fcll<\/strong>: z.B. kal\u00adte Asche, Gum\u00admi, Hygie\u00adne\u00adar\u00adti\u00adkel wie Taschen\u00adt\u00fc\u00adcher, Kera\u00admik, Windeln.<\/p>\n\n\n\n<p>\u267b\ufe0f <strong>Wert\u00adstoff<\/strong>: z. B. (Ver\u00adpa\u00adckun\u00adgen aus) Kunst\u00adstoff, Metall, unbe\u00adhan\u00addel\u00adtes Holz, Alu\u00adfo\u00adlie, Getr\u00e4n\u00adke-\/Milch\u00adkar\u00adtons, Styropor.<\/p>\n\n\n\n<p>\ud83c\udf4e <strong>Bio\u00adab\u00adfall<\/strong>: z. B. Blu\u00admen und Topf\u00adpflan\u00adzen, Eier\u00adscha\u00adlen, Obst- und Gem\u00fc\u00adse\u00adab\u00adf\u00e4l\u00adle, Kaf\u00adfee\u00adfil\u00adter, Obst\u00adscha\u00adlen (z. B. Oran\u00adgen\u00adscha\u00adlen), rohe und gekoch\u00adte Spei\u00adse\u00adres\u00adte, Teebeutel.<\/p>\n\n\n\n<p>\ud83d\uddde  <strong>Papier\/Pappe<\/strong>: z. B. (Ver\u00adpa\u00adckun\u00adgen aus) Papier, Pap\u00adpe und Kar\u00adton, B\u00fccher, Kata\u00adlo\u00adge, Papier\u00adt\u00fc\u00adten, Schreib\u00adpa\u00adpier, Zeitungen.<\/p>\n\n\n\n<p><strong>Ande\u00adre Abf\u00e4lle:<\/strong><\/p>\n\n\n\n<ul class=\"wp-block-list\">\n<li><strong>Bat\u00adte\u00adrien, Glas, Tex\u00adti\u00adli\u00aden und Gr\u00fcn\u00adab\u00adf\u00e4l\u00adle:<\/strong> \u00fcber die Con\u00adtai\u00adner im gesam\u00adten Stadtgebiet<\/li>\n<\/ul>\n\n\n\n<ul class=\"wp-block-list\">\n<li><strong>Schad\u00adstof\u00adfe<\/strong> zu den Schad\u00adstoff\u00adan\u00adnah\u00adme\u00adstel\u00adlen oder zur mobi\u00adlen Schadstoffsammlung<\/li>\n<\/ul>\n\n\n\n<p>Wei\u00adte\u00adre Infor\u00adma\u00adtio\u00adnen zu den <strong>Ent\u00adsor\u00adgungs\u00adein\u00adrich\u00adtun\u00adgen unter:<\/strong> <strong>\u2197<\/strong> www.karlsruhe.de\/abfall<\/p>\n\n\n\n<div class=\"wp-block-stackable-divider stk-block-divider stk-block stk-c75221f\" data-block-id=\"c75221f\"><hr class=\"stk-block-divider__hr\"><\/div>\n\n\n\n<blockquote class=\"wp-block-stackable-blockquote stk-block-blockquote stk-block stk-5be2ad0 is-style-simple\" data-v=\"2\" data-block-id=\"5be2ad0\"><div class=\"has-text-align-left stk-block-blockquote__content stk-container stk-5be2ad0-container stk--no-background stk--no-padding\"><div class=\"stk-block-content stk-inner-blocks\">\n<div class=\"wp-block-stackable-icon stk-block-icon stk-block stk-4396b9b\" data-block-id=\"4396b9b\"><style>.stk-4396b9b {top:-50px !important;left:-50px !important;position:absolute !important;opacity:0.2 !important;}.stk-4396b9b .stk--svg-wrapper .stk--inner-svg svg:last-child{height:200px !important;width:200px !important;}<\/style><span class=\"stk--svg-wrapper\"><div class=\"stk--inner-svg\"><svg style=\"height:0;width:0\"><defs><linearGradient id=\"linear-gradient-4396b9b\" x1=\"0\" x2=\"100%\" y1=\"0\" y2=\"0\"><stop offset=\"0%\" style=\"stop-opacity:1;stop-color:var(--linear-gradient-4396-b-9-b-color-1)\" \/><stop offset=\"100%\" style=\"stop-opacity:1;stop-color:var(--linear-gradient-4396-b-9-b-color-2)\" \/><\/linearGradient><\/defs><\/svg><svg viewBox=\"0 0 50 50\" aria-hidden=\"true\" width=\"32\" height=\"32\"><path d=\"M19.8 9.3C10.5 11.8 4.6 17 2.1 24.8c2.3-3.6 5.6-5.4 9.9-5.4 3.3 0 6 1.1 8.3 3.3 2.2 2.2 3.4 5 3.4 8.3 0 3.2-1.1 5.8-3.3 8-2.2 2.2-5.1 3.2-8.7 3.2-3.7 0-6.5-1.2-8.6-3.5C1 36.3 0 33.1 0 29 0 18.3 6.5 11.2 19.6 7.9l.2 1.4zm26.4 0C36.9 11.9 31 17 28.5 24.8c2.2-3.6 5.5-5.4 9.8-5.4 3.2 0 6 1.1 8.3 3.2 2.3 2.2 3.4 4.9 3.4 8.3 0 3.1-1.1 5.8-3.3 7.9-2.2 2.2-5.1 3.3-8.6 3.3-3.7 0-6.6-1.1-8.6-3.4-2.1-2.3-3.1-5.5-3.1-9.7 0-10.7 6.6-17.8 19.7-21.1l.1 1.4z\" \/><\/svg><\/div><\/span><\/div>\n\n\n\n<div class=\"wp-block-stackable-text stk-block-text stk-block stk-f0c26cf\" data-block-id=\"f0c26cf\"><p class=\"stk-block-text__text\"><em><strong><span style=\"color: #878585;\" class=\"stk-highlight\">Durch M\u00fcll\u00adtren\u00adnung scho\u00adnen wir unse\u00adre Umwelt, <\/span><\/strong><\/em><br><em><strong><span style=\"color: #878585;\" class=\"stk-highlight\">denn so k\u00f6n\u00adnen z.B. Ver\u00adpa\u00adckun\u00adgen recy\u00adcelt werden.<\/span><\/strong><\/em><\/p><\/div>\n<\/div><\/div><\/blockquote>\n\n\n\n<div class=\"wp-block-stackable-columns stk-block-columns stk-block stk-845409e\" data-block-id=\"845409e\"><div class=\"stk-row stk-inner-blocks stk-block-content stk-content-align stk-845409e-column\">\n<div class=\"wp-block-stackable-column stk-block-column stk-column stk-block stk-579f546\" data-v=\"4\" data-block-id=\"579f546\"><style>@media screen and (min-width:901px){.stk-579f546 {flex:var(--stk-flex-grow, 1) 1 25% !important;}}<\/style><div class=\"stk-column-wrapper stk-block-column__content stk-container stk-579f546-container stk--no-background stk--no-padding\"><div class=\"stk-block-content stk-inner-blocks stk-579f546-inner-blocks\">\n<figure class=\"wp-block-image size-full is-resized\"><img decoding=\"async\" width=\"992\" height=\"728\" src=\"https:\/\/www.anika-net.de\/wp-content\/uploads\/2023\/11\/AfA_Tonne_klein_schwarz.jpg\" alt class=\"wp-image-44052\" style=\"width:130px\" srcset=\"https:\/\/www.anika-net.de\/wp-content\/uploads\/2023\/11\/AfA_Tonne_klein_schwarz.jpg 992w, https:\/\/www.anika-net.de\/wp-content\/uploads\/2023\/11\/AfA_Tonne_klein_schwarz-300x220.jpg 300w, https:\/\/www.anika-net.de\/wp-content\/uploads\/2023\/11\/AfA_Tonne_klein_schwarz-768x564.jpg 768w, https:\/\/www.anika-net.de\/wp-content\/uploads\/2023\/11\/AfA_Tonne_klein_schwarz-480x352.jpg 480w\" sizes=\"(max-width: 992px) 100vw, 992px\"><figcaption class=\"wp-element-caption\"> <strong>Rest\u00adm\u00fcll\u00adton\u00adne<\/strong><\/figcaption><\/figure>\n<\/div><\/div><\/div>\n\n\n\n<div class=\"wp-block-stackable-column stk-block-column stk-column stk-block stk-8d3111b\" data-v=\"4\" data-block-id=\"8d3111b\"><style>@media screen and (min-width:901px){.stk-8d3111b {flex:var(--stk-flex-grow, 1) 1 25% !important;}}<\/style><div class=\"stk-column-wrapper stk-block-column__content stk-container stk-8d3111b-container stk--no-background stk--no-padding\"><div class=\"stk-block-content stk-inner-blocks stk-8d3111b-inner-blocks\">\n<figure class=\"wp-block-image size-thumbnail is-resized\"><img decoding=\"async\" width=\"150\" height=\"150\" src=\"https:\/\/www.anika-net.de\/wp-content\/uploads\/2023\/11\/AfA_Tonne_klein_rot_-150x150.jpg\" alt class=\"wp-image-44067\" style=\"width:100px\" srcset=\"https:\/\/www.anika-net.de\/wp-content\/uploads\/2023\/11\/AfA_Tonne_klein_rot_-150x150.jpg 150w, https:\/\/www.anika-net.de\/wp-content\/uploads\/2023\/11\/AfA_Tonne_klein_rot_-600x600.jpg 600w, https:\/\/www.anika-net.de\/wp-content\/uploads\/2023\/11\/AfA_Tonne_klein_rot_-100x100.jpg 100w, https:\/\/www.anika-net.de\/wp-content\/uploads\/2023\/11\/AfA_Tonne_klein_rot_-200x200.jpg 200w\" sizes=\"(max-width: 150px) 100vw, 150px\"><figcaption class=\"wp-element-caption\"> <strong>Wert\u00adstoff\u00adton\u00adne<\/strong><\/figcaption><\/figure>\n<\/div><\/div><\/div>\n\n\n\n<div class=\"wp-block-stackable-column stk-block-column stk-column stk-block stk-00a08eb\" data-v=\"4\" data-block-id=\"00a08eb\"><style>@media screen and (min-width:901px){.stk-00a08eb {flex:var(--stk-flex-grow, 1) 1 25% !important;}}<\/style><div class=\"stk-column-wrapper stk-block-column__content stk-container stk-00a08eb-container stk--no-background stk--no-padding\"><div class=\"stk-block-content stk-inner-blocks stk-00a08eb-inner-blocks\">\n<figure class=\"wp-block-image size-large is-resized\"><img decoding=\"async\" width=\"1024\" height=\"728\" src=\"https:\/\/www.anika-net.de\/wp-content\/uploads\/2023\/11\/AfA_Tonne_klein_gruen2-1024x728.jpg\" alt class=\"wp-image-44121\" style=\"width:130px\" srcset=\"https:\/\/www.anika-net.de\/wp-content\/uploads\/2023\/11\/AfA_Tonne_klein_gruen2-1024x728.jpg 1024w, https:\/\/www.anika-net.de\/wp-content\/uploads\/2023\/11\/AfA_Tonne_klein_gruen2-300x213.jpg 300w, https:\/\/www.anika-net.de\/wp-content\/uploads\/2023\/11\/AfA_Tonne_klein_gruen2-768x546.jpg 768w, https:\/\/www.anika-net.de\/wp-content\/uploads\/2023\/11\/AfA_Tonne_klein_gruen2-1536x1091.jpg 1536w, https:\/\/www.anika-net.de\/wp-content\/uploads\/2023\/11\/AfA_Tonne_klein_gruen2-2048x1455.jpg 2048w, https:\/\/www.anika-net.de\/wp-content\/uploads\/2023\/11\/AfA_Tonne_klein_gruen2-480x341.jpg 480w\" sizes=\"(max-width: 1024px) 100vw, 1024px\"><figcaption class=\"wp-element-caption\"><strong>      Bioabfall<\/strong><\/figcaption><\/figure>\n<\/div><\/div><\/div>\n\n\n\n<div class=\"wp-block-stackable-column stk-block-column stk-column stk-block stk-c5fa175\" data-v=\"4\" data-block-id=\"c5fa175\"><style>@media screen and (min-width:901px){.stk-c5fa175 {flex:var(--stk-flex-grow, 1) 1 25% !important;}}<\/style><div class=\"stk-column-wrapper stk-block-column__content stk-container stk-c5fa175-container stk--no-background stk--no-padding\"><div class=\"stk-block-content stk-inner-blocks stk-c5fa175-inner-blocks\">\n<figure class=\"wp-block-image size-full is-resized\"><img decoding=\"async\" width=\"992\" height=\"729\" src=\"https:\/\/www.anika-net.de\/wp-content\/uploads\/2023\/11\/AfA_Tonne_klein_blau_.jpg\" alt class=\"wp-image-44097\" style=\"width:140px\" srcset=\"https:\/\/www.anika-net.de\/wp-content\/uploads\/2023\/11\/AfA_Tonne_klein_blau_.jpg 992w, https:\/\/www.anika-net.de\/wp-content\/uploads\/2023\/11\/AfA_Tonne_klein_blau_-300x220.jpg 300w, https:\/\/www.anika-net.de\/wp-content\/uploads\/2023\/11\/AfA_Tonne_klein_blau_-768x564.jpg 768w, https:\/\/www.anika-net.de\/wp-content\/uploads\/2023\/11\/AfA_Tonne_klein_blau_-480x353.jpg 480w\" sizes=\"(max-width: 992px) 100vw, 992px\"><figcaption class=\"wp-element-caption\"><strong>     Papiertonne<\/strong><\/figcaption><\/figure>\n<\/div><\/div><\/div>\n<\/div><\/div>\n\n\n\n<h2 class=\"wp-block-heading\">Abfall\u00adent\u00adsor\u00adgung in Karls\u00adru\u00adhe \ud83d\uddd1\ufe0f<\/h2>\n\n\n\n<p>In Karls\u00adru\u00adhe gibt es vier Ton\u00adnen. M\u00fcll wird sor\u00adten\u00adrein in Bio\u00adab\u00adfall, Papier, Rest\u00adm\u00fcll und Wert\u00adstof\u00adfe getrennt. Elek\u00adtro\u00adm\u00fcll geh\u00f6rt \u00fcbri\u00adgens nicht in die Ton\u00adne. Er ist geson\u00addert zu ent\u00adsor\u00adgen. Dar\u00ad\u00fcber hin\u00adaus hat jeder Karls\u00adru\u00adher Haus\u00adhalt <strong>zwei\u00admal im Jahr<\/strong> die M\u00f6glich\u00adkeit, Sperr\u00adm\u00fcll <strong>kos\u00adten\u00adlos und bequem zu entsorgen.<\/strong><\/p>\n\n\n\n<ul class=\"wp-block-list\">\n<li>\ud83d\ude9b Abfuhr\u00adka\u00adlen\u00adder \u2013 <strong>\u2197 <a href=\"https:\/\/web6.karlsruhe.de\/service\/abfall\/akal\/akal.php\" rel=\"noopener\">Ent\u00adsor\u00adgungs\u00adter\u00admi\u00adne<\/a> <\/strong><\/li>\n\n\n\n<li>\ud83d\ude9b Abfall\u00adton\u00adnen \u2013 <strong>\u2197<\/strong> <strong><a href=\"https:\/\/tsk.karlsruhe.de\/unsere-leistungen\/formulare\/bestellung\/abbestellung-abfallbehaelter\" rel=\"noopener\">Bestel\u00adlen \/ \u00c4ndern \/ Abbe\u00adstel\u00adlung<\/a> <\/strong><\/li>\n\n\n\n<li>\ud83d\ude9b Papier\u00adton\u00adne \u2013 <strong>\u2197<\/strong> <strong><a href=\"https:\/\/tsk.karlsruhe.de\/unsere-leistungen\/formulare\/befreiung-papiertonne\" rel=\"noopener\">Antrag auf Befrei\u00adung<\/a> <\/strong><\/li>\n\n\n\n<li>\ud83d\ude9b Sperr\u00adm\u00fcll \u2013 <strong>\u2197<\/strong> <strong><a href=\"https:\/\/web6.karlsruhe.de\/service\/abfall\/sperrmuell_abruf\/index.php\" rel=\"noopener\">Abhol\u00adter\u00admin ver\u00adein\u00adba\u00adren<\/a> <\/strong><\/li>\n\n\n\n<li>\ud83d\ude9b Wei\u00ad\u00dfe Ware \u2013 <strong>\u2197<\/strong> <strong><a href=\"https:\/\/web6.karlsruhe.de\/service\/abfall\/sperrmuell_abruf\/index_ww.php\" rel=\"noopener\">Abhol\u00adter\u00admin ver\u00adein\u00adba\u00adren<\/a> <\/strong><\/li>\n<\/ul>\n","protected":false},"excerpt":{"rendered":"<p>In Karls\u00adru\u00adhe k\u00f6n\u00adnen M\u00fcll bezie\u00adhungs\u00adwei\u00adse Bio\u00adab\u00adf\u00e4l\u00adle in vier ver\u00adschie\u00adde\u00adnen Ton\u00adnen ent\u00adsorgt wer\u00adden: \ud83e\uded6 Rest\u00adm\u00fcll: z.B. kal\u00adte Asche, Gum\u00admi, Hygie\u00adne\u00adar\u00adti\u00adkel wie Taschen\u00adt\u00fc\u00adcher, Kera\u00admik, Win\u00addeln. \u267b\ufe0f Wert\u00adstoff: z. B. (Ver\u00adpa\u00adckun\u00adgen aus) Kunst\u00adstoff,&nbsp;<a class=\"moretag\" href=\"https:\/\/www.anika-net.de\/de\/ankommen\/wohnen\/muelltrennung\/\">mehr<\/a><\/p>\n","protected":false},"author":1,"featured_media":0,"parent":876,"menu_order":50,"comment_status":"closed","ping_status":"closed","template":"","meta":{"_acf_changed":false,"inline_featured_image":false,"_uag_custom_page_level_css":"","wp_typography_post_enhancements_disabled":false,"footnotes":""},"class_list":["post-34506","page","type-page","status-publish","hentry"],"acf":[],"featured_image_urls_v2":{"full":"","thumbnail":"","medium":"","medium_large":"","large":"","1536x1536":"","2048x2048":"","event-overview":"","event-archive-thumb":"","grid-item-thumbnail":"","network-partner-icon":"","organiser-icon":"","gform-image-choice-sm":"","gform-image-choice-md":"","gform-image-choice-lg":""},"post_excerpt_stackable_v2":"<p>In Karls\u00adru\u00adhe k\u00f6n\u00adnen M\u00fcll bezie\u00adhungs\u00adwei\u00adse Bio\u00adab\u00adf\u00e4l\u00adle in vier ver\u00adschie\u00adde\u00adnen Ton\u00adnen ent\u00adsorgt wer\u00adden: \ud83e\uded6 Rest\u00adm\u00fcll: z.B. kal\u00adte Asche, Gum\u00admi, Hygie\u00adne\u00adar\u00adti\u00adkel wie Taschen\u00adt\u00fc\u00adcher, Kera\u00admik, Win\u00addeln. \u267b\ufe0f Wert\u00adstoff: z. B. (Ver\u00adpa\u00adckun\u00adgen aus) Kunst\u00adstoff, Metall, unbe\u00adhan\u00addel\u00adtes Holz, Alu\u00adfo\u00adlie, Getr\u00e4n\u00adke-\/Milch\u00ad\u00adkar\u00ad\u00adtons, Sty\u00adro\u00adpor. \ud83c\udf4e Bio\u00adab\u00adfall: z. B. Blu\u00admen und Topf\u00adpflan\u00adzen, Eier\u00adscha\u00adlen, Obst- und Gem\u00fc\u00adse\u00adab\u00adf\u00e4l\u00adle, Kaf\u00adfee\u00adfil\u00adter, Obst\u00adscha\u00adlen (z. B. Oran\u00adgen\u00adscha\u00adlen), rohe und gekoch\u00adte Spei\u00adse\u00adres\u00adte, Tee\u00adbeu\u00adtel. \ud83d\uddde Papier\/Pappe: z. B. (Ver\u00adpa\u00adckun\u00adgen aus) Papier, Pap\u00adpe und Kar\u00adton, B\u00fccher, Kata\u00adlo\u00adge, Papier\u00adt\u00fc\u00adten, Schreib\u00adpa\u00adpier, Zei\u00adtun\u00adgen. Ande\u00adre Abf\u00e4l\u00adle: Bat\u00adte\u00adrien, Glas, Tex\u00adti\u00adli\u00aden und Gr\u00fcn\u00adab\u00adf\u00e4l\u00adle: \u00fcber die Con\u00adtai\u00adner im gesam\u00adten Stadt\u00adge\u00adbiet Schad\u00adstof\u00adfe zu den Schad\u00adstoff\u00adan\u00adnah\u00adme\u00adstel\u00adlen oder zur mobi\u00adlen Schad\u00adstoff\u00adsamm\u00adlung Wei\u00adte\u00adre Infor\u00adma\u00adtio\u00adnen zu den Ent\u00adsor\u00adgungs\u00adein\u00adrich\u00adtun\u00adgen&nbsp;unter:&nbsp;\u2197\u2026<\/p>\n","category_list_v2":"","author_info_v2":{"name":"saasweb-admin","url":"https:\/\/www.anika-net.de\/de\/author\/saasweb-admin\/"},"comments_num_v2":"0 comments","uagb_featured_image_src":{"full":false,"thumbnail":false,"medium":false,"medium_large":false,"large":false,"1536x1536":false,"2048x2048":false,"event-overview":false,"event-archive-thumb":false,"grid-item-thumbnail":false,"network-partner-icon":false,"organiser-icon":false,"gform-image-choice-sm":false,"gform-image-choice-md":false,"gform-image-choice-lg":false},"uagb_author_info":{"display_name":"saasweb-admin","author_link":"https:\/\/www.anika-net.de\/de\/author\/saasweb-admin\/"},"uagb_comment_info":0,"uagb_excerpt":"In Karls\u00adru\u00adhe k\u00f6n\u00adnen M\u00fcll bezie\u00adhungs\u00adwei\u00adse Bio\u00adab\u00adf\u00e4l\u00adle in vier ver\u00adschie\u00adde\u00adnen Ton\u00adnen ent\u00adsorgt werden: \ud83e\uded6 Rest\u00adm\u00fcll: z.B. kal\u00adte Asche, Gum\u00admi, Hygie\u00adne\u00adar\u00adti\u00adkel wie Taschen\u00adt\u00fc\u00adcher, Kera\u00admik, Windeln. \u267b\ufe0f Wert\u00adstoff: z. B. (Ver\u00adpa\u00adckun\u00adgen aus) Kunst\u00adstoff,&nbsp;mehr","_links":{"self":[{"href":"https:\/\/www.anika-net.de\/de\/wp-json\/wp\/v2\/pages\/34506","targetHints":{"allow":["GET"]}}],"collection":[{"href":"https:\/\/www.anika-net.de\/de\/wp-json\/wp\/v2\/pages"}],"about":[{"href":"https:\/\/www.anika-net.de\/de\/wp-json\/wp\/v2\/types\/page"}],"author":[{"embeddable":true,"href":"https:\/\/www.anika-net.de\/de\/wp-json\/wp\/v2\/users\/1"}],"replies":[{"embeddable":true,"href":"https:\/\/www.anika-net.de\/de\/wp-json\/wp\/v2\/comments?post=34506"}],"version-history":[{"count":7,"href":"https:\/\/www.anika-net.de\/de\/wp-json\/wp\/v2\/pages\/34506\/revisions"}],"predecessor-version":[{"id":62072,"href":"https:\/\/www.anika-net.de\/de\/wp-json\/wp\/v2\/pages\/34506\/revisions\/62072"}],"up":[{"embeddable":true,"href":"https:\/\/www.anika-net.de\/de\/wp-json\/wp\/v2\/pages\/876"}],"wp:attachment":[{"href":"https:\/\/www.anika-net.de\/de\/wp-json\/wp\/v2\/media?parent=34506"}],"curies":[{"name":"wp","href":"https:\/\/api.w.org\/{rel}","templated":true}]}}