{"id":34486,"date":"2023-03-07T11:32:43","date_gmt":"2023-03-07T10:32:43","guid":{"rendered":"https:\/\/www.anika-net.de\/?page_id=34486"},"modified":"2026-03-25T11:53:18","modified_gmt":"2026-03-25T10:53:18","slug":"vwv-deutschkurse","status":"publish","type":"page","link":"https:\/\/www.anika-net.de\/de\/deutsch-lernen\/vwv-deutschkurse\/","title":{"rendered":"VwV Deutsch\u00adkur\u00adse \u2013 zer\u00adti\u00adfi\u00adzier\u00adte Sprachkurse"},"content":{"rendered":"\n<div class=\"wp-block-stackable-call-to-action stk-block-call-to-action stk-block stk-b412c86 is-style-default\" data-v=\"2\" data-block-id=\"b412c86\"><div class=\"stk-block-call-to-action__content stk-content-align stk-b412c86-column stk-container stk-b412c86-container stk-hover-parent\"><div class=\"has-text-align-center stk-block-content stk-inner-blocks stk-b412c86-inner-blocks\">\n<div class=\"wp-block-stackable-text stk-block-text stk-block stk-90a82b9\" data-block-id=\"90a82b9\"><p class=\"stk-block-text__text\">In Karls\u00adru\u00adhe gibt es vie\u00adle M\u00f6g\u00adlich\u00adkei\u00adten f\u00fcr (Neu)zugewanderte Deutsch zu ler\u00adnen. Wich\u00adtig ist dabei zu wis\u00adsen, dass <strong>Inte\u00adgra\u00adti\u00adons\u00adkur\u00adse, Berufs\u00adbe\u00adzo\u00adge\u00adne Sprach\u00adkur\u00adse und VwV Deutsch\u00adkur\u00adse zer\u00adti\u00adfi\u00adzier\u00adte Sprach\u00adkur\u00adse sind<\/strong>. Das hei\u00dft, dass die Teil\u00adneh\u00admen\u00adden am Ende die\u00adser Kur\u00adse eine Pr\u00fc\u00adfung able\u00adgen und ein offi\u00adzi\u00adel\u00adles Sprach\u00adzer\u00adti\u00adfi\u00adkat bekom\u00admen k\u00f6nnen.<\/p><\/div>\n<\/div><\/div><\/div>\n\n\n\n<h2 class=\"wp-block-heading\">Deutsch\u00adkur\u00adse nach Ver\u00adwal\u00adtungs\u00advor\u00adschrift Deutsch (VwV Deutsch)<\/h2>\n\n\n\n<p>Da nicht alle Per\u00adso\u00adnen an den Inte\u00adgra\u00adti\u00adons\u00adkur\u00adsen teil\u00adneh\u00admen d\u00fcr\u00adfen, setzt die Stadt Karls\u00adru\u00adhe die <strong>VwV Deutsch\u00adkur\u00adse<\/strong> um.<\/p>\n\n\n\n<ul class=\"wp-block-list\">\n<li>An den VwV Deutsch\u00adkur\u00adsen k\u00f6n\u00adnen \u00adPer\u00adso\u00adnen teil\u00adneh\u00admen, <strong>die kei\u00adnen Anspruch auf Integra\u00adti\u00adons\u00adkur\u00adse ha\u00adben<\/strong>, bezie\u00adhungs\u00adweise die\u00adse prak\u00adtisch nicht besu\u00adchen k\u00f6nnen.<\/li>\n<\/ul>\n\n\n\n<p>Au\u00dfer VwV Deutsch\u00adkur\u00adsen mit Kin\u00adder\u00adbe\u00adtreu\u00adung wer\u00adden in Karls\u00adru\u00adhe noch fol\u00adgen\u00adde VwV Deutsch\u00adkur\u00adse angeboten:<\/p>\n\n\n\n<h3 class=\"wp-block-heading\"><span style=\"color: #079799;\" class=\"stk-highlight\">1. Som\u00admer\u00adfe\u00adri\u00aden\u00adkur\u00adse <\/span><strong><span style=\"color: #079799;\" class=\"stk-highlight\">f\u00fcr Jugend\u00adli\u00adche und jun\u00adge Er\u00adwach\u00adsene am \u00dcber\u00adgang von der Schu\u00adle in die Aus\u00adbil\u00addung<\/span>&nbsp;&nbsp;&nbsp;<\/strong><\/h3>\n\n\n\n<p>Sommer\u00adin\u00adten\u00adsiv\u00adkurse fin\u00adden mit insge\u00adsam\u00adt 150 Unter\u00adrichts\u00adein\u00adhei\u00adten (cir\u00adca f\u00fcnf bis sechs Wochen) in den Som\u00admer\u00adfe\u00adrien statt.<br>Die Kur\u00adse enden mit einer zerti\u00adfi\u00adzier\u00adten \u00adPr\u00fc\u00adfung im Zielsprach\u00adni\u00adveau B1 oder&nbsp;B2.<\/p>\n\n\n\n\n\n<div class=\"wp-block-stackable-divider stk-block-divider stk-block stk-a5c9963\" data-block-id=\"a5c9963\"><hr class=\"stk-block-divider__hr\"><\/div>\n\n\n\n<h3 class=\"wp-block-heading\"><strong><span style=\"color: #079799;\" class=\"stk-highlight\">2. F\u00f6r\u00adde\u00adrung ein\u00adzel\u00adner Per\u00adso\u00adnen, die kei\u00adnen Anspruch auf Integra\u00adti\u00adons\u00adkurse&nbsp;haben<\/span><\/strong><\/h3>\n\n\n\n<p>Die Ziel\u00adgrup\u00adpe die\u00adser F\u00f6r\u00adde\u00adrung sind alle Zugewan\u00adderten, die kei\u00adnen oder noch kei\u00adnen Zugang zu den Integra\u00adti\u00adons\u00adkur\u00adsen haben und die nicht unmit\u00adtel\u00adbar vor der Abschie\u00adbung bedroht sind.<\/p>\n\n\n\n<p><strong>Anmel\u00addung<\/strong><\/p>\n\n\n\n<ul class=\"wp-block-list\">\n<li>Bit\u00adte sen\u00adden Sie uns zur Anmel\u00addung f\u00fcr einen <strong>VwV-Deutsch\u00adkurs<\/strong> <strong>\u2197<\/strong> <strong><a href=\"https:\/\/www.anika-net.de\/wp-content\/uploads\/2026\/03\/Antrag_VwV-Deutsch_neu.pdf\">den ausge\u00adf\u00fcll\u00adten und unter\u00adschrie\u00adbe\u00adnen An\u00adtrag<\/a><\/strong> im Original<\/li>\n<\/ul>\n\n\n\n<ul class=\"wp-block-list\">\n<li>die <strong>Kopie Ihres Aufent\u00adhalts\u00adti\u00adtels<\/strong> (in Form einer Aufent\u00adhalts\u00ader\u00adlaub\u00adnis, einer Aufent\u00adhalts\u00adge\u00adstat\u00adtung, einer \u00adDul\u00addung oder bei EU-B\u00fcr\u00adgern eines Ausweises)<\/li>\n<\/ul>\n\n\n\n<p>\ud83d\udd10 <strong>Infor\u00adma\u00adti\u00adon zur Daten\u00ader\u00adhe\u00adbung<\/strong> fin\u00adden Sie <strong>\u2197<\/strong> <strong><a href=\"https:\/\/www.anika-net.de\/wp-content\/uploads\/2025\/02\/4-Datenschutzinformation-BfI.pdf\">hier<\/a><\/strong><\/p>\n\n\n\n<p><strong>Kon\u00adtakt<\/strong><br>Bei Fra\u00adgen ber\u00e4t das B\u00fcro f\u00fcr Inte\u00adgra\u00adti\u00adon Sie ger\u00adne tele\u00adfo\u00adnisch \ud83d\udcde <a href=\"tel:07211335727\">0721 133\u20115727<\/a>&nbsp; o\u00adder per \ud83d\udce7 <a href=\"javascript:linkTo_UnCryptMailto(%27drzckf1slvif5wlvi5zekvxirkzfeRjas5bricjilyv5u%27);\">buero.fuer.integration@sjb.karlsruhe.de<\/a><br><br><em><span style=\"color: #4d4d4d;\" class=\"stk-highlight\">Die VwV Deutsch\u00adkur\u00adse wer\u00adden durch Mit\u00adtel des Lan\u00addes Baden-W\u00fcrt\u00adte\u00adm\u00ad\u00adber\u00adg und der Stadt Karls\u00adru\u00adhe gef\u00f6rdert.<\/span><\/em><\/p>\n\n\n\n<p><\/p>\n","protected":false},"excerpt":{"rendered":"<p>In Karls\u00adru\u00adhe gibt es vie\u00adle M\u00f6g\u00adlich\u00adkei\u00adten f\u00fcr (Neu)zugewanderte Deutsch zu ler\u00adnen. Wich\u00adtig ist dabei zu wis\u00adsen, dass Inte\u00adgra\u00adti\u00adons\u00adkur\u00adse, Berufs\u00adbe\u00adzo\u00adge\u00adne Sprach\u00adkur\u00adse und VwV Deutsch\u00adkur\u00adse zer\u00adti\u00adfi\u00adzier\u00adte Sprach\u00adkur\u00adse sind. Das hei\u00dft, dass die&nbsp;<a class=\"moretag\" href=\"https:\/\/www.anika-net.de\/de\/deutsch-lernen\/vwv-deutschkurse\/\">mehr<\/a><\/p>\n","protected":false},"author":12,"featured_media":34427,"parent":34695,"menu_order":30,"comment_status":"closed","ping_status":"closed","template":"","meta":{"_acf_changed":false,"inline_featured_image":false,"_uag_custom_page_level_css":"","wp_typography_post_enhancements_disabled":false,"footnotes":""},"class_list":["post-34486","page","type-page","status-publish","has-post-thumbnail","hentry"],"acf":[],"featured_image_urls_v2":{"full":["https:\/\/www.anika-net.de\/wp-content\/uploads\/2023\/03\/Andere-Deutsch-Kurse_Kacheln-4.png",2000,1111,false],"thumbnail":["https:\/\/www.anika-net.de\/wp-content\/uploads\/2023\/03\/Andere-Deutsch-Kurse_Kacheln-4-150x150.png",150,150,true],"medium":["https:\/\/www.anika-net.de\/wp-content\/uploads\/2023\/03\/Andere-Deutsch-Kurse_Kacheln-4-300x167.png",300,167,true],"medium_large":["https:\/\/www.anika-net.de\/wp-content\/uploads\/2023\/03\/Andere-Deutsch-Kurse_Kacheln-4-768x427.png",640,356,true],"large":["https:\/\/www.anika-net.de\/wp-content\/uploads\/2023\/03\/Andere-Deutsch-Kurse_Kacheln-4-1024x569.png",640,356,true],"1536x1536":["https:\/\/www.anika-net.de\/wp-content\/uploads\/2023\/03\/Andere-Deutsch-Kurse_Kacheln-4-1536x853.png",1536,853,true],"2048x2048":["https:\/\/www.anika-net.de\/wp-content\/uploads\/2023\/03\/Andere-Deutsch-Kurse_Kacheln-4.png",2000,1111,false],"event-overview":["https:\/\/www.anika-net.de\/wp-content\/uploads\/2023\/03\/Andere-Deutsch-Kurse_Kacheln-4-960x640.png",960,640,true],"event-archive-thumb":["https:\/\/www.anika-net.de\/wp-content\/uploads\/2023\/03\/Andere-Deutsch-Kurse_Kacheln-4-480x267.png",480,267,true],"grid-item-thumbnail":["https:\/\/www.anika-net.de\/wp-content\/uploads\/2023\/03\/Andere-Deutsch-Kurse_Kacheln-4-360x200.png",360,200,true],"network-partner-icon":["https:\/\/www.anika-net.de\/wp-content\/uploads\/2023\/03\/Andere-Deutsch-Kurse_Kacheln-4-100x100.png",100,100,true],"organiser-icon":["https:\/\/www.anika-net.de\/wp-content\/uploads\/2023\/03\/Andere-Deutsch-Kurse_Kacheln-4-200x200.png",200,200,true],"gform-image-choice-sm":["https:\/\/www.anika-net.de\/wp-content\/uploads\/2023\/03\/Andere-Deutsch-Kurse_Kacheln-4.png",300,167,false],"gform-image-choice-md":["https:\/\/www.anika-net.de\/wp-content\/uploads\/2023\/03\/Andere-Deutsch-Kurse_Kacheln-4.png",400,222,false],"gform-image-choice-lg":["https:\/\/www.anika-net.de\/wp-content\/uploads\/2023\/03\/Andere-Deutsch-Kurse_Kacheln-4.png",600,333,false]},"post_excerpt_stackable_v2":"<p>In Karls\u00adru\u00adhe gibt es vie\u00adle M\u00f6g\u00adlich\u00adkei\u00adten f\u00fcr (Neu)zugewanderte Deutsch zu ler\u00adnen. Wich\u00adtig ist dabei zu wis\u00adsen, dass Inte\u00adgra\u00adti\u00adons\u00adkur\u00adse, Berufs\u00adbe\u00adzo\u00adge\u00adne Sprach\u00adkur\u00adse und VwV Deutsch\u00adkur\u00adse zer\u00adti\u00adfi\u00adzier\u00adte Sprach\u00adkur\u00adse sind. Das hei\u00dft, dass die Teil\u00adneh\u00admen\u00adden am Ende die\u00adser Kur\u00adse eine Pr\u00fc\u00adfung able\u00adgen und ein offi\u00adzi\u00adel\u00adles Sprach\u00adzer\u00adti\u00adfi\u00adkat bekom\u00admen k\u00f6n\u00adnen. Deutsch\u00adkur\u00adse nach Ver\u00adwal\u00adtungs\u00advor\u00adschrift Deutsch (VwV Deutsch) Da nicht alle Per\u00adso\u00adnen an den Inte\u00adgra\u00adti\u00adons\u00adkur\u00adsen teil\u00adneh\u00admen d\u00fcr\u00adfen, setzt die Stadt Karls\u00adru\u00adhe die VwV Deutsch\u00adkur\u00adse um. An den VwV Deutsch\u00adkur\u00adsen k\u00f6n\u00adnen \u00adPer\u00adso\u00adnen teil\u00adneh\u00admen, die kei\u00adnen Anspruch auf Integra\u00adti\u00adons\u00adkur\u00adse ha\u00adben, bezie\u00adhungs\u00adweise die\u00adse prak\u00adtisch nicht besu\u00adchen k\u00f6n\u00adnen. Au\u00dfer VwV Deutsch\u00adkur\u00adsen mit Kin\u00adder\u00adbe\u00adtreu\u00adung wer\u00adden in Karls\u00adru\u00adhe noch fol\u00adgen\u00adde VwV Deutsch\u00adkur\u00adse ange\u00adbo\u00adten:&nbsp;1.\u2026<\/p>\n","category_list_v2":"","author_info_v2":{"name":"Andrea Ramirez","url":"https:\/\/www.anika-net.de\/de\/author\/andrea-ramirez\/"},"comments_num_v2":"0 comments","uagb_featured_image_src":{"full":["https:\/\/www.anika-net.de\/wp-content\/uploads\/2023\/03\/Andere-Deutsch-Kurse_Kacheln-4.png",2000,1111,false],"thumbnail":["https:\/\/www.anika-net.de\/wp-content\/uploads\/2023\/03\/Andere-Deutsch-Kurse_Kacheln-4-150x150.png",150,150,true],"medium":["https:\/\/www.anika-net.de\/wp-content\/uploads\/2023\/03\/Andere-Deutsch-Kurse_Kacheln-4-300x167.png",300,167,true],"medium_large":["https:\/\/www.anika-net.de\/wp-content\/uploads\/2023\/03\/Andere-Deutsch-Kurse_Kacheln-4-768x427.png",640,356,true],"large":["https:\/\/www.anika-net.de\/wp-content\/uploads\/2023\/03\/Andere-Deutsch-Kurse_Kacheln-4-1024x569.png",640,356,true],"1536x1536":["https:\/\/www.anika-net.de\/wp-content\/uploads\/2023\/03\/Andere-Deutsch-Kurse_Kacheln-4-1536x853.png",1536,853,true],"2048x2048":["https:\/\/www.anika-net.de\/wp-content\/uploads\/2023\/03\/Andere-Deutsch-Kurse_Kacheln-4.png",2000,1111,false],"event-overview":["https:\/\/www.anika-net.de\/wp-content\/uploads\/2023\/03\/Andere-Deutsch-Kurse_Kacheln-4-960x640.png",960,640,true],"event-archive-thumb":["https:\/\/www.anika-net.de\/wp-content\/uploads\/2023\/03\/Andere-Deutsch-Kurse_Kacheln-4-480x267.png",480,267,true],"grid-item-thumbnail":["https:\/\/www.anika-net.de\/wp-content\/uploads\/2023\/03\/Andere-Deutsch-Kurse_Kacheln-4-360x200.png",360,200,true],"network-partner-icon":["https:\/\/www.anika-net.de\/wp-content\/uploads\/2023\/03\/Andere-Deutsch-Kurse_Kacheln-4-100x100.png",100,100,true],"organiser-icon":["https:\/\/www.anika-net.de\/wp-content\/uploads\/2023\/03\/Andere-Deutsch-Kurse_Kacheln-4-200x200.png",200,200,true],"gform-image-choice-sm":["https:\/\/www.anika-net.de\/wp-content\/uploads\/2023\/03\/Andere-Deutsch-Kurse_Kacheln-4.png",300,167,false],"gform-image-choice-md":["https:\/\/www.anika-net.de\/wp-content\/uploads\/2023\/03\/Andere-Deutsch-Kurse_Kacheln-4.png",400,222,false],"gform-image-choice-lg":["https:\/\/www.anika-net.de\/wp-content\/uploads\/2023\/03\/Andere-Deutsch-Kurse_Kacheln-4.png",600,333,false]},"uagb_author_info":{"display_name":"Andrea Ramirez","author_link":"https:\/\/www.anika-net.de\/de\/author\/andrea-ramirez\/"},"uagb_comment_info":0,"uagb_excerpt":"In Karls\u00adru\u00adhe gibt es vie\u00adle M\u00f6g\u00adlich\u00adkei\u00adten f\u00fcr (Neu)zugewanderte Deutsch zu ler\u00adnen. Wich\u00adtig ist dabei zu wis\u00adsen, dass Inte\u00adgra\u00adti\u00adons\u00adkur\u00adse, Berufs\u00adbe\u00adzo\u00adge\u00adne Sprach\u00adkur\u00adse und VwV Deutsch\u00adkur\u00adse zer\u00adti\u00adfi\u00adzier\u00adte Sprach\u00adkur\u00adse sind. Das hei\u00dft, dass die&nbsp;mehr","_links":{"self":[{"href":"https:\/\/www.anika-net.de\/de\/wp-json\/wp\/v2\/pages\/34486","targetHints":{"allow":["GET"]}}],"collection":[{"href":"https:\/\/www.anika-net.de\/de\/wp-json\/wp\/v2\/pages"}],"about":[{"href":"https:\/\/www.anika-net.de\/de\/wp-json\/wp\/v2\/types\/page"}],"author":[{"embeddable":true,"href":"https:\/\/www.anika-net.de\/de\/wp-json\/wp\/v2\/users\/12"}],"replies":[{"embeddable":true,"href":"https:\/\/www.anika-net.de\/de\/wp-json\/wp\/v2\/comments?post=34486"}],"version-history":[{"count":26,"href":"https:\/\/www.anika-net.de\/de\/wp-json\/wp\/v2\/pages\/34486\/revisions"}],"predecessor-version":[{"id":119937,"href":"https:\/\/www.anika-net.de\/de\/wp-json\/wp\/v2\/pages\/34486\/revisions\/119937"}],"up":[{"embeddable":true,"href":"https:\/\/www.anika-net.de\/de\/wp-json\/wp\/v2\/pages\/34695"}],"wp:featuredmedia":[{"embeddable":true,"href":"https:\/\/www.anika-net.de\/de\/wp-json\/wp\/v2\/media\/34427"}],"wp:attachment":[{"href":"https:\/\/www.anika-net.de\/de\/wp-json\/wp\/v2\/media?parent=34486"}],"curies":[{"name":"wp","href":"https:\/\/api.w.org\/{rel}","templated":true}]}}