{"id":34479,"date":"2023-03-07T11:23:07","date_gmt":"2023-03-07T10:23:07","guid":{"rendered":"https:\/\/www.anika-net.de\/?page_id=34479"},"modified":"2025-09-02T13:48:51","modified_gmt":"2025-09-02T11:48:51","slug":"deutschkurs-mit-kinderbetreuung","status":"publish","type":"page","link":"https:\/\/www.anika-net.de\/de\/deutsch-lernen\/deutschkurs-mit-kinderbetreuung\/","title":{"rendered":"Deutsch\u00adkurs mit Kinderbetreuung"},"content":{"rendered":"\n<h2 class=\"wp-block-heading\"><span style=\"color: #eda007;\" class=\"stk-highlight\">Aktu\u00adel\u00adles<\/span><\/h2>\n\n\n\n<details class=\"wp-block-stackable-accordion stk-block-accordion stk-inner-blocks stk-block-content stk-block stk-5cd5a95 is-style-default\" data-block-id=\"5cd5a95\">\n<summary class=\"wp-block-stackable-column stk-block-column stk-column stk-block stk-b782cae stk--container-small stk-block-accordion__heading\" data-v=\"4\" data-block-id=\"b782cae\"><div class=\"stk-column-wrapper stk-block-column__content stk-container stk-b782cae-container stk-hover-parent\"><div class=\"stk-block-content stk-inner-blocks stk-b782cae-inner-blocks\">\n<div class=\"wp-block-stackable-icon-label stk-block-icon-label stk-block stk-97d1019\" data-block-id=\"97d1019\"><div class=\"stk-row stk-inner-blocks stk-block-content\">\n<div class=\"wp-block-stackable-heading stk-block-heading stk-block-heading--v2 stk-block stk-251cc4c\" id=\"integrationskurs-mit-kinderbeaufsichtigung-in-karlsruhe\" data-block-id=\"251cc4c\"><h4 class=\"stk-block-heading__text\">Inte\u00adgra\u00adti\u00adons\u00adkurs mit Kin\u00adder\u00adbe\u00adauf\u00adsich\u00adti\u00adgung in Karlsruhe<\/h4><\/div>\n\n\n\n<div class=\"wp-block-stackable-icon stk-block-icon stk-block stk-eb77f8d\" data-block-id=\"eb77f8d\"><span class=\"stk--svg-wrapper\"><div class=\"stk--inner-svg\"><svg style=\"height:0;width:0\"><defs><linearGradient id=\"linear-gradient-eb77f8d\" x1=\"0\" x2=\"100%\" y1=\"0\" y2=\"0\"><stop offset=\"0%\" style=\"stop-opacity:1;stop-color:var(--linear-gradient-eb-77-f-8-d-color-1)\" \/><stop offset=\"100%\" style=\"stop-opacity:1;stop-color:var(--linear-gradient-eb-77-f-8-d-color-2)\" \/><\/linearGradient><\/defs><\/svg><svg data-prefix=\"fas\" data-icon=\"chevron-down\" class=\"svg-inline--fa fa-chevron-down fa-w-14\" viewBox=\"0 0 448 512\" aria-hidden=\"true\" width=\"32\" height=\"32\"><path fill=\"currentColor\" d=\"M207.029 381.476L12.686 187.132c-9.373-9.373-9.373-24.569 0-33.941l22.667-22.667c9.357-9.357 24.522-9.375 33.901-.04L224 284.505l154.745-154.021c9.379-9.335 24.544-9.317 33.901.04l22.667 22.667c9.373 9.373 9.373 24.569 0 33.941L240.971 381.476c-9.373 9.372-24.569 9.372-33.942 0z\" \/><\/svg><\/div><\/span><\/div>\n<\/div><\/div>\n<\/div><\/div><\/summary>\n\n\n\n<div class=\"wp-block-stackable-column stk-block-column stk-column stk-block stk-6d97222 stk-block-accordion__content\" data-v=\"4\" data-block-id=\"6d97222\"><div class=\"stk-column-wrapper stk-block-column__content stk-container stk-6d97222-container stk--no-background stk--no-padding\"><div class=\"stk-block-content stk-inner-blocks stk-6d97222-inner-blocks\">\n<div class=\"wp-block-stackable-text stk-block-text stk-block stk-56fb942\" data-block-id=\"56fb942\"><p class=\"stk-block-text__text\"><strong>Wann:<\/strong> 06. Okto\u00adber 2025 bis 10. 12.2025<br><strong>Unter\u00adrichts\u00adta\u00adge:<\/strong> Mon\u00adtag, Diens\u00adtag und don\u00adners\u00adtag<br>\ud83d\udd63 8:30 bis 12:45 Uhr<br>Die <strong>Kin\u00adder <\/strong>sol\u00adlen <strong>um 08:15 Uhr gebacht und bis 13:00 Uhr abge\u00adholt.<\/strong><br><strong>Wo:<\/strong> im ibz Karls\u00adru\u00adhe \u2013 Kai\u00adser\u00adal\u00adlee 12 d, 76133 Karls\u00adru\u00adhe<br><br>Mehr infos \u2197\ufe0f <strong><a href=\"https:\/\/www.anika-net.de\/de\/event\/deutschkurs-fuer-frauen-mit-kinderbetreuung\/\">hier<\/a><\/strong><\/p><\/div>\n<\/div><\/div><\/div>\n<\/details>\n\n\n\n<details class=\"wp-block-stackable-accordion stk-block-accordion stk-inner-blocks stk-block-content stk-block stk-2d4a462 is-style-default\" data-block-id=\"2d4a462\">\n<summary class=\"wp-block-stackable-column stk-block-column stk-column stk-block stk-33a20c7 stk--container-small stk-block-accordion__heading\" data-v=\"4\" data-block-id=\"33a20c7\"><div class=\"stk-column-wrapper stk-block-column__content stk-container stk-33a20c7-container stk-hover-parent\"><div class=\"stk-block-content stk-inner-blocks stk-33a20c7-inner-blocks\">\n<div class=\"wp-block-stackable-icon-label stk-block-icon-label stk-block stk-a592b7c\" data-block-id=\"a592b7c\"><div class=\"stk-row stk-inner-blocks stk-block-content\">\n<div class=\"wp-block-stackable-heading stk-block-heading stk-block-heading--v2 stk-block stk-1f96bc1\" id=\"elterntreff-und-kindersprachkurs\" data-block-id=\"1f96bc1\"><h4 class=\"stk-block-heading__text\">Eltern\u00adtreff und Kindersprachkurs<\/h4><\/div>\n\n\n\n<div class=\"wp-block-stackable-icon stk-block-icon stk-block stk-1246cb6\" data-block-id=\"1246cb6\"><span class=\"stk--svg-wrapper\"><div class=\"stk--inner-svg\"><svg style=\"height:0;width:0\"><defs><linearGradient id=\"linear-gradient-1246cb6\" x1=\"0\" x2=\"100%\" y1=\"0\" y2=\"0\"><stop offset=\"0%\" style=\"stop-opacity:1;stop-color:var(--linear-gradient-1246-cb-6-color-1)\" \/><stop offset=\"100%\" style=\"stop-opacity:1;stop-color:var(--linear-gradient-1246-cb-6-color-2)\" \/><\/linearGradient><\/defs><\/svg><svg data-prefix=\"fas\" data-icon=\"chevron-down\" class=\"svg-inline--fa fa-chevron-down fa-w-14\" viewBox=\"0 0 448 512\" aria-hidden=\"true\" width=\"32\" height=\"32\"><path fill=\"currentColor\" d=\"M207.029 381.476L12.686 187.132c-9.373-9.373-9.373-24.569 0-33.941l22.667-22.667c9.357-9.357 24.522-9.375 33.901-.04L224 284.505l154.745-154.021c9.379-9.335 24.544-9.317 33.901.04l22.667 22.667c9.373 9.373 9.373 24.569 0 33.941L240.971 381.476c-9.373 9.372-24.569 9.372-33.942 0z\" \/><\/svg><\/div><\/span><\/div>\n<\/div><\/div>\n<\/div><\/div><\/summary>\n\n\n\n<div class=\"wp-block-stackable-column stk-block-column stk-column stk-block stk-784c12a stk-block-accordion__content\" data-v=\"4\" data-block-id=\"784c12a\"><div class=\"stk-column-wrapper stk-block-column__content stk-container stk-784c12a-container stk--no-background stk--no-padding\"><div class=\"stk-block-content stk-inner-blocks stk-784c12a-inner-blocks\">\n<div class=\"wp-block-stackable-text stk-block-text stk-block stk-a53633a\" data-block-id=\"a53633a\"><p class=\"stk-block-text__text\">Das B\u00fcro f\u00fcr Inte\u00adgra\u00adti\u00adon bie\u00adtet in Koope\u00adra\u00adti\u00adon mit der AWO Karls\u00adru\u00adhe ein Pilot\u00adpro\u00adjekt zur <strong>Deutsch\u00adf\u00f6r\u00adde\u00adrung <\/strong>der Kin\u00adder <strong>ohne Kin\u00adder\u00adgar\u00adten\u00adplatz<\/strong> mit par\u00adal\u00adlel statt\u00adfin\u00adden\u00addem Eltern\u00adtreff.<br><strong>Wer kann teil\u00adneh\u00admen: <\/strong>(Neu)zugewanderte Eltern und deren Kin\u00adder, die vier bis sechs Jah\u00adre alt sind und noch kei\u00adnen Kin\u00adder\u00adgar\u00adten\u00adplatz haben.<br><br><strong>Kurs\u00adzei\u00adten:<\/strong> Ein\u00adstieg ist jeder\u00adzeit m\u00f6g\u00adlich, solan\u00adge noch Pl\u00e4t\u00adze vor\u00adhan\u00adden sind. Ansons\u00adten f\u00fch\u00adren wir eine War\u00adte\u00adlis\u00adte und sobald wie\u00adder ein Platz frei ist, wer\u00adden Sie kon\u00adtak\u00adtiert.<br><br>\ud83d\udccdBleich\u00adstra\u00ad\u00dfe 9, 76227 Karls\u00adru\u00adhe<br><strong>Kurs\u00adtr\u00e4\u00adger\u00adschaft: <\/strong>AWO Karls\u00adru\u00adhe gGmbH, Gritz\u00adner\u00adstra\u00ad\u00dfe 8, 76227 Karls\u00adru\u00adhe<br><br><strong>Ansprech\u00adpart\u00adne\u00adrin\u00adnen:<\/strong> Frau Sil\u00adke Teltscher und Frau Sami\u00adra Ahmed<br>\ud83d\udcde 0171 68 13 739<br>\ud83d\udcde 0171 62 86 094<br>\ud83d\udce7 s.teltscher@awo-karlsruhe.de<br>\ud83d\udce7 s.ahmed@awo-karlsruhe.de<br><br><strong>Anmel\u00addung und per\u00ads\u00f6n\u00adli\u00adche Bera\u00adtung nur nach vor\u00adhe\u00adri\u00adger Ter\u00admin\u00adver\u00adein\u00adba\u00adrung<\/strong><br>Das Ange\u00adbot wird vom Land Baden-W\u00fcrt\u00adtem\u00adberg und dem B\u00fcro f\u00fcr Inte\u00adgra\u00adti\u00adon finanziert.<\/p><\/div>\n<\/div><\/div><\/div>\n<\/details>\n\n\n\n<div class=\"wp-block-stackable-divider stk-block-divider stk-block stk-26bc978\" data-block-id=\"26bc978\"><hr class=\"stk-block-divider__hr\"><\/div>\n\n\n\n<h2 class=\"wp-block-heading\"><span style=\"color: #08937f;\" class=\"stk-highlight\">Deutsch\u00adkurs mit Kinderbetreuung<\/span><\/h2>\n\n\n\n<p>In Karls\u00adru\u00adhe wer\u00adden zwei Arten von zer\u00adti\u00adfi\u00adzier\u00adten Deutsch\u00adkur\u00adsen mit Kin\u00adder\u00adbe\u00adtreu\u00adung ange\u00adbo\u00adten: <strong>Inte\u00adgra\u00adti\u00adons\u00adkur\u00adse mit Kin\u00adder\u00adbe\u00adtreu\u00adung<\/strong> und <strong>VwV (Verwal\u00adtungs\u00advor\u00adschrift)<\/strong> <strong>Deutsch\u00adkur\u00adse mit Kin\u00adder\u00adbe\u00adtreu\u00adung<\/strong>.<\/p>\n\n\n\n<h4 class=\"wp-block-heading\">Ziel\u00adgrup\u00adpe<\/h4>\n\n\n\n<p>Am Deutsch\u00adkur\u00adsen mit Kin\u00adder\u00adbe\u00adtreu\u00adung k\u00f6n\u00adnen Eltern teilnehmen,<\/p>\n\n\n\n<ul class=\"wp-block-list\">\n<li>die klei\u00adne Kin\u00adder, aber kei\u00adne Kin\u00adder\u00adbe\u00adtreu\u00adungs\u00adm\u00f6g\u00adlich\u00adkeit haben und des\u00adhalb kei\u00adnen In\u00adte\u00adgra\u00adti\u00adons\u00adkurs besu\u00adchen k\u00f6nnen.<\/li>\n\n\n\n<li>die kei\u00adnen Aufent\u00adhalts\u00adti\u00adtel haben und des\u00adhalb kei\u00adnen In\u00adte\u00adgra\u00adti\u00adons\u00adkurs besu\u00adchen d\u00fcrfen,<\/li>\n<\/ul>\n\n\n\n<h4 class=\"wp-block-heading\">Kurs\u00adzei\u00adten<\/h4>\n\n\n\n<p>Vor\u00admit\u00adtags und nachmittags.<\/p>\n\n\n\n<h4 class=\"wp-block-heading\">Kurs\u00adtr\u00e4\u00adger und Anmeldung<\/h4>\n\n\n\n<p>Um sich zum Deutsch\u00adkurs mit Kin\u00adder\u00adbe\u00adtreu\u00adung anzu\u00admel\u00adden, wen\u00adden Sie sich bit\u00adte direkt an fol\u00adgen\u00adde Sprachkurstr\u00e4ger:<\/p>\n\n\n\n<p>\ud83c\udf10 <strong><a href=\"https:\/\/www.aaw.de\/gesch%C3%A4ftsstelle-karlsruhe\" rel=\"noopener\">AAW Karls\u00adru\u00adhe<\/a><\/strong><br>\ud83d\udccd Gries\u00adbach\u00adstra\u00ad\u00dfe 12<br>76185 Karls\u00adru\u00adhe<br>\ud83d\udcde 0157 3392 7304 oder \ud83d\udcde 0721 850290<br>\ud83d\udce7 kibe.karlsruhe@aaw.de<br><strong>Wo:<\/strong> \u2197 <a href=\"https:\/\/www.anika-net.de\/wp-content\/uploads\/2021\/10\/20_07_Flyer_Deutschkurse_mit_Kinderbetreuung.pdf\"><strong>ibz Karls\u00adru\u00adhe<\/strong><\/a><br>\ud83d\udccd Kai\u00adser\u00adal\u00adlee 12 d, 76133 Karlsruhe<\/p>\n\n\n\n<p>\ud83c\udf10 <strong><a href=\"https:\/\/future-gate.eu\/\" rel=\"noopener\">Future Gate Bil\u00addung und Trai\u00adning<\/a><\/strong><br>\ud83d\udccd Kaiser\u00adstra\u00ad\u00dfe 156<br>76133 Karls\u00adru\u00adhe<br><img decoding=\"async\" class=\"wp-image-36833\" style=\"width: 0px;\" src=\"https:\/\/www.anika-net.de\/wp-content\/uploads\/2023\/04\/681-Telefon_neu_um.svg\" alt>\ud83d\udcde 0721 6697 1359<br>\ud83d\udce7 info@future-gate.eu<br><strong>Wo:<\/strong> \u2197 <a href=\"https:\/\/future-gate.eu\/\" rel=\"noopener\"><strong>Future Gate<\/strong><\/a><br>\ud83d\udccd Kai\u00adser\u00adstra\u00ad\u00dfe 156, 76133 Karlsruhe<\/p>\n\n\n\n<p>Die Inte\u00adgra\u00adti\u00adons\u00adkur\u00adse mit Kin\u00adder\u00adbe\u00adtreu\u00adung wer\u00adden im Rah\u00admen des Bun\u00addes\u00adpro\u00adgramms <strong>\u2197 <a href=\"https:\/\/www.fruehe-chancen.de\/themen\/integration-und-inklusion\/bundesprogramm-integrationskurs-mit-kind\" target=\"_blank\" rel=\"noreferrer noopener\">\u201eInte\u00adgra\u00adti\u00adons\u00adkurs mit Kind\u201c<\/a> <\/strong>des Bun\u00addes\u00admi\u00adnis\u00adte\u00adri\u00adums f\u00fcr Fami\u00adli\u00aden, Senio\u00adren, Frau\u00aden und Jegend (BMFSFJ) gef\u00f6r\u00addert. Das Ange\u00adbot wird unter\u00adst\u00fctzt vom B\u00fcro f\u00fcr Inte\u00adgra\u00adti\u00adon und dem Fach\u00adbe\u00adreich Kin\u00adder\u00adta\u00adges\u00adpfle\u00adge der Stadt Karls\u00adru\u00adhe.<br><br>Die VwV Deutsch\u00adkur\u00adse wer\u00adden durch Mit\u00adtel des Lan\u00addes Baden-W\u00fcrt\u00adte\u00adm\u00ad\u00adber\u00adg und der Stadt Karls\u00adru\u00adhe gef\u00f6r\u00addert. Das Ange\u00adbot fin\u00addet in Koope\u00adra\u00adtion mit dem <strong>\u2197 <a href=\"https:\/\/www.aaw.de\/post\/deutschkurse-nach-vwv\" rel=\"noopener\">Arbeits\u00adkreis f\u00fcr Aus- und Weiter\u00adbil\u00addung \u00adKarls\u00adruhe (AAW)<\/a><\/strong> und dem <strong>\u2197 <a href=\"https:\/\/www.ibz-karlsruhe.de\/\" target=\"_blank\" rel=\"noreferrer noopener\">Inter\u00adna\u00adtio\u00adna\u00adlen Begeg\u00adnungs\u00adzen\u00adtrum Karls\u00adru\u00adhe e. V. (ibz)<\/a><\/strong> statt sowie mit freund\u00adli\u00adcher Unter\u00adst\u00fct\u00adzung vom <strong>\u2197 <a href=\"https:\/\/www.jobcenter-stadt-karlsruhe.de\/\" target=\"_blank\" rel=\"noreferrer noopener\">Job\u00adcen\u00adter Karls\u00adru\u00adhe<\/a><\/strong>.<\/p>\n","protected":false},"excerpt":{"rendered":"<p>Aktu\u00adel\u00adles Inte\u00adgra\u00adti\u00adons\u00adkurs mit Kin\u00adder\u00adbe\u00adauf\u00adsich\u00adti\u00adgung in Karls\u00adru\u00adhe Wann: 06. Okto\u00adber 2025 bis 10. 12.2025Unter\u00adrichts\u00adta\u00adge: Mon\u00adtag, Diens\u00adtag und don\u00adners\u00adtag\ud83d\udd63 8:30 bis 12:45 Uhr\u00adDie Kin\u00adder sol\u00adlen um 08:15 Uhr gebacht und bis 13:00&nbsp;<a class=\"moretag\" href=\"https:\/\/www.anika-net.de\/de\/deutsch-lernen\/deutschkurs-mit-kinderbetreuung\/\">mehr<\/a><\/p>\n","protected":false},"author":12,"featured_media":37367,"parent":34695,"menu_order":20,"comment_status":"closed","ping_status":"closed","template":"","meta":{"_acf_changed":false,"inline_featured_image":false,"_uag_custom_page_level_css":"","wp_typography_post_enhancements_disabled":false,"footnotes":""},"class_list":["post-34479","page","type-page","status-publish","has-post-thumbnail","hentry"],"acf":[],"featured_image_urls_v2":{"full":["https:\/\/www.anika-net.de\/wp-content\/uploads\/2023\/04\/Kinderbetreuung-05n-05.png",2000,1111,false],"thumbnail":["https:\/\/www.anika-net.de\/wp-content\/uploads\/2023\/04\/Kinderbetreuung-05n-05-150x150.png",150,150,true],"medium":["https:\/\/www.anika-net.de\/wp-content\/uploads\/2023\/04\/Kinderbetreuung-05n-05-300x167.png",300,167,true],"medium_large":["https:\/\/www.anika-net.de\/wp-content\/uploads\/2023\/04\/Kinderbetreuung-05n-05-768x427.png",640,356,true],"large":["https:\/\/www.anika-net.de\/wp-content\/uploads\/2023\/04\/Kinderbetreuung-05n-05-1024x569.png",640,356,true],"1536x1536":["https:\/\/www.anika-net.de\/wp-content\/uploads\/2023\/04\/Kinderbetreuung-05n-05-1536x853.png",1536,853,true],"2048x2048":["https:\/\/www.anika-net.de\/wp-content\/uploads\/2023\/04\/Kinderbetreuung-05n-05.png",2000,1111,false],"event-overview":["https:\/\/www.anika-net.de\/wp-content\/uploads\/2023\/04\/Kinderbetreuung-05n-05-960x640.png",960,640,true],"event-archive-thumb":["https:\/\/www.anika-net.de\/wp-content\/uploads\/2023\/04\/Kinderbetreuung-05n-05-480x267.png",480,267,true],"grid-item-thumbnail":["https:\/\/www.anika-net.de\/wp-content\/uploads\/2023\/04\/Kinderbetreuung-05n-05-360x200.png",360,200,true],"network-partner-icon":["https:\/\/www.anika-net.de\/wp-content\/uploads\/2023\/04\/Kinderbetreuung-05n-05-100x100.png",100,100,true],"organiser-icon":["https:\/\/www.anika-net.de\/wp-content\/uploads\/2023\/04\/Kinderbetreuung-05n-05-200x200.png",200,200,true],"gform-image-choice-sm":["https:\/\/www.anika-net.de\/wp-content\/uploads\/2023\/04\/Kinderbetreuung-05n-05.png",300,167,false],"gform-image-choice-md":["https:\/\/www.anika-net.de\/wp-content\/uploads\/2023\/04\/Kinderbetreuung-05n-05.png",400,222,false],"gform-image-choice-lg":["https:\/\/www.anika-net.de\/wp-content\/uploads\/2023\/04\/Kinderbetreuung-05n-05.png",600,333,false]},"post_excerpt_stackable_v2":"<p>Aktu\u00adel\u00adles Inte\u00adgra\u00adti\u00adons\u00adkurs mit Kin\u00adder\u00adbe\u00adauf\u00adsich\u00adti\u00adgung in Karls\u00adru\u00adhe Wann: 06. Okto\u00adber 2025 bis 10. 12.2025Unter\u00adrichts\u00adta\u00adge: Mon\u00adtag, Diens\u00adtag und don\u00adners\u00adtag\ud83d\udd63 8:30 bis 12:45 Uhr\u00adDie Kin\u00adder sol\u00adlen um 08:15 Uhr gebacht und bis 13:00 Uhr abge\u00adholt.Wo: im ibz Karls\u00adru\u00adhe \u2013 Kai\u00adser\u00adal\u00adlee 12 d, 76133 Karls\u00adru\u00adheMehr infos \u2197\ufe0f hier Eltern\u00adtreff und Kin\u00adder\u00adsprach\u00adkurs Das B\u00fcro f\u00fcr Inte\u00adgra\u00adti\u00adon bie\u00adtet in Koope\u00adra\u00adti\u00adon mit der AWO Karls\u00adru\u00adhe ein Pilot\u00adpro\u00adjekt zur Deutsch\u00adf\u00f6r\u00adde\u00adrung der Kin\u00adder ohne Kin\u00adder\u00adgar\u00adten\u00adplatz mit par\u00adal\u00adlel statt\u00adfin\u00adden\u00addem Eltern\u00adtreff.Wer kann teil\u00adneh\u00admen: (Neu)zugewanderte Eltern und deren Kin\u00adder, die vier bis sechs Jah\u00adre alt sind und noch kei\u00adnen Kin\u00adder\u00adgar\u00adten\u00adplatz haben.Kurs\u00adzei\u00adten: Ein\u00adstieg ist jeder\u00adzeit m\u00f6g\u00adlich, solan\u00adge noch Pl\u00e4t\u00adze vor\u00adhan\u00adden sind. Ansons\u00adten f\u00fchren\u2026<\/p>\n","category_list_v2":"","author_info_v2":{"name":"Andrea Ramirez","url":"https:\/\/www.anika-net.de\/de\/author\/andrea-ramirez\/"},"comments_num_v2":"0 comments","uagb_featured_image_src":{"full":["https:\/\/www.anika-net.de\/wp-content\/uploads\/2023\/04\/Kinderbetreuung-05n-05.png",2000,1111,false],"thumbnail":["https:\/\/www.anika-net.de\/wp-content\/uploads\/2023\/04\/Kinderbetreuung-05n-05-150x150.png",150,150,true],"medium":["https:\/\/www.anika-net.de\/wp-content\/uploads\/2023\/04\/Kinderbetreuung-05n-05-300x167.png",300,167,true],"medium_large":["https:\/\/www.anika-net.de\/wp-content\/uploads\/2023\/04\/Kinderbetreuung-05n-05-768x427.png",640,356,true],"large":["https:\/\/www.anika-net.de\/wp-content\/uploads\/2023\/04\/Kinderbetreuung-05n-05-1024x569.png",640,356,true],"1536x1536":["https:\/\/www.anika-net.de\/wp-content\/uploads\/2023\/04\/Kinderbetreuung-05n-05-1536x853.png",1536,853,true],"2048x2048":["https:\/\/www.anika-net.de\/wp-content\/uploads\/2023\/04\/Kinderbetreuung-05n-05.png",2000,1111,false],"event-overview":["https:\/\/www.anika-net.de\/wp-content\/uploads\/2023\/04\/Kinderbetreuung-05n-05-960x640.png",960,640,true],"event-archive-thumb":["https:\/\/www.anika-net.de\/wp-content\/uploads\/2023\/04\/Kinderbetreuung-05n-05-480x267.png",480,267,true],"grid-item-thumbnail":["https:\/\/www.anika-net.de\/wp-content\/uploads\/2023\/04\/Kinderbetreuung-05n-05-360x200.png",360,200,true],"network-partner-icon":["https:\/\/www.anika-net.de\/wp-content\/uploads\/2023\/04\/Kinderbetreuung-05n-05-100x100.png",100,100,true],"organiser-icon":["https:\/\/www.anika-net.de\/wp-content\/uploads\/2023\/04\/Kinderbetreuung-05n-05-200x200.png",200,200,true],"gform-image-choice-sm":["https:\/\/www.anika-net.de\/wp-content\/uploads\/2023\/04\/Kinderbetreuung-05n-05.png",300,167,false],"gform-image-choice-md":["https:\/\/www.anika-net.de\/wp-content\/uploads\/2023\/04\/Kinderbetreuung-05n-05.png",400,222,false],"gform-image-choice-lg":["https:\/\/www.anika-net.de\/wp-content\/uploads\/2023\/04\/Kinderbetreuung-05n-05.png",600,333,false]},"uagb_author_info":{"display_name":"Andrea Ramirez","author_link":"https:\/\/www.anika-net.de\/de\/author\/andrea-ramirez\/"},"uagb_comment_info":0,"uagb_excerpt":"Aktu\u00adel\u00adles Inte\u00adgra\u00adti\u00adons\u00adkurs mit Kin\u00adder\u00adbe\u00adauf\u00adsich\u00adti\u00adgung in Karlsruhe Wann: 06. Okto\u00adber 2025 bis 10. 12.2025Unter\u00adrichts\u00adta\u00adge: Mon\u00adtag, Diens\u00adtag und don\u00adners\u00adtag\ud83d\udd63 8:30 bis 12:45 UhrDie Kin\u00adder sol\u00adlen um 08:15 Uhr gebacht und bis 13:00&nbsp;mehr","_links":{"self":[{"href":"https:\/\/www.anika-net.de\/de\/wp-json\/wp\/v2\/pages\/34479","targetHints":{"allow":["GET"]}}],"collection":[{"href":"https:\/\/www.anika-net.de\/de\/wp-json\/wp\/v2\/pages"}],"about":[{"href":"https:\/\/www.anika-net.de\/de\/wp-json\/wp\/v2\/types\/page"}],"author":[{"embeddable":true,"href":"https:\/\/www.anika-net.de\/de\/wp-json\/wp\/v2\/users\/12"}],"replies":[{"embeddable":true,"href":"https:\/\/www.anika-net.de\/de\/wp-json\/wp\/v2\/comments?post=34479"}],"version-history":[{"count":10,"href":"https:\/\/www.anika-net.de\/de\/wp-json\/wp\/v2\/pages\/34479\/revisions"}],"predecessor-version":[{"id":64562,"href":"https:\/\/www.anika-net.de\/de\/wp-json\/wp\/v2\/pages\/34479\/revisions\/64562"}],"up":[{"embeddable":true,"href":"https:\/\/www.anika-net.de\/de\/wp-json\/wp\/v2\/pages\/34695"}],"wp:featuredmedia":[{"embeddable":true,"href":"https:\/\/www.anika-net.de\/de\/wp-json\/wp\/v2\/media\/37367"}],"wp:attachment":[{"href":"https:\/\/www.anika-net.de\/de\/wp-json\/wp\/v2\/media?parent=34479"}],"curies":[{"name":"wp","href":"https:\/\/api.w.org\/{rel}","templated":true}]}}